{"id":10,"date":"2024-04-04T03:32:42","date_gmt":"2024-04-04T00:32:42","guid":{"rendered":"https:\/\/sisu.ut.ee\/autorioigused\/1teose-vaba-avalik-esitamine-vene\/"},"modified":"2024-04-04T03:32:51","modified_gmt":"2024-04-04T00:32:51","slug":"1teose-vaba-avalik-esitamine-vene","status":"publish","type":"page","link":"https:\/\/sisu.ut.ee\/autorioigused\/1teose-vaba-avalik-esitamine-vene\/","title":{"rendered":"1.5 \u0421\u0432\u043e\u0431\u043e\u0434\u043d\u043e\u0435 \u043f\u0440\u0435\u0434\u0441\u0442\u0430\u0432\u043b\u0435\u043d\u0438\u0435 \u043f\u0440\u043e\u0438\u0437\u0432\u0435\u0434\u0435\u043d\u0438\u044f"},"content":{"rendered":"<p>\u0421\u0441\u044b\u043b\u043a\u0430 \u043d\u0430 \u0432\u0438\u0434\u0435\u043e:\u00a0<\/p><div class=\"ratio ratio-16x9 mb-3\"><div class=\"video-placeholder-wrapper video-placeholder-wrapper--16x9\">\n\t\t\t    <div class=\"video-placeholder d-flex justify-content-center align-items-center\">\n\t\t\t        <div class=\"overlay text-white p-2 w-100 text-center d-block justify-content-center align-items-center\">\n\t\t\t            <div>Kolmandate osapoolte sisu n\u00e4gemiseks palun n\u00f5ustu k\u00fcpsistega.<\/div>\n\t\t\t            <button class=\"btn btn-secondary btn-sm mt-1 consent-change\">Muuda n\u00f5usolekut<\/button>\n\t\t\t        <\/div>\n\t\t\t    <\/div>\n\t\t\t<\/div>\n<\/div>\n<p>\u0412\u0438\u0434\u0435\u043e \u0440\u0430\u0441\u0441\u043a\u0430\u0437\u044b\u0432\u0430\u0435\u0442, \u043a\u0430\u043a \u043c\u043e\u0436\u043d\u043e \u0441\u0432\u043e\u0431\u043e\u0434\u043d\u043e \u043f\u0440\u0435\u0434\u0441\u0442\u0430\u0432\u043b\u044f\u0442\u044c \u043f\u0440\u043e\u0438\u0437\u0432\u0435\u0434\u0435\u043d\u0438\u0435 \u0431\u0435\u0437 \u0440\u0430\u0437\u0440\u0435\u0448\u0435\u043d\u0438\u044f \u0430\u0432\u0442\u043e\u0440\u0430 \u0438 \u043e\u0442\u0432\u0435\u0447\u0430\u0435\u0442 \u043d\u0430 \u0441\u043b\u0435\u0434\u0443\u044e\u0449\u0438\u0435 \u0432\u043e\u043f\u0440\u043e\u0441\u044b:<\/p>\n<ul>\n<li>\n<p>\u041a\u0430\u043a \u0432\u043e\u0437\u043c\u043e\u0436\u043d\u043e \u0441\u0432\u043e\u0431\u043e\u0434\u043d\u043e \u043f\u0440\u0435\u0434\u0441\u0442\u0430\u0432\u0438\u0442\u044c \u043f\u0440\u043e\u0438\u0437\u0432\u0435\u0434\u0435\u043d\u0438\u0435 \u0431\u0435\u0437 \u0440\u0430\u0437\u0440\u0435\u0448\u0435\u043d\u0438\u044f \u0430\u0432\u0442\u043e\u0440\u0430 \u0438 \u0432\u044b\u043f\u043b\u0430\u0442\u044b \u0432\u043e\u0437\u043d\u0430\u0433\u0440\u0430\u0436\u0434\u0435\u043d\u0438\u044f?<\/p>\n<\/li>\n<li>\n<p>\u0413\u0434\u0435, \u0432 \u0440\u0430\u043c\u043a\u0430\u0445 \u043a\u0430\u043a\u043e\u0433\u043e \u0441\u043e\u0431\u044b\u0442\u0438\u044f \u00a0\u0438 \u043a\u0435\u043c \u043c\u043e\u0436\u0435\u0442 \u043f\u0443\u0431\u043b\u0438\u043a\u043e\u0432\u0430\u0442\u044c\u0441\u044f \u043f\u0440\u043e\u0438\u0437\u0432\u0435\u0434\u0435\u043d\u0438\u0435?<\/p>\n<\/li>\n<li>\n<p>\u041a\u0442\u043e \u043c\u043e\u0433\u0443\u0442 \u0431\u044b\u0442\u044c \u0441\u043b\u0443\u0448\u0430\u0442\u0435\u043b\u0438 \u0438 \u0437\u0440\u0438\u0442\u0435\u043b\u0438?<\/p>\n<\/li>\n<li>\n<p>\u041a\u0430\u043a\u0443\u044e \u0438\u043d\u0444\u043e\u0440\u043c\u0430\u0446\u0438\u044e \u0441\u043b\u0435\u0434\u0443\u0435\u0442 \u043f\u0440\u0435\u0434\u043e\u0441\u0442\u0430\u0432\u043b\u044f\u0442\u044c \u043f\u0440\u0438 \u043f\u0443\u0431\u043b\u0438\u0447\u043d\u043e\u0439 \u043f\u0440\u0435\u0437\u0435\u043d\u0442\u0430\u0446\u0438\u0438?<\/p>\n<\/li>\n<li>\n<p>\u0427\u0442\u043e \u043e\u0437\u043d\u0430\u0447\u0430\u0435\u0442 \u043f\u0443\u0431\u043b\u0438\u0447\u043d\u0430\u044f \u043f\u0440\u0435\u0437\u0435\u043d\u0442\u0430\u0446\u0438\u044f \u0432\u043e \u0432\u0440\u0435\u043c\u044f \u043d\u0435\u0444\u043e\u0440\u043c\u0430\u043b\u044c\u043d\u043e\u0433\u043e \u043e\u0431\u0443\u0447\u0435\u043d\u0438\u044f?<\/p>\n<\/li>\n<li>\n<p>\u0427\u0442\u043e \u0434\u0435\u043b\u0430\u0442\u044c, \u0435\u0441\u043b\u0438 \u0441\u043e\u0431\u044b\u0442\u0438\u0435, \u0441\u0432\u044f\u0437\u0430\u043d\u043d\u043e\u0435 \u0441 \u043f\u0440\u0435\u0434\u0441\u0442\u0430\u0432\u043b\u0435\u043d\u0438\u0435\u043c \u043f\u0440\u043e\u0438\u0437\u0432\u0435\u0434\u0435\u043d\u0438\u044f, \u0442\u0440\u0430\u043d\u0441\u043b\u0438\u0440\u0443\u0435\u0442\u0441\u044f \u0432 \u0418\u043d\u0442\u0435\u0440\u043d\u0435\u0442\u0435?<\/p>\n<\/li>\n<li>\n<p>\u0413\u0434\u0435 \u0438\u0441\u043a\u0430\u0442\u044c \u0438\u043d\u0444\u043e\u0440\u043c\u0430\u0446\u0438\u044e, \u0435\u0441\u043b\u0438 \u043c\u043d\u0435 \u043d\u0443\u0436\u043d\u043e \u043f\u043e\u043f\u0440\u043e\u0441\u0438\u0442\u044c \u0440\u0430\u0437\u0440\u0435\u0448\u0435\u043d\u0438\u0435 \u0430\u0432\u0442\u043e\u0440\u0430?<\/p>\n<\/li>\n<\/ul>\n","protected":false},"excerpt":{"rendered":"<p>\u0421\u0441\u044b\u043b\u043a\u0430 \u043d\u0430 \u0432\u0438\u0434\u0435\u043e:\u00a0 Kolmandate osapoolte sisu n\u00e4gemiseks palun n\u00f5ustu k\u00fcpsistega. Muuda n\u00f5usolekut \u0412\u0438\u0434\u0435\u043e \u0440\u0430\u0441\u0441\u043a\u0430\u0437\u044b\u0432\u0430\u0435\u0442, \u043a\u0430\u043a \u043c\u043e\u0436\u043d\u043e \u0441\u0432\u043e\u0431\u043e\u0434\u043d\u043e \u043f\u0440\u0435\u0434\u0441\u0442\u0430\u0432\u043b\u044f\u0442\u044c \u043f\u0440\u043e\u0438\u0437\u0432\u0435\u0434\u0435\u043d\u0438\u0435 \u0431\u0435\u0437 \u0440\u0430\u0437\u0440\u0435\u0448\u0435\u043d\u0438\u044f \u0430\u0432\u0442\u043e\u0440\u0430 \u0438 \u043e\u0442\u0432\u0435\u0447\u0430\u0435\u0442 \u043d\u0430 \u0441\u043b\u0435\u0434\u0443\u044e\u0449\u0438\u0435 \u0432\u043e\u043f\u0440\u043e\u0441\u044b: \u041a\u0430\u043a \u0432\u043e\u0437\u043c\u043e\u0436\u043d\u043e \u0441\u0432\u043e\u0431\u043e\u0434\u043d\u043e \u043f\u0440\u0435\u0434\u0441\u0442\u0430\u0432\u0438\u0442\u044c \u043f\u0440\u043e\u0438\u0437\u0432\u0435\u0434\u0435\u043d\u0438\u0435 \u0431\u0435\u0437 \u0440\u0430\u0437\u0440\u0435\u0448\u0435\u043d\u0438\u044f \u0430\u0432\u0442\u043e\u0440\u0430 \u0438 \u0432\u044b\u043f\u043b\u0430\u0442\u044b \u0432\u043e\u0437\u043d\u0430\u0433\u0440\u0430\u0436\u0434\u0435\u043d\u0438\u044f? \u0413\u0434\u0435, \u0432 &#8230;<\/p>\n","protected":false},"author":6,"featured_media":0,"parent":0,"menu_order":0,"comment_status":"closed","ping_status":"closed","template":"","meta":{"_acf_changed":false,"inline_featured_image":false,"footnotes":""},"class_list":["post-10","page","type-page","status-publish","hentry"],"acf":[],"_links":{"self":[{"href":"https:\/\/sisu.ut.ee\/autorioigused\/wp-json\/wp\/v2\/pages\/10","targetHints":{"allow":["GET"]}}],"collection":[{"href":"https:\/\/sisu.ut.ee\/autorioigused\/wp-json\/wp\/v2\/pages"}],"about":[{"href":"https:\/\/sisu.ut.ee\/autorioigused\/wp-json\/wp\/v2\/types\/page"}],"author":[{"embeddable":true,"href":"https:\/\/sisu.ut.ee\/autorioigused\/wp-json\/wp\/v2\/users\/6"}],"replies":[{"embeddable":true,"href":"https:\/\/sisu.ut.ee\/autorioigused\/wp-json\/wp\/v2\/comments?post=10"}],"version-history":[{"count":1,"href":"https:\/\/sisu.ut.ee\/autorioigused\/wp-json\/wp\/v2\/pages\/10\/revisions"}],"predecessor-version":[{"id":109,"href":"https:\/\/sisu.ut.ee\/autorioigused\/wp-json\/wp\/v2\/pages\/10\/revisions\/109"}],"wp:attachment":[{"href":"https:\/\/sisu.ut.ee\/autorioigused\/wp-json\/wp\/v2\/media?parent=10"}],"curies":[{"name":"wp","href":"https:\/\/api.w.org\/{rel}","templated":true}]}}