{"id":9,"date":"2024-04-04T07:40:24","date_gmt":"2024-04-04T04:40:24","guid":{"rendered":"https:\/\/sisu.ut.ee\/autorioigus2022\/9-autorioigus-sellega-kaasnevad-oigused-ja-digiplatvormid\/"},"modified":"2024-04-04T07:41:40","modified_gmt":"2024-04-04T04:41:40","slug":"9-autorioigus-sellega-kaasnevad-oigused-ja-digiplatvormid","status":"publish","type":"page","link":"https:\/\/sisu.ut.ee\/autorioigus2022\/9-autorioigus-sellega-kaasnevad-oigused-ja-digiplatvormid\/","title":{"rendered":"9. Autori\u00f5igus, sellega kaasnevad \u00f5igused ja digiplatvormid"},"content":{"rendered":"<blockquote>\n<p>\n\t\tPeat\u00fckk vastab j\u00e4rgmistele k\u00fcsimustele.\u00a0\n\t<\/p>\n<ul>\n<li>\n\t\t\tKuidas kaitseb autori\u00f5igus digiplatvormidel avaldatud sisu?\u00a0\n\t\t<\/li>\n<li>\n\t\t\tMillist sisu tohin ise digiplatvormidele \u00fcles laadida ja mida pean seejuures silmas pidama?\u00a0\n\t\t<\/li>\n<li>\n\t\t\tKuidas tohin kasutada seda sisu, mille on digiplatvormidele \u00fcles laadinud teised kasutajad?\u00a0\n\t\t<\/li>\n<\/ul>\n<\/blockquote>\n<p>\n\t\u00a0<\/p>\n","protected":false},"excerpt":{"rendered":"<p>Peat\u00fckk vastab j\u00e4rgmistele k\u00fcsimustele.\u00a0 Kuidas kaitseb autori\u00f5igus digiplatvormidel avaldatud sisu?\u00a0 Millist sisu tohin ise digiplatvormidele \u00fcles laadida ja mida pean seejuures silmas pidama?\u00a0 Kuidas tohin kasutada seda sisu, mille on digiplatvormidele \u00fcles laadinud teised kasutajad?\u00a0 \u00a0<\/p>\n","protected":false},"author":273,"featured_media":0,"parent":0,"menu_order":0,"comment_status":"closed","ping_status":"closed","template":"","meta":{"_acf_changed":false,"inline_featured_image":false,"footnotes":""},"class_list":["post-9","page","type-page","status-publish","hentry"],"acf":[],"_links":{"self":[{"href":"https:\/\/sisu.ut.ee\/autorioigus2022\/wp-json\/wp\/v2\/pages\/9","targetHints":{"allow":["GET"]}}],"collection":[{"href":"https:\/\/sisu.ut.ee\/autorioigus2022\/wp-json\/wp\/v2\/pages"}],"about":[{"href":"https:\/\/sisu.ut.ee\/autorioigus2022\/wp-json\/wp\/v2\/types\/page"}],"author":[{"embeddable":true,"href":"https:\/\/sisu.ut.ee\/autorioigus2022\/wp-json\/wp\/v2\/users\/273"}],"replies":[{"embeddable":true,"href":"https:\/\/sisu.ut.ee\/autorioigus2022\/wp-json\/wp\/v2\/comments?post=9"}],"version-history":[{"count":1,"href":"https:\/\/sisu.ut.ee\/autorioigus2022\/wp-json\/wp\/v2\/pages\/9\/revisions"}],"predecessor-version":[{"id":217,"href":"https:\/\/sisu.ut.ee\/autorioigus2022\/wp-json\/wp\/v2\/pages\/9\/revisions\/217"}],"wp:attachment":[{"href":"https:\/\/sisu.ut.ee\/autorioigus2022\/wp-json\/wp\/v2\/media?parent=9"}],"curies":[{"name":"wp","href":"https:\/\/api.w.org\/{rel}","templated":true}]}}