{"id":7,"date":"2024-04-04T07:40:23","date_gmt":"2024-04-04T04:40:23","guid":{"rendered":"https:\/\/sisu.ut.ee\/autorioigus2022\/4-kokkuvote\/"},"modified":"2024-04-04T07:41:40","modified_gmt":"2024-04-04T04:41:40","slug":"4-kokkuvote","status":"publish","type":"page","link":"https:\/\/sisu.ut.ee\/autorioigus2022\/4-kokkuvote\/","title":{"rendered":"Kokkuv\u00f5te"},"content":{"rendered":"<ul>\n<li>\n\t\tTeose loomisel tekivad autoril isiklikud ja varalised \u00f5igused.\u00a0\n\t<\/li>\n<li>\n\t\tIsiklikud \u00f5igused on seotud autori tunnustamisega tema loodud teose autorina ja teose kaitsmisega soovimatu muutmise eest.\u00a0\n\t<\/li>\n<li>\n\t\tVaralised \u00f5igused annavad autorile v\u00f5imaluse oma teose kasutamise eest tulu teenida.\u00a0\n\t<\/li>\n<li>\n\t\tOlulisimad varalised \u00f5igused on \u00f5igus teost kopeerida, levitada, t\u00f6\u00f6delda ja muuta ning seda avalikult esitada ja see \u00fcldsusele k\u00e4ttesaadavaks teha. \u00a0\n\t<\/li>\n<li>\n\t\tSoetades endale m\u00f5ne teose, n\u00e4iteks raamatu v\u00f5i maali, saab ostja endale omandi\u00f5iguse, kuid sellega ei kaasne soetatud teose autori\u00f5igust. \u00a0\n\t<\/li>\n<\/ul>\n","protected":false},"excerpt":{"rendered":"<p>Teose loomisel tekivad autoril isiklikud ja varalised \u00f5igused.\u00a0 Isiklikud \u00f5igused on seotud autori tunnustamisega tema loodud teose autorina ja teose kaitsmisega soovimatu muutmise eest.\u00a0 Varalised \u00f5igused annavad autorile v\u00f5imaluse oma teose kasutamise eest tulu teenida.\u00a0 Olulisimad varalised \u00f5igused on \u00f5igus &#8230;<\/p>\n","protected":false},"author":273,"featured_media":0,"parent":0,"menu_order":0,"comment_status":"closed","ping_status":"closed","template":"","meta":{"_acf_changed":false,"inline_featured_image":false,"footnotes":""},"class_list":["post-7","page","type-page","status-publish","hentry"],"acf":[],"_links":{"self":[{"href":"https:\/\/sisu.ut.ee\/autorioigus2022\/wp-json\/wp\/v2\/pages\/7","targetHints":{"allow":["GET"]}}],"collection":[{"href":"https:\/\/sisu.ut.ee\/autorioigus2022\/wp-json\/wp\/v2\/pages"}],"about":[{"href":"https:\/\/sisu.ut.ee\/autorioigus2022\/wp-json\/wp\/v2\/types\/page"}],"author":[{"embeddable":true,"href":"https:\/\/sisu.ut.ee\/autorioigus2022\/wp-json\/wp\/v2\/users\/273"}],"replies":[{"embeddable":true,"href":"https:\/\/sisu.ut.ee\/autorioigus2022\/wp-json\/wp\/v2\/comments?post=7"}],"version-history":[{"count":1,"href":"https:\/\/sisu.ut.ee\/autorioigus2022\/wp-json\/wp\/v2\/pages\/7\/revisions"}],"predecessor-version":[{"id":230,"href":"https:\/\/sisu.ut.ee\/autorioigus2022\/wp-json\/wp\/v2\/pages\/7\/revisions\/230"}],"wp:attachment":[{"href":"https:\/\/sisu.ut.ee\/autorioigus2022\/wp-json\/wp\/v2\/media?parent=7"}],"curies":[{"name":"wp","href":"https:\/\/api.w.org\/{rel}","templated":true}]}}