{"id":6,"date":"2024-04-04T07:40:23","date_gmt":"2024-04-04T04:40:23","guid":{"rendered":"https:\/\/sisu.ut.ee\/autorioigus2022\/44-autorioigus-ja-omandioigus\/"},"modified":"2024-04-04T07:41:40","modified_gmt":"2024-04-04T04:41:40","slug":"44-autorioigus-ja-omandioigus","status":"publish","type":"page","link":"https:\/\/sisu.ut.ee\/autorioigus2022\/44-autorioigus-ja-omandioigus\/","title":{"rendered":"4.4. Autori\u00f5igus ja omandi\u00f5igus"},"content":{"rendered":"<p>\n\tSuur hulk teoseid on v\u00e4ljendatud f\u00fc\u00fcsilises vormis, nii et huvilised saavad need endale soetada, n\u00e4iteks maalid, raamatud, vin\u00fc\u00fclplaadid, skulptuurid ja isegi hooned. Sellistel juhtudel on oluline eristada <strong>autori\u00f5igust<\/strong> ja sellega kaasnevaid \u00f5igusi ning <strong>omandi\u00f5igust<\/strong>. Ostes endale poest raamatu v\u00f5i oksjonilt maali, saab ostja selle konkreetse asja \u00fcle omandi\u00f5iguse. Poest ostetud raamatu v\u00f5i vin\u00fc\u00fclplaadiga v\u00f5ib ostja teha peaaegu k\u00f5ike, mida soovib: seda ise lugeda v\u00f5i kuulata, pereliikmetele laenata v\u00f5i edasi m\u00fc\u00fca. N\u00e4iteks haruldased vin\u00fc\u00fclplaadid v\u00f5ivad aja jooksul kollektsion\u00e4\u00e4ride hulgas \u00fcha v\u00e4\u00e4rtuslikumaks muutuda; maalid ja muud kujutava kunsti teosed on oma v\u00e4\u00e4rtuse v\u00f5imaliku kasvu t\u00f5ttu j\u00e4relturul aga juba kaua investorite huvi p\u00e4lvinud. \u00a0\u00a0\n<\/p>\n<p>\n\tTeose kui f\u00fc\u00fcsilise eseme omandamine ei t\u00e4henda sugugi seda, et selle omandajale l\u00e4heksid \u00fcle k\u00f5ik autorile kuuluvad \u00f5igused. N\u00e4iteks maali uus omanik v\u00f5ib selle soovi korral edasi m\u00fc\u00fca, ehkki kui tehingus osaleb vahendaja, n\u00e4iteks oksjonikorraldaja v\u00f5i galerii, tuleb ka kunstiteose autorile tasu maksta.<sup>[81]<\/sup> Seejuures ei ole lubatud uuel omanikul maalile midagi omalt poolt juurde lisada ning nimetada end autori k\u00f5rval kaasautoriks. Sel viisil toimides riivataks algse teose autori isiklikke ja varalisi \u00f5igusi ning selleks tuleks temalt hankida vastav luba. Raamatut ostes ei tule sellega kaasa autori\u00f5igus. Maali ostja tohib maali riputada oma toa seinale, kuid ei tohi ilma autori loata teha maalist digitaalseid ega muid koopiad ja avaldada neid raamatus v\u00f5i internetis.\u00a0\n<\/p>\n<p>\n\tOlenevalt teose olemusest ja liigist on teatud piirangud ka teose soetanud omanikul. N\u00e4iteks ei tohi ta ilma luba k\u00fcsimata teost tasu eest laenutada ega rentida, selleks tuleb tal saada autorilt n\u00f5usolek ning jagada temaga ka teenitud tulu. \u00a0\n<\/p>\n<p>\n\tP\u00f5him\u00f5te, et omandi\u00f5igusega ei kaasne autori\u00f5igust, on s\u00e4testatud ka autori\u00f5iguse seaduses. Selle kohaselt kuulub teose autori\u00f5igus autorile v\u00f5i tema p\u00e4rijale s\u00f5ltumata sellest, kellel on omandi\u00f5igus selle materiaalse objekti \u00fcle, millena teos on v\u00e4ljendatud.<sup>[82]<\/sup><\/p>\n","protected":false},"excerpt":{"rendered":"<p>Suur hulk teoseid on v\u00e4ljendatud f\u00fc\u00fcsilises vormis, nii et huvilised saavad need endale soetada, n\u00e4iteks maalid, raamatud, vin\u00fc\u00fclplaadid, skulptuurid ja isegi hooned. Sellistel juhtudel on oluline eristada autori\u00f5igust ja sellega kaasnevaid \u00f5igusi ning omandi\u00f5igust. Ostes endale poest raamatu v\u00f5i oksjonilt &#8230;<\/p>\n","protected":false},"author":273,"featured_media":0,"parent":0,"menu_order":0,"comment_status":"closed","ping_status":"closed","template":"","meta":{"_acf_changed":false,"inline_featured_image":false,"footnotes":""},"class_list":["post-6","page","type-page","status-publish","hentry"],"acf":[],"_links":{"self":[{"href":"https:\/\/sisu.ut.ee\/autorioigus2022\/wp-json\/wp\/v2\/pages\/6","targetHints":{"allow":["GET"]}}],"collection":[{"href":"https:\/\/sisu.ut.ee\/autorioigus2022\/wp-json\/wp\/v2\/pages"}],"about":[{"href":"https:\/\/sisu.ut.ee\/autorioigus2022\/wp-json\/wp\/v2\/types\/page"}],"author":[{"embeddable":true,"href":"https:\/\/sisu.ut.ee\/autorioigus2022\/wp-json\/wp\/v2\/users\/273"}],"replies":[{"embeddable":true,"href":"https:\/\/sisu.ut.ee\/autorioigus2022\/wp-json\/wp\/v2\/comments?post=6"}],"version-history":[{"count":1,"href":"https:\/\/sisu.ut.ee\/autorioigus2022\/wp-json\/wp\/v2\/pages\/6\/revisions"}],"predecessor-version":[{"id":229,"href":"https:\/\/sisu.ut.ee\/autorioigus2022\/wp-json\/wp\/v2\/pages\/6\/revisions\/229"}],"wp:attachment":[{"href":"https:\/\/sisu.ut.ee\/autorioigus2022\/wp-json\/wp\/v2\/media?parent=6"}],"curies":[{"name":"wp","href":"https:\/\/api.w.org\/{rel}","templated":true}]}}