{"id":53,"date":"2024-04-04T07:40:29","date_gmt":"2024-04-04T04:40:29","guid":{"rendered":"https:\/\/sisu.ut.ee\/autorioigus2022\/avaleht\/"},"modified":"2024-04-20T00:50:42","modified_gmt":"2024-04-19T21:50:42","slug":"avaleht","status":"publish","type":"page","link":"https:\/\/sisu.ut.ee\/autorioigus2022\/","title":{"rendered":"Avaleht"},"content":{"rendered":"<h2><span style=\"background-color: #ffffff;\">Autori\u00f5iguse alused g\u00fcmnaasiumile<\/span><\/h2>\n<p>See \u00f5ppematerjal on suunatud eelk\u00f5ige g\u00fcmnaasiumi\u00f5pilastele ning l\u00e4htub peamiselt kunsti-, muusika- ja \u00fchiskonna\u00f5petuse \u00f5piv\u00e4ljunditest. Ent m\u00f5istagi tasub \u00f5ppematerjal l\u00e4bida k\u00f5igil, kes leiavad, et neil on kasulik teada intellektuaalomandi, ise\u00e4ranis autori\u00f5iguse ja sellega kaasnevate \u00f5iguste p\u00f5him\u00f5tteid ning saada \u00fclevaade sellest, kuidas need meie igap\u00e4evaelus avalduvad.<\/p>\n<p>\u00d5ppematerjal h\u00f5lmab \u00fcheksat teemat. Enamiku teemade alguses on esitatud l\u00fchike \u00fclevaatlik animatsioon. Tekstile on lisatud rohkesti n\u00e4iteid, peamiselt Eestist, ning igast peat\u00fckist leiab ka m\u00f5ne videoklipi, milles Eesti loomeinimesed arutlevad autori\u00f5igusega seonduvate teemade \u00fcle. Iga teema l\u00f5pus on esitatud \u00fclesanded, mille abil saab \u00f5pilane omandatud teadmisi kontrollida ja neid kinnistada.<\/p>\n<p><strong>\u00d5ppematerjali<\/strong><strong> eesm\u00e4rk<\/strong><\/p>\n<ul>\n<li>Anda \u00fclevaade intellektuaalomandi m\u00f5istest ja liikidest.<\/li>\n<li>Tutvustada autori\u00f5iguse ja autori\u00f5igusega kaasnevate \u00f5iguste p\u00f5him\u00f5tteid, olulisi m\u00f5isteid ja kujunemislugu.<\/li>\n<\/ul>\n<p><strong>\u00d5ppematerjali \u00f5piv\u00e4ljundid<\/strong><\/p>\n<ul>\n<li>\u00d5pilane oskab nimetada intellektuaalomandi peamisi liike: autori\u00f5igus, autori\u00f5igusega kaasnevad \u00f5igused ning t\u00f6\u00f6stusomand.<\/li>\n<li>\u00d5pilane oskab selgitada, kes on autor ja mis on teos.<\/li>\n<li>\u00d5pilane oskab p\u00f5hjendada, miks autori\u00f5iguse ja sellega kaasnevate \u00f5iguste kaitsmine on oluline.<\/li>\n<li>\u00d5pilane oskab nimetada ja kirjeldada autori k\u00f5ige olulisemaid \u00f5igusi ning teab, mille poolest erinevad isiklikud ja varalised \u00f5igused.<\/li>\n<li>\u00d5pilane oskab selgitada, milliseid samme tuleb teiste teoste kasutamisel j\u00e4rgida, et mitte rikkuda autori\u00f5iguse p\u00f5him\u00f5tteid.<\/li>\n<li>\u00d5pilane on kursis digiplatvormidel sisu loomise ja selle jagamisega seotud autori\u00f5iguslike k\u00fcsimustega.<\/li>\n<\/ul>\n<p><strong>\u00d5ppematerjali sihtgrupp<\/strong><\/p>\n<p>\u00d5ppematerjal on suunatud peamiselt g\u00fcmnaasiumi\u00f5pilastele, kuid sobib k\u00f5igile, kes soovivad saada \u00fclevaadet autori\u00f5iguse toimimisest.<\/p>\n<p><strong>\u00d5ppematerjali maht<\/strong><br>\nHinnanguliselt kulub \u00fche teema l\u00e4bimiseks keskmiseslt 45 minutit ehk \u00fcks akadeemiline tund. Seega kulub \u00f5ppematerjali l\u00e4bimiseks eeldatavasti 9 akadeemilist tundi.<\/p>\n<hr>\n<p><strong>Kursuse autorid: <\/strong>professor Aleksei Kelli (T\u00dc), Virgo Sillamaa<br>\n<strong>Keeletoimetaja<\/strong>: Triinu Lyra<br>\n<strong>Graafika ja kujundus:<\/strong> Ranno P\u00e4i (Brand New)<br>\n<strong>Veebidisain<\/strong>: Kait Krull (T\u00dc)<\/p>\n<p><strong>Animatsioon<\/strong>: Jakob Kangur \/ Smoked Sparrow<br>\n<strong>Teksti pealelugeja<\/strong>: Danek Kaunissaare<br>\n<strong>Salvestus<\/strong>: Veiko Anvelt \/ Ajar Stuudiod<br>\n<strong>Helikujundus:<\/strong>\u00a0Raul Ojamaa<br>\n<strong>Video: <\/strong>Heikki Avent (Aventus)<\/p>\n<p><strong>Intervjuudes osalesid<\/strong>: Vaiko Eplik, Maarja Nuut, Virge Viertek, Liina Sumera, Reket, Kaupo Kikkas, Raul Ojamaa, Reigo Ahven, Flo Kasearu.<\/p>\n<p><strong>Sisun\u00f5ustajad<\/strong>: Mati Kaalep (EA\u00dc), Urmas Ambur (EEL), Rauno Haabmets (EF\u00dc), Kadri Steinbach (T\u00dc Viljandi Kultuuriakadeemia), Katri K\u00fctt (T\u00dc).<\/p>\n<p><strong>Retsensendid<\/strong>: K\u00e4tlin Kuldmaa (Eesti Ajaloo- ja \u00dchiskonna\u00f5petajate Selts), Inge Lahtmets (Eesti Muusika\u00f5petajate Liit).<\/p>\n<p>\u00d5ppematerjal on valminud projekti \u201cRaising awareness of IP in Estonia\u201d raames.<br>\nProjekti toetajad:\u00a0Euroopa Liidu Intellektuaalomandi Amet (EUIPO), T\u00dc Viljandi Kultuuriakadeemia, Eesti Autorite \u00dching, Eesti Fonogrammitootjate \u00dching<br>\nProjektijuht: Virgo Sillamaa<br>\nVaata ka: www.intellektuaalomand.ee<\/p>\n<p>\u00d5ppematerjali autorid ja tootjad t\u00e4navad k\u00f5iki, kes lubasid selles \u00f5ppematerjalis n\u00e4idetena oma teoseid kasutada.<\/p>\n<p><img loading=\"lazy\" decoding=\"async\" class=\"alignnone wp-image-119\" title=\"euipo_ideas_powered_logo.png\" src=\"https:\/\/sisu.ut.ee\/wp-content\/uploads\/sites\/540\/euipo_ideas_powered_logo.png\" alt=\"EUIPO Ideas Powered logo\" width=\"559\" height=\"193\" srcset=\"https:\/\/sisu.ut.ee\/wp-content\/uploads\/sites\/540\/euipo_ideas_powered_logo.png 1500w, https:\/\/sisu.ut.ee\/wp-content\/uploads\/sites\/540\/euipo_ideas_powered_logo-300x104.png 300w, https:\/\/sisu.ut.ee\/wp-content\/uploads\/sites\/540\/euipo_ideas_powered_logo-1024x354.png 1024w, https:\/\/sisu.ut.ee\/wp-content\/uploads\/sites\/540\/euipo_ideas_powered_logo-768x265.png 768w\" sizes=\"auto, (max-width: 559px) 100vw, 559px\">\u00a0<img loading=\"lazy\" decoding=\"async\" class=\"alignnone wp-image-120\" title=\"eau_logod_portrait_blue.png\" src=\"https:\/\/sisu.ut.ee\/wp-content\/uploads\/sites\/540\/eau_logod_portrait_blue.png\" alt=\"EA\u00dc logo\" width=\"272\" height=\"176\" srcset=\"https:\/\/sisu.ut.ee\/wp-content\/uploads\/sites\/540\/eau_logod_portrait_blue.png 609w, https:\/\/sisu.ut.ee\/wp-content\/uploads\/sites\/540\/eau_logod_portrait_blue-300x194.png 300w\" sizes=\"auto, (max-width: 272px) 100vw, 272px\"><img loading=\"lazy\" decoding=\"async\" class=\"alignnone wp-image-121\" title=\"efy_logo_gradient_1.jpg\" src=\"https:\/\/sisu.ut.ee\/wp-content\/uploads\/sites\/540\/efy_logo_gradient_1.jpg\" alt=\"EF\u00dc logo\" width=\"410\" height=\"117\" srcset=\"https:\/\/sisu.ut.ee\/wp-content\/uploads\/sites\/540\/efy_logo_gradient_1.jpg 2072w, https:\/\/sisu.ut.ee\/wp-content\/uploads\/sites\/540\/efy_logo_gradient_1-300x86.jpg 300w, https:\/\/sisu.ut.ee\/wp-content\/uploads\/sites\/540\/efy_logo_gradient_1-1024x293.jpg 1024w, https:\/\/sisu.ut.ee\/wp-content\/uploads\/sites\/540\/efy_logo_gradient_1-768x219.jpg 768w, https:\/\/sisu.ut.ee\/wp-content\/uploads\/sites\/540\/efy_logo_gradient_1-1536x439.jpg 1536w, https:\/\/sisu.ut.ee\/wp-content\/uploads\/sites\/540\/efy_logo_gradient_1-2048x585.jpg 2048w, https:\/\/sisu.ut.ee\/wp-content\/uploads\/sites\/540\/efy_logo_gradient_1-1920x549.jpg 1920w\" sizes=\"auto, (max-width: 410px) 100vw, 410px\"><\/p>\n","protected":false},"excerpt":{"rendered":"<p>Autori\u00f5iguse alused g\u00fcmnaasiumile See \u00f5ppematerjal on suunatud eelk\u00f5ige g\u00fcmnaasiumi\u00f5pilastele ning l\u00e4htub peamiselt kunsti-, muusika- ja \u00fchiskonna\u00f5petuse \u00f5piv\u00e4ljunditest. Ent m\u00f5istagi tasub \u00f5ppematerjal l\u00e4bida k\u00f5igil, kes leiavad, et neil on kasulik teada intellektuaalomandi, ise\u00e4ranis autori\u00f5iguse ja sellega kaasnevate \u00f5iguste p\u00f5him\u00f5tteid ning saada &#8230;<\/p>\n","protected":false},"author":273,"featured_media":0,"parent":0,"menu_order":0,"comment_status":"closed","ping_status":"closed","template":"","meta":{"_acf_changed":false,"inline_featured_image":false,"footnotes":""},"class_list":["post-53","page","type-page","status-publish","hentry"],"acf":[],"_links":{"self":[{"href":"https:\/\/sisu.ut.ee\/autorioigus2022\/wp-json\/wp\/v2\/pages\/53","targetHints":{"allow":["GET"]}}],"collection":[{"href":"https:\/\/sisu.ut.ee\/autorioigus2022\/wp-json\/wp\/v2\/pages"}],"about":[{"href":"https:\/\/sisu.ut.ee\/autorioigus2022\/wp-json\/wp\/v2\/types\/page"}],"author":[{"embeddable":true,"href":"https:\/\/sisu.ut.ee\/autorioigus2022\/wp-json\/wp\/v2\/users\/273"}],"replies":[{"embeddable":true,"href":"https:\/\/sisu.ut.ee\/autorioigus2022\/wp-json\/wp\/v2\/comments?post=53"}],"version-history":[{"count":5,"href":"https:\/\/sisu.ut.ee\/autorioigus2022\/wp-json\/wp\/v2\/pages\/53\/revisions"}],"predecessor-version":[{"id":303,"href":"https:\/\/sisu.ut.ee\/autorioigus2022\/wp-json\/wp\/v2\/pages\/53\/revisions\/303"}],"wp:attachment":[{"href":"https:\/\/sisu.ut.ee\/autorioigus2022\/wp-json\/wp\/v2\/media?parent=53"}],"curies":[{"name":"wp","href":"https:\/\/api.w.org\/{rel}","templated":true}]}}