{"id":48,"date":"2024-04-04T07:40:28","date_gmt":"2024-04-04T04:40:28","guid":{"rendered":"https:\/\/sisu.ut.ee\/autorioigus2022\/3-kokkuvote\/"},"modified":"2024-04-04T07:41:38","modified_gmt":"2024-04-04T04:41:38","slug":"3-kokkuvote","status":"publish","type":"page","link":"https:\/\/sisu.ut.ee\/autorioigus2022\/3-kokkuvote\/","title":{"rendered":"Kokkuv\u00f5te"},"content":{"rendered":"<ul>\n<li>\n\t\tTeos on \u00fcks kesksemaid autori\u00f5iguse m\u00f5isteid. Autori\u00f5igus kaitseb teoseid, mis on <b>originaalsed<\/b>, v\u00e4ljendatud <b>objektiivses vormis<\/b> ning loodud <b>kirjanduse, kunsti v\u00f5i teaduse<\/b> valdkonnas.\n\t<\/li>\n<li>\n\t\tOriginaalsus t\u00e4hendab, et autor on teose loomisel teinud vabu ja loomingulisi valikuid ega ole kopeerinud kellegi teise teoseid.\n\t<\/li>\n<li>\n\t\tObjektiivne vorm t\u00e4hendab, et teos peab olema n\u00e4htav, kuuldav v\u00f5i muul viisil tajutav ka teistele.\n\t<\/li>\n<li>\n\t\tAutori\u00f5igus ei kaitse ideid, kontseptsioone, teooriaid, s\u00fcsteeme ega meetodeid \u00fcldisel kujul, vaid ainult siis, kui need on v\u00e4ljendatud konkreetse teosena.\n\t<\/li>\n<li>\n\t\tAutori\u00f5igus ei kaitse fakte ega andmeid.\n\t<\/li>\n<li>\n\t\tAutori\u00f5igus ei kaitse rahvaloominguteoseid.\n\t<\/li>\n<\/ul>\n","protected":false},"excerpt":{"rendered":"<p>Teos on \u00fcks kesksemaid autori\u00f5iguse m\u00f5isteid. Autori\u00f5igus kaitseb teoseid, mis on originaalsed, v\u00e4ljendatud objektiivses vormis ning loodud kirjanduse, kunsti v\u00f5i teaduse valdkonnas. Originaalsus t\u00e4hendab, et autor on teose loomisel teinud vabu ja loomingulisi valikuid ega ole kopeerinud kellegi teise teoseid. &#8230;<\/p>\n","protected":false},"author":273,"featured_media":0,"parent":0,"menu_order":0,"comment_status":"closed","ping_status":"closed","template":"","meta":{"_acf_changed":false,"inline_featured_image":false,"footnotes":""},"class_list":["post-48","page","type-page","status-publish","hentry"],"acf":[],"_links":{"self":[{"href":"https:\/\/sisu.ut.ee\/autorioigus2022\/wp-json\/wp\/v2\/pages\/48","targetHints":{"allow":["GET"]}}],"collection":[{"href":"https:\/\/sisu.ut.ee\/autorioigus2022\/wp-json\/wp\/v2\/pages"}],"about":[{"href":"https:\/\/sisu.ut.ee\/autorioigus2022\/wp-json\/wp\/v2\/types\/page"}],"author":[{"embeddable":true,"href":"https:\/\/sisu.ut.ee\/autorioigus2022\/wp-json\/wp\/v2\/users\/273"}],"replies":[{"embeddable":true,"href":"https:\/\/sisu.ut.ee\/autorioigus2022\/wp-json\/wp\/v2\/comments?post=48"}],"version-history":[{"count":1,"href":"https:\/\/sisu.ut.ee\/autorioigus2022\/wp-json\/wp\/v2\/pages\/48\/revisions"}],"predecessor-version":[{"id":189,"href":"https:\/\/sisu.ut.ee\/autorioigus2022\/wp-json\/wp\/v2\/pages\/48\/revisions\/189"}],"wp:attachment":[{"href":"https:\/\/sisu.ut.ee\/autorioigus2022\/wp-json\/wp\/v2\/media?parent=48"}],"curies":[{"name":"wp","href":"https:\/\/api.w.org\/{rel}","templated":true}]}}