{"id":47,"date":"2024-04-04T07:40:28","date_gmt":"2024-04-04T04:40:28","guid":{"rendered":"https:\/\/sisu.ut.ee\/autorioigus2022\/33-2\/"},"modified":"2024-04-04T07:41:38","modified_gmt":"2024-04-04T04:41:38","slug":"33-2","status":"publish","type":"page","link":"https:\/\/sisu.ut.ee\/autorioigus2022\/33-2\/","title":{"rendered":"3.3. Mida autori\u00f5igus ei kaitse?"},"content":{"rendered":"<p>\n\tAutori\u00f5igus ei kaitse neid inimese intellektuaalse tegevuse tulemusi, mis ei vasta teose tunnustele. Isegi kui teos on kaitstav, ei laiene kaitse teoses v\u00e4ljendatud, kirjeldatud v\u00f5i selle aluseks olevatele ideedele, kujunditele, m\u00f5istetele, teooriatele, protsessidele, s\u00fcsteemidele, meetoditele, kontseptsioonidele ega printsiipidele. Arvo P\u00e4rdi tintinnabuli stiilis loodud muusikateosed on autori\u00f5iguse kaitse all, kuid mitte tintinnabuli kompositsioonimeetod kui selline. \u00a0Praktikas v\u00f5ib osutuda p\u00e4ris keerukaks eristada ideed selle konkreetsest v\u00e4ljendusest.\u00a0\n<\/p>\n<p>\n\tAutori\u00f5igus ei kaitse eraldiseisvaid fakte ega andmeid, k\u00fcll aga v\u00f5ib olla kaitstav nende kombineerimise tulemus. Seet\u00f5ttu laieneb kaitse n\u00e4iteks artiklile, milles v\u00f5ib olla kasutatud ja v\u00e4ljendatud fakte ja andmeid.\u00a0\n<\/p>\n<p>\n\tAutori\u00f5igus ei kaitse ka rahvaloominguteoseid. Ent rahvaloominguteose esitused ja salvestised v\u00f5ivad olla kaitstud autori\u00f5igusega kaasnevate \u00f5igustega, kui nende kehtivusaeg pole m\u00f6\u00f6dunud. Kuna rahvalooming ise on kaitse alt v\u00e4ljas, v\u00f5ib sama legendi v\u00f5i p\u00e4rimuse ainetel luua mitmeid uusi teoseid.\n<\/p>\n<h5>\n\t<strong>N\u00e4ide 3.3.1. Rahvalooming kui allikas: \u201eKurb laulik\u201c\u00a0<\/strong>\n<\/h5><p>Eesti rahvaluulet ja -viise on kasutatud nii uue loomingu inspiratsiooniallikana kui ka muusikalise ja tekstilise alusmaterjalina. Eestlaste ja teiste soome-ugri rahvaste p\u00e4rimus t\u00f5useb m\u00e4rkimisv\u00e4\u00e4rselt esile n\u00e4iteks Veljo Tormise heliloomingus, kuid rahvaviisid inspireerivad ka t\u00e4nap\u00e4eva muusikuid.\u00a0\u00a0<\/p>\n<p>\u201eKurb laulik\u201c on j\u00e4\u00e4dvustatud 1938. aastal Kuusalust p\u00e4rit Miina Lamboti esituses ning selle salvestist on v\u00f5imalik kuulata \u201eEesti rahvamuusika antoloogia\u201c v\u00f5rguv\u00e4ljaandes (<a href=\"https:\/\/www.folklore.ee\/pubte\/eraamat\/rahvamuusika\/ee\/058-Kurb-laulik\" rel=\"noreferrer noopener\" target=\"_blank\">https:\/\/www.folklore.ee\/pubte\/eraamat\/rahvamuusika\/ee\/058-Kurb-laulik<\/a>). Veljo Tormis kasutas seda lugu oma 1971. aastal naiskoorile loodud teoses \u201eLaulud laulust ja laulikust (Laul ja laulik)\u201c. Sama teksti ja m\u00f5ningate mugandustega viisi on oma loomingus kasutanud ka n\u00e4iteks Maarja Nuut ja Ruum (1. link), Tintura (2. link) ning Wirbel (3. link).\u00a0<\/p>\n<p>Need on ilmekad n\u00e4ited sellest, kuiv\u00f5rd erineval moel v\u00f5ib nappi p\u00e4rimuslikku algmaterjali seada ja kasutada. Oluline on silmas pidada, et isegi siis, kui alusmaterjali autori\u00f5igus ei kaitse, on selle konkreetne seade ikkagi kaitstud. Samuti v\u00f5ib kaitstud olla esitus ja selle salvestis (vt 5. peat\u00fckki, \u201eAutori\u00f5igusega kaasnevad \u00f5igused\u201c).\u00a0<\/p>\n<p><strong>Maarja Nuut ja Ruum, \u201eKurb laulik\u201c:\u00a0\u00a0<\/strong><br><\/p><div class=\"ratio ratio-16x9 mb-3\"><div class=\"video-placeholder-wrapper video-placeholder-wrapper--16x9\">\n\t\t\t    <div class=\"video-placeholder d-flex justify-content-center align-items-center\">\n\t\t\t        <div class=\"overlay text-white p-2 w-100 text-center d-block justify-content-center align-items-center\">\n\t\t\t            <div>Kolmandate osapoolte sisu n\u00e4gemiseks palun n\u00f5ustu k\u00fcpsistega.<\/div>\n\t\t\t            <button class=\"btn btn-secondary btn-sm mt-1 consent-change\">Muuda n\u00f5usolekut<\/button>\n\t\t\t        <\/div>\n\t\t\t    <\/div>\n\t\t\t<\/div>\n<\/div>\u00a0<br><strong>Tintura, \u201eKurb laulik\u201c:\u00a0<\/strong><br><div class=\"ratio ratio-16x9 mb-3\"><div class=\"video-placeholder-wrapper video-placeholder-wrapper--16x9\">\n\t\t\t    <div class=\"video-placeholder d-flex justify-content-center align-items-center\">\n\t\t\t        <div class=\"overlay text-white p-2 w-100 text-center d-block justify-content-center align-items-center\">\n\t\t\t            <div>Kolmandate osapoolte sisu n\u00e4gemiseks palun n\u00f5ustu k\u00fcpsistega.<\/div>\n\t\t\t            <button class=\"btn btn-secondary btn-sm mt-1 consent-change\">Muuda n\u00f5usolekut<\/button>\n\t\t\t        <\/div>\n\t\t\t    <\/div>\n\t\t\t<\/div>\n<\/div>\n<p><strong>Wirbel, \u201eKurb laulik\u201c:\u00a0<\/strong><br><a href=\"https:\/\/soundcloud.com\/kristjanpriks\/kurb-laulik\" rel=\"noreferrer noopener\" target=\"_blank\">https:\/\/soundcloud.com\/kristjanpriks\/kurb-laulik<\/a><br>\n\n<\/p><p>\n\t\u00a0<\/p>\n","protected":false},"excerpt":{"rendered":"<p>Autori\u00f5igus ei kaitse neid inimese intellektuaalse tegevuse tulemusi, mis ei vasta teose tunnustele. Isegi kui teos on kaitstav, ei laiene kaitse teoses v\u00e4ljendatud, kirjeldatud v\u00f5i selle aluseks olevatele ideedele, kujunditele, m\u00f5istetele, teooriatele, protsessidele, s\u00fcsteemidele, meetoditele, kontseptsioonidele ega printsiipidele. Arvo P\u00e4rdi &#8230;<\/p>\n","protected":false},"author":273,"featured_media":0,"parent":0,"menu_order":0,"comment_status":"closed","ping_status":"closed","template":"","meta":{"_acf_changed":false,"inline_featured_image":false,"footnotes":""},"class_list":["post-47","page","type-page","status-publish","hentry"],"acf":[],"_links":{"self":[{"href":"https:\/\/sisu.ut.ee\/autorioigus2022\/wp-json\/wp\/v2\/pages\/47","targetHints":{"allow":["GET"]}}],"collection":[{"href":"https:\/\/sisu.ut.ee\/autorioigus2022\/wp-json\/wp\/v2\/pages"}],"about":[{"href":"https:\/\/sisu.ut.ee\/autorioigus2022\/wp-json\/wp\/v2\/types\/page"}],"author":[{"embeddable":true,"href":"https:\/\/sisu.ut.ee\/autorioigus2022\/wp-json\/wp\/v2\/users\/273"}],"replies":[{"embeddable":true,"href":"https:\/\/sisu.ut.ee\/autorioigus2022\/wp-json\/wp\/v2\/comments?post=47"}],"version-history":[{"count":1,"href":"https:\/\/sisu.ut.ee\/autorioigus2022\/wp-json\/wp\/v2\/pages\/47\/revisions"}],"predecessor-version":[{"id":188,"href":"https:\/\/sisu.ut.ee\/autorioigus2022\/wp-json\/wp\/v2\/pages\/47\/revisions\/188"}],"wp:attachment":[{"href":"https:\/\/sisu.ut.ee\/autorioigus2022\/wp-json\/wp\/v2\/media?parent=47"}],"curies":[{"name":"wp","href":"https:\/\/api.w.org\/{rel}","templated":true}]}}