{"id":46,"date":"2024-04-04T07:40:28","date_gmt":"2024-04-04T04:40:28","guid":{"rendered":"https:\/\/sisu.ut.ee\/autorioigus2022\/1-kokkuvote\/"},"modified":"2024-04-04T07:41:38","modified_gmt":"2024-04-04T04:41:38","slug":"1-kokkuvote","status":"publish","type":"page","link":"https:\/\/sisu.ut.ee\/autorioigus2022\/1-kokkuvote\/","title":{"rendered":"Kokkuv\u00f5te"},"content":{"rendered":"<ul>\n<li>\n\t\tIntellektuaalomand t\u00e4histab \u00f5igusi loomet\u00f6\u00f6 tulemustele.\n\t<\/li>\n<li>\n\t\tIntellektuaalomandi puhul eristatakse kolme liiki: autori\u00f5igus, autori\u00f5igusega kaasnevad \u00f5igused ja t\u00f6\u00f6stusomand (n\u00e4iteks patendid, kaubam\u00e4rgid ja t\u00f6\u00f6stusdisainilahendused).\u00a0\n\t<\/li>\n<li>\n\t\tAutorite \u00f5igusi ja intellektuaalomandit laiemalt on tarvis kaitsta, sest v\u00f5imalus oma loominguga tulu teenida innustab rohkem looma ja leiutama ning oma intellektuaalse tegevuse tulemusi ka \u00fclej\u00e4\u00e4nud \u00fchiskonnaga jagama, kartmata loomevargust. Sedasi panustatakse omakorda uutesse teadmistesse ja kunstisaavutustesse, elavdatakse kultuuri- ja hariduselu ning edendatakse \u00fchiskonna arengut. \u00dchtlasi n\u00e4hakse autori loomingus tema isiksuse v\u00e4ljendust ning seet\u00f5ttu soovitakse kaitsta loomet\u00f6\u00f6 tulemusi v\u00f5rdselt autori enda au ja v\u00e4\u00e4rikusega.\n\t<\/li>\n<li>\n\t\tT\u00e4nap\u00e4evase autori\u00f5iguse kujunemises m\u00e4ngisid olulist rolli renessansiajastul 14.\u201215. sajandil toimunud oluline maailmavaateline nihe, kui hakati v\u00e4\u00e4rtustama loomet\u00f6\u00f6 autori individuaalset annet, ning tr\u00fckikunsti leiutamine ja selle kiire levik Euroopas.\u00a0\n\t<\/li>\n<li>\n\t\tMaailmas on kaks olulist autori\u00f5iguse doktriini: Mandri-Euroopas, sealhulgas Eestis kehtiv autorikeskne autori\u00f5igus (<em>droit d\u2019auteur<\/em>) ning ingliskeelses maailmas kehtiv teose- ja koopiakeskne autori\u00f5igus (<em>copyright<\/em>).\n\t<\/li>\n<\/ul>\n","protected":false},"excerpt":{"rendered":"<p>Intellektuaalomand t\u00e4histab \u00f5igusi loomet\u00f6\u00f6 tulemustele. Intellektuaalomandi puhul eristatakse kolme liiki: autori\u00f5igus, autori\u00f5igusega kaasnevad \u00f5igused ja t\u00f6\u00f6stusomand (n\u00e4iteks patendid, kaubam\u00e4rgid ja t\u00f6\u00f6stusdisainilahendused).\u00a0 Autorite \u00f5igusi ja intellektuaalomandit laiemalt on tarvis kaitsta, sest v\u00f5imalus oma loominguga tulu teenida innustab rohkem looma ja leiutama &#8230;<\/p>\n","protected":false},"author":273,"featured_media":0,"parent":0,"menu_order":0,"comment_status":"closed","ping_status":"closed","template":"","meta":{"_acf_changed":false,"inline_featured_image":false,"footnotes":""},"class_list":["post-46","page","type-page","status-publish","hentry"],"acf":[],"_links":{"self":[{"href":"https:\/\/sisu.ut.ee\/autorioigus2022\/wp-json\/wp\/v2\/pages\/46","targetHints":{"allow":["GET"]}}],"collection":[{"href":"https:\/\/sisu.ut.ee\/autorioigus2022\/wp-json\/wp\/v2\/pages"}],"about":[{"href":"https:\/\/sisu.ut.ee\/autorioigus2022\/wp-json\/wp\/v2\/types\/page"}],"author":[{"embeddable":true,"href":"https:\/\/sisu.ut.ee\/autorioigus2022\/wp-json\/wp\/v2\/users\/273"}],"replies":[{"embeddable":true,"href":"https:\/\/sisu.ut.ee\/autorioigus2022\/wp-json\/wp\/v2\/comments?post=46"}],"version-history":[{"count":1,"href":"https:\/\/sisu.ut.ee\/autorioigus2022\/wp-json\/wp\/v2\/pages\/46\/revisions"}],"predecessor-version":[{"id":187,"href":"https:\/\/sisu.ut.ee\/autorioigus2022\/wp-json\/wp\/v2\/pages\/46\/revisions\/187"}],"wp:attachment":[{"href":"https:\/\/sisu.ut.ee\/autorioigus2022\/wp-json\/wp\/v2\/media?parent=46"}],"curies":[{"name":"wp","href":"https:\/\/api.w.org\/{rel}","templated":true}]}}