{"id":44,"date":"2024-04-04T07:40:28","date_gmt":"2024-04-04T04:40:28","guid":{"rendered":"https:\/\/sisu.ut.ee\/autorioigus2022\/12-miks-vaja-intellektuaalomandit-kaitsta\/"},"modified":"2024-04-04T07:41:38","modified_gmt":"2024-04-04T04:41:38","slug":"12-miks-vaja-intellektuaalomandit-kaitsta","status":"publish","type":"page","link":"https:\/\/sisu.ut.ee\/autorioigus2022\/12-miks-vaja-intellektuaalomandit-kaitsta\/","title":{"rendered":"1.2. Miks on vaja intellektuaalomandit kaitsta?"},"content":{"rendered":"<p>\n\tIntellektuaalomandi kaitsmiseks on mitmeid p\u00f5hjusi. \u00dchelt poolt on arvatud, et kui autorid ja leiutajad saavad oma loominguga tulu teenida, siis innustab see neid rohkem looma ja leiutama ning oma intellektuaalse tegevuse tulemusi ka \u00fclej\u00e4\u00e4nud \u00fchiskonnaga jagama, kartmata n\u00e4iteks loomevargust. Nii omakorda panustatakse uutesse teadmistesse ja kunstisaavutustesse, elavdatakse kultuuri- ja hariduselu ning edendatakse \u00fchiskonna arengut tervikuna. Teiselt poolt n\u00e4hakse autori loomingus tema isiksuse v\u00e4ljendust ning seet\u00f5ttu soovitakse kaitsta autori loomet\u00f6\u00f6 tulemusi v\u00f5rdselt tema enda au ja v\u00e4\u00e4rikusega.\u00a0\n<\/p>\n<p>\n\tAutori \u00f5igused ja nende kaitse vajadus on kirjutatud sisse mitmesse rahvusvahelisse kokkuleppesse. \u00dcRO inim\u00f5iguste \u00fclddeklaratsioon<sup>[10]<\/sup>\u00a0annab igale inimesele \u00f5iguse kaitsta enda loodud teadust\u00f6\u00f6dest ning kunsti- ja kirjandusteostest tulenevaid mittevaralisi ja varalisi huve. Euroopa Liidu p\u00f5hi\u00f5iguste harta<sup>[11]<\/sup> k\u00e4sitleb intellektuaalomandit \u00fche p\u00f5hi\u00f5igusena.\u00a0\n<\/p>\n<p>\n\tEesti Vabariigi p\u00f5hiseadus<sup>[12]<\/sup>\u00a0kaitseb intellektuaalomandit nagu mis tahes muud omandit (\u00a7 32) ning s\u00e4testab konkreetselt autoriga seonduvalt (\u00a7 39): \u201eAutoril on v\u00f5\u00f5randamatu \u00f5igus oma loomingule. Riik kaitseb autori \u00f5igusi.\u201c Eesti autori\u00f5iguse seaduse \u00a7 1 l\u00f5ikes 1 on s\u00f5nastatud seaduse enda ja \u00fchtlasi autori\u00f5iguse eesm\u00e4rk: \u201e[T]agada kultuuri j\u00e4rjepidevus ja kultuurisaavutuste kaitse, autori\u00f5igusel p\u00f5hinevate tootmisharude ja rahvusvahelise kaubanduse areng ning luua autoritele, teose esitajatele, fonogrammitootjatele [\u2026] ning teistele k\u00e4esolevas seaduses nimetatud isikutele soodsad tingimused teoste ja muude kultuurisaavutuste loomiseks ja kasutamiseks.\u201c\n<\/p>\n<p>\n\tNagu n\u00e4ha, on autori\u00f5iguse eesm\u00e4rkide seas nii kultuurilisi kui ka majanduslikke aspekte. Esmalt soovitakse luua soodsad tingimused autoritele ja esitajatele loominguliseks tegevuseks, muu hulgas tagada v\u00f5imalused saada oma loomingu kasutamise eest v\u00e4\u00e4rilist tasu, olla tunnustatud teose autorina ning soovi korral keelata oma loomingu muutmine soovimatul viisil. Lisaks kultuurilise\u00a0v\u00e4\u00e4rtuse\u00a0loomisele on\u00a0kirjanduse-, muusika- ja paljude teiste loomevaldkondade n\u00e4ol tegemist oluliste ettev\u00f5tlussektoritega,\u00a0mida v\u00f5ib kokkuv\u00f5tlikult nimetada loomemajanduseks ning mis samuti tuginevad suuresti autori\u00f5igusele ja laiemalt intellektuaalomandile.\u00a0\n<\/p>\n<h6>\n\tMiks on tarvis autori\u00f5igusi\u00a0reguleerida ja kaitsta?<br>\n<\/h6>\n<p>\n\t<\/p><div class=\"ratio ratio-16x9 mb-3\"><div class=\"video-placeholder-wrapper video-placeholder-wrapper--16x9\">\n\t\t\t    <div class=\"video-placeholder d-flex justify-content-center align-items-center\">\n\t\t\t        <div class=\"overlay text-white p-2 w-100 text-center d-block justify-content-center align-items-center\">\n\t\t\t            <div>Kolmandate osapoolte sisu n\u00e4gemiseks palun n\u00f5ustu k\u00fcpsistega.<\/div>\n\t\t\t            <button class=\"btn btn-secondary btn-sm mt-1 consent-change\">Muuda n\u00f5usolekut<\/button>\n\t\t\t        <\/div>\n\t\t\t    <\/div>\n\t\t\t<\/div>\n<\/div>\n","protected":false},"excerpt":{"rendered":"<p>Intellektuaalomandi kaitsmiseks on mitmeid p\u00f5hjusi. \u00dchelt poolt on arvatud, et kui autorid ja leiutajad saavad oma loominguga tulu teenida, siis innustab see neid rohkem looma ja leiutama ning oma intellektuaalse tegevuse tulemusi ka \u00fclej\u00e4\u00e4nud \u00fchiskonnaga jagama, kartmata n\u00e4iteks loomevargust. Nii &#8230;<\/p>\n","protected":false},"author":273,"featured_media":0,"parent":0,"menu_order":0,"comment_status":"closed","ping_status":"closed","template":"","meta":{"_acf_changed":false,"inline_featured_image":false,"footnotes":""},"class_list":["post-44","page","type-page","status-publish","hentry"],"acf":[],"_links":{"self":[{"href":"https:\/\/sisu.ut.ee\/autorioigus2022\/wp-json\/wp\/v2\/pages\/44","targetHints":{"allow":["GET"]}}],"collection":[{"href":"https:\/\/sisu.ut.ee\/autorioigus2022\/wp-json\/wp\/v2\/pages"}],"about":[{"href":"https:\/\/sisu.ut.ee\/autorioigus2022\/wp-json\/wp\/v2\/types\/page"}],"author":[{"embeddable":true,"href":"https:\/\/sisu.ut.ee\/autorioigus2022\/wp-json\/wp\/v2\/users\/273"}],"replies":[{"embeddable":true,"href":"https:\/\/sisu.ut.ee\/autorioigus2022\/wp-json\/wp\/v2\/comments?post=44"}],"version-history":[{"count":1,"href":"https:\/\/sisu.ut.ee\/autorioigus2022\/wp-json\/wp\/v2\/pages\/44\/revisions"}],"predecessor-version":[{"id":185,"href":"https:\/\/sisu.ut.ee\/autorioigus2022\/wp-json\/wp\/v2\/pages\/44\/revisions\/185"}],"wp:attachment":[{"href":"https:\/\/sisu.ut.ee\/autorioigus2022\/wp-json\/wp\/v2\/media?parent=44"}],"curies":[{"name":"wp","href":"https:\/\/api.w.org\/{rel}","templated":true}]}}