{"id":43,"date":"2024-04-04T07:40:28","date_gmt":"2024-04-04T04:40:28","guid":{"rendered":"https:\/\/sisu.ut.ee\/autorioigus2022\/4-oigused\/"},"modified":"2024-04-04T07:41:38","modified_gmt":"2024-04-04T04:41:38","slug":"4-oigused","status":"publish","type":"page","link":"https:\/\/sisu.ut.ee\/autorioigus2022\/4-oigused\/","title":{"rendered":"4. Autorile kuuluvad \u00f5igused"},"content":{"rendered":"<blockquote>\n<p>\n\t\tPeat\u00fckk vastab j\u00e4rgmistele k\u00fcsimustele.\u00a0\n\t<\/p>\n<ul>\n<li>\n\t\t\tMillised \u00f5igused kuuluvad autorile?\u00a0\n\t\t<\/li>\n<li>\n\t\t\tMis on autori isiklikud \u00f5igused?\u00a0\n\t\t<\/li>\n<li>\n\t\t\tMis on autori varalised \u00f5igused?\u00a0\n\t\t<\/li>\n<li>\n\t\t\tKui kaua ja mis tingimustel autori \u00f5igused kehtivad?\u00a0\n\t\t<\/li>\n<li>\n\t\t\tMis juhtub autori isiklike ja varaliste \u00f5igustega, kui ostan endale m\u00f5ne teose, n\u00e4iteks maali v\u00f5i vin\u00fc\u00fclalbumi?\u00a0\n\t\t<\/li>\n<\/ul>\n<\/blockquote>\n<p>\n\t<\/p><div class=\"ratio ratio-16x9 mb-3\"><div class=\"video-placeholder-wrapper video-placeholder-wrapper--16x9\">\n\t\t\t    <div class=\"video-placeholder d-flex justify-content-center align-items-center\">\n\t\t\t        <div class=\"overlay text-white p-2 w-100 text-center d-block justify-content-center align-items-center\">\n\t\t\t            <div>Kolmandate osapoolte sisu n\u00e4gemiseks palun n\u00f5ustu k\u00fcpsistega.<\/div>\n\t\t\t            <button class=\"btn btn-secondary btn-sm mt-1 consent-change\">Muuda n\u00f5usolekut<\/button>\n\t\t\t        <\/div>\n\t\t\t    <\/div>\n\t\t\t<\/div>\n<\/div>\n\n<p>\n\tTeose loomisega tekivad autoril isiklikud ja varalised \u00f5igused. Isiklikud \u00f5igused on seotud autori isiku tunnustamisega tema loodud teoste autorina ning nende kaitsega teoste soovimatu muutmise eest. Varalised \u00f5igused annavad autorile v\u00f5imaluse oma teoste kasutamise eest tulu teenida. \u00a0<\/p>\n","protected":false},"excerpt":{"rendered":"<p>Peat\u00fckk vastab j\u00e4rgmistele k\u00fcsimustele.\u00a0 Millised \u00f5igused kuuluvad autorile?\u00a0 Mis on autori isiklikud \u00f5igused?\u00a0 Mis on autori varalised \u00f5igused?\u00a0 Kui kaua ja mis tingimustel autori \u00f5igused kehtivad?\u00a0 Mis juhtub autori isiklike ja varaliste \u00f5igustega, kui ostan endale m\u00f5ne teose, n\u00e4iteks maali &#8230;<\/p>\n","protected":false},"author":273,"featured_media":0,"parent":0,"menu_order":0,"comment_status":"closed","ping_status":"closed","template":"","meta":{"_acf_changed":false,"inline_featured_image":false,"footnotes":""},"class_list":["post-43","page","type-page","status-publish","hentry"],"acf":[],"_links":{"self":[{"href":"https:\/\/sisu.ut.ee\/autorioigus2022\/wp-json\/wp\/v2\/pages\/43","targetHints":{"allow":["GET"]}}],"collection":[{"href":"https:\/\/sisu.ut.ee\/autorioigus2022\/wp-json\/wp\/v2\/pages"}],"about":[{"href":"https:\/\/sisu.ut.ee\/autorioigus2022\/wp-json\/wp\/v2\/types\/page"}],"author":[{"embeddable":true,"href":"https:\/\/sisu.ut.ee\/autorioigus2022\/wp-json\/wp\/v2\/users\/273"}],"replies":[{"embeddable":true,"href":"https:\/\/sisu.ut.ee\/autorioigus2022\/wp-json\/wp\/v2\/comments?post=43"}],"version-history":[{"count":1,"href":"https:\/\/sisu.ut.ee\/autorioigus2022\/wp-json\/wp\/v2\/pages\/43\/revisions"}],"predecessor-version":[{"id":184,"href":"https:\/\/sisu.ut.ee\/autorioigus2022\/wp-json\/wp\/v2\/pages\/43\/revisions\/184"}],"wp:attachment":[{"href":"https:\/\/sisu.ut.ee\/autorioigus2022\/wp-json\/wp\/v2\/media?parent=43"}],"curies":[{"name":"wp","href":"https:\/\/api.w.org\/{rel}","templated":true}]}}