{"id":42,"date":"2024-04-04T07:40:28","date_gmt":"2024-04-04T04:40:28","guid":{"rendered":"https:\/\/sisu.ut.ee\/autorioigus2022\/11-intellektuaalomandi-moiste-ja-liigid\/"},"modified":"2024-04-04T07:41:38","modified_gmt":"2024-04-04T04:41:38","slug":"11-intellektuaalomandi-moiste-ja-liigid","status":"publish","type":"page","link":"https:\/\/sisu.ut.ee\/autorioigus2022\/11-intellektuaalomandi-moiste-ja-liigid\/","title":{"rendered":"1.1 Intellektuaalomandi m\u00f5iste ja liigid"},"content":{"rendered":"<p>\n\tIntellektuaalomand t\u00e4histab<strong> \u00f5igusi loomet\u00f6\u00f6 tulemustele<\/strong>. Kui keegi midagi loob, siis tekib tal \u00f5igus otsustada, mida teised tema loomet\u00f6\u00f6 tulemustega teha tohivad, ning \u00fchtlasi \u00f5igus selle kaudu tulu teenida. Nii nagu asja\u00f5igus annab isikule \u00f5igused teatud f\u00fc\u00fcsiliste esemete, n\u00e4iteks auto, maja v\u00f5i telefoni suhtes, annab intellektuaalomand isikule \u00f5igused oma vaimse tegevuse ehk loomet\u00f6\u00f6 tulemuste suhtes.\n<\/p>\n<p>\n\t<strong>Intellektuaalomandil on kolm p\u00f5hiliiki:<\/strong>\n<\/p>\n<ol>\n<li>\n\t\tautori\u00f5igus;\n\t<\/li>\n<li>\n\t\tautori\u00f5igusega kaasnevad \u00f5igused (ka naaber\u00f5igused);\n\t<\/li>\n<li>\n\t\tt\u00f6\u00f6stusomand.\n\t<\/li>\n<\/ol>\n<p>\n\t\u00dcldjuhul on iga intellektuaalomandi liigi puhul olemas<strong> \u00f5iguste omaja<\/strong>, n\u00e4iteks autor v\u00f5i leiutaja, ja <strong>kaitstav objekt<\/strong>, n\u00e4iteks teos v\u00f5i leiutis. Olenevalt liigist tekivad \u00f5igused kas registreeringuga (peamiselt t\u00f6\u00f6stusomand) v\u00f5i automaatselt (autori\u00f5igus ja sellega kaasnevad \u00f5igused). Tekkivad \u00f5igused v\u00f5ivad varieeruda nii ulatuse, iseloomu, kehtivuse, kaitse ja piirangute poolest ning moodustavad koos \u00f5iguste omaja ja kaitstava objektiga intellektuaalomandi s\u00fcsteemi (vt 1. joonis). Kuna intellektuaalomand on sisuliselt \u00f5iguste kogum, siis on ta seadusega kaitstud. Kui kellegi intellektuaalset omandit rikutakse, saab ta n\u00f5uda talle tekitatud kahju h\u00fcvitamist ja rikkumise kui ebaseadusliku tegevuse l\u00f5petamist. Teatud juhtudel v\u00f5idakse \u00f5igusrikkujat kriminaalkorras karistada.\u00a0\n<\/p>\n<p>\n\t<img loading=\"lazy\" decoding=\"async\" width=\"2000\" height=\"1125\" class=\"alignnone wp-image-77\" src=\"https:\/\/sisu.ut.ee\/wp-content\/uploads\/sites\/540\/io_susteem.png\" title=\"Joonis 1. Intellektuaalomandi s\u00fcsteemi osad\" alt=\"Intellektuaalomandi s\u00fcsteem\" srcset=\"https:\/\/sisu.ut.ee\/wp-content\/uploads\/sites\/540\/io_susteem.png 2000w, https:\/\/sisu.ut.ee\/wp-content\/uploads\/sites\/540\/io_susteem-300x169.png 300w, https:\/\/sisu.ut.ee\/wp-content\/uploads\/sites\/540\/io_susteem-1024x576.png 1024w, https:\/\/sisu.ut.ee\/wp-content\/uploads\/sites\/540\/io_susteem-768x432.png 768w, https:\/\/sisu.ut.ee\/wp-content\/uploads\/sites\/540\/io_susteem-1536x864.png 1536w, https:\/\/sisu.ut.ee\/wp-content\/uploads\/sites\/540\/io_susteem-1920x1080.png 1920w\" sizes=\"auto, (max-width: 2000px) 100vw, 2000px\">\n<\/p>\n<p>\n\t<strong>1. joonis. Intellektuaalomandi s\u00fcsteemi osad<\/strong>\n<\/p>\n<p>\n\tIntellektuaalomand, sealhulgas autori\u00f5igus, on olemuselt territoriaalne ehk igas riigis on selle reguleerimiseks oma seadused. Eestis registreeritud patent on kaitstav Eestis, kuid mitte Soomes, ja vastupidi. Kuna riikidel on aga huvi, et nende kodanike looming oleks kaitstud ka v\u00e4ljaspool oma \u00f5igusruumi, on s\u00f5lmitud mitmeid rahvusvahelisi kokkuleppeid. Autori\u00f5iguse valdkonnas on k\u00f5ige olulisem rahvusvaheline kokkulepe <strong>Berni konventsioon<\/strong>, mis reguleerib sellega liitunud riikides loodud kirjandus-, kunsti ja teadusteoste vastastikust kaitset. Lisaks reguleerivad intellektuaalomandi valdkonda ka muud rahvusvahelised lepingud ja Euroopa Liidu \u00f5igus. Seet\u00f5ttu on Eestis kehtiv autori\u00f5iguse seadus<sup><span style=\"font-size: 11.6667px\">[1]<\/span><\/sup>\u00a0(Aut\u00d5S) p\u00f5him\u00f5istete ja p\u00f5him\u00f5tete poolest sarnane teiste Euroopa Liidu riikide sama valdkonna seadustega.\n<\/p>\n<p>\n\t<br>Nagu \u00f6eldud, eristatakse intellektuaalomandil kolme alaliiki. Allj\u00e4rgnevalt on neist k\u00f5igist l\u00fchike \u00fclevaade antud.\n<\/p>\n<h4>\n\tAutori\u00f5igus<br>\n<\/h4>\n<p>\n\tAutori\u00f5igus kaitseb f\u00fc\u00fcsilisest isikust (s.o inimene) looja ehk autori isiklikke ja varalisi \u00f5igusi. Autorile kuuluvad \u00f5igused oma intellektuaalse loomingu tulemuse ehk teose suhtes eeldusel, et see on originaalne, v\u00e4ljendatud objektiivses vormis ning loodud kirjanduse, kunsti v\u00f5i teaduse valdkonnas. Teoseks v\u00f5ib olla n\u00e4iteks muusikapala, film, maal ja koguni arvutiprogramm.\n<\/p>\n<h4>\n\tAutori\u00f5igusega kaasnevad \u00f5igused<br>\n<\/h4>\n<p>\n\tAutori\u00f5igusega kaasnevad \u00f5igused soodustavad teoste levitamist. Selleks, et teos j\u00f5uaks avalikkuseni, l\u00e4heb sageli tarvis ka teiste osaliste (loomingulist) panust v\u00f5i investeeringut. Nendeks v\u00f5ivad olla n\u00e4iteks esitajad, fonogrammitootjad v\u00f5i televisiooni- ja raadioteenuse osutajad. Ise\u00e4ranis ilmne on teiste kaasamise vajadus muusikas: mitte \u00fckski muusikateos ei saa j\u00f5uda kuulajani ilma, et keegi seda esitaks v\u00f5i sellest salvestise ehk fonogrammi looks. Autori\u00f5igusega kaasnevad \u00f5igused kaitsevad nende osaliste panust, kes pole autorid, kuid m\u00e4ngivad loomingulises protsessis ja selle tulemuste viimises laiema \u00fcldsuseni olulist rolli.\n<\/p>\n<h4>\n\tT\u00f6\u00f6stusomand<br>\n<\/h4>\n<p>\n\tKolmas intellektuaalomandi liik on t\u00f6\u00f6stusomand, mille puhul omakorda eristatakse n\u00e4iteks patente, t\u00f6\u00f6stusdisainilahendusi, kaubam\u00e4rke, firmanimetusi ning kohanimede p\u00e4ritolule viitavaid t\u00e4hiseid.\n<\/p>\n<p>\n\tPatendiseaduse<sup>[2]<\/sup>\u00a0 kohaselt v\u00f5ib <strong>patendiga<\/strong> kaitsta mis tahes tehnikavaldkonna <strong>leiutist<\/strong>, kui see on uudne, omab leiutustaset (s.t erineb olemasolevatest lahendustest ja seejuures \u00fcletab neid, on parem) ja on t\u00f6\u00f6stuslikult kasutatav.\n<\/p>\n<h5>\n\t<strong>N\u00e4ide 1.1.1. Eestis kehtivad patendid\u00a0<\/strong><br>Eestis on leiutisena patenteeritud spetsiifiline viis ehitada moodulmaju. O\u00dc Teokarp on m\u00f5elnud v\u00e4lja uudse ehitusviisi, mis p\u00f5hineb standardiseeritud moodulite kombineerimisel. Standardsetest, omavahel sobituvatest TEO-moodulitest on v\u00f5imalik koostada mis tahes planeeringuga ja kui tahes suuri hooneid. Selline ehitusprotsess on s\u00e4\u00e4stlik ning t\u00e4nu tehnoloogia standardiseeritusele, materjali- ja t\u00f6\u00f6j\u00f5ukulu v\u00e4iksusele ning tootmise automatiseeritusele valmib hoone kiiremini. Hoone projekteerivad kogenud arhitektid, selleks vajalikud moodulid tehakse valmis majatehases ning need pannakse loetud p\u00e4evade jooksul p\u00fcsti \u00fcksk\u00f5ik millist t\u00fc\u00fcpi vundamendile.\u00a0<br><img loading=\"lazy\" decoding=\"async\" width=\"2500\" height=\"1406\" class=\"alignnone wp-image-78\" src=\"https:\/\/sisu.ut.ee\/wp-content\/uploads\/sites\/540\/teo_house_models_1_3.jpg\" title=\"Moodulitest valmistatud hoone TEO 1 ja selle projekt.\" alt=\"Teo House\" srcset=\"https:\/\/sisu.ut.ee\/wp-content\/uploads\/sites\/540\/teo_house_models_1_3.jpg 2500w, https:\/\/sisu.ut.ee\/wp-content\/uploads\/sites\/540\/teo_house_models_1_3-300x169.jpg 300w, https:\/\/sisu.ut.ee\/wp-content\/uploads\/sites\/540\/teo_house_models_1_3-1024x576.jpg 1024w, https:\/\/sisu.ut.ee\/wp-content\/uploads\/sites\/540\/teo_house_models_1_3-768x432.jpg 768w, https:\/\/sisu.ut.ee\/wp-content\/uploads\/sites\/540\/teo_house_models_1_3-1536x864.jpg 1536w, https:\/\/sisu.ut.ee\/wp-content\/uploads\/sites\/540\/teo_house_models_1_3-2048x1152.jpg 2048w, https:\/\/sisu.ut.ee\/wp-content\/uploads\/sites\/540\/teo_house_models_1_3-1920x1080.jpg 1920w\" sizes=\"auto, (max-width: 2500px) 100vw, 2500px\"><img loading=\"lazy\" decoding=\"async\" width=\"2500\" height=\"2237\" class=\"alignnone wp-image-79\" src=\"https:\/\/sisu.ut.ee\/wp-content\/uploads\/sites\/540\/teo_house_models_1_6.jpg\" title=\"Teo House I.\" alt=\"Teo House 1\" srcset=\"https:\/\/sisu.ut.ee\/wp-content\/uploads\/sites\/540\/teo_house_models_1_6.jpg 2500w, https:\/\/sisu.ut.ee\/wp-content\/uploads\/sites\/540\/teo_house_models_1_6-300x268.jpg 300w, https:\/\/sisu.ut.ee\/wp-content\/uploads\/sites\/540\/teo_house_models_1_6-1024x916.jpg 1024w, https:\/\/sisu.ut.ee\/wp-content\/uploads\/sites\/540\/teo_house_models_1_6-768x687.jpg 768w, https:\/\/sisu.ut.ee\/wp-content\/uploads\/sites\/540\/teo_house_models_1_6-1536x1374.jpg 1536w, https:\/\/sisu.ut.ee\/wp-content\/uploads\/sites\/540\/teo_house_models_1_6-2048x1833.jpg 2048w, https:\/\/sisu.ut.ee\/wp-content\/uploads\/sites\/540\/teo_house_models_1_6-1920x1718.jpg 1920w\" sizes=\"auto, (max-width: 2500px) 100vw, 2500px\"><br>Moodulitest valmistatud hoone TEO 1 ja selle aksonomeetria.\u00a0<br>Kasutatud omaniku loal\u00a0<sup>[3]<\/sup>\n<\/h5><p>Euroopas on Eestis kehtivad patendid registreerinud ka tehnoloogiaettev\u00f5te Cleveron, kes esitleb end innovatsiooniliidrina jae- ja logistikasektorile robootiliste pakiautomaatide ja viimase miili click-and-collect-lahenduste loomise vallas<sup>[4]<\/sup>. Kuna Cleveron panustab palju aega ja raha tootearendusse, n\u00e4eb nende strateegia ette, et k\u00f5ik uued tooted peavad olema intellektuaalomandi \u00f5igustega kaitstud. [<em>ibid<\/em>] T\u00e4naseks on nende intellektuaalomandi portfell kasvanud m\u00e4rkimisv\u00e4\u00e4rselt. Nende kodulehel on kirjas, et nad on esitanud \u00fcle saja taotluse enam kui k\u00fcmnes sihtriigis ning kombineerinud erinevaid intellektuaalomandi \u00f5iguseid, sealhulgas autori\u00f5igus, patendid, kasulikud mudelid, t\u00f6\u00f6stusdisainilahendused, kaubam\u00e4rgid ja teenusm\u00e4rgid. [<em>ibid<\/em>]\u00a0<\/p>\n<p><img loading=\"lazy\" decoding=\"async\" width=\"600\" height=\"450\" class=\"alignnone wp-image-80\" src=\"https:\/\/sisu.ut.ee\/wp-content\/uploads\/sites\/540\/cleverflex_modulaarsuse_pilt_2_block-1.png\" title=\"Cleveron 402\" alt=\"Cleveron\" srcset=\"https:\/\/sisu.ut.ee\/wp-content\/uploads\/sites\/540\/cleverflex_modulaarsuse_pilt_2_block-1.png 600w, https:\/\/sisu.ut.ee\/wp-content\/uploads\/sites\/540\/cleverflex_modulaarsuse_pilt_2_block-1-300x225.png 300w\" sizes=\"auto, (max-width: 600px) 100vw, 600px\"><br>Cleveron 402. Laiendatav robootiline pakiautomaat veebipoest ostetud kauba v\u00e4ljastamise automatiseerimiseks.\u00a0<br>Kasutatud omaniku loal. \u00a0<br>\n\n<\/p><p>\n\tKaubam\u00e4rgiseaduse<sup>[5]<\/sup>\u00a0j\u00e4rgi on <strong>kaubam\u00e4rk<\/strong> t\u00e4his, millega on v\u00f5imalik eristada \u00fche isiku kaupa v\u00f5i teenust teise isiku samaliigilisest kaubast v\u00f5i teenusest.\n<\/p>\n<h5>\n\t<strong>N\u00e4ide 1.1.2. Eestis kaitstud kaubam\u00e4rgid\u00a0<\/strong><br><img loading=\"lazy\" decoding=\"async\" width=\"2560\" height=\"940\" class=\"alignnone wp-image-81\" src=\"https:\/\/sisu.ut.ee\/wp-content\/uploads\/sites\/540\/err_eesti_rahvusringhaaling_logo.svg_.png\" title=\"ERRi logi\" alt=\"ERR\" srcset=\"https:\/\/sisu.ut.ee\/wp-content\/uploads\/sites\/540\/err_eesti_rahvusringhaaling_logo.svg_.png 2560w, https:\/\/sisu.ut.ee\/wp-content\/uploads\/sites\/540\/err_eesti_rahvusringhaaling_logo.svg_-300x110.png 300w, https:\/\/sisu.ut.ee\/wp-content\/uploads\/sites\/540\/err_eesti_rahvusringhaaling_logo.svg_-1024x376.png 1024w, https:\/\/sisu.ut.ee\/wp-content\/uploads\/sites\/540\/err_eesti_rahvusringhaaling_logo.svg_-768x282.png 768w, https:\/\/sisu.ut.ee\/wp-content\/uploads\/sites\/540\/err_eesti_rahvusringhaaling_logo.svg_-1536x564.png 1536w, https:\/\/sisu.ut.ee\/wp-content\/uploads\/sites\/540\/err_eesti_rahvusringhaaling_logo.svg_-2048x752.png 2048w, https:\/\/sisu.ut.ee\/wp-content\/uploads\/sites\/540\/err_eesti_rahvusringhaaling_logo.svg_-1920x705.png 1920w\" sizes=\"auto, (max-width: 2560px) 100vw, 2560px\"><br>Eesti Rahvusringh\u00e4\u00e4lingu kujutis ja kaubam\u00e4rk.\u00a0<br>Allikas: Wikimedia Commons <sup>[6]<\/sup>.\u00a0\n<\/h5><p><img loading=\"lazy\" decoding=\"async\" width=\"3940\" height=\"2060\" class=\"alignnone wp-image-82\" src=\"https:\/\/sisu.ut.ee\/wp-content\/uploads\/sites\/540\/kalevi_logo.png\" title=\"Kalevi logo\" alt=\"Kalev\" srcset=\"https:\/\/sisu.ut.ee\/wp-content\/uploads\/sites\/540\/kalevi_logo.png 3940w, https:\/\/sisu.ut.ee\/wp-content\/uploads\/sites\/540\/kalevi_logo-300x157.png 300w, https:\/\/sisu.ut.ee\/wp-content\/uploads\/sites\/540\/kalevi_logo-1024x535.png 1024w, https:\/\/sisu.ut.ee\/wp-content\/uploads\/sites\/540\/kalevi_logo-768x402.png 768w, https:\/\/sisu.ut.ee\/wp-content\/uploads\/sites\/540\/kalevi_logo-1536x803.png 1536w, https:\/\/sisu.ut.ee\/wp-content\/uploads\/sites\/540\/kalevi_logo-2048x1071.png 2048w, https:\/\/sisu.ut.ee\/wp-content\/uploads\/sites\/540\/kalevi_logo-1920x1004.png 1920w\" sizes=\"auto, (max-width: 3940px) 100vw, 3940px\"><br>Maiustuste tootja\u00a0Kalev 2022. aastal uuendatud kujutis ja kaubam\u00e4rk, mille omanik on AS Orkla Eesti.\u00a0<br>Kasutatud omaniku loal.\u00a0<br>\n\n<\/p><p>\n\t<strong>T\u00f6\u00f6stusdisainilahendus<\/strong> on t\u00f6\u00f6stusdisaini kaitse seaduse<sup>[7]<\/sup> j\u00e4rgi toote tasapinnaline v\u00f5i ruumiline v\u00e4liskujundus, mis on uus, eristatav ning mille j\u00e4rgi on v\u00f5imalik valmistada tooteid.\u00a0\n<\/p>\n<h5>\n\t<strong>N\u00e4ide 1.1.3. Eestis registreeritud t\u00f6\u00f6stusdisainilahendused\u00a0<\/strong><br>Viimase aasta jooksul on Eestis registreeritud v\u00e4ga erilaadseid t\u00f6\u00f6stusdisainilahendusi, n\u00e4iteks k\u00f5rvar\u00f5ngaid, valamuid, seinaplaate, ravimikarpe, m\u00e4nge, kellasid, hooneid ja autosid<sup>[8]<\/sup>.\u00a0<br><img loading=\"lazy\" decoding=\"async\" width=\"876\" height=\"873\" class=\"alignnone wp-image-83\" src=\"https:\/\/sisu.ut.ee\/wp-content\/uploads\/sites\/540\/marta_kast.jpeg\" title=\"Kast\" alt=\"Kast\" srcset=\"https:\/\/sisu.ut.ee\/wp-content\/uploads\/sites\/540\/marta_kast.jpeg 876w, https:\/\/sisu.ut.ee\/wp-content\/uploads\/sites\/540\/marta_kast-300x300.jpeg 300w, https:\/\/sisu.ut.ee\/wp-content\/uploads\/sites\/540\/marta_kast-150x150.jpeg 150w, https:\/\/sisu.ut.ee\/wp-content\/uploads\/sites\/540\/marta_kast-768x765.jpeg 768w\" sizes=\"auto, (max-width: 876px) 100vw, 876px\"><br>2021. aasta mais registreeriti erip\u00e4rase disainilahendusega kastid. Nende puhul kehtib t\u00f6\u00f6stusdisainilahenduse kaitse 2026. aasta maini.\u00a0<br>Autor ja omanik Kadri P\u00f5rk. Kasutatud omaniku loal<sup>[9]<\/sup>.<br>\n<\/h5>\n<p>\n\tErinevalt autori\u00f5igusest ja autori\u00f5igusega kaasnevatest \u00f5igustest on t\u00f6\u00f6stusomand \u00fcldjuhul registreeritav ehk vastav \u00f5igus tekib leiutise, kaubam\u00e4rgi v\u00f5i t\u00f6\u00f6stusdisainilahenduse registrisse kandmise tulemusena.\n<\/p>\n<p>\n\tT\u00f6\u00f6stusomandi liikidega saab p\u00f5hjalikumalt tutvuda Eesti Patendiameti kodulehel https:\/\/www.epa.ee\/.\u00a0<\/p>\n","protected":false},"excerpt":{"rendered":"<p>Intellektuaalomand t\u00e4histab \u00f5igusi loomet\u00f6\u00f6 tulemustele. Kui keegi midagi loob, siis tekib tal \u00f5igus otsustada, mida teised tema loomet\u00f6\u00f6 tulemustega teha tohivad, ning \u00fchtlasi \u00f5igus selle kaudu tulu teenida. Nii nagu asja\u00f5igus annab isikule \u00f5igused teatud f\u00fc\u00fcsiliste esemete, n\u00e4iteks auto, maja &#8230;<\/p>\n","protected":false},"author":273,"featured_media":0,"parent":0,"menu_order":0,"comment_status":"closed","ping_status":"closed","template":"","meta":{"_acf_changed":false,"inline_featured_image":false,"footnotes":""},"class_list":["post-42","page","type-page","status-publish","hentry"],"acf":[],"_links":{"self":[{"href":"https:\/\/sisu.ut.ee\/autorioigus2022\/wp-json\/wp\/v2\/pages\/42","targetHints":{"allow":["GET"]}}],"collection":[{"href":"https:\/\/sisu.ut.ee\/autorioigus2022\/wp-json\/wp\/v2\/pages"}],"about":[{"href":"https:\/\/sisu.ut.ee\/autorioigus2022\/wp-json\/wp\/v2\/types\/page"}],"author":[{"embeddable":true,"href":"https:\/\/sisu.ut.ee\/autorioigus2022\/wp-json\/wp\/v2\/users\/273"}],"replies":[{"embeddable":true,"href":"https:\/\/sisu.ut.ee\/autorioigus2022\/wp-json\/wp\/v2\/comments?post=42"}],"version-history":[{"count":1,"href":"https:\/\/sisu.ut.ee\/autorioigus2022\/wp-json\/wp\/v2\/pages\/42\/revisions"}],"predecessor-version":[{"id":183,"href":"https:\/\/sisu.ut.ee\/autorioigus2022\/wp-json\/wp\/v2\/pages\/42\/revisions\/183"}],"wp:attachment":[{"href":"https:\/\/sisu.ut.ee\/autorioigus2022\/wp-json\/wp\/v2\/media?parent=42"}],"curies":[{"name":"wp","href":"https:\/\/api.w.org\/{rel}","templated":true}]}}