{"id":41,"date":"2024-04-04T07:40:27","date_gmt":"2024-04-04T04:40:27","guid":{"rendered":"https:\/\/sisu.ut.ee\/autorioigus2022\/teema-1\/"},"modified":"2024-04-04T07:41:38","modified_gmt":"2024-04-04T04:41:38","slug":"teema-1","status":"publish","type":"page","link":"https:\/\/sisu.ut.ee\/autorioigus2022\/teema-1\/","title":{"rendered":"1. Mis on intellektuaalomand?"},"content":{"rendered":"<blockquote>\n<p>\n\t\tPeat\u00fckk vastab j\u00e4rgmistele k\u00fcsimustele.\u00a0\n\t<\/p>\n<ul>\n<li>\n\t\t\tMis on intellektuaalomand?\u00a0\n\t\t<\/li>\n<li>\n\t\t\tMillised on intellektuaalomandi peamised liigid?\u00a0\n\t\t<\/li>\n<li>\n\t\t\tMiks on intellektuaalomandit vaja kaitsta?\u00a0\n\t\t<\/li>\n<li>\n\t\t\tKuidas kujunesid v\u00e4lja t\u00e4nap\u00e4evased autori\u00f5iguse doktriinid?\u00a0\n\t\t<\/li>\n<\/ul>\n<\/blockquote>\n<p>\n\t<\/p><div class=\"ratio ratio-16x9 mb-3\"><div class=\"video-placeholder-wrapper video-placeholder-wrapper--16x9\">\n\t\t\t    <div class=\"video-placeholder d-flex justify-content-center align-items-center\">\n\t\t\t        <div class=\"overlay text-white p-2 w-100 text-center d-block justify-content-center align-items-center\">\n\t\t\t            <div>Kolmandate osapoolte sisu n\u00e4gemiseks palun n\u00f5ustu k\u00fcpsistega.<\/div>\n\t\t\t            <button class=\"btn btn-secondary btn-sm mt-1 consent-change\">Muuda n\u00f5usolekut<\/button>\n\t\t\t        <\/div>\n\t\t\t    <\/div>\n\t\t\t<\/div>\n<\/div>\n","protected":false},"excerpt":{"rendered":"<p>Peat\u00fckk vastab j\u00e4rgmistele k\u00fcsimustele.\u00a0 Mis on intellektuaalomand?\u00a0 Millised on intellektuaalomandi peamised liigid?\u00a0 Miks on intellektuaalomandit vaja kaitsta?\u00a0 Kuidas kujunesid v\u00e4lja t\u00e4nap\u00e4evased autori\u00f5iguse doktriinid?\u00a0 Kolmandate osapoolte sisu n\u00e4gemiseks palun n\u00f5ustu k\u00fcpsistega. Muuda n\u00f5usolekut<\/p>\n","protected":false},"author":273,"featured_media":0,"parent":0,"menu_order":0,"comment_status":"closed","ping_status":"closed","template":"","meta":{"_acf_changed":false,"inline_featured_image":false,"footnotes":""},"class_list":["post-41","page","type-page","status-publish","hentry"],"acf":[],"_links":{"self":[{"href":"https:\/\/sisu.ut.ee\/autorioigus2022\/wp-json\/wp\/v2\/pages\/41","targetHints":{"allow":["GET"]}}],"collection":[{"href":"https:\/\/sisu.ut.ee\/autorioigus2022\/wp-json\/wp\/v2\/pages"}],"about":[{"href":"https:\/\/sisu.ut.ee\/autorioigus2022\/wp-json\/wp\/v2\/types\/page"}],"author":[{"embeddable":true,"href":"https:\/\/sisu.ut.ee\/autorioigus2022\/wp-json\/wp\/v2\/users\/273"}],"replies":[{"embeddable":true,"href":"https:\/\/sisu.ut.ee\/autorioigus2022\/wp-json\/wp\/v2\/comments?post=41"}],"version-history":[{"count":1,"href":"https:\/\/sisu.ut.ee\/autorioigus2022\/wp-json\/wp\/v2\/pages\/41\/revisions"}],"predecessor-version":[{"id":197,"href":"https:\/\/sisu.ut.ee\/autorioigus2022\/wp-json\/wp\/v2\/pages\/41\/revisions\/197"}],"wp:attachment":[{"href":"https:\/\/sisu.ut.ee\/autorioigus2022\/wp-json\/wp\/v2\/media?parent=41"}],"curies":[{"name":"wp","href":"https:\/\/api.w.org\/{rel}","templated":true}]}}