{"id":39,"date":"2024-04-04T07:40:27","date_gmt":"2024-04-04T04:40:27","guid":{"rendered":"https:\/\/sisu.ut.ee\/autorioigus2022\/81-oiguste-kollektiivsus\/"},"modified":"2024-04-04T07:41:39","modified_gmt":"2024-04-04T04:41:39","slug":"81-oiguste-kollektiivsus","status":"publish","type":"page","link":"https:\/\/sisu.ut.ee\/autorioigus2022\/81-oiguste-kollektiivsus\/","title":{"rendered":"8.1 \u00d5iguste kollektiivne esindamine"},"content":{"rendered":"<p>\n\tNagu eelnenud peat\u00fckkidest on selgunud, kasutatakse autorite, esitajate ja teiste loomingulise t\u00f6\u00f6 vilju v\u00e4gagi erinevatel viisidel. Kui iga autor peaks k\u00f5ikide tema teose kasutajatega individuaalselt suhtlema, litsentsilepinguid s\u00f5lmima ja tasusid koguma, poleks see kummagi poole suhtes m\u00f5istlik ega t\u00f5hus. N\u00e4iteks m\u00e4ngib t\u00e4nap\u00e4eval peaaegu igas restoranis ja kaupluses taustamuusika. See t\u00e4hendab, et kasutatakse salvestiselt k\u00f5lava muusika suhtes \u00f5igusi omavate isikute \u2013 autorite, esitajate ja fonogrammitootjate \u2013 avaliku esitamise \u00f5igust. Kuna seaduse j\u00e4rgi tuleb igaks selliseks kasutamiskorraks k\u00fcsida luba, peaks iga restorani- v\u00f5i kauplusepidaja ainu\u00fcksi \u00fche p\u00e4eva jooksul k\u00f5lava muusika taasesitamiseks suhtlema sadade \u00f5igusi omavate isikutega. Samuti peaksid populaarsete muusikapalade autorid, esitajad ja tootjad veetma tunde igale f\u00fc\u00fcsilisele ja juriidilisele isikule \u00fchekaupa lubasid v\u00e4ljastades. Ja seda k\u00f5ike eeldusel, et kokkuleppest huvitatud isikud \u00fcksteist \u00fcldse \u00fcles leiavad. Selleks, et k\u00f5igile asjaosalistele t\u00f5husalt ja tulemuslikult lubade andmist korraldada, on autorid, esitajad, fonogrammitootjad ja teised \u00f5iguste omajad loonud \u00fchingud, kes nende \u00f5igusi nende nimel kollektiivselt teostavad. Neid \u00fchinguid nimetatakse kollektiivse esindamise organisatsioonideks (KEO-d), kes peavad oma liikmete nimel l\u00e4bir\u00e4\u00e4kimisi litsentsitasude \u00fcle, s\u00f5lmivad litsentsilepinguid, koguvad tasu ning jaotavad selle \u00f5iguste omajatele edasi.\u00a0\n<\/p>\n<p>\n\t<img loading=\"lazy\" decoding=\"async\" width=\"1307\" height=\"641\" class=\"alignnone wp-image-57\" src=\"https:\/\/sisu.ut.ee\/wp-content\/uploads\/sites\/540\/joonis81.jpg\" title=\"joonis81.jpg\" alt=\"n arv \u00f5iguste omajat vs n arv teoste kasutajat probleemi illustreeriv joonis\" srcset=\"https:\/\/sisu.ut.ee\/wp-content\/uploads\/sites\/540\/joonis81.jpg 1307w, https:\/\/sisu.ut.ee\/wp-content\/uploads\/sites\/540\/joonis81-300x147.jpg 300w, https:\/\/sisu.ut.ee\/wp-content\/uploads\/sites\/540\/joonis81-1024x502.jpg 1024w, https:\/\/sisu.ut.ee\/wp-content\/uploads\/sites\/540\/joonis81-768x377.jpg 768w\" sizes=\"auto, (max-width: 1307px) 100vw, 1307px\"><img loading=\"lazy\" decoding=\"async\" width=\"1301\" height=\"601\" class=\"alignnone wp-image-58\" src=\"https:\/\/sisu.ut.ee\/wp-content\/uploads\/sites\/540\/joonis82.jpg\" title=\"joonis82.jpg\" alt=\"n arv \u00f5iguste omajat vs n arv teoste kasutajat lahendust illustreeriv joonis kasutades vahendajatesks KEO-sid\" srcset=\"https:\/\/sisu.ut.ee\/wp-content\/uploads\/sites\/540\/joonis82.jpg 1301w, https:\/\/sisu.ut.ee\/wp-content\/uploads\/sites\/540\/joonis82-300x139.jpg 300w, https:\/\/sisu.ut.ee\/wp-content\/uploads\/sites\/540\/joonis82-1024x473.jpg 1024w, https:\/\/sisu.ut.ee\/wp-content\/uploads\/sites\/540\/joonis82-768x355.jpg 768w\" sizes=\"auto, (max-width: 1301px) 100vw, 1301px\">\n<\/p>\n<p>\n\t\u00dckski autor, esitaja, kunstnik ega fonogrammi- v\u00f5i filmitootja ei ole kohustatud KEO-ga liituma, kuid on teatud \u00f5igusi, mida v\u00e4ljaspool KEO-d on ebapraktiline\u00a0v\u00f5i isegi v\u00f5imatu individuaalselt teostada. Kui n\u00e4iteks muusikateoste autor sooviks oma loomingu mis tahes viisil kasutamiseks ise lube v\u00e4ljastada ja tasusid koguda, ei peaks ta mitte ainult j\u00e4lgima k\u00f5iki kontserte, kus v\u00f5idakse tema muusikat esitada, vaid ka k\u00f5iki raadiojaamu ning asutusi, kus m\u00e4ngib taustamuusika. T\u00f5si, on ka selliseid \u00fcksikuid n\u00e4iteid nagu Rammstein, kes esindabki k\u00f5iki oma \u00f5igusi ise ega kasuta \u00fchegi KEO vahendusteenust. \u00a0<\/p>\n","protected":false},"excerpt":{"rendered":"<p>Nagu eelnenud peat\u00fckkidest on selgunud, kasutatakse autorite, esitajate ja teiste loomingulise t\u00f6\u00f6 vilju v\u00e4gagi erinevatel viisidel. Kui iga autor peaks k\u00f5ikide tema teose kasutajatega individuaalselt suhtlema, litsentsilepinguid s\u00f5lmima ja tasusid koguma, poleks see kummagi poole suhtes m\u00f5istlik ega t\u00f5hus. N\u00e4iteks &#8230;<\/p>\n","protected":false},"author":273,"featured_media":0,"parent":0,"menu_order":0,"comment_status":"closed","ping_status":"closed","template":"","meta":{"_acf_changed":false,"inline_featured_image":false,"footnotes":""},"class_list":["post-39","page","type-page","status-publish","hentry"],"acf":[],"_links":{"self":[{"href":"https:\/\/sisu.ut.ee\/autorioigus2022\/wp-json\/wp\/v2\/pages\/39","targetHints":{"allow":["GET"]}}],"collection":[{"href":"https:\/\/sisu.ut.ee\/autorioigus2022\/wp-json\/wp\/v2\/pages"}],"about":[{"href":"https:\/\/sisu.ut.ee\/autorioigus2022\/wp-json\/wp\/v2\/types\/page"}],"author":[{"embeddable":true,"href":"https:\/\/sisu.ut.ee\/autorioigus2022\/wp-json\/wp\/v2\/users\/273"}],"replies":[{"embeddable":true,"href":"https:\/\/sisu.ut.ee\/autorioigus2022\/wp-json\/wp\/v2\/comments?post=39"}],"version-history":[{"count":1,"href":"https:\/\/sisu.ut.ee\/autorioigus2022\/wp-json\/wp\/v2\/pages\/39\/revisions"}],"predecessor-version":[{"id":195,"href":"https:\/\/sisu.ut.ee\/autorioigus2022\/wp-json\/wp\/v2\/pages\/39\/revisions\/195"}],"wp:attachment":[{"href":"https:\/\/sisu.ut.ee\/autorioigus2022\/wp-json\/wp\/v2\/media?parent=39"}],"curies":[{"name":"wp","href":"https:\/\/api.w.org\/{rel}","templated":true}]}}