{"id":37,"date":"2024-04-04T07:40:27","date_gmt":"2024-04-04T04:40:27","guid":{"rendered":"https:\/\/sisu.ut.ee\/autorioigus2022\/2-kokkuvote\/"},"modified":"2024-04-04T07:41:39","modified_gmt":"2024-04-04T04:41:39","slug":"2-kokkuvote","status":"publish","type":"page","link":"https:\/\/sisu.ut.ee\/autorioigus2022\/2-kokkuvote\/","title":{"rendered":"Kokkuv\u00f5te"},"content":{"rendered":"<ul>\n<li>\n\t\tAutoriks saab olla ainult inimene, mitte loom, masin ega juriidiline isik.\u00a0\n\t<\/li>\n<li>\n\t\tAutori\u00f5igus tekib teose loomisel ning autor ei pea selleks oma autorsust ega teoseid kusagil registreerima.\u00a0\n\t<\/li>\n<li>\n\t\tAutoriks peetakse isikut, kelle nime all teos avaldatakse, ehk autorsust eeldatakse, kuni pole t\u00f5endatud vastupidist.\u00a0\n\t<\/li>\n<li>\n\t\tJuhul, kui \u00fchel teosel on mitu autorit, on tegemist \u00fchise autorsusega. Kui autorite panust pole v\u00f5imalik eristada, on tegemist <strong>\u00fchisautorsusega<\/strong>, ja kui on v\u00f5imalik eristada, siis <strong>kaasautorsusega<\/strong>.\n\t<\/li>\n<\/ul>\n","protected":false},"excerpt":{"rendered":"<p>Autoriks saab olla ainult inimene, mitte loom, masin ega juriidiline isik.\u00a0 Autori\u00f5igus tekib teose loomisel ning autor ei pea selleks oma autorsust ega teoseid kusagil registreerima.\u00a0 Autoriks peetakse isikut, kelle nime all teos avaldatakse, ehk autorsust eeldatakse, kuni pole t\u00f5endatud &#8230;<\/p>\n","protected":false},"author":273,"featured_media":0,"parent":0,"menu_order":0,"comment_status":"closed","ping_status":"closed","template":"","meta":{"_acf_changed":false,"inline_featured_image":false,"footnotes":""},"class_list":["post-37","page","type-page","status-publish","hentry"],"acf":[],"_links":{"self":[{"href":"https:\/\/sisu.ut.ee\/autorioigus2022\/wp-json\/wp\/v2\/pages\/37","targetHints":{"allow":["GET"]}}],"collection":[{"href":"https:\/\/sisu.ut.ee\/autorioigus2022\/wp-json\/wp\/v2\/pages"}],"about":[{"href":"https:\/\/sisu.ut.ee\/autorioigus2022\/wp-json\/wp\/v2\/types\/page"}],"author":[{"embeddable":true,"href":"https:\/\/sisu.ut.ee\/autorioigus2022\/wp-json\/wp\/v2\/users\/273"}],"replies":[{"embeddable":true,"href":"https:\/\/sisu.ut.ee\/autorioigus2022\/wp-json\/wp\/v2\/comments?post=37"}],"version-history":[{"count":1,"href":"https:\/\/sisu.ut.ee\/autorioigus2022\/wp-json\/wp\/v2\/pages\/37\/revisions"}],"predecessor-version":[{"id":193,"href":"https:\/\/sisu.ut.ee\/autorioigus2022\/wp-json\/wp\/v2\/pages\/37\/revisions\/193"}],"wp:attachment":[{"href":"https:\/\/sisu.ut.ee\/autorioigus2022\/wp-json\/wp\/v2\/media?parent=37"}],"curies":[{"name":"wp","href":"https:\/\/api.w.org\/{rel}","templated":true}]}}