{"id":36,"date":"2024-04-04T07:40:27","date_gmt":"2024-04-04T04:40:27","guid":{"rendered":"https:\/\/sisu.ut.ee\/autorioigus2022\/22-uhine-autorsus\/"},"modified":"2024-04-04T07:41:39","modified_gmt":"2024-04-04T04:41:39","slug":"22-uhine-autorsus","status":"publish","type":"page","link":"https:\/\/sisu.ut.ee\/autorioigus2022\/22-uhine-autorsus\/","title":{"rendered":"2.2. \u00dchine autorsus"},"content":{"rendered":"<p>\n\tTeosel v\u00f5ib olla kas \u00fcks autor, sellisel juhul on tegemist ainuautorsusega, v\u00f5i mitu autorit. Viimast olukorda nimetatakse \u00fchiseks autorsuseks. \u00dchine autorsus jaguneb omakorda \u00fchisautorsuseks, mille korral \u00fchise loomingulise tegevuse k\u00e4igus loodud teos moodustab jagamatu terviku, ning kaasautorsuseks, mille korral teos koosneb eri osadest, millest iga\u00fchel on ka iseseisev t\u00e4hendus. Teose osal on iseseisev t\u00e4hendus siis, kui seda osa saab kasutada teistest osadest eraldi.<sup>[29]<\/sup>\n<\/p>\n<h4>\n\t\u00dchisautorsus<br>\n<\/h4>\n<p>\n\t\u00dchisautorsus t\u00e4hendab, et loodud teos moodustab \u00fche jagamatu terviku ning \u00fche autori panust ja rolli on keeruline eristada teise autori rollist ja panusest. N\u00e4iteks <em>jazz<\/em>-ansambel loob stuudiosalvestuse k\u00e4igus improviseerides uue muusikapala ning tulemuseks on \u00fcks salvestatud muusikateos, mille \u00fchisautoriteks on k\u00f5ik ansambli liikmed. Ehkki autorsus tekib teose loomisel automaatselt ning seadus selle fikseerimist ei n\u00f5ua, tasub \u00fchisautorsuse puhul kohe kokku leppida, kuidas autorite vahel nende loodud teosega seotud \u00f5igused jagunevad. N\u00e4iteks muusikavaldkonnas korraldatavates laulukirjutamislaagrites on hea tava, et loodud muusikateose autorsus jaguneb vaikimisi v\u00f5rdselt k\u00f5igi ruumis viibinud autorite vahel (vt n\u00e4idet 2.2.1.). Siiski tasub \u00f5iguste jagunemine fikseerida kohe ka kirjaliku kokkuleppega<sup>[30]<\/sup>, et v\u00e4ltida hilisemaid vaidlusi. Kui taolist kokkulepet ei ole, siis seaduse kohaselt teostavad autori\u00f5igust teose \u00fcle k\u00f5ik autorid \u00fchiselt ning autoritasu jagatakse nende vahel v\u00f5rdselt.<sup>[31]<\/sup>\n<\/p>\n<p>\n\t\u00dchisautorsusest tuleb eristada olukorda, kui loomeprotsessis osutatakse autorile tehnilist abi. Seaduses sellisel juhul \u00fchise autorsuse tekkimist ette ei ole n\u00e4htud: \u201eAutorite konsulteerimine, administratiivse juhtimise funktsioonide t\u00e4itmine, teose redigeerimine, graafikute, skeemide jms joonestamine ja muu tehnilise abi osutamine autoritele ei ole aluseks \u00fchise autorsuse tekkimisele.\u201c<sup>[32]<\/sup> Praktikas on selline eristamine tegelikult p\u00e4ris keeruline. N\u00e4iteks kui \u00f5petaja aitab \u00f5pilasel kirjutada uurimist\u00f6\u00f6d ning esitab talle suunavaid k\u00fcsimusi, lisab ja struktureerib teksti, siis selle tulemusena tekib eeldatavasti \u00fchisautorsus.\n<\/p>\n<h4>\n\tKaasautorsus<br>\n<\/h4>\n<p>\n\tKaasautorsusega on tegemist siis, kui teos koosneb osadest, millest iga\u00fchel on ka eraldi vaadatuna iseseisev t\u00e4hendus.<sup>[33]<\/sup> N\u00e4iteks terviklik muusikateos, laul, v\u00f5ib valmida viisi autori ja s\u00f5nade autori koost\u00f6\u00f6na, kuid m\u00f5lema panus on selgelt eristatav ja ka eraldi kasutatav. Laulust on v\u00f5imalik teha instrumentaalne seade ning laulus\u00f5nu on v\u00f5imalik avaldada ka vaid tekstina, n\u00e4iteks luulekogus. Samuti tekib kaasautorsus siis, kui helilooja kasutab uue laulu tarvis juba olemasolevat ja avaldatud teksti, n\u00e4iteks luuletust. Sellisel juhul tuleb viisi autoril eelnevalt luba k\u00fcsida teksti autorilt<sup>[34]<\/sup> (v.a juhul, kui teksti autori surmast on m\u00f6\u00f6dunud rohkem kui 70 aastat, vt 4.3.). Igale kaasautorile kuuluvad \u00f5igused nii teose suhtes tervikuna kui ka teose selle osa suhtes, mille autor ta on. Nii v\u00f5ibki spetsiaalselt laulule s\u00f5nad loonud autor need hiljem avaldada luuletusena oma luulekogus, v\u00e4hemasti seni, kuni ta ei kahjusta teiste kaasautorite \u00f5igusi.<sup>[35]<\/sup>\n<\/p>\n<p>\n\tKui \u00fchised autorid pole kokku leppinud teisiti, siis jagunevad \u00f5igused ja autoritasud nende vahel v\u00f5rdselt.\n<\/p>\n<h5>\n\t<strong>N\u00e4ide 2.2.1. Laulukirjutamise laagrid<\/strong>\n<\/h5><p>Paljude armastatud pophittide taga on terve rida autoreid. 2017. aastal tehtud anal\u00fc\u00fcsi j\u00e4rgi on viimastel k\u00fcmnenditel Billboardi edetabeli esik\u00fcmnesse p\u00e4\u00e4senud lugudel keskmiselt neli v\u00f5i rohkem autorit<sup>[36]<\/sup>. Paljud t\u00e4nap\u00e4eva poplood kirjutatakse koosloomesessioonide k\u00e4igus, mida nimetatakse ka laulukirjutamise laagriteks. Selline loominguline koost\u00f6\u00f6 on saanud tavap\u00e4raseks Eestiski. N\u00e4iteks Karl-Erik Taukari 2016. aasta hittlugu \u201eT\u00e4hti t\u00e4is on \u00f6\u00f6\u201c s\u00fcndis just sedalaadi koosloome k\u00e4igus<sup>[37]<\/sup> ning selle puhul on \u00e4ra m\u00e4rgitud kuus autorit (Stig R\u00e4sta, Gustaf Svenungsson, Galina Bosaya, Vallo Kikas, Fred Krieger ja Eric Kammiste) ja kolm produtsenti (Vallo Kikas, Stig R\u00e4sta ja Karl-Erik Taukar). Sedalaadi koosloome korral on tavaks kokku leppida, et autori\u00f5igus jaguneb k\u00f5igi vahel v\u00f5rdselt: k\u00f5igile autoritele, kes on ruumis ja osalevad, kuulub v\u00f5rdne osa loo autori\u00f5igusest.<\/p>\n<p><img loading=\"lazy\" decoding=\"async\" width=\"798\" height=\"660\" class=\"alignnone wp-image-76\" src=\"https:\/\/sisu.ut.ee\/wp-content\/uploads\/sites\/540\/bert_finestsounds.jpg\" title=\"Bert Prikenfeld\" alt=\"Bert Prikenfeld Sony Music Japan laulukirjutamise laagris 2018\" srcset=\"https:\/\/sisu.ut.ee\/wp-content\/uploads\/sites\/540\/bert_finestsounds.jpg 798w, https:\/\/sisu.ut.ee\/wp-content\/uploads\/sites\/540\/bert_finestsounds-300x248.jpg 300w, https:\/\/sisu.ut.ee\/wp-content\/uploads\/sites\/540\/bert_finestsounds-768x635.jpg 768w\" sizes=\"auto, (max-width: 798px) 100vw, 798px\"><br>Eesti \u00fcks viljakaimaid produtsente Bert Prikenfeld alias Bert On Beats laulukirjutamise sessioonil Sony Musicu Jaapani stuudios (Tokyos, 2018)<sup>[38]<\/sup>.<br>\n\n<\/p><h5>\n\t<strong>N\u00e4ide 2.2.2. Olemasoleva teksti seadmine muusikasse<\/strong>\u00a0\n<\/h5><p>Muusikateose loomisel kasutatakse sageli juba olemasolevat teksti, eeldusel et teksti autor on sellega n\u00f5us. Muusikateost Eesti Autorite \u00dchingus (EA\u00dc) registreerides<sup>[39]<\/sup> jaotuvad \u00f5igused sellisel juhul automaatselt pooleks, 50% viisi ja 50% s\u00f5nade autorile \u2012 isegi siis, kui tekst moodustab muusikateose tervikust v\u00e4ga v\u00e4ikese osa. Teistsuguse jaotusega peavad olema n\u00f5us k\u00f5ik kaasautorid. Kui tekst oli olemas juba enne viisi loomist, siis pole selle autoril ilmselt suurt motivatsiooni leppida v\u00e4hesemaga kui tavap\u00e4rane 50%. Kui aga tekst luuakse koos muusikaga ning see m\u00e4ngib tervikteoses vaid tagasihoidlikku rolli, on autoritel m\u00f5istlik kohe alguses kokku leppida, kuidas \u00f5igused nende vahel jaotuvad.\u00a0<\/p>\n<p>Autori\u00f5igusega kaitstud teksti seadmisel muusikasse tuleb igal juhul autorilt v\u00f5i tema p\u00e4rijatelt luba k\u00fcsida. Sageli antakse luba kohe kirjaliku p\u00f6\u00f6rdumise j\u00e4rel, kuid m\u00f5nikord soovib teksti autor muusikast ja muusikust rohkem teada saada. N\u00e4iteks kui Vaiko Eplik oli soovinud saada Hando Runnelilt luba seada muusikasse tema luuletus \u201eVirgumine\u201c ja pakkunud v\u00e4lja, et saadab demoversiooni Runnelile meili teel, vastanud luuletaja, et soovib muusikut temaga samas ruumis lugu esitamas kuulata. Seda Eplik ka tegi, ta l\u00e4ks kitarriga Tartu Kirjanike Majja ja kandis pala Hando Runnelile isiklikult ette, kes seej\u00e4rel andis talle loa lugu albumil avaldada.\u00a0\u00a0<\/p>\n<p>Vaiko Eplik, \u201eVirgumine\u201c\u00a0<br>Muusika: Vaiko Eplik\u00a0<br>Tekst: Hando Runnel\u00a0<\/p><div class=\"ratio ratio-16x9 mb-3\"><div class=\"video-placeholder-wrapper video-placeholder-wrapper--16x9\">\n\t\t\t    <div class=\"video-placeholder d-flex justify-content-center align-items-center\">\n\t\t\t        <div class=\"overlay text-white p-2 w-100 text-center d-block justify-content-center align-items-center\">\n\t\t\t            <div>Kolmandate osapoolte sisu n\u00e4gemiseks palun n\u00f5ustu k\u00fcpsistega.<\/div>\n\t\t\t            <button class=\"btn btn-secondary btn-sm mt-1 consent-change\">Muuda n\u00f5usolekut<\/button>\n\t\t\t        <\/div>\n\t\t\t    <\/div>\n\t\t\t<\/div>\n<\/div><br>\n\n<h6>\n\tMaarja Nuut \u00fchis- ja kaasautorlusest ning loa k\u00fcsimisest teksti kasutamiseks<br>\n<\/h6>\n<div>\n\t<div class=\"ratio ratio-16x9 mb-3\"><div class=\"video-placeholder-wrapper video-placeholder-wrapper--16x9\">\n\t\t\t    <div class=\"video-placeholder d-flex justify-content-center align-items-center\">\n\t\t\t        <div class=\"overlay text-white p-2 w-100 text-center d-block justify-content-center align-items-center\">\n\t\t\t            <div>Kolmandate osapoolte sisu n\u00e4gemiseks palun n\u00f5ustu k\u00fcpsistega.<\/div>\n\t\t\t            <button class=\"btn btn-secondary btn-sm mt-1 consent-change\">Muuda n\u00f5usolekut<\/button>\n\t\t\t        <\/div>\n\t\t\t    <\/div>\n\t\t\t<\/div>\n<\/div>\n<\/div>\n","protected":false},"excerpt":{"rendered":"<p>Teosel v\u00f5ib olla kas \u00fcks autor, sellisel juhul on tegemist ainuautorsusega, v\u00f5i mitu autorit. Viimast olukorda nimetatakse \u00fchiseks autorsuseks. \u00dchine autorsus jaguneb omakorda \u00fchisautorsuseks, mille korral \u00fchise loomingulise tegevuse k\u00e4igus loodud teos moodustab jagamatu terviku, ning kaasautorsuseks, mille korral teos &#8230;<\/p>\n","protected":false},"author":273,"featured_media":0,"parent":0,"menu_order":0,"comment_status":"closed","ping_status":"closed","template":"","meta":{"_acf_changed":false,"inline_featured_image":false,"footnotes":""},"class_list":["post-36","page","type-page","status-publish","hentry"],"acf":[],"_links":{"self":[{"href":"https:\/\/sisu.ut.ee\/autorioigus2022\/wp-json\/wp\/v2\/pages\/36","targetHints":{"allow":["GET"]}}],"collection":[{"href":"https:\/\/sisu.ut.ee\/autorioigus2022\/wp-json\/wp\/v2\/pages"}],"about":[{"href":"https:\/\/sisu.ut.ee\/autorioigus2022\/wp-json\/wp\/v2\/types\/page"}],"author":[{"embeddable":true,"href":"https:\/\/sisu.ut.ee\/autorioigus2022\/wp-json\/wp\/v2\/users\/273"}],"replies":[{"embeddable":true,"href":"https:\/\/sisu.ut.ee\/autorioigus2022\/wp-json\/wp\/v2\/comments?post=36"}],"version-history":[{"count":1,"href":"https:\/\/sisu.ut.ee\/autorioigus2022\/wp-json\/wp\/v2\/pages\/36\/revisions"}],"predecessor-version":[{"id":192,"href":"https:\/\/sisu.ut.ee\/autorioigus2022\/wp-json\/wp\/v2\/pages\/36\/revisions\/192"}],"wp:attachment":[{"href":"https:\/\/sisu.ut.ee\/autorioigus2022\/wp-json\/wp\/v2\/media?parent=36"}],"curies":[{"name":"wp","href":"https:\/\/api.w.org\/{rel}","templated":true}]}}