{"id":35,"date":"2024-04-04T07:40:26","date_gmt":"2024-04-04T04:40:26","guid":{"rendered":"https:\/\/sisu.ut.ee\/autorioigus2022\/21-kes-autor-ja-kuidas-tekib-autorioigus\/"},"modified":"2024-04-20T15:36:22","modified_gmt":"2024-04-20T12:36:22","slug":"21-kes-autor-ja-kuidas-tekib-autorioigus","status":"publish","type":"page","link":"https:\/\/sisu.ut.ee\/autorioigus2022\/21-kes-autor-ja-kuidas-tekib-autorioigus\/","title":{"rendered":"2.1. Kes on autor ja kuidas tekib autori\u00f5igus?"},"content":{"rendered":"<p>Autori\u00f5iguse seaduse j\u00e4rgi on teose autoriks f\u00fc\u00fcsiline isik v\u00f5i f\u00fc\u00fcsilised isikud, kes on loonud originaalse teose kas kirjanduse, kunsti v\u00f5i teaduse vallas. Teos on originaalne ehk algup\u00e4rane juhul, kui see on autori v\u00f5i autorite <strong>intellektuaalse loomingu tulemus<\/strong>.<sup>[18]<\/sup> Muid tingimusi autoriks olemisele autori\u00f5iguse seadus ei esita, mist\u00f5ttu saab autoriks olla ka n\u00e4iteks kolmeaastane laps v\u00f5i piiratud arusaamisv\u00f5imega isik.<\/p>\n<p>Kuna autor peab olema f\u00fc\u00fcsiline isik, ei saa autoriks olla n\u00e4iteks loom, isegi kui loom on teose loonud. Hea n\u00e4ide looma autorsuse \u00fcle puhkenud vaidlustest on 2011. aastast p\u00e4rinev ahviselfi juhtum (vt\u00a0n\u00e4ide 2.1.1.).\u00a0Asjaolu, et loom ei saa olla autor autori\u00f5iguse t\u00e4henduses, ei t\u00e4henda, et looma loodud teoseid ei saaks arvestatava hinnaga m\u00fc\u00fca (vt n\u00e4ide 2.1.2.).<\/p>\n<h5><strong>N\u00e4ide 2.1.1. Vaidlus makaagi selfie autorsuse \u00fcle.<br>\n<\/strong><br>\nSuurbritannia loodusfotograaf David Slater pildistas aastatel 2008\u20132011 Indoneesias P\u00f5hja-Sulawesil looduskaitse all olevaid tuttmakaake. \u00dche sessiooni k\u00e4igus said ahvid statiivil paikneva fotoaparaadiga endast ise pilte teha. Slater avaldas need fotod ajakirjanduses ning lugu selfisid teinud ahvidest osutus v\u00e4ga populaarseks. M\u00f5ni aeg hiljem laadis need ajakirjanduses levinud fotod oma andmebaasi ka Wikimedia Commons. Fotograaf palus pildid pildipangast eemaldada, viidates autori\u00f5igusele, kuid Wikimedia Commons v\u00e4itis, et kuna fotograafi kirjelduse kohaselt on fotod teinud makaagid ise ja kuna loom ei saa autori\u00f5iguse seaduse j\u00e4rgi autor olla, siis on pildid vabalt kasutatavad. Sama seisukohta on v\u00e4ljendanud ka Ameerika \u00dchendriikide ja Suurbritannia intellektuaalomandi b\u00fcrood.<sup>[19]<\/sup><br>\n<img loading=\"lazy\" decoding=\"async\" width=\"1706\" height=\"2560\" class=\"alignnone wp-image-72\" style=\"width: 400px; height: 600px;\" title=\"Tuttmakaagi (Macaca nigra) selfi\" src=\"https:\/\/sisu.ut.ee\/wp-content\/uploads\/sites\/540\/macaca_nigra_self-portrait_rotated_and_cropped-scaled.jpeg\" alt=\"Mis siin peaks olema?\" srcset=\"https:\/\/sisu.ut.ee\/wp-content\/uploads\/sites\/540\/macaca_nigra_self-portrait_rotated_and_cropped-scaled.jpeg 1706w, https:\/\/sisu.ut.ee\/wp-content\/uploads\/sites\/540\/macaca_nigra_self-portrait_rotated_and_cropped-200x300.jpeg 200w, https:\/\/sisu.ut.ee\/wp-content\/uploads\/sites\/540\/macaca_nigra_self-portrait_rotated_and_cropped-682x1024.jpeg 682w, https:\/\/sisu.ut.ee\/wp-content\/uploads\/sites\/540\/macaca_nigra_self-portrait_rotated_and_cropped-768x1152.jpeg 768w, https:\/\/sisu.ut.ee\/wp-content\/uploads\/sites\/540\/macaca_nigra_self-portrait_rotated_and_cropped-1024x1536.jpeg 1024w, https:\/\/sisu.ut.ee\/wp-content\/uploads\/sites\/540\/macaca_nigra_self-portrait_rotated_and_cropped-1365x2048.jpeg 1365w\" sizes=\"auto, (max-width: 1706px) 100vw, 1706px\"><br>\nSiinne foto p\u00e4rineb Wikimedia Commonsi pildipangast, kus selle juures on m\u00e4rkus: \u201eSee fail on avalik omand [<em>public domain<\/em>], kuna selle on loonud loom ja sel puudub inimesest autor, kellele autori\u00f5igus saaks kuuluda.\u201c<sup>[20]<\/sup><\/h5>\n<h5><strong>N\u00e4ide 2.1.2. Pigcasso \u2013 maailmakuulus loomast kunstnik<\/strong><br>\nAsjaolu, et loomale ei saa kuuluda autori\u00f5igus, ei t\u00e4henda, et looma loodud teosed ei v\u00f5iks olla edukad, ka m\u00fc\u00fcgitulu m\u00f5ttes. Pigcasso on L\u00f5una-Aafrika Vabariigist p\u00e4rit 700-kilone emis, kelle maalid on \u00e4ratanud huvi ja leidnud ostjaid \u00fcle kogu maailma. Ta s\u00fcndis 2016. aastal \u00fches t\u00f6\u00f6stuslikus seafarmis, kust tema praegune perenaine Joanne Lefson ta vabastas ja oma mittetulundusliku \u00fchingu Farm Sanctuary SA peetavasse tallu elama viis. Emise loodud maalide eest on t\u00e4naseks makstud tuhandeid naelu. Tulu kasutab Lefson oma \u00fchingu arendamiseks, mille eesm\u00e4rk on edendada debatti t\u00f6\u00f6stusliku loomakasvatuse probleemide ja loomade julma kohtlemise teemal.<sup>[21]<\/sup><br>\n<img loading=\"lazy\" decoding=\"async\" width=\"512\" height=\"339\" class=\"alignnone wp-image-73\" title=\"Wild and Free, Pigcasso\" src=\"https:\/\/sisu.ut.ee\/wp-content\/uploads\/sites\/540\/wild_and_free_by_pigcasso.webp_.png\" alt=\"?\" srcset=\"https:\/\/sisu.ut.ee\/wp-content\/uploads\/sites\/540\/wild_and_free_by_pigcasso.webp_.png 512w, https:\/\/sisu.ut.ee\/wp-content\/uploads\/sites\/540\/wild_and_free_by_pigcasso.webp_-300x199.png 300w\" sizes=\"auto, (max-width: 512px) 100vw, 512px\"><br>\nPigcasso ja tema loodud teos \u201eWild and free\u201c.<br>\nAllikas: BhamBliksem, Wikimedia Commons<sup>[22]<\/sup>.<br>\n<\/h5>\n<p>Autoriks ei saa olla ka masin. Samas on maailmas aina enam n\u00e4iteid tehisintellekti loodud teostest. See on p\u00f5hjustanud aktiivset arutelu selle \u00fcle, keda tuleks lugeda tehisintellekti loodud teose autoriks. \u00dcldistatult v\u00f5ib \u00f6elda, et tehisintellekt kui selline ei saa olla autor. Eraldi teema on, kas tehisintellekti autor saab olla tehisintellekti loomingu autoriks.<\/p>\n<h5><strong>N\u00e4ide 2.1.3. Arvutiga genereeritud Rembrandt<\/strong><br>\n2016. aastal l\u00f5id teadlased arvuti abil n-\u00f6 uue Rembrandti maali. Selleks anal\u00fc\u00fcsiti Rembrandti stiili, koostati tema maalidel esinevatest elementidest mahukas andmebaas ning loodi arvutiprogramm, mis genereeris Rembrandtile iseloomulikus stiilis uue portree. Kuna p\u00e4ris maal on mingil m\u00e4\u00e4ral ruumiline, loodi uuest portreest ka kolmem\u00f5\u00f5tmeline kujutis, mis seej\u00e4rel 3D-printimise tehnoloogiat kasutades v\u00e4lja tr\u00fckiti. Protsessi tutvustab j\u00e4rgnev video ning lisainfot leiab projekti kodulehelt<sup>[23]<\/sup>.<br>\n<div class=\"ratio ratio-16x9 mb-3\"><div class=\"video-placeholder-wrapper video-placeholder-wrapper--16x9\">\n\t\t\t    <div class=\"video-placeholder d-flex justify-content-center align-items-center\">\n\t\t\t        <div class=\"overlay text-white p-2 w-100 text-center d-block justify-content-center align-items-center\">\n\t\t\t            <div>Kolmandate osapoolte sisu n\u00e4gemiseks palun n\u00f5ustu k\u00fcpsistega.<\/div>\n\t\t\t            <button class=\"btn btn-secondary btn-sm mt-1 consent-change\">Muuda n\u00f5usolekut<\/button>\n\t\t\t        <\/div>\n\t\t\t    <\/div>\n\t\t\t<\/div>\n<\/div>\n<h5><strong>N\u00e4ide 2.1.4. Ornella Muti portree Raffaeli stiilis<\/strong><br>\n2018. aastal l\u00f5i kunstnik Joseph Ayerle projekti \u201eParatemporealis\u201c raames mitmeid teosed, mille tegemiseks kasutas ta muu hulgas tehisintellekti, t\u00e4psemalt neuraalseid v\u00f5rgustikke. N\u00e4iteks teosel \u201eT\u00fcdruk Triestest\u201c kujutatud n\u00e4o aluseks on v\u00f5etud Itaalia filmin\u00e4itleja Ornella Muti portreefoto, mille p\u00f5hjal arvutiprogramm on loonud renessansiajastu kunstniku Raffaeli stiilis maali.<br>\n<img loading=\"lazy\" decoding=\"async\" class=\"size-medium wp-image-74\" src=\"https:\/\/sisu.ut.ee\/wp-content\/uploads\/sites\/540\/joseph_ayerle_portrait_of_ornella_muti_detail_calculated_by_artificial_intelligence_ai_technology-259x300.jpeg\" alt='Joseph Ayerle \"ragazza di Trieste\" portree element (2018)' width=\"259\" height=\"300\" srcset=\"https:\/\/sisu.ut.ee\/wp-content\/uploads\/sites\/540\/joseph_ayerle_portrait_of_ornella_muti_detail_calculated_by_artificial_intelligence_ai_technology-259x300.jpeg 259w, https:\/\/sisu.ut.ee\/wp-content\/uploads\/sites\/540\/joseph_ayerle_portrait_of_ornella_muti_detail_calculated_by_artificial_intelligence_ai_technology-884x1024.jpeg 884w, https:\/\/sisu.ut.ee\/wp-content\/uploads\/sites\/540\/joseph_ayerle_portrait_of_ornella_muti_detail_calculated_by_artificial_intelligence_ai_technology-768x890.jpeg 768w, https:\/\/sisu.ut.ee\/wp-content\/uploads\/sites\/540\/joseph_ayerle_portrait_of_ornella_muti_detail_calculated_by_artificial_intelligence_ai_technology-1326x1536.jpeg 1326w, https:\/\/sisu.ut.ee\/wp-content\/uploads\/sites\/540\/joseph_ayerle_portrait_of_ornella_muti_detail_calculated_by_artificial_intelligence_ai_technology.jpeg 1726w\" sizes=\"auto, (max-width: 259px) 100vw, 259px\"><br>\nJoseph Ayerle\u2019i arvutiprogrammi abil loodud teos \u201eT\u00fcdruk Triestest\u201c.<br>\nAllikas: Joseph Ayerle. Wikimedia Commons<sup>[24]<\/sup>.<\/h5>\n<\/h5><p>Juriidiline isik, n\u00e4iteks \u00e4ri\u00fching (osa\u00fching, aktsiaselts), mittetulundus\u00fching v\u00f5i riigiasutus, ei saa olla autor, k\u00fcll aga v\u00f5ivad talle kuuluda autori \u00f5igused. N\u00e4iteks v\u00f5ib autor olla oma \u00f5igused \u00e4ri\u00fchingule m\u00fc\u00fcnud v\u00f5i kinkinud. Ka siis, kui autor t\u00f6\u00f6tab t\u00f6\u00f6lepingu alusel ettev\u00f5ttes v\u00f5i m\u00f5nes muus organisatsioonis ning loob teose oma t\u00f6\u00f6kohustuste t\u00e4itmise raames, siis juhul, kui ta pole t\u00f6\u00f6andjaga kokku leppinud teisiti, kuuluvad tema loodud teose varalised \u00f5igused t\u00f6\u00f6andjale (varaliste \u00f5iguste kohta vt 4.2\u00a0peat\u00fckk).<\/p>\n<p>Autori\u00f5igus tekib autorile teose loomisel ning erinevalt t\u00f6\u00f6stusomandist ei pea autori\u00f5iguse tekkimiseks autor ei ennast ega teost kusagil registreerima. Sisuliselt piisab autori\u00f5iguse tekkeks teose loomisest, n\u00e4iteks pildi joonistamisest, laulu v\u00f5i luuletuse kirjutamisest \u2013 peaasi, et teos oleks loodud <strong>objektiivses vormis<\/strong> ehk oleks teistele n\u00e4htav, kuuldav v\u00f5i muul viisil tajutav. Teos v\u00f5ib olla ka suuline, n\u00e4iteks k\u00f5ne v\u00f5i ettekanne. Autori\u00f5iguslik kaitse tekib teosele s\u00f5ltumata sellest, kas teos on avalikustatud v\u00f5i mitte.<\/p>\n<p>Teose autoriks peetakse isikut, kelle nime all teos avaldatakse. Teose autorsust ehk autoriks olemist tunnustatakse ja eeldatakse seni, kuni ei ole t\u00f5endatud vastupidist.<sup>[25]<\/sup>\u00a0Sellist eeldust nimetatakse <strong>autorsuse presumptsiooniks<\/strong>. Autori\u00f5igus tekib ka siis, kui teos avaldatakse pseudon\u00fc\u00fcmi all.<sup>[26]<\/sup> Heaks n\u00e4iteks on Edward von L\u00f5ngus, kelle t\u00e4navakunsti teoseid on n\u00e4inud paljud, kuid kelle isikunimi on avalikkusele teadmata (n\u00e4ide 2.1.5.).<\/p>\n<h5><strong>N\u00e4ide 2.1.5. Edward von L\u00f5ngus<\/strong><br>\nEesti \u00fcks tuntuimaid t\u00e4navakunstnikke kasutab pseudon\u00fc\u00fcmi Edward von L\u00f5ngus. Kes on selle nime taga peituv isik, pole avalikkusele teada. Autoril on \u00f5igus avaldada oma teoseid pseudon\u00fc\u00fcmi all. 2013. aastal antud intervjuus on Edward von L\u00f5ngus enda identiteedi ja anon\u00fc\u00fcmsuse kohta \u00f6elnud j\u00e4rgmist: \u201eEdward von L\u00f5ngus on idee. Multiidentiteedi ajastu peegeldus informatsiooniv\u00e4ljas, mis on genereerunud kollektiiv\u00adteadvuse v\u00f5ngetest. Iga idee jaguneb paljudeks v\u00e4iksemateks ideedeks ning moodustab osi suurematest ideedest. Ideed ei saa taandada \u00fchele inimesele. Von L\u00f5ngus on sama palju olemas kui j\u00f5uluvana \u2013 teatavate kehastumisrituaalide kaudu saab teda esile kutsuda, kuid f\u00fc\u00fcsilise indiviidina teda ei eksisteerigi.\u201c <sup>[27]<\/sup><br>\n<img loading=\"lazy\" decoding=\"async\" width=\"512\" height=\"340\" class=\"alignnone wp-image-75\" title=\"Edward von L\u00f5nguse t\u00e4navakunstiteos \u201eKannahabe ja n\u00f5iak\u00fctt\u201c\" src=\"https:\/\/sisu.ut.ee\/wp-content\/uploads\/sites\/540\/edward_von_longus_graffiti_in_tartu_03.jpeg\" alt=\"Edward von L\u00f5nguse t\u00e4navakunstiteos \u201eKannahabe ja n\u00f5iak\u00fctt\u201c\" srcset=\"https:\/\/sisu.ut.ee\/wp-content\/uploads\/sites\/540\/edward_von_longus_graffiti_in_tartu_03.jpeg 512w, https:\/\/sisu.ut.ee\/wp-content\/uploads\/sites\/540\/edward_von_longus_graffiti_in_tartu_03-300x199.jpeg 300w\" sizes=\"auto, (max-width: 512px) 100vw, 512px\"><br>\nEdward von L\u00f5nguse t\u00e4navakunstiteos \u201eKannahabe ja n\u00f5iak\u00fctt\u201c.<br>\nFoto: Ivo Kruusam\u00e4gi, Wikimedia Commons<sup>[28]<\/sup><\/h5>\n","protected":false},"excerpt":{"rendered":"<p>Autori\u00f5iguse seaduse j\u00e4rgi on teose autoriks f\u00fc\u00fcsiline isik v\u00f5i f\u00fc\u00fcsilised isikud, kes on loonud originaalse teose kas kirjanduse, kunsti v\u00f5i teaduse vallas. Teos on originaalne ehk algup\u00e4rane juhul, kui see on autori v\u00f5i autorite intellektuaalse loomingu tulemus.[18] Muid tingimusi autoriks &#8230;<\/p>\n","protected":false},"author":273,"featured_media":0,"parent":0,"menu_order":0,"comment_status":"closed","ping_status":"closed","template":"","meta":{"_acf_changed":false,"inline_featured_image":false,"footnotes":""},"class_list":["post-35","page","type-page","status-publish","hentry"],"acf":[],"_links":{"self":[{"href":"https:\/\/sisu.ut.ee\/autorioigus2022\/wp-json\/wp\/v2\/pages\/35","targetHints":{"allow":["GET"]}}],"collection":[{"href":"https:\/\/sisu.ut.ee\/autorioigus2022\/wp-json\/wp\/v2\/pages"}],"about":[{"href":"https:\/\/sisu.ut.ee\/autorioigus2022\/wp-json\/wp\/v2\/types\/page"}],"author":[{"embeddable":true,"href":"https:\/\/sisu.ut.ee\/autorioigus2022\/wp-json\/wp\/v2\/users\/273"}],"replies":[{"embeddable":true,"href":"https:\/\/sisu.ut.ee\/autorioigus2022\/wp-json\/wp\/v2\/comments?post=35"}],"version-history":[{"count":11,"href":"https:\/\/sisu.ut.ee\/autorioigus2022\/wp-json\/wp\/v2\/pages\/35\/revisions"}],"predecessor-version":[{"id":312,"href":"https:\/\/sisu.ut.ee\/autorioigus2022\/wp-json\/wp\/v2\/pages\/35\/revisions\/312"}],"wp:attachment":[{"href":"https:\/\/sisu.ut.ee\/autorioigus2022\/wp-json\/wp\/v2\/media?parent=35"}],"curies":[{"name":"wp","href":"https:\/\/api.w.org\/{rel}","templated":true}]}}