{"id":34,"date":"2024-04-04T07:40:26","date_gmt":"2024-04-04T04:40:26","guid":{"rendered":"https:\/\/sisu.ut.ee\/autorioigus2022\/2-autor\/"},"modified":"2024-04-04T07:41:39","modified_gmt":"2024-04-04T04:41:39","slug":"2-autor","status":"publish","type":"page","link":"https:\/\/sisu.ut.ee\/autorioigus2022\/2-autor\/","title":{"rendered":"2. Autor"},"content":{"rendered":"<p>\n\t<em>K\u00f5ik inimesed on autorid, ainult suurem osa neist ei tea seda<\/em>.\u00a0\u2013 Heiki Pisuke<sup>[17]<\/sup>\n<\/p>\n<blockquote>\n<p>\n\t\tPeat\u00fckk vastab j\u00e4rgmistele k\u00fcsimustele. \u00a0\n\t<\/p>\n<ul>\n<li>\n\t\t\tKes saab olla autor?\u00a0\n\t\t<\/li>\n<li>\n\t\t\tMillal ja kuidas tekib autoril autori\u00f5igus?\u00a0\n\t\t<\/li>\n<li>\n\t\t\tKas \u00fchel teosel saab olla mitu autorit?\n\t\t<\/li>\n<\/ul>\n<\/blockquote>\n<p>\n\t<\/p><div class=\"ratio ratio-16x9 mb-3\"><div class=\"video-placeholder-wrapper video-placeholder-wrapper--16x9\">\n\t\t\t    <div class=\"video-placeholder d-flex justify-content-center align-items-center\">\n\t\t\t        <div class=\"overlay text-white p-2 w-100 text-center d-block justify-content-center align-items-center\">\n\t\t\t            <div>Kolmandate osapoolte sisu n\u00e4gemiseks palun n\u00f5ustu k\u00fcpsistega.<\/div>\n\t\t\t            <button class=\"btn btn-secondary btn-sm mt-1 consent-change\">Muuda n\u00f5usolekut<\/button>\n\t\t\t        <\/div>\n\t\t\t    <\/div>\n\t\t\t<\/div>\n<\/div>\n","protected":false},"excerpt":{"rendered":"<p>K\u00f5ik inimesed on autorid, ainult suurem osa neist ei tea seda.\u00a0\u2013 Heiki Pisuke[17] Peat\u00fckk vastab j\u00e4rgmistele k\u00fcsimustele. \u00a0 Kes saab olla autor?\u00a0 Millal ja kuidas tekib autoril autori\u00f5igus?\u00a0 Kas \u00fchel teosel saab olla mitu autorit? Kolmandate osapoolte sisu n\u00e4gemiseks palun &#8230;<\/p>\n","protected":false},"author":273,"featured_media":0,"parent":0,"menu_order":0,"comment_status":"closed","ping_status":"closed","template":"","meta":{"_acf_changed":false,"inline_featured_image":false,"footnotes":""},"class_list":["post-34","page","type-page","status-publish","hentry"],"acf":[],"_links":{"self":[{"href":"https:\/\/sisu.ut.ee\/autorioigus2022\/wp-json\/wp\/v2\/pages\/34","targetHints":{"allow":["GET"]}}],"collection":[{"href":"https:\/\/sisu.ut.ee\/autorioigus2022\/wp-json\/wp\/v2\/pages"}],"about":[{"href":"https:\/\/sisu.ut.ee\/autorioigus2022\/wp-json\/wp\/v2\/types\/page"}],"author":[{"embeddable":true,"href":"https:\/\/sisu.ut.ee\/autorioigus2022\/wp-json\/wp\/v2\/users\/273"}],"replies":[{"embeddable":true,"href":"https:\/\/sisu.ut.ee\/autorioigus2022\/wp-json\/wp\/v2\/comments?post=34"}],"version-history":[{"count":1,"href":"https:\/\/sisu.ut.ee\/autorioigus2022\/wp-json\/wp\/v2\/pages\/34\/revisions"}],"predecessor-version":[{"id":206,"href":"https:\/\/sisu.ut.ee\/autorioigus2022\/wp-json\/wp\/v2\/pages\/34\/revisions\/206"}],"wp:attachment":[{"href":"https:\/\/sisu.ut.ee\/autorioigus2022\/wp-json\/wp\/v2\/media?parent=34"}],"curies":[{"name":"wp","href":"https:\/\/api.w.org\/{rel}","templated":true}]}}