{"id":32,"date":"2024-04-04T07:40:26","date_gmt":"2024-04-04T04:40:26","guid":{"rendered":"https:\/\/sisu.ut.ee\/autorioigus2022\/6-kokkuvote\/"},"modified":"2024-04-04T07:41:39","modified_gmt":"2024-04-04T04:41:39","slug":"6-kokkuvote","status":"publish","type":"page","link":"https:\/\/sisu.ut.ee\/autorioigus2022\/6-kokkuvote\/","title":{"rendered":"Kokkuv\u00f5te"},"content":{"rendered":"<ul>\n<li>\n\t\tAutori\u00f5iguse seadus k\u00e4sitleb teose kasutamisena k\u00f5iki selliseid teosega \u00fcmberk\u00e4imise viise, mis puudutavad selle teose autori (v\u00f5i autorite) \u00f5igusi ning mille jaoks tuleb temalt luba k\u00fcsida.\u00a0\n\t<\/li>\n<li>\n\t\tKui teos on autori\u00f5iguse kaitse all, on selle kasutamiseks \u00fcldjuhul tarvis autori enda ja autori\u00f5igusega kaasnevate \u00f5iguste omajate luba. Autor saab oma teoseid teistele kasutamiseks lubada kas oma \u00f5igusi loovutades ehk \u00fcle andes v\u00f5i huvilisega litsentsilepingu s\u00f5lmides.\u00a0\n\t<\/li>\n<li>\n\t\tSelleks, et tasakaalustada autorile kuuluvaid \u00f5igusi ning \u00fchiskonnaliikmete \u00f5igusi haridusele, kultuurile ja s\u00f5navabadusele, on kehtestatud teatavad autori\u00f5iguse piirangud, mida nimetatakse vaba kasutamise eranditeks. \u00a0\n\t<\/li>\n<li>\n\t\tVaba kasutamise erandite sekka kuuluvad isikliku kasutamise, tsiteerimis-, haridus- ja paroodiaerand ning panoraamivabadus.\n\t<\/li>\n<\/ul>\n","protected":false},"excerpt":{"rendered":"<p>Autori\u00f5iguse seadus k\u00e4sitleb teose kasutamisena k\u00f5iki selliseid teosega \u00fcmberk\u00e4imise viise, mis puudutavad selle teose autori (v\u00f5i autorite) \u00f5igusi ning mille jaoks tuleb temalt luba k\u00fcsida.\u00a0 Kui teos on autori\u00f5iguse kaitse all, on selle kasutamiseks \u00fcldjuhul tarvis autori enda ja autori\u00f5igusega &#8230;<\/p>\n","protected":false},"author":273,"featured_media":0,"parent":0,"menu_order":0,"comment_status":"closed","ping_status":"closed","template":"","meta":{"_acf_changed":false,"inline_featured_image":false,"footnotes":""},"class_list":["post-32","page","type-page","status-publish","hentry"],"acf":[],"_links":{"self":[{"href":"https:\/\/sisu.ut.ee\/autorioigus2022\/wp-json\/wp\/v2\/pages\/32","targetHints":{"allow":["GET"]}}],"collection":[{"href":"https:\/\/sisu.ut.ee\/autorioigus2022\/wp-json\/wp\/v2\/pages"}],"about":[{"href":"https:\/\/sisu.ut.ee\/autorioigus2022\/wp-json\/wp\/v2\/types\/page"}],"author":[{"embeddable":true,"href":"https:\/\/sisu.ut.ee\/autorioigus2022\/wp-json\/wp\/v2\/users\/273"}],"replies":[{"embeddable":true,"href":"https:\/\/sisu.ut.ee\/autorioigus2022\/wp-json\/wp\/v2\/comments?post=32"}],"version-history":[{"count":1,"href":"https:\/\/sisu.ut.ee\/autorioigus2022\/wp-json\/wp\/v2\/pages\/32\/revisions"}],"predecessor-version":[{"id":204,"href":"https:\/\/sisu.ut.ee\/autorioigus2022\/wp-json\/wp\/v2\/pages\/32\/revisions\/204"}],"wp:attachment":[{"href":"https:\/\/sisu.ut.ee\/autorioigus2022\/wp-json\/wp\/v2\/media?parent=32"}],"curies":[{"name":"wp","href":"https:\/\/api.w.org\/{rel}","templated":true}]}}