{"id":30,"date":"2024-04-04T07:40:26","date_gmt":"2024-04-04T04:40:26","guid":{"rendered":"https:\/\/sisu.ut.ee\/autorioigus2022\/7-kokkuvote\/"},"modified":"2024-04-04T07:41:39","modified_gmt":"2024-04-04T04:41:39","slug":"7-kokkuvote","status":"publish","type":"page","link":"https:\/\/sisu.ut.ee\/autorioigus2022\/7-kokkuvote\/","title":{"rendered":"Kokkuv\u00f5te"},"content":{"rendered":"<ul>\n<li>\n\t\tKasu saamise nimel toime pandud arvestatavale autori\u00f5iguse rikkumisele v\u00f5ib j\u00e4rgneda karistus rahatrahvi v\u00f5i vangistusena.\u00a0\n\t<\/li>\n<li>\n\t\tAutori isiklike ja varaliste \u00f5iguste rikkumisele v\u00f5ib j\u00e4rgneda tsiviil\u00f5iguslik vastutus ning autor v\u00f5ib n\u00f5uda rikkujalt talle tekitatud varalise ja mittevaralise kahju h\u00fcvitamist, rikkumise l\u00f5petamist ja edasisest rikkumisest hoidumist ning teose \u00f5igusvastase kasutamise teel saadud tulu v\u00e4ljaandmist.\u00a0\n\t<\/li>\n<li>\n\t\tPiraatlus on autori\u00f5igusega kaitstavast teosest (n\u00e4iteks muusikapalast, filmist, raamatust v\u00f5i arvutiprogrammist) ilma loata ning enamasti \u00e4rilisel eesm\u00e4rgil koopiate tegemine ja nende levitamine, muu hulgas veebis. Piraatlusega on tegemist ka juhul, kui internetist laaditakse alla fail, mis ei ole seal \u00f5igusp\u00e4raselt k\u00e4ttesaadavaks tehtud. \u00a0\n\t<\/li>\n<li>\n\t\tPlagiaat ehk loomevargus on \u201eteisele autorile v\u00f5i allikale kuuluvate m\u00f5tete, ideede v\u00f5i tekstiosade esitamine oma nime all, ilma originaali autorile ja allikale viitamata v\u00f5i autorsust muul viisil osutamata\u201c (Hennoste, 2014).\u00a0\n\t<\/li>\n<li>\n\t\tAkadeemilises keskkonnas on plagiaat r\u00e4nk eksimus ning teksti kopeerimine on \u00fcldjoontes h\u00f5lpsasti tuvastatav vastava tarkvara abil. \u00a0\n\t<\/li>\n<li>\n\t\tMuusikateoste puhul ei ole plagiaadi tuvastamine niisama lihtne ning sageli kasutatakse ekspertide abi. Pole kehtestatud \u00fchtegi reeglit, mille alusel plagiaati tuvastada.\u00a0\n\t<\/li>\n<\/ul>\n","protected":false},"excerpt":{"rendered":"<p>Kasu saamise nimel toime pandud arvestatavale autori\u00f5iguse rikkumisele v\u00f5ib j\u00e4rgneda karistus rahatrahvi v\u00f5i vangistusena.\u00a0 Autori isiklike ja varaliste \u00f5iguste rikkumisele v\u00f5ib j\u00e4rgneda tsiviil\u00f5iguslik vastutus ning autor v\u00f5ib n\u00f5uda rikkujalt talle tekitatud varalise ja mittevaralise kahju h\u00fcvitamist, rikkumise l\u00f5petamist ja edasisest &#8230;<\/p>\n","protected":false},"author":273,"featured_media":0,"parent":0,"menu_order":0,"comment_status":"closed","ping_status":"closed","template":"","meta":{"_acf_changed":false,"inline_featured_image":false,"footnotes":""},"class_list":["post-30","page","type-page","status-publish","hentry"],"acf":[],"_links":{"self":[{"href":"https:\/\/sisu.ut.ee\/autorioigus2022\/wp-json\/wp\/v2\/pages\/30","targetHints":{"allow":["GET"]}}],"collection":[{"href":"https:\/\/sisu.ut.ee\/autorioigus2022\/wp-json\/wp\/v2\/pages"}],"about":[{"href":"https:\/\/sisu.ut.ee\/autorioigus2022\/wp-json\/wp\/v2\/types\/page"}],"author":[{"embeddable":true,"href":"https:\/\/sisu.ut.ee\/autorioigus2022\/wp-json\/wp\/v2\/users\/273"}],"replies":[{"embeddable":true,"href":"https:\/\/sisu.ut.ee\/autorioigus2022\/wp-json\/wp\/v2\/comments?post=30"}],"version-history":[{"count":1,"href":"https:\/\/sisu.ut.ee\/autorioigus2022\/wp-json\/wp\/v2\/pages\/30\/revisions"}],"predecessor-version":[{"id":202,"href":"https:\/\/sisu.ut.ee\/autorioigus2022\/wp-json\/wp\/v2\/pages\/30\/revisions\/202"}],"wp:attachment":[{"href":"https:\/\/sisu.ut.ee\/autorioigus2022\/wp-json\/wp\/v2\/media?parent=30"}],"curies":[{"name":"wp","href":"https:\/\/api.w.org\/{rel}","templated":true}]}}