{"id":3,"date":"2024-04-04T07:40:23","date_gmt":"2024-04-04T04:40:23","guid":{"rendered":"https:\/\/sisu.ut.ee\/autorioigus2022\/41-autori-isiklikud-oigused\/"},"modified":"2024-04-04T07:41:40","modified_gmt":"2024-04-04T04:41:40","slug":"41-autori-isiklikud-oigused","status":"publish","type":"page","link":"https:\/\/sisu.ut.ee\/autorioigus2022\/41-autori-isiklikud-oigused\/","title":{"rendered":"4.1. Autori isiklikud \u00f5igused"},"content":{"rendered":"<p>\n\tIsiklike \u00f5iguste \u00fcldine alus tuleneb Berni konventsioonist, mille kohaselt on autoril \u00f5igus n\u00f5uda autorsust teosele ja vaidlustada oma teose mis tahes moonutamine, l\u00fchendamine v\u00f5i muul viisil muutmine v\u00f5i teose v\u00e4\u00e4rtust kahandav muu tegevus, mis haavab autori au ja v\u00e4\u00e4rikust.<sup>[70]<\/sup>\u00a0\n<\/p>\n<p>\n\tAutori\u00f5iguse seaduses sisalduv isiklike \u00f5iguste loetelu on pikem, kuid \u00fcldjoontes on see taandatav Berni konventsioonile. Isiklikke \u00f5igusi ei saa m\u00fc\u00fca ega \u00fcle anda, samas on isiklikud \u00f5igused p\u00e4ritavad.\u00a0\n<\/p>\n<p>\n\t\u00dcks kesksemaid autori isiklikke \u00f5igusi on <strong>\u00f5igus autorsusele<\/strong> ehk \u00f5igus esineda \u00fcldsuse ees teose loojana ja n\u00f5uda teose loomise fakti tunnustamist teose autorsuse seostamise teel tema isiku ja nimega.<sup>[71]<\/sup>\u00a0Teisis\u00f5nu, kui autor on teose (n\u00e4iteks luuletuse, muusikateose v\u00f5i maali) loonud, siis on tal \u00f5igus n\u00f5uda, et teda tunnustataks selle autorina. Olukorda, kui keegi v\u00f5tab teise autori loodud teose ja esitleb seda oma nime all, nimetatakse plagiaadiks ehk loomevarguseks. Plagieerija rikub teise inimese \u00f5igust autorsusele.\u00a0\n<\/p>\n<p>\n\tAutorsuse \u00f5igusega on seotud ka <strong>\u00f5igus autorinimele<\/strong>. See t\u00e4hendab, et autoril on \u00f5igus avaldada teos kas oma kodanikunime v\u00f5i pseudon\u00fc\u00fcmi all. Samuti on tal \u00f5igus avaldada teos anon\u00fc\u00fcmselt.\u00a0\n<\/p>\n<h5>\n\t<strong>N\u00e4ide 4.1.1. Pseudon\u00fc\u00fcmid\u00a0<\/strong>\n<\/h5><p>Eestis on mitmeid loovisikuid ja kollektiive, kes kasutavad oma loomingu avaldamiseks varjunime ehk pseudon\u00fc\u00fcmi, n\u00e4iteks juba mainitud t\u00e4navakunstnik Edward von L\u00f5ngus. R\u00e4pparite seas on \u00fcsna tavaline artistinimede kasutamine, kuid enamasti ei tulene see soovist oma isikut varjata. Ent on ka neid autoreid ja esitajaid, kes seda soovivad. Nii n\u00e4iteks otsustasid pseudon\u00fc\u00fcmi kasutada nublu ja ansambli 5MIINUST liikmed. Ehkki nii nublu kui ka kahe 5MIINUST liikme isikunimed on t\u00e4naseks ajakirjanduses ja mujal avalikuks tulnud, ei toimunud see artistide endi soovil ning p\u00e4lvis laiemat kriitikat<sup>[72]<\/sup>. Isikunimede mis tahes kaalutlustel avaldamist autori\u00f5iguse seadus ei reguleeri. Kui aga keegi soovib viidata m\u00f5nele nublu esitatud muusikapalale, tuleb kindlasti kasutada tema esitaja- ehk artistinime, kuna just selle nime alt on ta otsustanud oma muusikat avaldada. \u00a0<\/p>\n<p>VIDEO: nublu ja Reketi lugu \u201eMina ka\u201c p\u00e4lvis 2019. aasta Eesti muusikaauhindade galal aasta parima loo tiitli<sup>[73]<\/sup>.<\/p><div class=\"ratio ratio-16x9 mb-3\"><div class=\"video-placeholder-wrapper video-placeholder-wrapper--16x9\">\n\t\t\t    <div class=\"video-placeholder d-flex justify-content-center align-items-center\">\n\t\t\t        <div class=\"overlay text-white p-2 w-100 text-center d-block justify-content-center align-items-center\">\n\t\t\t            <div>Kolmandate osapoolte sisu n\u00e4gemiseks palun n\u00f5ustu k\u00fcpsistega.<\/div>\n\t\t\t            <button class=\"btn btn-secondary btn-sm mt-1 consent-change\">Muuda n\u00f5usolekut<\/button>\n\t\t\t        <\/div>\n\t\t\t    <\/div>\n\t\t\t<\/div>\n<\/div><br>\n\n<p>\n\tTeine isiklike \u00f5iguste vundamendiplokk on <strong>\u00f5igus teose terviklikkusele<\/strong> ehk teose moonutamise keeld. Autori\u00f5iguse seaduses on seda nimetatud teose puutumatuse \u00f5iguseks (\u00f5igus teose puutumatusele), mille j\u00e4rgi on autoril \u00f5igus teha ise v\u00f5i lubada teha teistel teoses endas, selle pealkirjas (nimetuses) v\u00f5i autorinime t\u00e4histuses mis tahes muudatusi ning \u00f5igus vaidlustada ilma tema n\u00f5usolekuta tehtud muudatusi.<sup>[74]<\/sup> Teose terviklikkuse ehk puutumatuse \u00f5igusega seonduvad ka <strong>\u00f5igus teose lisadele<\/strong>, mille kohaselt autor ise otsustab, milliseid teiste autorite teoseid ta oma teosele lisada lubab, ning <strong>\u00f5igus autori au ja v\u00e4\u00e4rikuse kaitsele<\/strong>, mille alusel saab autor kontrollida, et tema loomingut ei muudetaks ega naeruv\u00e4\u00e4ristataks.\u00a0\n<\/p>\n<h5>\n\t<strong>N\u00e4ide 4.1.2. Kohtuvaidlus Kihnu rahvamaja p\u00e4rast\u00a0<\/strong>\n<\/h5><p>2001. aastal avati Kihnus uus rahvamaja, mille olid projekteerinud Leonhard Lapin ja Toomas Rein. Nende loodud projekti elluviimiseks oli Kihnu vallavalitsus korraldanud riigihankekonkursi, mille v\u00f5itis ehitusfirma FKSM. Seej\u00e4rel tekkis aga vallavalitsuse ja ehitusfirma ning arhitektide vahel t\u00fcli, kuna viimaste s\u00f5nul \u201eomastas ehitusfirma nende projekti\u201c ning seega ei saavat arhitektid autoritena \u201eenam kontrollida ehituse kvaliteeti ja selle vastavust oma arhitektim\u00f5ttele\u201c<sup>[75]<\/sup>. T\u00fcli j\u00f5udis kohtusse ja vaidlus kestis kaks aastat. Vaieldi selle \u00fcle, kas Kihnu vallavalitsus kui projekti tellija on rikkunud arhitektide autori\u00f5igust ning tekitanud neile moraalset kahju. Lapini ja Reinu s\u00f5nul erineb valminud ehitis projekteeritust oluliselt ning seega on neil h\u00e4bi oma nime Kihnu rahvamajaga seostada<sup>[76]<\/sup>. L\u00f5pliku otsuse tegi Tallinna Ringkonnakohus ja sellega m\u00f5isteti kummalegi arhitektile moraalse kahju h\u00fcvitamiseks v\u00e4lja 25 000 Eesti krooni<sup>[77]<\/sup>.\u00a0<\/p>\n<p><img loading=\"lazy\" decoding=\"async\" width=\"1000\" height=\"750\" class=\"alignnone wp-image-55\" src=\"https:\/\/sisu.ut.ee\/wp-content\/uploads\/sites\/540\/kihnu_rahvamaja.jpg\" title=\"kihnu_rahvamaja.jpg\" alt=\"Kihnu rahvamaja\" srcset=\"https:\/\/sisu.ut.ee\/wp-content\/uploads\/sites\/540\/kihnu_rahvamaja.jpg 1000w, https:\/\/sisu.ut.ee\/wp-content\/uploads\/sites\/540\/kihnu_rahvamaja-300x225.jpg 300w, https:\/\/sisu.ut.ee\/wp-content\/uploads\/sites\/540\/kihnu_rahvamaja-768x576.jpg 768w\" sizes=\"auto, (max-width: 1000px) 100vw, 1000px\"><\/p>\n<p>Kihnu rahvamaja.\u00a0<br>Foto: Mona-Mia. Wikimedia Commons<sup>[78]<\/sup>.\u00a0<br>\n\n<\/p><p>\n\tKolmanda isiklike \u00f5iguste vundamendiploki moodustavad <strong>\u00f5igus teos avalikustada<\/strong> ja <strong>\u00f5igus teos tagasi v\u00f5tta<\/strong> ning <strong>\u00f5igus n\u00f5uda oma autorinime k\u00f5rvaldamist<\/strong>. Autorile on antud \u00f5igus otsustada, millal on tema teos (n\u00e4iteks luuletus, maal v\u00f5i laul) avalikustamiseks valmis. Tema otsustab, millal ta jagab oma loomingulise tegevuse tulemust maailmaga. Veelgi enam, autoril on \u00f5igus oma teos ka tagasi v\u00f5tta, n\u00e4iteks saab ta enda kirjutatud raamatud m\u00fc\u00fcgilt tagasi kutsuda. Ja kui ta ei taha enam olla teosega seostatav, saab ta n\u00f5uda oma nime teoselt k\u00f5rvaldamist. Teose tagasiv\u00f5tmisel ja autorinime k\u00f5rvaldamisel on ta kohustatud h\u00fcvitama kolmandatele isikutele selle t\u00f5ttu tekitatud kahju, n\u00e4iteks maksma kirjastusele oma raamatute m\u00fc\u00fcgilt k\u00f5rvaldamise eest h\u00fcvitist.\u00a0\n<\/p>\n<h6>\n\tAutori isiklikud \u00f5igused<br>\n<\/h6>\n<p>\n\t<\/p><div class=\"ratio ratio-16x9 mb-3\"><div class=\"video-placeholder-wrapper video-placeholder-wrapper--16x9\">\n\t\t\t    <div class=\"video-placeholder d-flex justify-content-center align-items-center\">\n\t\t\t        <div class=\"overlay text-white p-2 w-100 text-center d-block justify-content-center align-items-center\">\n\t\t\t            <div>Kolmandate osapoolte sisu n\u00e4gemiseks palun n\u00f5ustu k\u00fcpsistega.<\/div>\n\t\t\t            <button class=\"btn btn-secondary btn-sm mt-1 consent-change\">Muuda n\u00f5usolekut<\/button>\n\t\t\t        <\/div>\n\t\t\t    <\/div>\n\t\t\t<\/div>\n<\/div>\n","protected":false},"excerpt":{"rendered":"<p>Isiklike \u00f5iguste \u00fcldine alus tuleneb Berni konventsioonist, mille kohaselt on autoril \u00f5igus n\u00f5uda autorsust teosele ja vaidlustada oma teose mis tahes moonutamine, l\u00fchendamine v\u00f5i muul viisil muutmine v\u00f5i teose v\u00e4\u00e4rtust kahandav muu tegevus, mis haavab autori au ja v\u00e4\u00e4rikust.[70]\u00a0 Autori\u00f5iguse &#8230;<\/p>\n","protected":false},"author":273,"featured_media":0,"parent":0,"menu_order":0,"comment_status":"closed","ping_status":"closed","template":"","meta":{"_acf_changed":false,"inline_featured_image":false,"footnotes":""},"class_list":["post-3","page","type-page","status-publish","hentry"],"acf":[],"_links":{"self":[{"href":"https:\/\/sisu.ut.ee\/autorioigus2022\/wp-json\/wp\/v2\/pages\/3","targetHints":{"allow":["GET"]}}],"collection":[{"href":"https:\/\/sisu.ut.ee\/autorioigus2022\/wp-json\/wp\/v2\/pages"}],"about":[{"href":"https:\/\/sisu.ut.ee\/autorioigus2022\/wp-json\/wp\/v2\/types\/page"}],"author":[{"embeddable":true,"href":"https:\/\/sisu.ut.ee\/autorioigus2022\/wp-json\/wp\/v2\/users\/273"}],"replies":[{"embeddable":true,"href":"https:\/\/sisu.ut.ee\/autorioigus2022\/wp-json\/wp\/v2\/comments?post=3"}],"version-history":[{"count":1,"href":"https:\/\/sisu.ut.ee\/autorioigus2022\/wp-json\/wp\/v2\/pages\/3\/revisions"}],"predecessor-version":[{"id":226,"href":"https:\/\/sisu.ut.ee\/autorioigus2022\/wp-json\/wp\/v2\/pages\/3\/revisions\/226"}],"wp:attachment":[{"href":"https:\/\/sisu.ut.ee\/autorioigus2022\/wp-json\/wp\/v2\/media?parent=3"}],"curies":[{"name":"wp","href":"https:\/\/api.w.org\/{rel}","templated":true}]}}