{"id":25,"date":"2024-04-04T07:40:25","date_gmt":"2024-04-04T04:40:25","guid":{"rendered":"https:\/\/sisu.ut.ee\/autorioigus2022\/71-autorioiguse-rikkumise-tagajarjed\/"},"modified":"2024-04-21T15:27:26","modified_gmt":"2024-04-21T12:27:26","slug":"71-autorioiguse-rikkumise-tagajarjed","status":"publish","type":"page","link":"https:\/\/sisu.ut.ee\/autorioigus2022\/71-autorioiguse-rikkumise-tagajarjed\/","title":{"rendered":"7.1. Autori\u00f5iguse rikkumise tagaj\u00e4rjed"},"content":{"rendered":"<h4>\n\tAutori\u00f5iguse karistus\u00f5iguslik kaitse\u00a0<br>\n<\/h4>\n<p>\n\tK\u00f5ige raskemate autori\u00f5iguse rikkumiste korral on tagaj\u00e4rjed s\u00e4testatud karistusseadustikus<sup>[110]<\/sup> (KarS). J\u00e4rgnevalt on esile toodud m\u00f5ned tavalisimad rikkumised ja nende eest ette n\u00e4htud karistused.\u00a0\n<\/p>\n<ol>\n<li>\n\t\t<strong>Autorsuse rikkumine<\/strong>. Kellegi teise teose v\u00f5i selle esituse oma nimel \u00fcldsusele teatavaks tegemise eest karistatakse rahalise karistuse v\u00f5i kuni kolmeaastase vangistusega.<sup>[111]<\/sup> Sellise rikkumise korral on sisuliselt tegemist plagiaadiga (vt altpoolt).\u00a0\n\t<\/li>\n<li>\n\t\t<strong>Piraatkaubandus<\/strong>. Teadvalt autori\u00f5igust v\u00f5i sellega kaasnevat \u00f5igust rikkuva kauba valmistamise, m\u00fc\u00fcmise, rentimise, hoidmise, edasitoimetamise v\u00f5i sellega muul viisil kauplemise eest kutse- v\u00f5i majandustegevuses, kui rikkumisega saadud kasu v\u00f5i tekitatud kahju \u00fcletab kahtek\u00fcmmend miinimump\u00e4evam\u00e4\u00e4ra, karistatakse rahalise karistuse v\u00f5i kuni kaheaastase vangistusega.<sup>[112]\u00a0<\/sup>\n\t<\/li>\n<li>\n\t\t<strong>Autori\u00f5iguse rikkumine<\/strong>. Autori v\u00f5i autori\u00f5igusega kaasneva \u00f5iguse omaja varalise \u00f5iguse rikkumise eest varalise kasu saamise eesm\u00e4rgil karistatakse rahatrahviga kuni 300 trahvi\u00fchikut.<sup>[113]\u00a0<\/sup>\n\t<\/li>\n<\/ol>\n<p>\n\tSelleks, et rikkujat saaks karistus\u00f5iguslikult vastutusele v\u00f5tta, peab rikkumine olema arvestatav ning \u00fcldjuhul olema toime pandud kasu saamise nimel. \u00a0\n<\/p>\n<h4>\n\tAutori\u00f5iguse rikkumisega kaasnev tsiviilvastutus\u00a0<br>\n<\/h4>\n<p>\n\tKui rikutakse autori isiklikke v\u00f5i varalisi \u00f5igusi, j\u00e4rgneb sellele tsiviil\u00f5iguslik vastutus. N\u00e4iteks kui kopeeritakse autori loodud teost ilma tema n\u00f5usolekuta ning taoline tegevus ei ole lubatav ka vabakasutusena (n\u00e4iteks hariduserandi alusel), siis saab autor n\u00f5uda rikkujalt j\u00e4rgmist<sup>[114]<\/sup>:\u00a0\n<\/p>\n<ol>\n<li>\n\t\tteose \u00f5igusvastase kasutamisega tekitatud varalise ja mittevaralise kahju h\u00fcvitamist;\u00a0\n\t<\/li>\n<li>\n\t\tteose \u00f5igusvastase kasutamise l\u00f5petamist ja edasisest rikkumisest hoidumist;\u00a0\n\t<\/li>\n<li>\n\t\tteose \u00f5igusvastase kasutamise teel saadu v\u00e4ljaandmist.\u00a0\n\t<\/li>\n<\/ol>\n<p>\n\tMinemata autori \u00f5iguskaitsevahendite k\u00e4sitlemisel liiga s\u00fcvitsi, on oluline v\u00e4lja tuua, et autor saab rikkumise keelata (p\u00f6\u00f6rdudes kas otse rikkuja poole v\u00f5i kohtusse) ning n\u00f5uda talle tekitatud kahju h\u00fcvitamist ja alusetult saadu v\u00e4ljaandmist. Alusetult saadu v\u00e4ljaandmise korral saab autor n\u00f5uda, et rikkuja tasuks talle teose \u00f5igusvastase kasutamise tulemusena teenitud tulu.\u00a0\n<\/p>\n<h5>\n\t<strong>N\u00e4ide 7.1.1. V\u00e4he noote, aga palju vaidlust\u00a0<\/strong>\n<\/h5><p>Tuntud Eesti kaubam\u00e4rgi \u201eP\u00f5ltsamaa\u201c tooteid on juba 1990. aastatest reklaamitud \u00fche ja sama tunnusmeloodiaga s\u00f5nade \u201eP\u00f5ltsamaa, ehtne ja hea\u201c taustal. Esimestes reklaamides kasutatud muusika, sealhulgas sellest ajast tuntud kaheksanoodilise tunnusmeloodia autor on Ivar Must. Kui AS P\u00f5ltsamaa Felix (n\u00fc\u00fcd Orkla Eesti AS) hiljem reklaamist uusi versioone l\u00f5i, kasutati sama tunnusmeloodiat erisugustes stiilides ja seadetes, kuid reklaamiklippide muusika arran\u017eeeringud ja tootmine telliti teistelt.\u00a0<\/p>\n<p>2016. aastal kaebas Ivar Must AS P\u00f5ltsamaa Felixi autori\u00f5iguse rikkumise eest kohtusse. Hagejana leidis ta, et rikutud on nii tema varalisi o\u0303igusi kui ka isiklikke o\u0303igusi. T\u00e4psemalt \u00f6eldes olevat rikutud tema \u201e\u00f5igust autorsusele, kuna u\u0308heski kostja reklaamikampaanias ei ole hagejat seostatud reklaami muusikaga; o\u0303igust teoste puutumatusele, kuna aastate jooksul on teosest tehtud erinevaid to\u0308o\u0308tlusi ja arranz\u030ceeringuid; o\u0303igust lubada lisada teosele teiste autorite teoseid; ja o\u0303igust teost ta\u0308iendada\u201c<sup>[115]<\/sup>. Kostja vaidles vastu peaaegu k\u00f5igele, v\u00e4ites, et Musta autorsuse kohta pole t\u00f5endeid ning et uusversioonide puhul pole tegemist mitte sama teose kasutamisega, vaid iseseisvate teostega. Pealegi olevat t\u00f6\u00f6 toona tehtud t\u00f6\u00f6v\u00f5tulepingu alusel, mist\u00f5ttu autori\u00f5igus l\u00e4ks eeldatavasti \u00fcle tellijale<sup>[116]<\/sup>. \u00a0<\/p>\n<p>2018. aastal tegi Tartu Maakohus otsuse, et AS P\u00f5ltsamaa Felix ei ole Ivar Musta autori\u00f5igusi rikkunud. Otsus kaevati edasi Tartu Ringkonnakohtusse, kes leidis, et Musta \u00f5igusi on siiski rikutud, ja rahuldas hagi osaliselt. Seej\u00e4rel j\u00f5udis vaidlus Riigikohtusse, kes otsustas, et ringkonnakohus on eksinud, ja saatis asja uuele arutlusele. Ringkonnakohus rahuldas taas hagi osaliselt, m\u00f5istes Ivar Mustale v\u00e4lja \u00fcle 60 000-eurose h\u00fcvitise. See h\u00f5lmas rikkumise teel saadud tulu 41 153 eurot, umbes 6000 eurot kahjuh\u00fcvitist ja kohtumenetluse v\u00e4ltel lisandunud viivist<sup>[117]<\/sup>. \u00a0\u00a0<\/p>\n<p>Nagu n\u00e4ha, v\u00f5ib kaheksanoodilise meloodia autorsuse \u00fcle vaielda pikalt ja kulukalt. Ent veelgi m\u00e4rgilisem ja pikemaajalisem oli ansambli Kraftwerk ning produtsendi Moses Pelhami vahel tekkinud vaidlus, mis puhkes 1999. aastal ja sai lahenduse Euroopa Kohtus alles 2019. aastal. See 20 aastat kestnud vaidlus puudutas 2-sekundilist s\u00e4mplit, \u00fcht trummibiiti Kraftwerki 1977. aasta palast \u201eMetal on metal\u201c<sup>[118]<\/sup>.\u00a0<\/p>\n<p>Kraftwerk, \u201eMetal on metal\u201c<br><\/p><div class=\"ratio ratio-16x9 mb-3\"><div class=\"video-placeholder-wrapper video-placeholder-wrapper--16x9\">\n\t\t\t    <div class=\"video-placeholder d-flex justify-content-center align-items-center\">\n\t\t\t        <div class=\"overlay text-white p-2 w-100 text-center d-block justify-content-center align-items-center\">\n\t\t\t            <div>Kolmandate osapoolte sisu n\u00e4gemiseks palun n\u00f5ustu k\u00fcpsistega.<\/div>\n\t\t\t            <button class=\"btn btn-secondary btn-sm mt-1 consent-change\">Muuda n\u00f5usolekut<\/button>\n\t\t\t        <\/div>\n\t\t\t    <\/div>\n\t\t\t<\/div>\n<\/div><br>\n\n","protected":false},"excerpt":{"rendered":"<p>Autori\u00f5iguse karistus\u00f5iguslik kaitse\u00a0 K\u00f5ige raskemate autori\u00f5iguse rikkumiste korral on tagaj\u00e4rjed s\u00e4testatud karistusseadustikus[110] (KarS). J\u00e4rgnevalt on esile toodud m\u00f5ned tavalisimad rikkumised ja nende eest ette n\u00e4htud karistused.\u00a0 Autorsuse rikkumine. Kellegi teise teose v\u00f5i selle esituse oma nimel \u00fcldsusele teatavaks tegemise eest &#8230;<\/p>\n","protected":false},"author":273,"featured_media":0,"parent":0,"menu_order":0,"comment_status":"closed","ping_status":"closed","template":"","meta":{"_acf_changed":false,"inline_featured_image":false,"footnotes":""},"class_list":["post-25","page","type-page","status-publish","hentry"],"acf":[],"_links":{"self":[{"href":"https:\/\/sisu.ut.ee\/autorioigus2022\/wp-json\/wp\/v2\/pages\/25","targetHints":{"allow":["GET"]}}],"collection":[{"href":"https:\/\/sisu.ut.ee\/autorioigus2022\/wp-json\/wp\/v2\/pages"}],"about":[{"href":"https:\/\/sisu.ut.ee\/autorioigus2022\/wp-json\/wp\/v2\/types\/page"}],"author":[{"embeddable":true,"href":"https:\/\/sisu.ut.ee\/autorioigus2022\/wp-json\/wp\/v2\/users\/273"}],"replies":[{"embeddable":true,"href":"https:\/\/sisu.ut.ee\/autorioigus2022\/wp-json\/wp\/v2\/comments?post=25"}],"version-history":[{"count":2,"href":"https:\/\/sisu.ut.ee\/autorioigus2022\/wp-json\/wp\/v2\/pages\/25\/revisions"}],"predecessor-version":[{"id":316,"href":"https:\/\/sisu.ut.ee\/autorioigus2022\/wp-json\/wp\/v2\/pages\/25\/revisions\/316"}],"wp:attachment":[{"href":"https:\/\/sisu.ut.ee\/autorioigus2022\/wp-json\/wp\/v2\/media?parent=25"}],"curies":[{"name":"wp","href":"https:\/\/api.w.org\/{rel}","templated":true}]}}