{"id":247,"date":"2024-04-19T06:13:42","date_gmt":"2024-04-19T03:13:42","guid":{"rendered":"https:\/\/sisu.ut.ee\/autorioigus2022\/?page_id=247"},"modified":"2024-04-19T06:13:43","modified_gmt":"2024-04-19T03:13:43","slug":"enesekontroll-2","status":"publish","type":"page","link":"https:\/\/sisu.ut.ee\/autorioigus2022\/enesekontroll-2\/","title":{"rendered":"Enesekontroll 2"},"content":{"rendered":"<div class=\"h5p-iframe-wrapper\"><div class=\"video-placeholder-wrapper video-placeholder-wrapper--fixed\" style=\"height: 366px;\">\n\t\t\t    <div class=\"video-placeholder d-flex justify-content-center align-items-center\">\n\t\t\t        <div class=\"overlay text-white p-2 w-100 text-center d-block justify-content-center align-items-center\">\n\t\t\t            <div>Kolmandate osapoolte sisu n\u00e4gemiseks palun n\u00f5ustu k\u00fcpsistega.<\/div>\n\t\t\t            <button class=\"btn btn-secondary btn-sm mt-1 consent-change\">Muuda n\u00f5usolekut<\/button>\n\t\t\t        <\/div>\n\t\t\t    <\/div>\n\t\t\t<\/div>\n<\/div>\n","protected":false},"excerpt":{"rendered":"","protected":false},"author":280,"featured_media":0,"parent":0,"menu_order":0,"comment_status":"closed","ping_status":"closed","template":"","meta":{"_acf_changed":false,"inline_featured_image":false,"footnotes":""},"class_list":["post-247","page","type-page","status-publish","hentry"],"acf":[],"_links":{"self":[{"href":"https:\/\/sisu.ut.ee\/autorioigus2022\/wp-json\/wp\/v2\/pages\/247","targetHints":{"allow":["GET"]}}],"collection":[{"href":"https:\/\/sisu.ut.ee\/autorioigus2022\/wp-json\/wp\/v2\/pages"}],"about":[{"href":"https:\/\/sisu.ut.ee\/autorioigus2022\/wp-json\/wp\/v2\/types\/page"}],"author":[{"embeddable":true,"href":"https:\/\/sisu.ut.ee\/autorioigus2022\/wp-json\/wp\/v2\/users\/280"}],"replies":[{"embeddable":true,"href":"https:\/\/sisu.ut.ee\/autorioigus2022\/wp-json\/wp\/v2\/comments?post=247"}],"version-history":[{"count":1,"href":"https:\/\/sisu.ut.ee\/autorioigus2022\/wp-json\/wp\/v2\/pages\/247\/revisions"}],"predecessor-version":[{"id":248,"href":"https:\/\/sisu.ut.ee\/autorioigus2022\/wp-json\/wp\/v2\/pages\/247\/revisions\/248"}],"wp:attachment":[{"href":"https:\/\/sisu.ut.ee\/autorioigus2022\/wp-json\/wp\/v2\/media?parent=247"}],"curies":[{"name":"wp","href":"https:\/\/api.w.org\/{rel}","templated":true}]}}