{"id":24,"date":"2024-04-04T07:40:25","date_gmt":"2024-04-04T04:40:25","guid":{"rendered":"https:\/\/sisu.ut.ee\/autorioigus2022\/7-autorioiguse-ja-sellega-kaasnevate-oiguste-kaitse\/"},"modified":"2024-04-04T07:41:39","modified_gmt":"2024-04-04T04:41:39","slug":"7-autorioiguse-ja-sellega-kaasnevate-oiguste-kaitse","status":"publish","type":"page","link":"https:\/\/sisu.ut.ee\/autorioigus2022\/7-autorioiguse-ja-sellega-kaasnevate-oiguste-kaitse\/","title":{"rendered":"7. Autori\u00f5iguse ja sellega kaasnevate \u00f5iguste kaitse"},"content":{"rendered":"<blockquote>\n<p>\n\t\tPeat\u00fckk vastab j\u00e4rgmistele k\u00fcsimustele. \u00a0\n\t<\/p>\n<ul>\n<li>\n\t\t\tKuidas karistatakse autori\u00f5iguse rikkumise eest?\u00a0\n\t\t<\/li>\n<li>\n\t\t\tMida t\u00e4hendab piraatlus?\u00a0\n\t\t<\/li>\n<li>\n\t\t\tMilles seisneb plagiaat ehk loomevargus?\u00a0\n\t\t<\/li>\n<\/ul>\n<\/blockquote>\n<p>\n\tNagu n\u00e4ha, on autoritel ja autori\u00f5igusega kaasnevate \u00f5iguste omajatel mitmesuguseid \u00f5igusi. Ideaalses \u00fchiskonnas nende vastu ei eksitaks, paraku reaalses maailmas tuleb rikkumisi siiski ette, ise\u00e4ranis digiajastul, kui peaaegu igasugune kasutaja loodud ja jagatud sisu on autori\u00f5igusega kaitstud teos. Rikkumisi on seinast seina. Paljudel juhtudel on tegemist kasutaja teadmatusega, ent selle k\u00f5rval esineb ka s\u00fcsteemset teadlikku autori\u00f5iguse rikkumist, eelk\u00f5ige piraatluse ja plagieerimise vormis.\u00a0\n<\/p>\n<p>\n\t\u00a0<\/p>\n","protected":false},"excerpt":{"rendered":"<p>Peat\u00fckk vastab j\u00e4rgmistele k\u00fcsimustele. \u00a0 Kuidas karistatakse autori\u00f5iguse rikkumise eest?\u00a0 Mida t\u00e4hendab piraatlus?\u00a0 Milles seisneb plagiaat ehk loomevargus?\u00a0 Nagu n\u00e4ha, on autoritel ja autori\u00f5igusega kaasnevate \u00f5iguste omajatel mitmesuguseid \u00f5igusi. Ideaalses \u00fchiskonnas nende vastu ei eksitaks, paraku reaalses maailmas tuleb rikkumisi &#8230;<\/p>\n","protected":false},"author":273,"featured_media":0,"parent":0,"menu_order":0,"comment_status":"closed","ping_status":"closed","template":"","meta":{"_acf_changed":false,"inline_featured_image":false,"footnotes":""},"class_list":["post-24","page","type-page","status-publish","hentry"],"acf":[],"_links":{"self":[{"href":"https:\/\/sisu.ut.ee\/autorioigus2022\/wp-json\/wp\/v2\/pages\/24","targetHints":{"allow":["GET"]}}],"collection":[{"href":"https:\/\/sisu.ut.ee\/autorioigus2022\/wp-json\/wp\/v2\/pages"}],"about":[{"href":"https:\/\/sisu.ut.ee\/autorioigus2022\/wp-json\/wp\/v2\/types\/page"}],"author":[{"embeddable":true,"href":"https:\/\/sisu.ut.ee\/autorioigus2022\/wp-json\/wp\/v2\/users\/273"}],"replies":[{"embeddable":true,"href":"https:\/\/sisu.ut.ee\/autorioigus2022\/wp-json\/wp\/v2\/comments?post=24"}],"version-history":[{"count":1,"href":"https:\/\/sisu.ut.ee\/autorioigus2022\/wp-json\/wp\/v2\/pages\/24\/revisions"}],"predecessor-version":[{"id":214,"href":"https:\/\/sisu.ut.ee\/autorioigus2022\/wp-json\/wp\/v2\/pages\/24\/revisions\/214"}],"wp:attachment":[{"href":"https:\/\/sisu.ut.ee\/autorioigus2022\/wp-json\/wp\/v2\/media?parent=24"}],"curies":[{"name":"wp","href":"https:\/\/api.w.org\/{rel}","templated":true}]}}