{"id":22,"date":"2024-04-04T07:40:25","date_gmt":"2024-04-04T04:40:25","guid":{"rendered":"https:\/\/sisu.ut.ee\/autorioigus2022\/6-kuidas-teost-kasutatakse\/"},"modified":"2024-04-04T07:41:39","modified_gmt":"2024-04-04T04:41:39","slug":"6-kuidas-teost-kasutatakse","status":"publish","type":"page","link":"https:\/\/sisu.ut.ee\/autorioigus2022\/6-kuidas-teost-kasutatakse\/","title":{"rendered":"6. Kuidas teost kasutatakse?"},"content":{"rendered":"<blockquote>\n<p>\n\t\tPeat\u00fckk vastab j\u00e4rgmistele k\u00fcsimustele.\n\t<\/p>\n<ul>\n<li>\n\t\t\tMida m\u00f5eldakse teose kasutamise all?\u00a0\n\t\t<\/li>\n<li>\n\t\t\tMillistel alustel on lubatud teost kasutada?\u00a0\n\t\t<\/li>\n<li>\n\t\t\tMillises vormis tuleb autorilt tema teose kasutamiseks luba k\u00fcsida?\u00a0\n\t\t<\/li>\n<li>\n\t\t\tMida t\u00e4hendab teose vaba kasutamine? Millised erandid v\u00f5imaldavad teost vabalt kasutada?\n\t\t<\/li>\n<\/ul>\n<\/blockquote>\n<p>\n\t<\/p><div class=\"ratio ratio-16x9 mb-3\"><div class=\"video-placeholder-wrapper video-placeholder-wrapper--16x9\">\n\t\t\t    <div class=\"video-placeholder d-flex justify-content-center align-items-center\">\n\t\t\t        <div class=\"overlay text-white p-2 w-100 text-center d-block justify-content-center align-items-center\">\n\t\t\t            <div>Kolmandate osapoolte sisu n\u00e4gemiseks palun n\u00f5ustu k\u00fcpsistega.<\/div>\n\t\t\t            <button class=\"btn btn-secondary btn-sm mt-1 consent-change\">Muuda n\u00f5usolekut<\/button>\n\t\t\t        <\/div>\n\t\t\t    <\/div>\n\t\t\t<\/div>\n<\/div>\n\n<p>\n\t\u00a0\n<\/p>\n<p>\n\t\u00a0<\/p>\n","protected":false},"excerpt":{"rendered":"<p>Peat\u00fckk vastab j\u00e4rgmistele k\u00fcsimustele. Mida m\u00f5eldakse teose kasutamise all?\u00a0 Millistel alustel on lubatud teost kasutada?\u00a0 Millises vormis tuleb autorilt tema teose kasutamiseks luba k\u00fcsida?\u00a0 Mida t\u00e4hendab teose vaba kasutamine? Millised erandid v\u00f5imaldavad teost vabalt kasutada? Kolmandate osapoolte sisu n\u00e4gemiseks palun &#8230;<\/p>\n","protected":false},"author":273,"featured_media":0,"parent":0,"menu_order":0,"comment_status":"closed","ping_status":"closed","template":"","meta":{"_acf_changed":false,"inline_featured_image":false,"footnotes":""},"class_list":["post-22","page","type-page","status-publish","hentry"],"acf":[],"_links":{"self":[{"href":"https:\/\/sisu.ut.ee\/autorioigus2022\/wp-json\/wp\/v2\/pages\/22","targetHints":{"allow":["GET"]}}],"collection":[{"href":"https:\/\/sisu.ut.ee\/autorioigus2022\/wp-json\/wp\/v2\/pages"}],"about":[{"href":"https:\/\/sisu.ut.ee\/autorioigus2022\/wp-json\/wp\/v2\/types\/page"}],"author":[{"embeddable":true,"href":"https:\/\/sisu.ut.ee\/autorioigus2022\/wp-json\/wp\/v2\/users\/273"}],"replies":[{"embeddable":true,"href":"https:\/\/sisu.ut.ee\/autorioigus2022\/wp-json\/wp\/v2\/comments?post=22"}],"version-history":[{"count":1,"href":"https:\/\/sisu.ut.ee\/autorioigus2022\/wp-json\/wp\/v2\/pages\/22\/revisions"}],"predecessor-version":[{"id":212,"href":"https:\/\/sisu.ut.ee\/autorioigus2022\/wp-json\/wp\/v2\/pages\/22\/revisions\/212"}],"wp:attachment":[{"href":"https:\/\/sisu.ut.ee\/autorioigus2022\/wp-json\/wp\/v2\/media?parent=22"}],"curies":[{"name":"wp","href":"https:\/\/api.w.org\/{rel}","templated":true}]}}