{"id":19,"date":"2024-04-04T07:40:25","date_gmt":"2024-04-04T04:40:25","guid":{"rendered":"https:\/\/sisu.ut.ee\/autorioigus2022\/5-kokkuvote\/"},"modified":"2024-04-04T07:41:39","modified_gmt":"2024-04-04T04:41:39","slug":"5-kokkuvote","status":"publish","type":"page","link":"https:\/\/sisu.ut.ee\/autorioigus2022\/5-kokkuvote\/","title":{"rendered":"Kokkuv\u00f5te"},"content":{"rendered":"<ul>\n<li>\n\t\tAutori\u00f5igusega kaasnevad \u00f5igused tekivad esitajatel, fonogrammitootjatel ja teistel, kelle panus on oluline, et autori looming saaks j\u00f5uda publiku v\u00f5i tarbijateni.\u00a0\n\t<\/li>\n<li>\n\t\tEsitajatel on sarnaselt autoritega isiklikud ja varalised \u00f5igused. Isiklikud \u00f5igused seisnevad esitaja autorsuse ja esitajanime tunnustamises ning esituse puutumatuses. Varalistest \u00f5igustest on olulisimad eelk\u00f5ige \u00f5igus esitus salvestada ning \u00f5igus seda kopeerida, levitada ja mis tahes tehnilise vahendi abil \u00fcldsusele suunata.\u00a0\n\t<\/li>\n<li>\n\t\tFonogrammitootjad salvestavad ja annavad v\u00e4lja muusikat ning kannavad sellega kaasnevat \u00e4ririski. Fonogrammitootjatel on ainult varalised \u00f5igused: \u00f5igus salvestist kopeerida ning \u00f5igus seda levitada, selle koopiaid importida ja see internetis \u00fcldsusele k\u00e4ttesaadavaks teha.\n\t<\/li>\n<li>\n\t\tLisaks varalistele ainu\u00f5igustele on teose esitajal ja fonogrammitootjal tasu saamise \u00f5igus, kui nende loomingut kasutakse \u00fcldsusele suunamiseks (vt Aut\u00d5S \u00a7-le 72).\n\t<\/li>\n<\/ul>\n","protected":false},"excerpt":{"rendered":"<p>Autori\u00f5igusega kaasnevad \u00f5igused tekivad esitajatel, fonogrammitootjatel ja teistel, kelle panus on oluline, et autori looming saaks j\u00f5uda publiku v\u00f5i tarbijateni.\u00a0 Esitajatel on sarnaselt autoritega isiklikud ja varalised \u00f5igused. Isiklikud \u00f5igused seisnevad esitaja autorsuse ja esitajanime tunnustamises ning esituse puutumatuses. Varalistest &#8230;<\/p>\n","protected":false},"author":273,"featured_media":0,"parent":0,"menu_order":0,"comment_status":"closed","ping_status":"closed","template":"","meta":{"_acf_changed":false,"inline_featured_image":false,"footnotes":""},"class_list":["post-19","page","type-page","status-publish","hentry"],"acf":[],"_links":{"self":[{"href":"https:\/\/sisu.ut.ee\/autorioigus2022\/wp-json\/wp\/v2\/pages\/19","targetHints":{"allow":["GET"]}}],"collection":[{"href":"https:\/\/sisu.ut.ee\/autorioigus2022\/wp-json\/wp\/v2\/pages"}],"about":[{"href":"https:\/\/sisu.ut.ee\/autorioigus2022\/wp-json\/wp\/v2\/types\/page"}],"author":[{"embeddable":true,"href":"https:\/\/sisu.ut.ee\/autorioigus2022\/wp-json\/wp\/v2\/users\/273"}],"replies":[{"embeddable":true,"href":"https:\/\/sisu.ut.ee\/autorioigus2022\/wp-json\/wp\/v2\/comments?post=19"}],"version-history":[{"count":1,"href":"https:\/\/sisu.ut.ee\/autorioigus2022\/wp-json\/wp\/v2\/pages\/19\/revisions"}],"predecessor-version":[{"id":209,"href":"https:\/\/sisu.ut.ee\/autorioigus2022\/wp-json\/wp\/v2\/pages\/19\/revisions\/209"}],"wp:attachment":[{"href":"https:\/\/sisu.ut.ee\/autorioigus2022\/wp-json\/wp\/v2\/media?parent=19"}],"curies":[{"name":"wp","href":"https:\/\/api.w.org\/{rel}","templated":true}]}}