{"id":17,"date":"2024-04-04T07:40:24","date_gmt":"2024-04-04T04:40:24","guid":{"rendered":"https:\/\/sisu.ut.ee\/autorioigus2022\/82-oiguste-kollektiivne-teostamine-eestis\/"},"modified":"2024-04-04T07:41:40","modified_gmt":"2024-04-04T04:41:40","slug":"82-oiguste-kollektiivne-teostamine-eestis","status":"publish","type":"page","link":"https:\/\/sisu.ut.ee\/autorioigus2022\/82-oiguste-kollektiivne-teostamine-eestis\/","title":{"rendered":"8.2. \u00d5iguste kollektiivne teostamine Eestis"},"content":{"rendered":"<p>\n\tEesti esimene kollektiivse esindamise organisatsioon oli 1932. aastal asutatud Autorikaitse \u00dching.<sup>[143]<\/sup> P\u00e4rast taasiseseisvumist asutati 1991. aastal Eesti Autorite \u00dching ning seej\u00e4rel 1998 Eesti Fonogrammitootjate \u00dching (EF\u00dc), 1999 Eesti Audiovisuaalautorite Liit (EAAL) ja 2000 Eesti Esitajate Liit (EEL).\u00a0\n<\/p>\n<p>\n\tP\u00f5hitegevusena korraldavad KEO-d igap\u00e4evaselt oma liikmete nimel nende teoste kasutamiseks lepingute s\u00f5lmimist ja litsentside v\u00e4ljastamist, teoste kasutamise eest tasude kogumist ning v\u00e4hemasti pisteliselt ka turuseiret, et tuvastada rikkumisi ja t\u00f5rkeid. KEO-dega lepinguid omades ja neile selle alusel tasu makstes saavad seaduslikult toimetada raadio- ja telejaamad, kinod saavad n\u00e4idata filme ja teatrid tuua lavale lavastusi ning igas kaubanduskeskuses saab m\u00e4ngida muusika. T\u00e4nu KEO-de tegevusele saavad kasutatud teoste autorid ja teised \u00f5iguste omajad seaduses etten\u00e4htud tasu ning teoste kasutajate jaoks on asjaajamine tehtud v\u00f5rdlemisi lihtsaks (v\u00e4hemasti v\u00f5rreldes sellega, kui tuleks iga autori, esitaja, fonogrammi- v\u00f5i filmitootjaga eraldi suhelda). \u00a0\n<\/p>\n<p>\n\tTeoste kasutajad peavad esmalt viima ennast kurssi, milliseid \u00f5igusi KEO-d teostavad, ning vajaduse korral s\u00f5lmima nendega vastavad litsentsilepingud. Allj\u00e4rgnevalt on tutvustatud k\u00f5igi Eestis tegutsevate KEO-de tegevust ja selgitatud, millist liiki \u00f5igusi nad esindavad.\u00a0\n<\/p>\n<h4>\n\tEesti Autorite \u00dching<br>\n<\/h4>\n<p>\n\twww.eau.org \u00a0\n<\/p>\n<p>\n\t1991. aastal asutatud Eesti Autorite \u00dching (EA\u00dc) on 1932. aastal loodud Autorikaitse \u00dchingu tegevuse j\u00e4tkaja ja j\u00e4rjepidevuse kandja.<sup>[144]<\/sup> EA\u00dc-l on ligikaudu 6000 liiget, neist enamik on <strong>muusikateoste autorid<\/strong>, kuid on ka k<strong>unstnikke, koreograafe ja muusikateoste kirjastajaid<\/strong>. Lisaks teostab EA\u00dc koost\u00f6\u00f6s Eesti Audiovisuaalautorite Liiduga (EAAL) audiovisuaalautorite ehk re\u017eiss\u00f6\u00f6ride, stsenaristide ja dialoogi autorite, operaatorite ja kunstnike varalisi \u00f5igusi.<sup>[145]<\/sup>\u00a0\u00a0\n<\/p>\n<p>\n\tEA\u00dc teostab oma liikmete nimel j\u00e4rgmisi \u00f5igusi: \u00a0\n<\/p>\n<ul>\n<li>\n\t\tmuusika- ja audiovisuaalteoste avalik esitamine nii kontsertidel kui ka salvestatud kujul kinos ja teatris v\u00f5i taustamuusikana restoranis, kohvikus ja kaupluses;\u00a0\n\t<\/li>\n<li>\n\t\tmuusika- ja audiovisuaalteoste edastamine raadio- ja telekanalites ning kaabellevi v\u00f5rkudes, n\u00e4iteks Telias;\u00a0\n\t<\/li>\n<li>\n\t\tmuusikateoste salvestamine (CD-le v\u00f5i vin\u00fc\u00fclile) ja nende veebip\u00f5hine kasutamine, n\u00e4iteks Spotifys ja YouTube\u2019is; \u00a0\n\t<\/li>\n<li>\n\t\tkujutava kunsti, sealhulgas fotograafiateoste originaalide edasim\u00fc\u00fcmine oksjonitel ja ametlike vahendajate kaudu, samuti koopiate valmistamine ning edastamine raadio, televisiooni v\u00f5i muu sidekanali vahendusel. \u00a0\n\t<\/li>\n<\/ul>\n<h4>\n\tEesti Esitajate Liit\u00a0<br>\n<\/h4>\n<p>\n\twww.eel.ee\u00a0\n<\/p>\n<p>\n\tEesti Esitajate Liit (EEL) on nii Eesti kui ka v\u00e4lisriikide esitajaid esindav ja \u00fchendav kollektiivse esindamise organisatsioon.<sup>[146]<\/sup> EEL alustas tegevust 2000. aastal ning selle peamine \u00fclesanne on teose esitajate varaliste \u00f5iguste teostamine, s.t esituse kasutamise (ka isiklikul otstarbel kasutamise) eest saadaoleva tasu kogumine ja esitajatele v\u00e4ljamaksmine. \u00a0\n<\/p>\n<p>\n\tEEL teostab oma liikmete nimel j\u00e4rgmisi \u00f5igusi ja kogub nende kasutamise eest tasu:\u00a0\n<\/p>\n<ul>\n<li>\n\t\tfonogrammide \u00fcldsusele suunamine, sealhulgas ringh\u00e4\u00e4lingus (raadios, televisioonis) edastamine;\u00a0\n\t<\/li>\n<li>\n\t\tfonogrammide laenutamine;\u00a0\n\t<\/li>\n<li>\n\t\tfonogrammide reprodutseerimine isiklikul otstarbel kasutamiseks ja selle eest erakopeerimise tasu kogumine;\u00a0\n\t<\/li>\n<li>\n\t\treprodutseerimis\u00f5iguse andmine teose teatud viisil kasutamiseks (DJ-de ja tantsutreenerite tegevuseks, taustamuusika s\u00fcsteemides kasutamiseks).\u00a0\n\t<\/li>\n<\/ul>\n<p>\n\tEEL ei teosta oma liikmete \u00fcldsusele k\u00e4ttesaadavaks tegemise \u00f5igust ehk digikasutamise \u00f5igust. Seda teostavad fonogrammitootjad ise ja otse ning eeldatavasti on esitajad s\u00f5lminud nendega k\u00f5ik vajalikud kokkulepped, kuidas tasu jaotatakse.\u00a0\n<\/p>\n<h4>\n\tEesti Fonogrammitootjate \u00dching<br>\n<\/h4>\n<p>\n\thttps:\/\/www.efy.ee\/ \u00a0\n<\/p>\n<p>\n\tEesti Fonogrammitootjate \u00dching (EF\u00dc) on fonogrammitootjate kollektiivse esindamise organisatsioon, mis asutati 1998. aastal.<sup>[147]<\/sup> EF\u00dc peamine \u00fclesanne on fonogrammitootjate varaliste \u00f5iguste kollektiivne teostamine, s.t fonogrammide (salvestatud muusika) kasutajatega lepingute s\u00f5lmimine, fonogrammide kasutamise eest tasu kogumine ja \u00f5iguste omajatele v\u00e4ljamaksmine. EF\u00dc on muusika kasutajate ja tootjate vaheline l\u00fcli, kelle kaudu on muusika kasutajatel lihtne ja mugav maksta muusika tootjatele nende loomingu kasutamise eest autori\u00f5iguse seaduses ette n\u00e4htud v\u00f5i EF\u00dc kehtestatud tariifidele vastavat tasu.\u00a0\n<\/p>\n<p>\n\tEF\u00dc teostab oma liikmete nimel j\u00e4rgmisi \u00f5igusi: \u00a0\n<\/p>\n<ul>\n<li>\n\t\tfonogrammide avalik esitamine \u2013 see puudutab k\u00f5ikv\u00f5imalikke asutusi ja ettev\u00f5tteid, kes soovivad oma ruumides m\u00e4ngida salvestatud muusikat mis tahes tehnilisi lahendusi kasutades, n\u00e4iteks hotellid, restoranid, kasiinod ja spordisaalid;\u00a0\n\t<\/li>\n<li>\n\t\tfonogrammide avaliku esitamise v\u00f5i edastamise eesm\u00e4rgil reprodutseerimine ehk kopeerimine \u2013 see puudutab n\u00e4iteks fonogrammide s\u00fcnkroniseerimist ehk helindamist, fonogrammide kopeerimist taustamuusika s\u00fcsteemidesse ja jukebox\u2019idesse ning DJ-de poolt vajalike koopiate tegemist;\u00a0\n\t<\/li>\n<li>\n\t\tfonogrammide reprodutseerimine isiklikul otstarbel kasutamiseks ja selle eest erakopeerimise tasu kogumine.\u00a0\n\t<\/li>\n<\/ul>\n<p>\n\tEF\u00dc ei teosta oma liikmete nimel \u00fcldsusele k\u00e4ttesaadavaks tegemise \u00f5igust ehk digikasutamise \u00f5igust. K\u00f5ik fonogrammitootjad levitavad oma salvestisi digiplatvormidele otse v\u00f5i digilevitajate vahendusel ning saavad tasu samuti otse (v\u00f5i levitaja vahendusel) platvormidelt. \u00a0\n<\/p>\n<p>\n\tEF\u00dc teeb EEL-iga koost\u00f6\u00f6d ning l\u00e4htuvalt valdkonnast maksab muusika kasutaja tasu neist ainult \u00fchele organisatsioonile, kes jaotab tasu v\u00f5rdselt esitajate ja fonogrammitootjate vahel. Esitajad ja fonogrammitootjad teostavad fonogrammi \u00fcldsusele suunamisel tekkivat tasu saamise \u00f5igust \u00fchiselt, kuid autoritest eraldi. Teose ja fonogrammi avalikul esitamisel (\u00fcldsusele suunamisel) peab muusika kasutaja s\u00f5lmima kaks lepingut: \u00fche EA\u00dc-ga ja teise l\u00e4htuvalt kasutusvaldkonnast kas EEL-i v\u00f5i EF\u00dc-ga (vastavalt EEL-i ja EF\u00dc vahelisele kokkuleppele).\u00a0\n<\/p>\n<h4>\n\tEesti Audiovisuaalautorite Liit<br>\n<\/h4>\n<p>\n\thttps:\/\/www.eaal.ee\/ \u00a0\n<\/p>\n<p>\n\tEesti Audiovisuaalautorite Liit (EAAL) on audiovisuaalteoste autorite ja nende p\u00e4rijate varaliste \u00f5iguste kollektiivse esindamise organisatsioon, mis asutati 1999. aastal.<sup>[148]<\/sup> Audiovisuaalteose autoriteks on re\u017eiss\u00f6\u00f6r, stsenarist \/ dialoogi autor, operaator ning kunstnik. \u00a0\n<\/p>\n<p>\n\tEAAL teeb autoritasude kogumisel ja v\u00e4ljamaksmisel tihedat koost\u00f6\u00f6d EA\u00dc-ga ning esindab oma liikmete j\u00e4rgmisi \u00f5igusi: \u00a0\n<\/p>\n<ul>\n<li>\n\t\treprodutseerimine;\u00a0\n\t<\/li>\n<li>\n\t\tlevitamine (laenutus ja rent, voogedastus);\u00a0\n\t<\/li>\n<li>\n\t\tedastamine ja taasedastamine televisiooni v\u00f5i kaabelleviv\u00f5rgu kaudu;\u00a0\n\t<\/li>\n<li>\n\t\t\u00fcldsusele suunamine ja k\u00e4ttesaadavaks tegemine, ka interneti vahendusel;\u00a0\n\t<\/li>\n<li>\n\t\tkasutamine isiklikul otstarbel (erakopeerimise tasu kogumine).\u00a0\n\t<\/li>\n<\/ul>\n<p>\n\tEestis makstakse autoritasu j\u00e4rgmiste audiovisuaalteoste eest: m\u00e4ngufilmid, dokumentaalfilmid, animafilmid, t\u00f5sielu- ja aimefilmid, seeriafilmid ja teledraamad, dokumentaalsarjad. \u00a0\n<\/p>\n<h5>\n\t<strong>N\u00e4ide 8.2.1. Muusika litsentsimine kohviku pidamiseks<\/strong>\n<\/h5><p>Enamikul klientide teenindamiseks m\u00f5eldud \u00e4ripindadel soovivad ettev\u00f5tjad milj\u00f6\u00f6 kujundamiseks kasutada ka muusikat. On v\u00e4he selliseid kauplusi, restorane ja kohvikuid, kus ei m\u00e4ngiks muusika. Sellisel viisil muusika kasutamist nimetatakse avalikuks esitamiseks ning kui seda tehakse \u00e4rilisel eesm\u00e4rgil peetavas v\u00f5i \u00fcldsusele avatud kohas, tuleb hankida ka vastavad load. Muusika avalikuks esitamiseks \u2013 ka salvestatud muusika m\u00e4ngimine n\u00e4iteks albumilt, raadiost v\u00f5i mujalt on avalik esitamine \u2013 tuleb hankida luba autoritelt ning tasuda esitajatele ja fonogrammitootjatele \u00f5iglast tasu. Lubade v\u00e4ljastamise ja tasude kogumine on delegeeritud kollektiivse esindamise organisatsioonidele, Eestis EA\u00dc-le, EEL-ile ja EF\u00dc-le. \u00a0<\/p>\n<p>Uue kohviku avamise korral peab kohvikupidaja s\u00f5lmima EA\u00dc-ga litsentsilepingu, mille alusel saab ta loa m\u00e4ngida oma \u00e4ripinnal EA\u00dc esindatavate autorite muusikat. Vastavalt kokkuleppele peab kohvikupidaja maksma iga kuu \u00fchingule autoritasu. Esitaja- ja fonogrammitasu tuleb l\u00e4htuvalt kasutusvaldkonnast maksta tasu kas EEL-ile v\u00f5i EF\u00dc-le, nemad on tasu kogumise organiseerinud \u00fchiselt. Tasu suurus s\u00f5ltub mitmesugustest asjaoludest, kuid kohviku puhul, kus muid teenuseid ei osutata, oleneb tasu eelk\u00f5ige k\u00fclastajatele etten\u00e4htud kohtade arvust. T\u00e4psem teave ja tariifid on esitatud \u00fchingute kodulehtedel <sup>[149]<\/sup>.\u00a0<br>\n\n<\/p><h6>\n\tVaiko Eplik selgitab, miks tasub KEOga liituda<br>\n<\/h6>\n<p>\n\t<\/p><div class=\"ratio ratio-16x9 mb-3\"><div class=\"video-placeholder-wrapper video-placeholder-wrapper--16x9\">\n\t\t\t    <div class=\"video-placeholder d-flex justify-content-center align-items-center\">\n\t\t\t        <div class=\"overlay text-white p-2 w-100 text-center d-block justify-content-center align-items-center\">\n\t\t\t            <div>Kolmandate osapoolte sisu n\u00e4gemiseks palun n\u00f5ustu k\u00fcpsistega.<\/div>\n\t\t\t            <button class=\"btn btn-secondary btn-sm mt-1 consent-change\">Muuda n\u00f5usolekut<\/button>\n\t\t\t        <\/div>\n\t\t\t    <\/div>\n\t\t\t<\/div>\n<\/div>\n","protected":false},"excerpt":{"rendered":"<p>Eesti esimene kollektiivse esindamise organisatsioon oli 1932. aastal asutatud Autorikaitse \u00dching.[143] P\u00e4rast taasiseseisvumist asutati 1991. aastal Eesti Autorite \u00dching ning seej\u00e4rel 1998 Eesti Fonogrammitootjate \u00dching (EF\u00dc), 1999 Eesti Audiovisuaalautorite Liit (EAAL) ja 2000 Eesti Esitajate Liit (EEL).\u00a0 P\u00f5hitegevusena korraldavad KEO-d &#8230;<\/p>\n","protected":false},"author":273,"featured_media":0,"parent":0,"menu_order":0,"comment_status":"closed","ping_status":"closed","template":"","meta":{"_acf_changed":false,"inline_featured_image":false,"footnotes":""},"class_list":["post-17","page","type-page","status-publish","hentry"],"acf":[],"_links":{"self":[{"href":"https:\/\/sisu.ut.ee\/autorioigus2022\/wp-json\/wp\/v2\/pages\/17","targetHints":{"allow":["GET"]}}],"collection":[{"href":"https:\/\/sisu.ut.ee\/autorioigus2022\/wp-json\/wp\/v2\/pages"}],"about":[{"href":"https:\/\/sisu.ut.ee\/autorioigus2022\/wp-json\/wp\/v2\/types\/page"}],"author":[{"embeddable":true,"href":"https:\/\/sisu.ut.ee\/autorioigus2022\/wp-json\/wp\/v2\/users\/273"}],"replies":[{"embeddable":true,"href":"https:\/\/sisu.ut.ee\/autorioigus2022\/wp-json\/wp\/v2\/comments?post=17"}],"version-history":[{"count":1,"href":"https:\/\/sisu.ut.ee\/autorioigus2022\/wp-json\/wp\/v2\/pages\/17\/revisions"}],"predecessor-version":[{"id":225,"href":"https:\/\/sisu.ut.ee\/autorioigus2022\/wp-json\/wp\/v2\/pages\/17\/revisions\/225"}],"wp:attachment":[{"href":"https:\/\/sisu.ut.ee\/autorioigus2022\/wp-json\/wp\/v2\/media?parent=17"}],"curies":[{"name":"wp","href":"https:\/\/api.w.org\/{rel}","templated":true}]}}