{"id":16,"date":"2024-04-04T07:40:24","date_gmt":"2024-04-04T04:40:24","guid":{"rendered":"https:\/\/sisu.ut.ee\/autorioigus2022\/8-oiguste-kollektiivne-teostamine\/"},"modified":"2024-04-04T07:41:40","modified_gmt":"2024-04-04T04:41:40","slug":"8-oiguste-kollektiivne-teostamine","status":"publish","type":"page","link":"https:\/\/sisu.ut.ee\/autorioigus2022\/8-oiguste-kollektiivne-teostamine\/","title":{"rendered":"8. \u00d5iguste kollektiivne teostamine"},"content":{"rendered":"<blockquote>\n<p>\n\t\tPeat\u00fckk vastab j\u00e4rgmistele k\u00fcsimustele.\u00a0\n\t<\/p>\n<ul>\n<li>\n\t\t\tMida t\u00e4hendab \u00f5iguste kollektiivne teostamine ja miks on see vajalik?\u00a0\n\t\t<\/li>\n<li>\n\t\t\tMis on kollektiivse esindamise organisatsioonid ja millist rolli nad t\u00e4idavad?\u00a0\n\t\t<\/li>\n<li>\n\t\t\tMillised kollektiivse esindamise organisatsioonid on Eestis?\u00a0\n\t\t<\/li>\n<\/ul>\n<\/blockquote>\n<p>\n\t<\/p><div class=\"ratio ratio-16x9 mb-3\"><div class=\"video-placeholder-wrapper video-placeholder-wrapper--16x9\">\n\t\t\t    <div class=\"video-placeholder d-flex justify-content-center align-items-center\">\n\t\t\t        <div class=\"overlay text-white p-2 w-100 text-center d-block justify-content-center align-items-center\">\n\t\t\t            <div>Kolmandate osapoolte sisu n\u00e4gemiseks palun n\u00f5ustu k\u00fcpsistega.<\/div>\n\t\t\t            <button class=\"btn btn-secondary btn-sm mt-1 consent-change\">Muuda n\u00f5usolekut<\/button>\n\t\t\t        <\/div>\n\t\t\t    <\/div>\n\t\t\t<\/div>\n<\/div>\n","protected":false},"excerpt":{"rendered":"<p>Peat\u00fckk vastab j\u00e4rgmistele k\u00fcsimustele.\u00a0 Mida t\u00e4hendab \u00f5iguste kollektiivne teostamine ja miks on see vajalik?\u00a0 Mis on kollektiivse esindamise organisatsioonid ja millist rolli nad t\u00e4idavad?\u00a0 Millised kollektiivse esindamise organisatsioonid on Eestis?\u00a0 Kolmandate osapoolte sisu n\u00e4gemiseks palun n\u00f5ustu k\u00fcpsistega. Muuda n\u00f5usolekut<\/p>\n","protected":false},"author":273,"featured_media":0,"parent":0,"menu_order":0,"comment_status":"closed","ping_status":"closed","template":"","meta":{"_acf_changed":false,"inline_featured_image":false,"footnotes":""},"class_list":["post-16","page","type-page","status-publish","hentry"],"acf":[],"_links":{"self":[{"href":"https:\/\/sisu.ut.ee\/autorioigus2022\/wp-json\/wp\/v2\/pages\/16","targetHints":{"allow":["GET"]}}],"collection":[{"href":"https:\/\/sisu.ut.ee\/autorioigus2022\/wp-json\/wp\/v2\/pages"}],"about":[{"href":"https:\/\/sisu.ut.ee\/autorioigus2022\/wp-json\/wp\/v2\/types\/page"}],"author":[{"embeddable":true,"href":"https:\/\/sisu.ut.ee\/autorioigus2022\/wp-json\/wp\/v2\/users\/273"}],"replies":[{"embeddable":true,"href":"https:\/\/sisu.ut.ee\/autorioigus2022\/wp-json\/wp\/v2\/comments?post=16"}],"version-history":[{"count":1,"href":"https:\/\/sisu.ut.ee\/autorioigus2022\/wp-json\/wp\/v2\/pages\/16\/revisions"}],"predecessor-version":[{"id":224,"href":"https:\/\/sisu.ut.ee\/autorioigus2022\/wp-json\/wp\/v2\/pages\/16\/revisions\/224"}],"wp:attachment":[{"href":"https:\/\/sisu.ut.ee\/autorioigus2022\/wp-json\/wp\/v2\/media?parent=16"}],"curies":[{"name":"wp","href":"https:\/\/api.w.org\/{rel}","templated":true}]}}