{"id":14,"date":"2024-04-04T07:40:24","date_gmt":"2024-04-04T04:40:24","guid":{"rendered":"https:\/\/sisu.ut.ee\/autorioigus2022\/9-kokkuvote\/"},"modified":"2024-04-04T07:41:40","modified_gmt":"2024-04-04T04:41:40","slug":"9-kokkuvote","status":"publish","type":"page","link":"https:\/\/sisu.ut.ee\/autorioigus2022\/9-kokkuvote\/","title":{"rendered":"Kokkuv\u00f5te"},"content":{"rendered":"<ul>\n<li>\n\t\tDigiplatvormid v\u00f5ib jaotada laias laastus kaheks: eellitsentsitud sisu pakkujad (n\u00e4iteks voogedastusplatvormid) ning kasutajate loodud sisul p\u00f5hinevad platvormid (n\u00e4iteks sotsiaalmeediakanalid, YouTube, TikTok, Twitch).\u00a0\n\t<\/li>\n<li>\n\t\tDigiplatvormile \u00fcles laaditava sisu kasutus\u00f5igused on kindlaks m\u00e4\u00e4ratud platvormi kasutustingimustes, millega tuleb kasutajal kontot luues n\u00f5ustuda.\u00a0\n\t<\/li>\n<li>\n\t\tKui sisu on t\u00e4ies mahus loonud kasutaja ise, siis on tal selle kasutamiseks, muu hulgas veebis jagamiseks, olemas k\u00f5ik \u00f5igused. Kui \u00fcles laaditav sisu on tervenisti v\u00f5i osaliselt kellegi teise looming (n\u00e4iteks sisaldab teise autori teksti, pilte, heli- v\u00f5i videoklippe), siis peab \u00fcleslaadija olema hankinud k\u00f5ikidelt teosega seotud \u00f5iguste omajatelt teose kasutamiseks loa.\u00a0\n\t<\/li>\n<li>\n\t\tSelle sisuga, mida teised on digiplatvormil jaganud, tohib teha eelk\u00f5ige seda, mida v\u00f5imaldab digiplatvorm. N\u00e4iteks sisu jagamiseks tohib kasutada \u00fcksnes platvormi pakutavaid jagamisv\u00f5imalusi. Sisu platvormilt eemaldada ei tohi. Kui tegemist pole teose vaba kasutamise erandiga, tuleb teose muul viisil kasutamiseks k\u00fcsida autorilt luba. \u00a0\n\t<\/li>\n<\/ul>\n","protected":false},"excerpt":{"rendered":"<p>Digiplatvormid v\u00f5ib jaotada laias laastus kaheks: eellitsentsitud sisu pakkujad (n\u00e4iteks voogedastusplatvormid) ning kasutajate loodud sisul p\u00f5hinevad platvormid (n\u00e4iteks sotsiaalmeediakanalid, YouTube, TikTok, Twitch).\u00a0 Digiplatvormile \u00fcles laaditava sisu kasutus\u00f5igused on kindlaks m\u00e4\u00e4ratud platvormi kasutustingimustes, millega tuleb kasutajal kontot luues n\u00f5ustuda.\u00a0 Kui sisu &#8230;<\/p>\n","protected":false},"author":273,"featured_media":0,"parent":0,"menu_order":0,"comment_status":"closed","ping_status":"closed","template":"","meta":{"_acf_changed":false,"inline_featured_image":false,"footnotes":""},"class_list":["post-14","page","type-page","status-publish","hentry"],"acf":[],"_links":{"self":[{"href":"https:\/\/sisu.ut.ee\/autorioigus2022\/wp-json\/wp\/v2\/pages\/14","targetHints":{"allow":["GET"]}}],"collection":[{"href":"https:\/\/sisu.ut.ee\/autorioigus2022\/wp-json\/wp\/v2\/pages"}],"about":[{"href":"https:\/\/sisu.ut.ee\/autorioigus2022\/wp-json\/wp\/v2\/types\/page"}],"author":[{"embeddable":true,"href":"https:\/\/sisu.ut.ee\/autorioigus2022\/wp-json\/wp\/v2\/users\/273"}],"replies":[{"embeddable":true,"href":"https:\/\/sisu.ut.ee\/autorioigus2022\/wp-json\/wp\/v2\/comments?post=14"}],"version-history":[{"count":1,"href":"https:\/\/sisu.ut.ee\/autorioigus2022\/wp-json\/wp\/v2\/pages\/14\/revisions"}],"predecessor-version":[{"id":222,"href":"https:\/\/sisu.ut.ee\/autorioigus2022\/wp-json\/wp\/v2\/pages\/14\/revisions\/222"}],"wp:attachment":[{"href":"https:\/\/sisu.ut.ee\/autorioigus2022\/wp-json\/wp\/v2\/media?parent=14"}],"curies":[{"name":"wp","href":"https:\/\/api.w.org\/{rel}","templated":true}]}}