{"id":12,"date":"2024-04-04T07:40:24","date_gmt":"2024-04-04T04:40:24","guid":{"rendered":"https:\/\/sisu.ut.ee\/autorioigus2022\/92-millist-sisu-tohin-kasutada-ja-veebiplatvormile-ules-laadida\/"},"modified":"2024-04-04T07:41:40","modified_gmt":"2024-04-04T04:41:40","slug":"92-millist-sisu-tohin-kasutada-ja-veebiplatvormile-ules-laadida","status":"publish","type":"page","link":"https:\/\/sisu.ut.ee\/autorioigus2022\/92-millist-sisu-tohin-kasutada-ja-veebiplatvormile-ules-laadida\/","title":{"rendered":"9.2 Millist sisu tohin kasutada ja veebiplatvormile \u00fcles laadida?"},"content":{"rendered":"<p>\n\tPlatvormile tohib \u00fcles laadida sellist sisu, mis vastab \u00fchele j\u00e4rgmistest tingimustest: kasutaja on sisu ise loonud; kasutajal on sisu \u00fcleslaadimiseks olemas luba; sisu ei ole autori\u00f5igusega kaitstud v\u00f5i sisu on avatud sisulitsentsiga antud vabaks kasutamiseks. \u00a0\n<\/p>\n<h4>\n\tKasutaja loodud sisu\u00a0<br>\n<\/h4>\n<p>\n\tKui sisu on tervikuna loonud kasutaja ise, siis on tal selle kasutamiseks, muu hulgas veebis jagamiseks, olemas k\u00f5ik \u00f5igused. Kirjutades ise \u00fche algup\u00e4rase teksti ning avaldades selle Facebookis postitusena v\u00f5i Twitteris s\u00e4utsuna, on kasutaja selle teksti autor. Ka Instagrami \u00fcleslaaditud foto, mille kasutaja on ise teinud, kuulub talle kui selle autorile. Kui laadida YouTube\u2019i \u00fcles omatehtud video, milles on kasutatud enda loodud ja esitatud muusikat, on kasutaja korraga nii autor, esitaja kui ka video (audiovisuaalteose) tootja. Sisu loomisel peab olema hoolikas ja t\u00e4helepanelik, et kogemata ei lipsaks sisse teiste loodud sisu. Ka see, kui teha foto v\u00f5i ekraanit\u00f5mmis kellegi teise veebilehest, pildist v\u00f5i videost, v\u00f5ib olla t\u00f5lgendatav teise autori teoste kasutamisena enda teose osana (seotud reprodutseerimis\u00f5igusega ja teose muutmise v\u00f5i t\u00f6\u00f6tlemise \u00f5igusega). \u00a0\u00a0\n<\/p>\n<h4>\n\tTeiste loomingu kasutamine\u00a0<br>\n<\/h4>\n<p>\n\tKui \u00fcleslaaditav sisu on tervenisti teiste looming v\u00f5i on kasutaja enda loodud sisu t\u00e4iendanud osaliselt teiste loominguga (tekst, fotod, muud pildid, heli- v\u00f5i videoklipid), peab kasutaja olema saanud selleks k\u00f5ikide teiste \u00f5iguste omajatelt loa. See kehtib ka juba avaldatud sisu kohta: isegi kui keegi on sotsiaalmeedias jaganud oma pilti ilma ligip\u00e4\u00e4supiiranguteta ja seda on lubatud k\u00f5igil platvormi kasutajatel edasi jagada, siis <strong>ekraanit\u00f5mmist tohib sellest teha ja seda veebis avaldada vaid autori loal.\u00a0<\/strong>\n<\/p>\n<p>\n\tKasutades teiste loomingulise tegevuse tulemusi oma veebisisu loomisel tuleb \u00fcldjuhul luba k\u00fcsida hoolimata sellest, kas teost kavatsetakse kasutada tervikuna v\u00f5i osaliselt. Eestis on \u00fcsna levinud eksiarvamus, et kui kasutada teiste sisu vaid v\u00e4ga v\u00e4ikeses mahus (n\u00e4iteks s\u00e4mplina), siis see on k\u00e4sitletav vaba kasutamise erandina ja kelleltki luba pole k\u00fcsida tarvis. Aga see ei vasta t\u00f5ele, kasutatud teose maht (ka v\u00e4ga v\u00e4ike maht) ei oma t\u00e4htsust, v.a m\u00f5ningatel teose vaba kasutamise juhtudel.\u00a0See, et pilt, video v\u00f5i muu materjal on juba kellegi veebilehel avaldatud ei t\u00e4henda, et seda v\u00f5ib automaatselt sealt alla laadida ning ise kasutada (vt ka n\u00e4ide 6.2.1., mis puudutab veebis avaldatud koolit\u00f6\u00f6d, kus oli luba k\u00fcsimata kasutatud fotosid).\n<\/p>\n<h4>\n\tKust leida \u00f5iguste omajate kohta teavet?\u00a0<br>\n<\/h4>\n<p>\n\tKui on kavas m\u00f5ne teose \u2013 pildi, muusikapala v\u00f5i videoklipi \u2013 kasutamiseks luba k\u00fcsida, siis tasub meeles pidada, et \u00fchel sellisel teosel v\u00f5ib olla mitut liiki \u00f5iguste omajaid. Salvestatud muusikapala h\u00f5lmab nii autorite, esitajate kui ka fonogrammitootja \u00f5igusi. Luba tuleb k\u00fcsida ja see ka saada k\u00f5igilt asjaosalistelt. Eestis ega mujal maailmas ei ole veel olemas sellist autori\u00f5iguse ja kaasnevate \u00f5iguste registrit, kust oleks v\u00f5imalik iga\u00fchel j\u00e4rele vaadata, kellele kuuluvad \u00fche v\u00f5i teise teosega seonduvad \u00f5igused. Autorite ja ka esitajate isiklike \u00f5iguste alusel on ette n\u00e4htud, et nende teoste ja esituste avaldamisel tuleb autor ja esitaja \u00e4ra m\u00e4rkida (v.a juhul, kui nad ise seda ei soovi). Seega v\u00f5iks eeldada, et ka veebis avaldatud teose juures on sama info olemas, ent praktikas see alati nii ei ole. Veebis, ise\u00e4ranis sotsiaalmeedias levitatavate fotode juures on harva kirjas, kes on pildi autor. \u00a0\u00a0\n<\/p>\n<p>\n\tYouTube\u2019is on v\u00f5imalik video juurde lisada \u00f5iguste omajaid puudutav teave ning aina sagedamini tehakse seda ka Eestis (\u00f5igusp\u00e4raselt) avaldatud videote puhul. \u00a0\n<\/p>\n<h5>\n\t<strong>N\u00e4ide 9.2.1. Kelle k\u00e4est k\u00fcsida luba ja kust leida infot?\u00a0<\/strong>\n<\/h5><p>Ansambli Puuluup loo \u201eLiigutage vastu\u201c video on \u00fcles laaditud YouTube\u2019i \u00d5unaviksi kanalisse. \u00d5unaviks on 2003. aastast tegutsev Eesti plaadifirma, kes on v\u00e4lja andnud k\u00f5ik Puuluubi albumid. Viidatud loo video all esitatud kirjeldusest leiab infot nii muusika autorite ja esitajate, video loojate kui ka tootja (<em>producer<\/em>) kohta, kelleks on m\u00e4rgitud Villem Valme \/ \u00d5unaviks. K\u00f5ige l\u00f5pus on \u00e4ra m\u00e4rgitud seegi, kellele kuulub litsents: <em>CD Baby (on behalf of \u00d5unaviks)<\/em>. See viitab, et video \u00f5iguste omaja on \u00d5unaviks, kes on digitaalse levitajana kasutanud CD Baby teenust. Kui keegi peaks soovima Puuluubi videot kasutada, tuleb tal esmalt \u00fchendust v\u00f5tta \u00d5unaviksiga, kellelt saab juba edasi uurida, kas luba tuleb k\u00fcsida ka m\u00f5ne teise videosse panustanud autori v\u00f5i esitaja k\u00e4est.\u00a0<\/p>\n<p><\/p><div class=\"ratio ratio-16x9 mb-3\"><div class=\"video-placeholder-wrapper video-placeholder-wrapper--16x9\">\n\t\t\t    <div class=\"video-placeholder d-flex justify-content-center align-items-center\">\n\t\t\t        <div class=\"overlay text-white p-2 w-100 text-center d-block justify-content-center align-items-center\">\n\t\t\t            <div>Kolmandate osapoolte sisu n\u00e4gemiseks palun n\u00f5ustu k\u00fcpsistega.<\/div>\n\t\t\t            <button class=\"btn btn-secondary btn-sm mt-1 consent-change\">Muuda n\u00f5usolekut<\/button>\n\t\t\t        <\/div>\n\t\t\t    <\/div>\n\t\t\t<\/div>\n<\/div>\u00a0\u00a0<br>\n\n<p>\n\tEnamikul juhtudel saab teavet ka kollektiivse esindamise organisatsioonidest v\u00f5i loomeliitudest. N\u00e4iteks muusikateoste autorite kohta on infot ilmselt EA\u00dc-l ja fonogrammitootjate kohta EF\u00dc-l, arhitektuuriteoste autorite kohta v\u00f5ib p\u00e4rida Eesti Arhitektide Liidult, kujutava kunsti autorite kohta Eesti Kunstnike Liidult. T\u00f5si, see ei pruugi lahendada kasutajate endi loodud sisu probleemi. Eeldatavasti on kasutaja ise oma sisu \u00f5iguste omaja ning saab selle edasiseks kasutamiseks anda loa. Paraku ei saa alati kindel olla, kas see kasutaja ise on omakorda k\u00f5ik load hankinud.\u00a0\n<\/p>\n<p>\n\tVeebiplatvormid ja nende n\u00f5uded on erinevad, kuid \u00fcldjuhul tuleb teise loomingu kasutamisel \u00e4ra m\u00e4rkida autori nimi, teose nimi ja allikas, kust teos p\u00e4rineb. \u00a0\n<\/p>\n<h4>\n\tAutori\u00f5igusega kaitsmata loomingu kasutamine\u00a0<br>\n<\/h4>\n<p>\n\tNagu \u00f6eldud, pole k\u00f5ik teosed autori\u00f5igusega kaitstud, olgu tegemist rahvaloomingu v\u00f5i m\u00f5ne sellise teosega, mille autori\u00f5iguse kehtivus on l\u00f5ppenud, kuna autori surmast on m\u00f6\u00f6das v\u00e4hemalt 70 aastat. Kuna autori\u00f5iguse kehtivus on riigiti erinev, tekib globaalselt toimivatel digiplatvormidel \u00fcks lisam\u00f5\u00f5de, mida tuleb teoste kasutamisel arvestada. \u00a0\n<\/p>\n<p>\n\tIsegi kui autori\u00f5igus on aegunud ja teoste kasutamiseks pole vaja luba k\u00fcsida, tuleb olla t\u00e4helepanelik muude selle teosega seotud \u00f5iguste suhtes. Teos ise ei pruugi olla (enam) kaitse all, aga selle esitus ja esituse salvestis v\u00f5ivad siiski olla. Sama lugu on piltidega: isegi kui fotol on kujutatud Leonardo da Vinci maali \u201eMona Lisa\u201c, mis loodi ajal, kui autorite \u00f5igusi veel ei kaitstud \u2012 v\u00f5ib \u00f6elda, et neid ei olnud ideena olemaski \u2012, siis foto ise on autori\u00f5igusega kaitstud ning selle kasutamiseks tuleb foto autorilt luba k\u00fcsida. \u00a0\n<\/p>\n<h5>\n\t<strong>N\u00e4ide 9.2.2. Kui teos pole kaitstud, kuid esitus v\u00f5i fonogramm on\u00a0<\/strong>\n<\/h5><p>YouTube\u2019i on \u00fcles laaditud video, milles Eesti Filharmoonia Kammerkoor ja Tallinna Kammerorkester esitavad tuntud Prantsuse rahvaviisi \u201eKarjased, oh \u00f6elge meile\u201c. Esitatav teos on vabalt kasutatav, kuna tegemist on rahvaloominguga, kuid teose esitus, selle salvestus ja video on autori\u00f5igusega kaasnevate \u00f5iguste kaitse all. Kuna video on avaldatud 2020. aastal, aeguvad kaasnevad \u00f5igused 1. jaanuaril 2091.\u00a0<\/p>\n<p>Video kirjelduses on \u00f6eldud, et salvestus p\u00e4rineb Eesti Filharmoonia Kammerkoori albumilt \u201eJ\u00f5ul\u201c (2020) ning video on tootnud funTIME Showservice. Kui kellelgi on soov kasutada videot viisil, mida ei saa k\u00e4sitleda teose vaba kasutamisena, siis eeldatavasti tuleb tal luba k\u00fcsida nii kammerkoorilt kui ka tootjalt.\u00a0<\/p>\n<p><\/p><div class=\"ratio ratio-16x9 mb-3\"><div class=\"video-placeholder-wrapper video-placeholder-wrapper--16x9\">\n\t\t\t    <div class=\"video-placeholder d-flex justify-content-center align-items-center\">\n\t\t\t        <div class=\"overlay text-white p-2 w-100 text-center d-block justify-content-center align-items-center\">\n\t\t\t            <div>Kolmandate osapoolte sisu n\u00e4gemiseks palun n\u00f5ustu k\u00fcpsistega.<\/div>\n\t\t\t            <button class=\"btn btn-secondary btn-sm mt-1 consent-change\">Muuda n\u00f5usolekut<\/button>\n\t\t\t        <\/div>\n\t\t\t    <\/div>\n\t\t\t<\/div>\n<\/div>\u00a0<br>\n\n<h4>\n\tLitsentsitud sisu kataloogid\u00a0<br>\n<\/h4>\n<p>\n\tKuna autorite ja autori\u00f5igusega kaasnevate \u00f5iguste omajate v\u00e4ljaselgitamine ning teose kasutamiseks loa saamine v\u00f5ib olla p\u00e4ris keeruline, on paljud platvormid loonud spetsiaalsed kataloogid, mis sisaldavad eellitsentsitud teoseid, mida sisuloojad saavad \u00fcsna vabalt kasutada. N\u00e4iteks veebis piltide kasutamiseks on loodud sellised h\u00f5lpsasti ligip\u00e4\u00e4setavad kataloogid nagu Wikimedia Commons, Getty Images ja Shutterstock. Mitmeid ettev\u00f5tted<sup>[158]<\/sup> pakuvad eellitsentsitud muusikateoste salvestiste katalooge, mille sisu t\u00e4histatakse sageli kui <em>royalty free music<\/em>\u00a0v\u00f5i <em>copyright free music<\/em>. Need fraasid v\u00f5ivad aga eksitada, kuna r<em>oyalty free music<\/em> pole \u00fcldjuhul sugugi autoritasudest vabastatud muusika. Pigem viidatakse selle fraasiga \u00fchekordse, kuu- v\u00f5i aastatasu eest kasutajale antavale litsentsile, mille saamise j\u00e4rel ei pea kasutaja muusika kasutamise eest ise enam autoritasusid maksma. See aga ei t\u00e4henda, et autoritasusid \u00fcldse ei makstaks, sellega tegeleb lihtsalt platvorm, mis seda teenust pakub. \u00a0\n<\/p>\n<h5>\n\t<strong>N\u00e4ide 9.2.3. Muusika litsentsimine kataloogidest\u00a0<\/strong>\n<\/h5><p>J\u00e4rgnev n\u00e4ide on refereeritud Johanna Maria M\u00e4ngeli artiklist \u201eKuidas kahest sekundist helil\u00f5igust v\u00f5ib saada 20 aastat kohtuvaidlusi?\u201c <sup>[159]<\/sup>.\u00a0<\/p>\n<p>Lihtsaim variant s\u00e4mpleid kasutada on teha seda selleks etten\u00e4htud online-kaupluste ehk muusikatausta- v\u00f5i biidipankade kaudu, kuhu autorid oma teoseid m\u00fc\u00fcgiks ja vahel ka tasuta kasutamiseks \u00fcles panevad. Aga ka sellisel juhul on vaja tutvuda teose kasutamise tingimustega, mis m\u00e4\u00e4ravad muu hulgas selle, kui palju tohib teost muuta ja millistel tingimustel tohib tuletatud teost m\u00fc\u00fca. \u00a0<\/p>\n<p>\u00dcks populaarseid biidipanku on BeatStars, kus on \u00fcleval ka Eesti eduka produtsendi Jazzy Bubblezi looming. Tausta hind s\u00f5ltub sellest, milliseid kasutus\u00f5igusi litsentsisaaja soovib ja kui kvaliteetset helifaili ta tahab. K\u00f5ige odavamalt saab Jazzy Bubblezi loo mp3-failina k\u00e4tte umbes 30 euro eest, selle raha eest saab ostja \u00f5iguse lugu t\u00f6\u00f6delda ehk oma s\u00f5nad sellele peale laulda, r\u00e4ppida v\u00f5i m\u00f5miseda. Lisaks on reguleeritud materjali kasutamine \u00e4rilistel eesm\u00e4rkidel. Tausta kasutanud uut teost v\u00f5ib faili v\u00f5i plaadina m\u00fc\u00fca 3000 koopiat ja voogedastada 500 000 korda. Kui neid piire soovitakse \u00fcletada, tuleb osta tausta kasutamise ainu\u00f5igused, mis maksavad Jazzy Bubblezil umbes 700\u2013800 eurot, ning sellisel juhul ei tohi seda sama tausta enam kellelegi teisele kasutamiseks lubada ega m\u00fc\u00fca. Litsentsisaaja v\u00f5ib lugu esitada ja reprodutseerida piiramatus koguses, kuid 50% k\u00f5igist loo pealt teenitavatest autoritasudest kuuluvad Bubblezile. Seega saavad taustade autorid biidipankade kaudu s\u00f5lmida autorilepinguid, millega annavad teisele poolele \u00fcle osa oma varalistest \u00f5igustest v\u00f5i lihtsalt lubavad teost kasutada lepingus etten\u00e4htud tingimustel.\u00a0<br>\n\n<\/p><h4>\n\tKuidas tohin kasutada teiste loodud sisu, mida platvormidelt leian?\u00a0<br>\n<\/h4>\n<p>\n\tVeebiplatvormil selle kasutajate avaldatud sisu on lubatud jagada, kasutades seejuures platvormi pakutavaid v\u00f5imalusi. Tavaliselt on selleks platvormil loodud mingisugune jagamisfunktsioon. Avaldatud sisu jagamiseks on platvorm k\u00f5igilt oma kasutajatelt juba n\u00f5usoleku saanud, seda k\u00fcsitakse tavaliselt kasutajakonto loomise k\u00e4igus. <strong>Teiste loodud sisust ekraanit\u00f5mmise tegemine ja selle jagamine on lubatud ainult autori loal, kuna sedalaadi kopeerimiseks pole platvorm algse sisu avaldajalt luba k\u00fcsinud. \u00a0<\/strong>\n<\/p>\n<p>\n\tNagu eespool mainitud, on oluline veenduda, et ka veebis kasutataks sisu, mis on \u00f5igusp\u00e4raselt avaldatud. Seda kindlaks teha pole alati sugugi lihtne. Kuid tasub t\u00e4helepanu p\u00f6\u00f6rata, et YouTube\u2019is oma lemmikartisti videot kuulates v\u00f5i jagades viibiksite artisti ametlikul kanalil, mitte ei kasutaks teise kasutaja poolt \u00fcles laaditud koopiat. \u00a0\n<\/p>\n<h6>\n\tFotograafia- ja kunstiteoste levik sotsaalmeedias ja muudel veebiplatvormidel<br>\n<\/h6>\n<p>\n\t<\/p><div class=\"ratio ratio-16x9 mb-3\"><div class=\"video-placeholder-wrapper video-placeholder-wrapper--16x9\">\n\t\t\t    <div class=\"video-placeholder d-flex justify-content-center align-items-center\">\n\t\t\t        <div class=\"overlay text-white p-2 w-100 text-center d-block justify-content-center align-items-center\">\n\t\t\t            <div>Kolmandate osapoolte sisu n\u00e4gemiseks palun n\u00f5ustu k\u00fcpsistega.<\/div>\n\t\t\t            <button class=\"btn btn-secondary btn-sm mt-1 consent-change\">Muuda n\u00f5usolekut<\/button>\n\t\t\t        <\/div>\n\t\t\t    <\/div>\n\t\t\t<\/div>\n<\/div>\n","protected":false},"excerpt":{"rendered":"<p>Platvormile tohib \u00fcles laadida sellist sisu, mis vastab \u00fchele j\u00e4rgmistest tingimustest: kasutaja on sisu ise loonud; kasutajal on sisu \u00fcleslaadimiseks olemas luba; sisu ei ole autori\u00f5igusega kaitstud v\u00f5i sisu on avatud sisulitsentsiga antud vabaks kasutamiseks. \u00a0 Kasutaja loodud sisu\u00a0 Kui &#8230;<\/p>\n","protected":false},"author":273,"featured_media":0,"parent":0,"menu_order":0,"comment_status":"closed","ping_status":"closed","template":"","meta":{"_acf_changed":false,"inline_featured_image":false,"footnotes":""},"class_list":["post-12","page","type-page","status-publish","hentry"],"acf":[],"_links":{"self":[{"href":"https:\/\/sisu.ut.ee\/autorioigus2022\/wp-json\/wp\/v2\/pages\/12","targetHints":{"allow":["GET"]}}],"collection":[{"href":"https:\/\/sisu.ut.ee\/autorioigus2022\/wp-json\/wp\/v2\/pages"}],"about":[{"href":"https:\/\/sisu.ut.ee\/autorioigus2022\/wp-json\/wp\/v2\/types\/page"}],"author":[{"embeddable":true,"href":"https:\/\/sisu.ut.ee\/autorioigus2022\/wp-json\/wp\/v2\/users\/273"}],"replies":[{"embeddable":true,"href":"https:\/\/sisu.ut.ee\/autorioigus2022\/wp-json\/wp\/v2\/comments?post=12"}],"version-history":[{"count":1,"href":"https:\/\/sisu.ut.ee\/autorioigus2022\/wp-json\/wp\/v2\/pages\/12\/revisions"}],"predecessor-version":[{"id":220,"href":"https:\/\/sisu.ut.ee\/autorioigus2022\/wp-json\/wp\/v2\/pages\/12\/revisions\/220"}],"wp:attachment":[{"href":"https:\/\/sisu.ut.ee\/autorioigus2022\/wp-json\/wp\/v2\/media?parent=12"}],"curies":[{"name":"wp","href":"https:\/\/api.w.org\/{rel}","templated":true}]}}