{"id":11,"date":"2024-04-04T07:40:24","date_gmt":"2024-04-04T04:40:24","guid":{"rendered":"https:\/\/sisu.ut.ee\/autorioigus2022\/91-digiplatvormid\/"},"modified":"2024-04-04T07:41:40","modified_gmt":"2024-04-04T04:41:40","slug":"91-digiplatvormid","status":"publish","type":"page","link":"https:\/\/sisu.ut.ee\/autorioigus2022\/91-digiplatvormid\/","title":{"rendered":"9.1 Digiplatvormid"},"content":{"rendered":"<p>\n\tUued digiteenuste pakkujad, sealhulgas nii sotsiaalmeedia kui ka sisu loomise ja levitamise platvormid, on loonud iga\u00fchele v\u00f5imaluse uut sisu luua ning seda oma s\u00f5prade ja tuttavate v\u00f5i lausa k\u00f5igi huvilistega jagada. Kuna autori\u00f5iguse l\u00e4vend, mille alusel otsustada, kas sisuelement tunnistada teoseks v\u00f5i mitte, on v\u00e4ga madal<sup>[150]<\/sup>, siis ulatub autorio\u0303igus t\u00e4nap\u00e4eval ko\u0303ikjale ja o\u0303igused omistatakse automaatselt mis tahes algup\u00e4rastele teostele, n\u00e4iteks s\u00e4utsudele, nutitelefoniga tehtud piltidele ja videotele, aga ka aruannetele ja kirjadele<sup>[151]<\/sup>. Digiplatvormide ja -rakenduste ning veebiteenuste tavakasutajal, kelle jaoks sisu loomine ja selle jagamine on t\u00e4iesti argine tegevus, v\u00f5ib olla raske hoomata, millal ta kellegi teise autori\u00f5igust v\u00f5i sellega kaasnevaid \u00f5igusi veebis rikub ja kuidas seda v\u00e4ltida. \u00a0\n<\/p>\n<p>\n\tKasutaja seisukohast saab veebiplatvormid liigitada laias laastus kaheks: litsentsitud sisu pakkuvad platvormid ning kasutaja loodud sisu (ingl <em>user generated content,<\/em> UGC) \u00fcleslaadimist ja jagamist v\u00f5imaldavad platvormid. Esimeste hulka kuuluvad n\u00e4iteks sellised voogedastusteenused nagu Spotify, Apple Music ja Netflix, aga ka Eesti Rahvusringh\u00e4\u00e4lingu veebikanal Jupiter. Need pakuvad laia valikut muusikat ja filme, mille edastamiseks on platvormid eeldatavasti \u2013 ehkki reaalsuses sugugi mitte alati \u2013 hankinud k\u00f5ik load. Netflix on suure osa sisust koguni ise tootnud. K\u00f5ik muusikatootjad, kes soovivad oma muusikat Spotifys avaldada, peavad kasutama m\u00f5ne digilevitaja<sup>[152]<\/sup> vahendusteenust. \u00a0\n<\/p>\n<p>\n\tKasutaja loodud sisule avatud veebiplatvormidel tekivad k\u00fcsimused sisu autori\u00f5iguse ja sellega kaasnevate \u00f5iguste kohta. Kasutaja-sisulooja peab olema kursis, mida ta tohib teha ja mida mitte, kuna ka veebiplatvormil autori\u00f5iguse rikkumine v\u00f5ib kaasa tuua kahjun\u00f5ude, kui autor v\u00f5i tema esindaja tunneb, et tema huve on kahjustatud. Praegu on populaarseim kasutajate sisuloome platvorm YouTube, kuid kiiresti on populaarsust kasvatanud ka n\u00e4iteks TikTok ja Twitch.\u00a0T\u00f5si, selleks, et TikToki muusikat \u00fcles laadida, tuleb samuti kasutada vahendajaid ehk digilevitajaid nagu Spotify ja teiste voogedastusteenuste puhul. TikTok on loonud ka oma digilevitusteenuse SoundOn, mis on praegu k\u00e4ttesaadav ainult m\u00f5nel turul (USA-s, Suurbritannias, Brasiilias ja Indoneesias).<sup>[153]<\/sup> Ka Twitchi kasutustingimustes on s\u00e4testatud, et oma sisu ilmestamiseks tohib kasutada \u00fcksnes seda muusikat, mida kasutajal on \u00f5igus kasutada, ning tuletatakse meelde, et isegi siis, kui kasutajal on tasuline konto m\u00f5nel voogedastusplatvormil, n\u00e4iteks Spotifys, ei tohi ta sealt v\u00f5etud muusikat kasutada Twitchi platvormil loodud sisus, kuna Spotify tasuline konto annab talle \u00f5iguse muusikat vaid isiklikul otstarbel kasutada ja kuulata.<sup>[154]<\/sup>\u00a0\n<\/p>\n<h4>\n\tVeebiplatvormide kasutustingimused\u00a0<br>\n<\/h4>\n<p>\n\tSee, millised \u00f5igused annab kasutaja digiplatvormile oma \u00fcleslaaditud sisuga \u00fcmber k\u00e4ia, on kindlaks m\u00e4\u00e4ratud platvormi kasutustingimustes. \u00dcldjuhul tuleb kasutajal nende tingimustega n\u00f5ustuda juba kontot luues.\u00a0\n<\/p>\n<h5>\n\t<strong>N\u00e4ide 9.1.1. Sotsiaalmeedia platvormid ja neile antav litsents\u00a0<\/strong>\n<\/h5><p>\u00dcldjoontes peavad k\u00f5ik platvormid, mille puhul on kesksel kohal kasutajate sisuloome, hankima endale v\u00e4ga laiaulatusliku loa, et neil oleks v\u00f5imalik \u00fcleslaaditud sisuga mis tahes viisil \u00fcmber k\u00e4ia (seni, kuni kasutaja seda \u00e4ra ei kustuta).\u00a0<\/p>\n<p>N\u00e4iteks Facebooki kasutustingimustega n\u00f5ustudes (vt 3.3.1. \u201ePermission to use content you create and share\u201c<sup>[155]<\/sup>) annab kasutaja oma autori\u00f5igusega kaitstud sisu jagamisel, postitamisel ja \u00fcleslaadimisel Metale lihtlitsentsi, mis kehtib k\u00f5ikjal maailmas ning mille alusel on Metal \u00f5igus sisu talletada, kasutada, levitada, modifitseerida, reprodutseerida, avalikult esitada, t\u00f5lkida ja sellest tuletatud teoseid luua.<sup>[156]<\/sup> Kui kasutaja oma sisu \u00e4ra kustutab, kaotab kehtivuse ka Metale antud litsents, v\u00e4lja arvatud teatud erandjuhtudel, mida on samas punktis t\u00e4psustatud. Seevastu Instagram hangib kasutajalt loa (see luba kuulub \u00fcksnes Instagramile ega laiene teistele platvormi kasutajatele) kasutada \u00fcleslaaditud sisu ka v\u00e4ljaspool platvormi, aga ainult juhul, kui kasutaja pole seda sisu m\u00e4rkinud privaatseks.<sup>[157]<\/sup>\u00a0<\/p>\n<p>Oluline on silmas pidada, et ehkki platvormi kasutustingimustes k\u00fcsitakse kasutajalt v\u00e4ga laiaulatuslikku litsentsi, ei ole see ainulitsents. Seega j\u00e4\u00e4b postituste ja muu sisu autorile tema autori\u00f5igus alles ning seda sisu on endiselt v\u00f5imalik kasutada ka mujal. N\u00e4iteks kui kasutaja laadib oma foto Instagrami, ei piira Instagram kuidagi kasutaja \u00f5igust laadida see foto \u00fcles ka mujale. Sama lugu on siis, kui kasutaja laadib enda video YouTube\u2019i \u2012 video loojale (eeldusel, et tal on videos kasutatud sisu suhtes k\u00f5ik \u00f5igused) j\u00e4\u00e4b \u00f5igus kasutada seda ka mujal. Niisiis, sisu platvormile \u00fcles laadides kasutaja mitte ei loovuta oma \u00f5igusi, vaid annab platvormile lihtlitsentsi oma sisu laialdaselt kasutada. \u00dcldjuhul saab selle loa l\u00f5petada sisu platvormilt kustutades.\u00a0<br>\n\n<\/p><p>\n\tSamav\u00f5rd laiaulatuslikud on ka teiste suurte veebiplatvormide kasutustingimused. Kokkuv\u00f5ttes soovivad platvormid saada kasutajatelt luba, mis h\u00f5lmaks k\u00f5iki sisu kasutamise v\u00f5imalusi, n\u00e4iteks v\u00f5imalusi, et teised kasutajad saavad sisu n\u00e4ha neile sobival ajal ning saavad seda teistele kasutajatele edasi jagada ja ka muuta, v\u00e4hemasti iga kasutaja enda m\u00e4\u00e4ratud privaatsuss\u00e4tete piires.\u00a0\n<\/p>\n<h6>\n\tRaul Ojamaa, Vaiko Eplik ja Reket YouTube\u2019ist<br>\n<\/h6>\n<p>\n\t<\/p><div class=\"ratio ratio-16x9 mb-3\"><div class=\"video-placeholder-wrapper video-placeholder-wrapper--16x9\">\n\t\t\t    <div class=\"video-placeholder d-flex justify-content-center align-items-center\">\n\t\t\t        <div class=\"overlay text-white p-2 w-100 text-center d-block justify-content-center align-items-center\">\n\t\t\t            <div>Kolmandate osapoolte sisu n\u00e4gemiseks palun n\u00f5ustu k\u00fcpsistega.<\/div>\n\t\t\t            <button class=\"btn btn-secondary btn-sm mt-1 consent-change\">Muuda n\u00f5usolekut<\/button>\n\t\t\t        <\/div>\n\t\t\t    <\/div>\n\t\t\t<\/div>\n<\/div>\n","protected":false},"excerpt":{"rendered":"<p>Uued digiteenuste pakkujad, sealhulgas nii sotsiaalmeedia kui ka sisu loomise ja levitamise platvormid, on loonud iga\u00fchele v\u00f5imaluse uut sisu luua ning seda oma s\u00f5prade ja tuttavate v\u00f5i lausa k\u00f5igi huvilistega jagada. Kuna autori\u00f5iguse l\u00e4vend, mille alusel otsustada, kas sisuelement tunnistada &#8230;<\/p>\n","protected":false},"author":273,"featured_media":0,"parent":0,"menu_order":0,"comment_status":"closed","ping_status":"closed","template":"","meta":{"_acf_changed":false,"inline_featured_image":false,"footnotes":""},"class_list":["post-11","page","type-page","status-publish","hentry"],"acf":[],"_links":{"self":[{"href":"https:\/\/sisu.ut.ee\/autorioigus2022\/wp-json\/wp\/v2\/pages\/11","targetHints":{"allow":["GET"]}}],"collection":[{"href":"https:\/\/sisu.ut.ee\/autorioigus2022\/wp-json\/wp\/v2\/pages"}],"about":[{"href":"https:\/\/sisu.ut.ee\/autorioigus2022\/wp-json\/wp\/v2\/types\/page"}],"author":[{"embeddable":true,"href":"https:\/\/sisu.ut.ee\/autorioigus2022\/wp-json\/wp\/v2\/users\/273"}],"replies":[{"embeddable":true,"href":"https:\/\/sisu.ut.ee\/autorioigus2022\/wp-json\/wp\/v2\/comments?post=11"}],"version-history":[{"count":1,"href":"https:\/\/sisu.ut.ee\/autorioigus2022\/wp-json\/wp\/v2\/pages\/11\/revisions"}],"predecessor-version":[{"id":219,"href":"https:\/\/sisu.ut.ee\/autorioigus2022\/wp-json\/wp\/v2\/pages\/11\/revisions\/219"}],"wp:attachment":[{"href":"https:\/\/sisu.ut.ee\/autorioigus2022\/wp-json\/wp\/v2\/media?parent=11"}],"curies":[{"name":"wp","href":"https:\/\/api.w.org\/{rel}","templated":true}]}}