{"id":51,"date":"2024-04-04T08:14:39","date_gmt":"2024-04-04T05:14:39","guid":{"rendered":"https:\/\/sisu.ut.ee\/autorioigus-loovisikutele\/105-teoste-esituste-ja-fonogrammide-kasutamine\/"},"modified":"2024-04-04T08:15:04","modified_gmt":"2024-04-04T05:15:04","slug":"105-teoste-esituste-ja-fonogrammide-kasutamine","status":"publish","type":"page","link":"https:\/\/sisu.ut.ee\/autorioigus-loovisikutele\/105-teoste-esituste-ja-fonogrammide-kasutamine\/","title":{"rendered":"10.5. Teoste, esituste ja fonogrammide kasutamine"},"content":{"rendered":"<p style=\"margin-left:3.35pt\">\n\tEespool selgitati, millised \u00f5igused tekivad muusikateoste, esituste ja fonogrammide suhtes muusikaettev\u00f5tluse peamistes harudes, ning t\u00e4psustati, kuidas need on omavahel seotud. K\u00e4esolevas alapeat\u00fckis l\u00e4henetaks sellele teemale aga teoste, esituste ja fonogrammide kasutaja vaatepunktist. Teatud juhtudel puudutab kasutamine \u00fcksnes muusikateost, n\u00e4iteks siis, kui seda soovitakse arran\u017eeerida v\u00f5i noodina v\u00e4lja anda. Ent enamasti puudutab kasutamine salvestatud muusikat, mis h\u00f5lmab nii autorite, teoste esitajate kui ka fonogrammitootjate \u00f5igusi. Selleks, et otsustada, millisel juhul ja kelle k\u00e4est luba k\u00fcsida ning kuidas seda teha, on vaja teada, milliseid \u00f5igusi teostatakse otse ning milliseid l\u00e4bi kollektiivse esindamise organisatsioonide.\n<\/p>\n<p style=\"margin-left:3.35pt\">\n\t<strong>Muusikateoste kasutamine<\/strong>\n<\/p>\n<p style=\"margin-left:3.35pt\">\n\tNagu \u00f6eldud, puudutab muusikateose kasutamine (s.t kasutatakse \u00fcksnes teost, mitte selle esitust ega salvestust) ainult m\u00f5nda \u00f5igust.\n<\/p>\n<ul>\n<li>\n\t\t<u>Muusikateose seadmine v\u00f5i tuletatud teose loomine<\/u>. Selleks, et teha teosele uus seade v\u00f5i luua tuletatud teos, tuleb luba saada otse autorilt v\u00f5i tema \u00f5iguste esindajalt, n\u00e4iteks muusikakirjastajalt. Kui luba on saadud, v\u00f5ib arran\u017eeerija teosest loodud uue versiooni registreerida ning saada oma panuse eest ka autoritasu, juhul kui tulevikus kasutatakse just seda seadet. Tasu m\u00e4\u00e4r EA\u00dc-s registreeritud seadete puhul on 16,67%, kuid arran\u017eeerija ja autor v\u00f5ivad kokku leppida ka teistsuguses jaotuses.\n\t<\/li>\n<li>\n\t\t<u>Muusikateose nootide loomine ja v\u00e4ljaandmine<\/u>. Luba nootide loomiseks ja v\u00e4ljaandmiseks tuleb k\u00fcsida otse autorilt v\u00f5i tema \u00f5iguste esindajalt, n\u00e4iteks muusikakirjastajalt. Noodid on autori\u00f5iguse seaduse j\u00e4rgi erilise kaitse all. Nimelt, neid ei tohi kopeerida isegi mitte isiklikul otstarbel kasutamiseks, k\u00fcll aga on lubatud koopiaid teha hariduslikel eesm\u00e4rkidel. Seega peab kollektiiv, kes vajab teose esitamiseks noote (n\u00e4iteks orkester v\u00f5i koor), need igaks ettekandeks rentima.\n\t<\/li>\n<li>\n\t\t<u>Muusikateoste avalik esitamine<\/u> h\u00f5lmab ka teoste esitamist, ent kui esitust ei salvestata, siis ei teki autori\u00f5igusega kaasnevate \u00f5iguste m\u00f5ttes esitaja \u00f5igusi (v.a isiklik \u00f5igus esitajanimele). Loa muusikateost avalikult esitada hangib kontserdikorraldaja EA\u00dc-st ning hiljem esitab selle kasutamise kohta finants- ja repertuaariaruande. Selleks, et kontserdikorraldaja saaks esitada korrektse repertuaariaruande, peavad esitajad andma talle t\u00e4psed andmed.\n\t<\/li>\n<\/ul>\n<p>\n\t<strong>Esituse salvestamine, (taas)edastamine ja kasutamine<\/strong>\n<\/p>\n<p style=\"margin-left:3.35pt\">\n\tKuna esitus h\u00f5lmab alati ka muusikateoseid, on selle puhul tegemist kahe eraldi \u00f5iguste komplektiga, v.a juhul, kui esitatavaid teoseid autori\u00f5igus enam ei kaitse v\u00f5i polegi kunagi kaitsnud (n\u00e4iteks Mozarti teosed ja rahvalooming). Selles osas k\u00e4sitletakse ainult neid kasutusviise, kui esitus ka salvestatakse v\u00f5i (taas)edastatakse \u2013 teisis\u00f5nu, kasutatakse esitaja \u00f5igusi.\n<\/p>\n<ul>\n<li>\n\t\t<u>Esituse salvestamine<\/u>\n<ul>\n<li>\n\t\t\t\tKui fonogrammitootja salvestab esituse ning soovib selle ka v\u00e4lja anda ja seda levitada, tuleb tal vormistada asjakohane leping.\n\t\t\t<\/li>\n<li>\n\t\t\t\tKui esituse salvestab keegi kontserdik\u00fclastajatest, n\u00e4iteks oma nutiseadmega, siis s\u00f5ltub loa vajadus sellest, mida ta kavatseb salvestisega peale hakata. Kui ta vaatab v\u00f5i kuulab seda ainult ise, pole luba k\u00fcsida vaja. Ent niipea, kui ta otsustab salvestatud heli- v\u00f5i videofaili avalikult jagada, n\u00e4iteks oma sotsiaalmeedia kontol, on tegemist esitaja \u00f5iguste kasutamisega ning esitajalt on vaja luba saada. M\u00f5nikord antakse kontserdik\u00fclastajatele juba enne kontserdi algust teada, kas ja millistel tingimustel nad tohivad laval toimuvat salvestada. Kui sellist \u00fcldist luba ei anta, tuleks igal k\u00fclastajal, kes soovib klippi sotsiaalmeedias n\u00e4idata, p\u00e4rast kontserti eraldi esineja k\u00e4est luba k\u00fcsida \u2013 selline olukord on aga \u00fcsna ebat\u00f5en\u00e4oline. Igal juhul, klippi ilma loata jagades tuleb arvestada v\u00f5imalusega, et artisti esindaja palub selle eemaldada.\n\t\t\t<\/li>\n<\/ul>\n<\/li>\n<li>\n\t\t<u><span lang=\"ET\"><span style=\"line-height:115%\"><span>Esituse edastamine<\/span><\/span><\/span><\/u><span lang=\"ET\"><span style=\"line-height:115%\"><span> t\u00e4hendab esituse otse\u00fclekannet raadio- v\u00f5i telekanali vahendusel v\u00f5i muul viisil, n\u00e4iteks <i>live stream\u2019<\/i>ina. Edastamise \u00f5igus puudutab just esituse otsest \u00fclekandmist, mitte salvestamist. Kui edastuse k\u00e4igus esitus ka salvestatakse, n\u00e4iteks selleks, et see hiljem kordussaatena eetrisse anda, tuleb m\u00e4ngu salvestamise \u00f5igus, mille teostamiseks on vaja eraldi luba. Ja kui salvestus tehaks veebis j\u00e4relvaadatavaks, on puudutatud juba <u>\u00fcldsusele k\u00e4ttesaadavaks tegemise \u00f5igus<\/u> ning sellegi teostamiseks on vaja luba. Ringh\u00e4\u00e4linguorganisatsioon v\u00f5i m\u00f5ni teine isik, kes soovib kontsertesitust edastada, selle salvestada ja hiljem ka j\u00e4relvaadatavaks teha, peab esitajalt saama loa k\u00f5igi nende \u00f5iguste kasutamiseks. Kui esitus on edastamise k\u00e4igus salvestatud ning \u00f5igusp\u00e4raselt, s.t esitaja loal, \u00fcldsusele suunatud, siis on esitajal \u00f5igus salvestise kasutamise eest tasu saada. Seda tasu kogub Eesti Esitajate Liit. Kontsertsalvestuste avaldamiseks veebilehel on EA\u00dc loonud uue litsentsi.<sup>[178]<\/sup><\/span><\/span><\/span>\n\t<\/li>\n<\/ul>\n<p>\n\t<strong>Salvestatud muusika kasutamine<\/strong>\n<\/p>\n<p>\n\tFonogrammide kasutamisel kasutatakse alati ka neil kuuldavaid muusikateoseid ja nende esitusi. Seega tuleb saada vajalikud load k\u00f5igilt \u00f5iguste omajatelt. Allj\u00e4rgnevalt on avatud peamised fonogrammide kasutamise ja selle eest tasu kogumise viisid.\n<\/p>\n<ul>\n<li>\n\t\t<u>Avalik esitamine<\/u> \u2013 h\u00f5lmab salvestatud muusika m\u00e4ngimist taustaks, tantsuks v\u00f5i muul eesm\u00e4rgil mis tahes \u00fcldsusele avatud kohas, n\u00e4iteks restoranis, kohvikus, kaupluses, juuksurisalongis, klubis v\u00f5i spordisaalis. Sellistes kohtades fonogrammi avalikuks esitamiseks tuleb s\u00f5lmida KEO-ga litsentsileping ja maksta talle litsentsitasu, kuna neid \u00f5igusi fonogrammitootjad, esitajad ega autorid ise otse ei teosta. Seejuures pole oluline, millise tehnilise vahendiga muusikat m\u00e4ngitakse, ka raadiost v\u00f5i telerist taustamuusika laskmine on k\u00e4sitletav avaliku esitamisena. Olgu \u00f6eldud, et topelttasustamise ohtu siin siiski ei teki, kuna raadio- ja telekanalid maksavad selle eest, et muusikat edastada, ning see ei h\u00f5lma avaliku esitamise \u00f5igust. K\u00fcll aga ei tohi \u00fcldsusele avatud kohas taustamuusika m\u00e4ngimiseks kasutada oma isiklikku voogedastusteenuse kontot, kuna selleks kasutajale luba ehk litsentsi antud ei ole.\n\t<\/li>\n<li>\n\t\t<u>Reprodutseerimine<\/u> \u2013 teatud juhtudel on salvestiste t\u00f6\u00f6alaseks kasutamiseks tarvis teha neist koopiad. Seda tuleb ette n\u00e4iteks DJ-del, treeneritel ning taustamuusika s\u00fcsteemide ja <i>jukebox<\/i>\u2019ide paigaldajatel ja kasutajatel. Sellisel juhul tuleb taotleda luba k\u00f5igilt \u00f5iguste omajatelt, s\u00f5lmida nendega litsentsileping ning maksta neile k\u00f5igile ka \u00fchekordne reprodutseerimise tasu. Seda \u00f5igust teostavad \u00f5iguste omajate nimel KEO-d.\n\t<\/li>\n<li>\n\t\t<u>S\u00fcnkroniseerimine<\/u> \u2013 muusika kasutamine audiovisuaalteoses.<sup>[179] <\/sup>Uue muusika loomine tellimuse peale h\u00f5lmab otsekokkuleppeid autorite ja tootjatega, nemad korraldavad muu hulgas salvestamise ja kaasavad esitajad. Siin k\u00e4sitletakse juba olemasoleva salvestatud muusika kasutamist. S\u00fcnkroniseerimis\u00f5iguse litsentsimise praktika on riigiti erinev: m\u00f5nes riigis v\u00f5ib s\u00fcnkroniseerimis\u00f5iguse teostamine olla antud KEO-le, m\u00f5nes teises riigis on aga kogu s\u00fcnkroniseerimise valdkond otselitsentsitav. Eestis teostab teatud autorite puhul s\u00fcnkroniseerimis\u00f5igust EA\u00dc ning fonogrammitootja \u00f5igustest v\u00f5ib EF\u00dc teostada erikokkuleppe alusel telesaadete s\u00fcnkroniseerimise \u00f5igust. Esitaja \u00f5igused on eeldatavasti \u00fcle antud fonogrammitootjale, sest vastasel juhul puuduks tal \u00f5igus fonogramme levitada ja neid muul viisil avaldada.\n\t<\/li>\n<\/ul>\n<p>\n\t\u00a0\n<\/p>\n<table class=\"table table-hover\" border=\"1\" style=\"border-collapse: collapse;width: 100%\">\n<tbody>\n<tr style=\"height:15.0pt\">\n<td style=\"width: 167pt\" width=\"223\">\n<p style=\"padding:0cm5.4pt0cm5.4pt\">\n\t\t\t\t\t<span style=\"line-height:normal\"><span style=\"height:15.0pt\"><b>S\u00dcNK.\u00d5IGUSE KASUTUS<\/b><\/span><\/span>\n\t\t\t\t<\/p>\n<\/td>\n<td style=\"width: 146.9pt;border-left: none\" width=\"196\">\n<p style=\"padding:0cm5.4pt0cm5.4pt\">\n\t\t\t\t\t<span style=\"line-height:normal\"><span style=\"height:15.0pt\"><b>Muusikateose litsents<\/b><\/span><\/span>\n\t\t\t\t<\/p>\n<\/td>\n<td style=\"width: 154.1pt;border-left: none\" width=\"205\">\n<p style=\"padding:0cm5.4pt0cm5.4pt\">\n\t\t\t\t\t<span style=\"line-height:normal\"><span style=\"height:15.0pt\"><b>Fonogrammi litsents<\/b><\/span><\/span>\n\t\t\t\t<\/p>\n<\/td>\n<\/tr>\n<tr style=\"height:15.0pt\">\n<td style=\"width:167.0pt;border:solidblack1.0pt;border-top:none\" width=\"223\">\n<p style=\"padding:0cm5.4pt0cm5.4pt\">\n\t\t\t\t\t<span style=\"line-height:normal\"><span style=\"height:15.0pt\">Filmis, teleseriaalis<\/span><\/span>\n\t\t\t\t<\/p>\n<\/td>\n<td style=\"width:146.9pt;border-top:none;border-left:none;border-bottom:solidblack1.0pt;border-right:solidblack1.0pt\" width=\"196\">\n<p style=\"padding:0cm5.4pt0cm5.4pt\">\n\t\t\t\t\t<span style=\"line-height:normal\"><span style=\"height:15.0pt\">EA\u00dc<\/span><\/span>\n\t\t\t\t<\/p>\n<\/td>\n<td style=\"width:154.1pt;border-top:none;border-left:none;border-bottom:solidblack1.0pt;border-right:solidblack1.0pt\" width=\"205\">\n<p style=\"padding:0cm5.4pt0cm5.4pt\">\n\t\t\t\t\t<span style=\"line-height:normal\"><span style=\"height:15.0pt\">Otse \u00f5iguste omajalt<\/span><\/span>\n\t\t\t\t<\/p>\n<\/td>\n<\/tr>\n<tr style=\"height:15.0pt\">\n<td style=\"width:167.0pt;border:solidblack1.0pt;border-top:none\" width=\"223\">\n<p style=\"padding:0cm5.4pt0cm5.4pt\">\n\t\t\t\t\t<span style=\"line-height:normal\"><span style=\"height:15.0pt\">Reklaamis<\/span><\/span>\n\t\t\t\t<\/p>\n<\/td>\n<td style=\"width:146.9pt;border-top:none;border-left:none;border-bottom:solidblack1.0pt;border-right:solidblack1.0pt\" width=\"196\">\n<p style=\"padding:0cm5.4pt0cm5.4pt\">\n\t\t\t\t\t<span style=\"line-height:normal\"><span style=\"height:15.0pt\">Otse \u00f5iguste omajalt<\/span><\/span>\n\t\t\t\t<\/p>\n<\/td>\n<td style=\"width:154.1pt;border-top:none;border-left:none;border-bottom:solidblack1.0pt;border-right:solidblack1.0pt\" width=\"205\">\n<p style=\"padding:0cm5.4pt0cm5.4pt\">\n\t\t\t\t\t<span style=\"line-height:normal\"><span style=\"height:15.0pt\">Otse \u00f5iguste omajalt<\/span><\/span>\n\t\t\t\t<\/p>\n<\/td>\n<\/tr>\n<tr style=\"height:15.0pt\">\n<td style=\"width:167.0pt;border:solidblack1.0pt;border-top:none\" width=\"223\">\n<p style=\"padding:0cm5.4pt0cm5.4pt\">\n\t\t\t\t\t<span style=\"line-height:normal\"><span style=\"height:15.0pt\">Telesaates<\/span><\/span>\n\t\t\t\t<\/p>\n<\/td>\n<td style=\"width:146.9pt;border-top:none;border-left:none;border-bottom:solidblack1.0pt;border-right:solidblack1.0pt\" width=\"196\">\n<p style=\"padding:0cm5.4pt0cm5.4pt\">\n\t\t\t\t\t<span style=\"line-height:normal\"><span style=\"height:15.0pt\">EA\u00dc<\/span><\/span>\n\t\t\t\t<\/p>\n<\/td>\n<td style=\"width:154.1pt;border-top:none;border-left:none;border-bottom:solidblack1.0pt;border-right:solidblack1.0pt\" width=\"205\">\n<p style=\"padding:0cm5.4pt0cm5.4pt\">\n\t\t\t\t\t<span style=\"line-height:normal\"><span style=\"height:15.0pt\">Otse \u00f5iguste omajalt v\u00f5i erikokkuleppe alusel EF\u00dc-lt<\/span><\/span>\n\t\t\t\t<\/p>\n<\/td>\n<\/tr>\n<tr style=\"height:15.0pt\">\n<td style=\"width:167.0pt;border:solidblack1.0pt;border-top:none\" width=\"223\">\n<p style=\"padding:0cm5.4pt0cm5.4pt\">\n\t\t\t\t\t<span style=\"line-height:normal\"><span style=\"height:15.0pt\">Arvutim\u00e4ngudes<\/span><\/span>\n\t\t\t\t<\/p>\n<\/td>\n<td style=\"width:146.9pt;border-top:none;border-left:none;border-bottom:solidblack1.0pt;border-right:solidblack1.0pt\" width=\"196\">\n<p style=\"padding:0cm5.4pt0cm5.4pt\">\n\t\t\t\t\t<span style=\"line-height:normal\"><span style=\"height:15.0pt\">Otse \u00f5iguste omajalt<\/span><\/span>\n\t\t\t\t<\/p>\n<\/td>\n<td style=\"width:154.1pt;border-top:none;border-left:none;border-bottom:solidblack1.0pt;border-right:solidblack1.0pt\" width=\"205\">\n<p style=\"padding:0cm5.4pt0cm5.4pt\">\n\t\t\t\t\t<span style=\"line-height:normal\"><span style=\"height:15.0pt\">Otse \u00f5iguste omajalt<\/span><\/span>\n\t\t\t\t<\/p>\n<\/td>\n<\/tr>\n<\/tbody>\n<\/table>\n<h3>\n\t\u00d5iguste kollektiivne teostamine muusikavaldkonnas<br>\n<\/h3>\n<p>\n\tNii autoritel, esitajatel kui ka fonogrammitootjatel on iga\u00fchel oma kollektiivse esindamise organisatsioon ehk KEO, kes teostab mitmeid oma liikmete \u00f5igusi. Eestis tegutsevad <b>Eesti Autorite \u00dching (EA\u00dc)<\/b>, <b>Eesti Esitajate Liit (EEL) <\/b>ja <b>Eesti Fonogrammitootjate \u00dching (EF\u00dc)<\/b>. Kuna esituste kasutamine on lahutamatult seotud fonogrammide kasutamisega, on EEL ja EF\u00dc t\u00f6\u00f6tanud v\u00e4lja \u00fchise litsentsimise s\u00fcsteemi: olenevalt kasutusviisist tuleb luba taotleda ja tasu maksta vaid \u00fchele neist ning see katab nii esitaja kui ka fonogrammitootja \u00f5iguste kasutamise.\n<\/p>\n<p>\n\tKEO-de tegevust reguleerivad suuresti autori\u00f5iguse seadus ja \u00fchingute enda p\u00f5hikirjad. KEO-dega liitumine ei ole kohustuslik, kuid tuleb arvesse v\u00f5tta, et teatud \u00f5iguste teostamine otse, ilma \u00fchingu vahenduseta, on v\u00e4ga keeruline ja ebaotstarbekas. KEO liikmeks astumisel s\u00f5lmitakse liikmeleping, milles on t\u00e4pselt kindlaks m\u00e4\u00e4ratud, milliseid \u00f5igusi KEO oma liikmete eest teostab ja milliseid mitte. KEO-de p\u00f5hitegevused on tariifide suuruse m\u00e4\u00e4ramine, partneritega l\u00e4bir\u00e4\u00e4kimine, litsentsilepingute s\u00f5lmimine ning tasude kogumine ja jaotamine. (KEO-de kohta vt 8. peat\u00fckki.)\n<\/p>\n<p>\n\t<strong>Eesti Autorite \u00dching<\/strong>\n<\/p>\n<p>\n\tEesti Autorite \u00dchingul on \u00fcle 5000 liikme, kellest enamik on muusikateoste autorid. EA\u00dc teostab oma liikmete nimel mitmeid, kuid mitte k\u00f5iki \u00f5igusi (joonis 10.11). T\u00e4psem info litsentsilepingute ja tariifide kohta on leitav EA\u00dc kodulehelt (<a href=\"https:\/\/www.eau.org\/teoste-kasutajale\/).\">https:\/\/www.eau.org\/teoste-kasutajale\/)<\/a>.\n<\/p>\n<p>\n\t<img loading=\"lazy\" decoding=\"async\" width=\"1100\" height=\"623\" class=\"alignnone wp-image-65\" src=\"https:\/\/sisu.ut.ee\/wp-content\/uploads\/sites\/584\/pt10.12-joonis.png\" title=\"pt10.12-joonis.png\" alt=\"Joonis 10.12. Autoritele kuuluvate \u00f5iguste kollektiivne ja otseteostamine\" srcset=\"https:\/\/sisu.ut.ee\/wp-content\/uploads\/sites\/584\/pt10.12-joonis.png 1100w, https:\/\/sisu.ut.ee\/wp-content\/uploads\/sites\/584\/pt10.12-joonis-300x170.png 300w, https:\/\/sisu.ut.ee\/wp-content\/uploads\/sites\/584\/pt10.12-joonis-1024x580.png 1024w, https:\/\/sisu.ut.ee\/wp-content\/uploads\/sites\/584\/pt10.12-joonis-768x435.png 768w\" sizes=\"auto, (max-width: 1100px) 100vw, 1100px\">\n<\/p>\n<p>\n\tJoonis 10.12. Autoritele kuuluvate \u00f5iguste kollektiivne ja otseteostamine\n<\/p>\n<p>\n\t<strong>Eesti Esitajate Liit ja Eesti Fonogrammitootjate \u00dching<\/strong>\n<\/p>\n<p>\n\tNagu viidatud, on EEL ja EF\u00dc korraldanud fonogrammide ja neis k\u00e4tketud esituste litsentsimist enamasti \u00fchiselt (joonis 10.13).\n<\/p>\n<p>\n\t<img loading=\"lazy\" decoding=\"async\" width=\"4480\" height=\"2520\" class=\"alignnone wp-image-69\" src=\"https:\/\/sisu.ut.ee\/wp-content\/uploads\/sites\/584\/screenshot_2022-12-01_at_17.42.36.png\" title=\"EF\u00dc ja EEL\" alt=\"EF\u00dc-EEL\" srcset=\"https:\/\/sisu.ut.ee\/wp-content\/uploads\/sites\/584\/screenshot_2022-12-01_at_17.42.36.png 4480w, https:\/\/sisu.ut.ee\/wp-content\/uploads\/sites\/584\/screenshot_2022-12-01_at_17.42.36-300x169.png 300w, https:\/\/sisu.ut.ee\/wp-content\/uploads\/sites\/584\/screenshot_2022-12-01_at_17.42.36-1024x576.png 1024w, https:\/\/sisu.ut.ee\/wp-content\/uploads\/sites\/584\/screenshot_2022-12-01_at_17.42.36-768x432.png 768w, https:\/\/sisu.ut.ee\/wp-content\/uploads\/sites\/584\/screenshot_2022-12-01_at_17.42.36-1536x864.png 1536w, https:\/\/sisu.ut.ee\/wp-content\/uploads\/sites\/584\/screenshot_2022-12-01_at_17.42.36-2048x1152.png 2048w, https:\/\/sisu.ut.ee\/wp-content\/uploads\/sites\/584\/screenshot_2022-12-01_at_17.42.36-1920x1080.png 1920w\" sizes=\"auto, (max-width: 4480px) 100vw, 4480px\">\n<\/p>\n<p>\n\tJoonis 10.13. Esitajate ja fonogrammitootjate \u00f5iguste kollektiivne ja otseteostamine\n<\/p>\n<h5>\n\t<strong>N\u00e4ide. Salvestatud muusika tootmine ning v\u00e4ljaandmine f\u00fc\u00fcsilise albumina ja digitaalselt<\/strong><br>Fonogrammitootja soovib salvestada ja v\u00e4lja anda teatud autorite loomingut. See puudutab nii muusikateoste <u>reprodutseerimise \u00f5igust<\/u> (salvestamine ja salvestistest koopiate tegemine ehk tira\u017eeerimine) kui ka <u>levitamise \u00f5igust<\/u> (f\u00fc\u00fcsiliste koopiate m\u00fc\u00fcmine). M\u00f5lemat \u00f5igust teostab autorite nimel EA\u00dc. Fonogrammitootja p\u00f6\u00f6rdub loa saamiseks EA\u00dc poole, t\u00e4ites avalduse, milles m\u00e4rgib \u00e4ra, milliseid teoseid on tal kavas salvestada ning millises mahus ja millise hinnaga ta kavatseb salvestist toota ja levitada. Selle p\u00f5hjal arvutab EA\u00dc v\u00e4lja litsentsitasu, mis fonogrammitootjal tuleb tasuda. Kordustiraa\u017ei puhul tehakse l\u00e4bi samad sammud. Loodud f\u00fc\u00fcsiliste koopiate m\u00fc\u00fcmise ja muul viisil levitamise pealt ei pea fonogrammitootja enam autoritele tasuma, sest see on algse litsentsitasuga juba kaetud.<br><img loading=\"lazy\" decoding=\"async\" width=\"1100\" height=\"623\" class=\"alignnone wp-image-67\" src=\"https:\/\/sisu.ut.ee\/wp-content\/uploads\/sites\/584\/pt10.14-joonis.png\" title=\"pt10.14-joonis.png\" alt=\"Joonis 10.14. Muusikateoste, esituste ja fonogrammide litsentsimine.\" srcset=\"https:\/\/sisu.ut.ee\/wp-content\/uploads\/sites\/584\/pt10.14-joonis.png 1100w, https:\/\/sisu.ut.ee\/wp-content\/uploads\/sites\/584\/pt10.14-joonis-300x170.png 300w, https:\/\/sisu.ut.ee\/wp-content\/uploads\/sites\/584\/pt10.14-joonis-1024x580.png 1024w, https:\/\/sisu.ut.ee\/wp-content\/uploads\/sites\/584\/pt10.14-joonis-768x435.png 768w\" sizes=\"auto, (max-width: 1100px) 100vw, 1100px\"><br>Joonis 10.14. Muusikateoste, esituste ja fonogrammide litsentsimine.\n<\/h5><p>Salvestiste levitamine digitaalsel kujul, n\u00e4iteks voogedastusplatvormil, puudutab <u>\u00fcldsusele k\u00e4ttesaadavaks tegemise \u00f5igust<\/u>. Ka seda \u00f5igust teostab EA\u00dc, kuid tasu kogutakse otse digiplatvormidelt, mitte fonogrammitootjate k\u00e4est. Keskmiselt l\u00e4heb voogedastusplatvormi \u00f5iguste omajatele suunatud tuludest autoritele 15\u201320%. Kogutud tasust arvestab EA\u00dc maha vahendustasu, mis \u00fcldjoontes on umbes 20%, ja \u00fclej\u00e4\u00e4nu jaotab autorite vahel.<br><img loading=\"lazy\" decoding=\"async\" width=\"1399\" height=\"730\" class=\"alignnone wp-image-68\" src=\"https:\/\/sisu.ut.ee\/wp-content\/uploads\/sites\/584\/pt10.15-joonis.png\" title=\"pt10.15-joonis.png\" alt=\"Joonis 10.15. Muusikateoste, esituste ja fonogrammide litsentsimine digiplatvomidel.\" srcset=\"https:\/\/sisu.ut.ee\/wp-content\/uploads\/sites\/584\/pt10.15-joonis.png 1399w, https:\/\/sisu.ut.ee\/wp-content\/uploads\/sites\/584\/pt10.15-joonis-300x157.png 300w, https:\/\/sisu.ut.ee\/wp-content\/uploads\/sites\/584\/pt10.15-joonis-1024x534.png 1024w, https:\/\/sisu.ut.ee\/wp-content\/uploads\/sites\/584\/pt10.15-joonis-768x401.png 768w\" sizes=\"auto, (max-width: 1399px) 100vw, 1399px\"><br>Joonis 10.15. Muusikateoste, esituste ja fonogrammide litsentsimine digiplatvomidel.<br>\n\n<\/p><p>\n\t\u00a0\n<\/p>\n<p>\n\t\u00a0\n<\/p>\n<p>\n\t\u00a0\n<\/p>\n<p>\n\t\u00a0<\/p>\n","protected":false},"excerpt":{"rendered":"<p>Eespool selgitati, millised \u00f5igused tekivad muusikateoste, esituste ja fonogrammide suhtes muusikaettev\u00f5tluse peamistes harudes, ning t\u00e4psustati, kuidas need on omavahel seotud. K\u00e4esolevas alapeat\u00fckis l\u00e4henetaks sellele teemale aga teoste, esituste ja fonogrammide kasutaja vaatepunktist. Teatud juhtudel puudutab kasutamine \u00fcksnes muusikateost, n\u00e4iteks siis, &#8230;<\/p>\n","protected":false},"author":292,"featured_media":0,"parent":0,"menu_order":0,"comment_status":"closed","ping_status":"closed","template":"","meta":{"_acf_changed":false,"inline_featured_image":false,"footnotes":""},"class_list":["post-51","page","type-page","status-publish","hentry"],"acf":[],"_links":{"self":[{"href":"https:\/\/sisu.ut.ee\/autorioigus-loovisikutele\/wp-json\/wp\/v2\/pages\/51","targetHints":{"allow":["GET"]}}],"collection":[{"href":"https:\/\/sisu.ut.ee\/autorioigus-loovisikutele\/wp-json\/wp\/v2\/pages"}],"about":[{"href":"https:\/\/sisu.ut.ee\/autorioigus-loovisikutele\/wp-json\/wp\/v2\/types\/page"}],"author":[{"embeddable":true,"href":"https:\/\/sisu.ut.ee\/autorioigus-loovisikutele\/wp-json\/wp\/v2\/users\/292"}],"replies":[{"embeddable":true,"href":"https:\/\/sisu.ut.ee\/autorioigus-loovisikutele\/wp-json\/wp\/v2\/comments?post=51"}],"version-history":[{"count":1,"href":"https:\/\/sisu.ut.ee\/autorioigus-loovisikutele\/wp-json\/wp\/v2\/pages\/51\/revisions"}],"predecessor-version":[{"id":134,"href":"https:\/\/sisu.ut.ee\/autorioigus-loovisikutele\/wp-json\/wp\/v2\/pages\/51\/revisions\/134"}],"wp:attachment":[{"href":"https:\/\/sisu.ut.ee\/autorioigus-loovisikutele\/wp-json\/wp\/v2\/media?parent=51"}],"curies":[{"name":"wp","href":"https:\/\/api.w.org\/{rel}","templated":true}]}}