{"id":49,"date":"2024-04-04T08:14:39","date_gmt":"2024-04-04T05:14:39","guid":{"rendered":"https:\/\/sisu.ut.ee\/autorioigus-loovisikutele\/103-kontserdikorraldus-ja-autorioigus\/"},"modified":"2024-04-04T08:15:04","modified_gmt":"2024-04-04T05:15:04","slug":"103-kontserdikorraldus-ja-autorioigus","status":"publish","type":"page","link":"https:\/\/sisu.ut.ee\/autorioigus-loovisikutele\/103-kontserdikorraldus-ja-autorioigus\/","title":{"rendered":"10.3. Kontserdikorraldus ja autori\u00f5igus"},"content":{"rendered":"<p>\n\tKontserdikorralduse sektor (ingl <em>live music sector<\/em>) h\u00f5lmab k\u00f5ikv\u00f5imalikke tegevusi, mille keskmes on muusikateoste kontsertesituste korraldamine: alates festivalide ja ringreiside korraldamisest kuni kontserdipaikade ja klubide haldamiseni.\n<\/p>\n<p>\n\t<img loading=\"lazy\" decoding=\"async\" width=\"800\" height=\"450\" class=\"alignnone wp-image-62\" src=\"https:\/\/sisu.ut.ee\/wp-content\/uploads\/sites\/584\/pt10.8-joonis.jpg\" title=\"pt10.8-joonis.jpg\" alt=\"Joonis 10.8\" srcset=\"https:\/\/sisu.ut.ee\/wp-content\/uploads\/sites\/584\/pt10.8-joonis.jpg 800w, https:\/\/sisu.ut.ee\/wp-content\/uploads\/sites\/584\/pt10.8-joonis-300x169.jpg 300w, https:\/\/sisu.ut.ee\/wp-content\/uploads\/sites\/584\/pt10.8-joonis-768x432.jpg 768w\" sizes=\"auto, (max-width: 800px) 100vw, 800px\">\n<\/p>\n<p>\n\tJoonis 10.8\n<\/p>\n<p>\n\t<img loading=\"lazy\" decoding=\"async\" width=\"800\" height=\"450\" class=\"alignnone wp-image-63\" src=\"https:\/\/sisu.ut.ee\/wp-content\/uploads\/sites\/584\/pt10.9-joonis.jpg\" title=\"pt10.9-joonis.jpg\" alt=\"Joonis 10.9\" srcset=\"https:\/\/sisu.ut.ee\/wp-content\/uploads\/sites\/584\/pt10.9-joonis.jpg 800w, https:\/\/sisu.ut.ee\/wp-content\/uploads\/sites\/584\/pt10.9-joonis-300x169.jpg 300w, https:\/\/sisu.ut.ee\/wp-content\/uploads\/sites\/584\/pt10.9-joonis-768x432.jpg 768w\" sizes=\"auto, (max-width: 800px) 100vw, 800px\">\n<\/p>\n<p>\n\tJoonis 10.9\n<\/p>\n<p>\n\tKontserdikorraldus puutub autori\u00f5iguse ja sellega kaasnevate \u00f5igustega kokku j\u00e4rgmistes aspektides.\n<\/p>\n<ul>\n<li>\n\t\tMuusikateose esitamine elavas ettekandes on autorile kuuluva <u>avaliku esitamise \u00f5iguse<\/u> kasutamine ning selleks tuleb saada temalt luba (litsents) ja maksta teose esitamise eest talle tasu. Selle \u00f5iguse raames esindavad autoreid igal pool maailmas KEO-d, Eestis t\u00e4idab seda \u00fclesannet Eesti Autorite \u00dching.\n\t<\/li>\n<li>\n\t\tJuhul, kui kontsertesitus salvestatakse, kasutatakse autorile kuuluvat muusikateose <u>reprodutseerimise \u00f5igust<\/u>, ning olenevalt sellest, mida salvestisega p\u00e4rast edasi tehakse, ka <u>levitamise \u00f5igust<\/u> ja <u>\u00fcldsusele k\u00e4ttesaadavaks tegemise \u00f5igust<\/u>. Peale selle kasutatakse esitaja \u00f5igust tema <u>esitus salvestada<\/u>. Niisugustel puhkudel on tarvis saada autorite ja esitajate luba.\n\t<\/li>\n<li>\n\t\tKui kontsertesitust kannab \u00fcle ringh\u00e4\u00e4linguorganisatsioon, n\u00e4iteks raadio- v\u00f5i telejaam, kasutatakse nii autorite kui ka esitajate \u00f5igust nende <u>teoseid v\u00f5i esitusi (taas)edastada<\/u>. Ka sellistel puhkudel on tarvis autorite ja esitajate luba.\n\t<\/li>\n<\/ul>\n<p>\n\t<strong>Muusikateoste kontsertesituseks s\u00f5lmitav litsentsileping ja aruandlus<\/strong>\n<\/p>\n<p>\n\tKontserdikorraldaja vastutab selle eest, et autorite loomingu kasutamiseks oleks EA\u00dc-ga s\u00f5lmitud litsentsileping, ning p\u00e4rast kontserdi toimumist esitab ta EA\u00dc-le selle kohta nii finants- kui ka repertuaariaruande.\n<\/p>\n<p>\n\tAutoritasu suuruse arvutamine s\u00f5ltub sellest, kas \u00fcritus on piletiga v\u00f5i tasuta, ning mingil m\u00e4\u00e4ral ka sellest, millist repertuaari esitatakse. EA\u00dc kodulehel on \u00fcleval t\u00e4pne ja ajakohane teave tariifide ja arvutusloogika kohta. <sup>[171]<\/sup> Kui tegemist on piletiga \u00fcritusega, siis arvutatakse autoritasu teatud protsendina piletim\u00fc\u00fcgitulust. \u00dcldjuhul on see 5% (ilma k\u00e4ibemaksuta), ent teatud juhtudel 9% (s\u00fcmfoonilised ja vokaals\u00fcmfoonilised teosed), 7% (kammer- ja kooriteosed) v\u00f5i 2,5% (laste\u00fcritustel laste esitatud lastelaulud). V\u00e4ikese m\u00fc\u00fcgituluga \u00fcrituste puhul on m\u00e4\u00e4ratud miinimumtasu (vt EA\u00dc kodulehte). Kui \u00fcritus on k\u00fclastajatele tasuta, arvutatakse autoritasu k\u00fclastajate arvu p\u00f5hjal.\n<\/p>\n<p>\n\tKoolikontserdi ehk \u00f5ppet\u00f6\u00f6 raames korraldatava kontserdi puhul on tegemist teose vaba kasutuse erandiga ning korraldajal ei ole tarvis kelleltki luba k\u00fcsida ega teoste kasutamise eest tasu maksta. Koolikontserdi puhul eeldatakse, et pileteid avalikult ei m\u00fc\u00fcda ja osalejate ring on v\u00e4ga piiratud: publikuks on valdavalt \u00f5pilased, \u00f5petajad ja lapsevanemad.\n<\/p>\n<p>\n\t<strong>Luba kontsertide salvestamiseks ja \u00fclekandmiseks<\/strong>\n<\/p>\n<p>\n\tKui kontsert on kavas salvestada v\u00f5i ka \u00fcle kanda (n\u00e4iteks raadio, televisiooni v\u00f5i muu kanali vahendusel), tuleb kontserdikorraldajal k\u00fcsida k\u00f5igilt esinejatelt selleks luba. Kui tegemist on kollektiiviga, piisab loa k\u00fcsimisest kollektiivi juhilt v\u00f5i esindajalt, tingimusel, et kollektiivi liikmed \u00fchiselt kokku leppinud ja juhile vastava volituse andnud. Kui kontsert on salvestatud ning kontserdikorraldaja soovib seda mingil kujul avaldada ja levitada (n\u00e4iteks kodulehel v\u00f5i digiplatvormil), siis t\u00e4idab ta \u00fchtlasi fonogrammitootja rolli. Esitajatelt saadav luba peab sellisel juhul lisaks kontserdi salvestamise \u00f5igusele katma ka \u00f5iguse salvestist mis tahes viisil avaldada ja levitada.\n<\/p>\n<p>\n\tRingh\u00e4\u00e4linguorganisatsioonid (n\u00e4iteks raadio- ja telejaamad), kes soovivad kontserti edastada ehk eetrisse anda ning taasedastamise eesm\u00e4rgil selle ka salvestada (n\u00e4iteks \u00fclekande kordamiseks), peavad samuti saama esitajatelt loa. Raadio- ja telejaamadel on tavaliselt s\u00f5lmitud EA\u00dc-ga litsentsileping, mis h\u00f5lmab k\u00f5iki eetrisse antava repertuaariga seotud \u00f5igusi. \u00dchtlasi esitavad raadio- ja telejaamad ning kaabelleviv\u00f5rgu operaatorid igal kuul repertuaariaruande<sup>[172]<\/sup> ja maksavad selle p\u00f5hjal autoritasu.\u00a0\n<\/p>\n<p>\n\t<strong>Esinemistasud ja esitajatasud<\/strong>\n<\/p>\n<p>\n\tOluline on eristada <u>esinemistasusid<\/u>, mida kontserdikorraldaja maksab k\u00f5ikidele esinejatele otse ja vastavalt nendega s\u00f5lmitud kokkuleppele, ning <u>esitajatasusid<\/u>, mis h\u00f5lmavad esitaja varaliste \u00f5iguste teostamise eest laekuvat tasu ja mis on seotud esituse salvestuse kasutamisega. Esitajatasusid kogub kollektiivse esindamise organisatsioon, Eestis t\u00e4idab seda \u00fclesannet Eesti Esitajate Liit (vt ka peat\u00fckki 10.5).\n<\/p>\n<p>\n\t\u00a0<\/p>\n","protected":false},"excerpt":{"rendered":"<p>Kontserdikorralduse sektor (ingl live music sector) h\u00f5lmab k\u00f5ikv\u00f5imalikke tegevusi, mille keskmes on muusikateoste kontsertesituste korraldamine: alates festivalide ja ringreiside korraldamisest kuni kontserdipaikade ja klubide haldamiseni. Joonis 10.8 Joonis 10.9 Kontserdikorraldus puutub autori\u00f5iguse ja sellega kaasnevate \u00f5igustega kokku j\u00e4rgmistes aspektides. Muusikateose &#8230;<\/p>\n","protected":false},"author":292,"featured_media":0,"parent":0,"menu_order":0,"comment_status":"closed","ping_status":"closed","template":"","meta":{"_acf_changed":false,"inline_featured_image":false,"footnotes":""},"class_list":["post-49","page","type-page","status-publish","hentry"],"acf":[],"_links":{"self":[{"href":"https:\/\/sisu.ut.ee\/autorioigus-loovisikutele\/wp-json\/wp\/v2\/pages\/49","targetHints":{"allow":["GET"]}}],"collection":[{"href":"https:\/\/sisu.ut.ee\/autorioigus-loovisikutele\/wp-json\/wp\/v2\/pages"}],"about":[{"href":"https:\/\/sisu.ut.ee\/autorioigus-loovisikutele\/wp-json\/wp\/v2\/types\/page"}],"author":[{"embeddable":true,"href":"https:\/\/sisu.ut.ee\/autorioigus-loovisikutele\/wp-json\/wp\/v2\/users\/292"}],"replies":[{"embeddable":true,"href":"https:\/\/sisu.ut.ee\/autorioigus-loovisikutele\/wp-json\/wp\/v2\/comments?post=49"}],"version-history":[{"count":1,"href":"https:\/\/sisu.ut.ee\/autorioigus-loovisikutele\/wp-json\/wp\/v2\/pages\/49\/revisions"}],"predecessor-version":[{"id":132,"href":"https:\/\/sisu.ut.ee\/autorioigus-loovisikutele\/wp-json\/wp\/v2\/pages\/49\/revisions\/132"}],"wp:attachment":[{"href":"https:\/\/sisu.ut.ee\/autorioigus-loovisikutele\/wp-json\/wp\/v2\/media?parent=49"}],"curies":[{"name":"wp","href":"https:\/\/api.w.org\/{rel}","templated":true}]}}