{"id":48,"date":"2024-04-04T08:14:39","date_gmt":"2024-04-04T05:14:39","guid":{"rendered":"https:\/\/sisu.ut.ee\/autorioigus-loovisikutele\/102-muusika-kirjastamine-ja-autorite-varaliste-oiguste-teostamine\/"},"modified":"2024-04-04T08:15:04","modified_gmt":"2024-04-04T05:15:04","slug":"102-muusika-kirjastamine-ja-autorite-varaliste-oiguste-teostamine","status":"publish","type":"page","link":"https:\/\/sisu.ut.ee\/autorioigus-loovisikutele\/102-muusika-kirjastamine-ja-autorite-varaliste-oiguste-teostamine\/","title":{"rendered":"10.2. Muusika kirjastamine ja autorite varaliste \u00f5iguste teostamine"},"content":{"rendered":"<p>\n\tMuusika kirjastamine on terminina m\u00f5neti aegunud, viidates ajale, kui muusikateoste peamiseks levitamise viisiks oli nootide tootmine, tira\u017eeerimine, m\u00fc\u00fcmine ja rentimine. \u00dcldistatult \u00f6eldes on muusika kirjastamine autori varaliste \u00f5iguste teostamine. See t\u00e4hendab seda, et autor s\u00f5lmib kirjastajaga lepingu, mille alusel annab ta viimasele \u00f5iguse v\u00f5i loa oma teoseid eri viisil levitada ning otsustab temaga jagada teoste kasutamise eest laekuvat tasu. Kirjastaja saab autorile pakkuda mitmesuguseid teenuseid, neist tavalisimad on teoste kataloogi \u00f5iguste haldamine (n\u00e4iteks teoste registreerimine), tasude kogumise ja nende laekumise haldamine, teoste kasutustingimuste \u00fcle l\u00e4bir\u00e4\u00e4kimine ja lepingute s\u00f5lmimine, uute loomev\u00f5imaluste otsimine ja tekitamine (tellimused, loomelaagrid ja residentuurid) ning autorile tulevikus teenitava tulu arvel avansi maksmine.\u00a0\n<\/p>\n<p>\n\t<img loading=\"lazy\" decoding=\"async\" width=\"800\" height=\"450\" class=\"alignnone wp-image-60\" src=\"https:\/\/sisu.ut.ee\/wp-content\/uploads\/sites\/584\/pt10.6-joonis.jpg\" title=\"pt10.6-joonis.jpg\" alt=\"Joonis 10.6. Muusika kirjastamine. Litsentsimine ja tasude maksmine\" srcset=\"https:\/\/sisu.ut.ee\/wp-content\/uploads\/sites\/584\/pt10.6-joonis.jpg 800w, https:\/\/sisu.ut.ee\/wp-content\/uploads\/sites\/584\/pt10.6-joonis-300x169.jpg 300w, https:\/\/sisu.ut.ee\/wp-content\/uploads\/sites\/584\/pt10.6-joonis-768x432.jpg 768w\" sizes=\"auto, (max-width: 800px) 100vw, 800px\">\n<\/p>\n<p>\n\tJoonis 10.6. Muusika kirjastamine. Litsentsimine ja tasude maksmine\n<\/p>\n<p>\n\t<img loading=\"lazy\" decoding=\"async\" width=\"800\" height=\"450\" class=\"alignnone wp-image-61\" src=\"https:\/\/sisu.ut.ee\/wp-content\/uploads\/sites\/584\/pt10.7-joonis.jpg\" title=\"pt10.7-joonis.jpg\" alt=\"Joonis 10.7. Muusika kirjastamine ja sellega seotud rollid\" srcset=\"https:\/\/sisu.ut.ee\/wp-content\/uploads\/sites\/584\/pt10.7-joonis.jpg 800w, https:\/\/sisu.ut.ee\/wp-content\/uploads\/sites\/584\/pt10.7-joonis-300x169.jpg 300w, https:\/\/sisu.ut.ee\/wp-content\/uploads\/sites\/584\/pt10.7-joonis-768x432.jpg 768w\" sizes=\"auto, (max-width: 800px) 100vw, 800px\">\n<\/p>\n<p>\n\tJoonis 10.7. Muusika kirjastamine ja sellega seotud rollid\n<\/p>\n<p>\n\tKuna mitmeid muusikateoste autorite \u00f5igusi teostatakse kollektiivselt, t\u00f6\u00f6tavad muusikakirjastajad \u00fcle maailma levinud praktika kohaselt autorite ja kollektiivsete organisatsioonide vahendajatena. Eesti Autorite \u00dching on m\u00f5nev\u00f5rra teisiti \u00fcles ehitatud, ning ehkki muusikakirjastajad saavad olla EA\u00dc liikmed, makstakse autoritasud autoritele otse. See, millised varalised \u00f5igused ja millistel juhtudel on autorid KEO-le teostamiseks \u00fcle andnud, v\u00f5ib riigiti erineda (vt peat\u00fckki 10.5).\u00a0<\/p>\n","protected":false},"excerpt":{"rendered":"<p>Muusika kirjastamine on terminina m\u00f5neti aegunud, viidates ajale, kui muusikateoste peamiseks levitamise viisiks oli nootide tootmine, tira\u017eeerimine, m\u00fc\u00fcmine ja rentimine. \u00dcldistatult \u00f6eldes on muusika kirjastamine autori varaliste \u00f5iguste teostamine. See t\u00e4hendab seda, et autor s\u00f5lmib kirjastajaga lepingu, mille alusel annab &#8230;<\/p>\n","protected":false},"author":292,"featured_media":0,"parent":0,"menu_order":0,"comment_status":"closed","ping_status":"closed","template":"","meta":{"_acf_changed":false,"inline_featured_image":false,"footnotes":""},"class_list":["post-48","page","type-page","status-publish","hentry"],"acf":[],"_links":{"self":[{"href":"https:\/\/sisu.ut.ee\/autorioigus-loovisikutele\/wp-json\/wp\/v2\/pages\/48","targetHints":{"allow":["GET"]}}],"collection":[{"href":"https:\/\/sisu.ut.ee\/autorioigus-loovisikutele\/wp-json\/wp\/v2\/pages"}],"about":[{"href":"https:\/\/sisu.ut.ee\/autorioigus-loovisikutele\/wp-json\/wp\/v2\/types\/page"}],"author":[{"embeddable":true,"href":"https:\/\/sisu.ut.ee\/autorioigus-loovisikutele\/wp-json\/wp\/v2\/users\/292"}],"replies":[{"embeddable":true,"href":"https:\/\/sisu.ut.ee\/autorioigus-loovisikutele\/wp-json\/wp\/v2\/comments?post=48"}],"version-history":[{"count":1,"href":"https:\/\/sisu.ut.ee\/autorioigus-loovisikutele\/wp-json\/wp\/v2\/pages\/48\/revisions"}],"predecessor-version":[{"id":131,"href":"https:\/\/sisu.ut.ee\/autorioigus-loovisikutele\/wp-json\/wp\/v2\/pages\/48\/revisions\/131"}],"wp:attachment":[{"href":"https:\/\/sisu.ut.ee\/autorioigus-loovisikutele\/wp-json\/wp\/v2\/media?parent=48"}],"curies":[{"name":"wp","href":"https:\/\/api.w.org\/{rel}","templated":true}]}}