{"id":45,"date":"2024-04-04T08:14:38","date_gmt":"2024-04-04T05:14:38","guid":{"rendered":"https:\/\/sisu.ut.ee\/autorioigus-loovisikutele\/63-teoste-laenutamise-ja-kopeerimise-huvitised\/"},"modified":"2024-04-04T08:15:05","modified_gmt":"2024-04-04T05:15:05","slug":"63-teoste-laenutamise-ja-kopeerimise-huvitised","status":"publish","type":"page","link":"https:\/\/sisu.ut.ee\/autorioigus-loovisikutele\/63-teoste-laenutamise-ja-kopeerimise-huvitised\/","title":{"rendered":"6.3. Teoste laenutamise ja kopeerimise h\u00fcvitised"},"content":{"rendered":"<p>\n\tNagu \u00f6eldud, v\u00f5ib teatud juhtudel teoseid, esitusi, fonogramme ja muid autori\u00f5igusega kaasnevate \u00f5iguste objekte kasutada autoritelt ja teistelt \u00f5iguste omajatelt luba k\u00fcsimata, kuid neil on siiski \u00f5igus sellise kasutamise eest tasu saada. <sup>[117]<\/sup> Seda \u00f5igust tuleb arvestada siis, kui avalikest raamatukogudest laenutatakse ilu-, teadus- ja \u00f5ppekirjandusteoseid ning neid kopeeritakse (reprograafiline reprodutseerimine); samuti siis, kui kopeeritakse isiklikuks kasutamiseks audiovisuaalseid teoseid, n\u00e4iteks filme, ning fonogramme (erakopeerimine).\n<\/p>\n<p>\n\t<strong>Ilukirjanduse ning \u00f5ppe- ja teaduskirjanduse laenutamise ja kopeerimise h\u00fcvitis<\/strong><br>Raamatukogudest teoste laenutamise ja teostest reprograafiliste koopiate tegemise eest maksab h\u00fcvitist riik Autorih\u00fcvitusfondi <sup>[118]<\/sup>\u00a0vahendusel. Tasu jaotamise m\u00e4\u00e4rad ja v\u00e4ljamaksmise kord on kindlaks m\u00e4\u00e4ratud Vabariigi Valitsuse m\u00e4\u00e4rustega. <sup>[119]<\/sup>\u00a0\n<\/p>\n<p>\n\t<strong>Erakopeerimise h\u00fcvitis<\/strong><br>Autori\u00f5iguse seaduse \u00a7 26 v\u00f5imaldab ilma autori, esitaja, fonogrammitootja v\u00f5i filmi esmasalvestuse tootja n\u00f5usolekuta teha fonogrammidest ja filmidest isiklikul otstarbel (n\u00e4iteks uurimist\u00f6\u00f6 v\u00f5i \u00f5ppet\u00f6\u00f6 tegemiseks) koopiaid. Ent sellise kasutamise eest on autoril ja teistel \u00f5iguste valdajatel \u00f5igus saada h\u00fcvitist. Selleks kogutaksegi erakopeerimise tasu.\n<\/p>\n<p>\n\tErakopeerimise tasu on autoritele, esitajatele, fonogrammitootjatele ja filmi esmasalvestuse tootjatele makstav h\u00fcvitis, millega kompenseeritakse neile saamata j\u00e4\u00e4nud tulu selle eest, et inimesed endale nende teostest isikliku kasutamise eesm\u00e4rgil koopiaid teevad. Kogutav tasu peab tagama \u00f5iguste valdajatele \u00f5iglase h\u00fcvitise nende loomingu sellise viisil kasutamise eest. Selleks, et tasu ei peaks koguma igalt l\u00f5ppkasutajalt iga kopeerimiskorra eest eraldi, kogutakse tasu filmide, muusika ja muu sisu kopeerimiseks kasutatavate salvestusseadmete ja -kandjate m\u00fc\u00fcgi kaudu. Tasu maksavad salvestusseadmete ja -kandjate tootjad ja maaletoojad, kes lisavad selle toote m\u00fc\u00fcgihinnale.\n<\/p>\n<p>\n\tErakopeerimise h\u00fcvitise (varem nimetati seda ka t\u00fchja kasseti tasuks) kogumise s\u00fcsteem on Eestis toiminud juba 1996. aastast. Ent kuna algne salvestusseadmete ja -kandjate nimekiri j\u00e4i ajale jalgu ja oli pikka aega uuendamata \u2013 see sisaldas salvestuseta videokassette (VHS) ja audiokassette, kuid mitte nutiseadmeid ja k\u00f5vakettaid \u2013, ei suudetud autoritele \u00fchel hetkel enam \u00f5iglast h\u00fcvitist maksta. Alles 2021. aastal j\u00f5ustus autori\u00f5iguse seaduse muudatus, millega uuendati kogu h\u00fcvitamise s\u00fcsteemi ja ajakohastati salvestusseadmete nimekirja, millesse lisati n\u00e4iteks s\u00fcle-, tahvel- ja lauaarvutid, nutitelefonid, v\u00e4lised k\u00f5vakettad ning USB-m\u00e4lupulgad. <sup>[120]<\/sup><\/p>\n","protected":false},"excerpt":{"rendered":"<p>Nagu \u00f6eldud, v\u00f5ib teatud juhtudel teoseid, esitusi, fonogramme ja muid autori\u00f5igusega kaasnevate \u00f5iguste objekte kasutada autoritelt ja teistelt \u00f5iguste omajatelt luba k\u00fcsimata, kuid neil on siiski \u00f5igus sellise kasutamise eest tasu saada. [117] Seda \u00f5igust tuleb arvestada siis, kui avalikest &#8230;<\/p>\n","protected":false},"author":292,"featured_media":0,"parent":0,"menu_order":0,"comment_status":"closed","ping_status":"closed","template":"","meta":{"_acf_changed":false,"inline_featured_image":false,"footnotes":""},"class_list":["post-45","page","type-page","status-publish","hentry"],"acf":[],"_links":{"self":[{"href":"https:\/\/sisu.ut.ee\/autorioigus-loovisikutele\/wp-json\/wp\/v2\/pages\/45","targetHints":{"allow":["GET"]}}],"collection":[{"href":"https:\/\/sisu.ut.ee\/autorioigus-loovisikutele\/wp-json\/wp\/v2\/pages"}],"about":[{"href":"https:\/\/sisu.ut.ee\/autorioigus-loovisikutele\/wp-json\/wp\/v2\/types\/page"}],"author":[{"embeddable":true,"href":"https:\/\/sisu.ut.ee\/autorioigus-loovisikutele\/wp-json\/wp\/v2\/users\/292"}],"replies":[{"embeddable":true,"href":"https:\/\/sisu.ut.ee\/autorioigus-loovisikutele\/wp-json\/wp\/v2\/comments?post=45"}],"version-history":[{"count":1,"href":"https:\/\/sisu.ut.ee\/autorioigus-loovisikutele\/wp-json\/wp\/v2\/pages\/45\/revisions"}],"predecessor-version":[{"id":144,"href":"https:\/\/sisu.ut.ee\/autorioigus-loovisikutele\/wp-json\/wp\/v2\/pages\/45\/revisions\/144"}],"wp:attachment":[{"href":"https:\/\/sisu.ut.ee\/autorioigus-loovisikutele\/wp-json\/wp\/v2\/media?parent=45"}],"curies":[{"name":"wp","href":"https:\/\/api.w.org\/{rel}","templated":true}]}}