{"id":40,"date":"2024-04-04T08:14:38","date_gmt":"2024-04-04T05:14:38","guid":{"rendered":"https:\/\/sisu.ut.ee\/autorioigus-loovisikutele\/8-kokkuvote\/"},"modified":"2024-04-04T08:15:05","modified_gmt":"2024-04-04T05:15:05","slug":"8-kokkuvote","status":"publish","type":"page","link":"https:\/\/sisu.ut.ee\/autorioigus-loovisikutele\/8-kokkuvote\/","title":{"rendered":"8. Kokkuv\u00f5te"},"content":{"rendered":"<ul>\n<li>\n\t\t\u00d5iguste kollektiivne teostamine v\u00f5imaldab huvilistel teose kasutamiseks h\u00f5lpsamini luba k\u00fcsida ja litsentsilepinguid s\u00f5lmida.\u00a0\n\t<\/li>\n<li>\n\t\tKollektiivse esindamise organisatsioonid (KEO-d) peavad oma liikmete nimel l\u00e4bir\u00e4\u00e4kimisi kasutajate esindusorganisatsioonidega litsentsitasude \u00fcle, kehtestavad tasum\u00e4\u00e4rad, s\u00f5lmivad litsentsilepinguid, koguvad tasu ning jaotavad ja edastavad selle \u00f5iguste omajatele.\u00a0\n\t<\/li>\n<li>\n\t\tEestis tegutsevad j\u00e4rgmised kollektiivse esindamise organisatsioonid: Eesti Autorite \u00dching, Eesti Fonogrammitootjate \u00dching, Eesti Esitajate Liit ning Eesti Audiovisuaalautorite Liit.\u00a0\n\t<\/li>\n<\/ul>\n","protected":false},"excerpt":{"rendered":"<p>\u00d5iguste kollektiivne teostamine v\u00f5imaldab huvilistel teose kasutamiseks h\u00f5lpsamini luba k\u00fcsida ja litsentsilepinguid s\u00f5lmida.\u00a0 Kollektiivse esindamise organisatsioonid (KEO-d) peavad oma liikmete nimel l\u00e4bir\u00e4\u00e4kimisi kasutajate esindusorganisatsioonidega litsentsitasude \u00fcle, kehtestavad tasum\u00e4\u00e4rad, s\u00f5lmivad litsentsilepinguid, koguvad tasu ning jaotavad ja edastavad selle \u00f5iguste omajatele.\u00a0 Eestis &#8230;<\/p>\n","protected":false},"author":292,"featured_media":0,"parent":0,"menu_order":0,"comment_status":"closed","ping_status":"closed","template":"","meta":{"_acf_changed":false,"inline_featured_image":false,"footnotes":""},"class_list":["post-40","page","type-page","status-publish","hentry"],"acf":[],"_links":{"self":[{"href":"https:\/\/sisu.ut.ee\/autorioigus-loovisikutele\/wp-json\/wp\/v2\/pages\/40","targetHints":{"allow":["GET"]}}],"collection":[{"href":"https:\/\/sisu.ut.ee\/autorioigus-loovisikutele\/wp-json\/wp\/v2\/pages"}],"about":[{"href":"https:\/\/sisu.ut.ee\/autorioigus-loovisikutele\/wp-json\/wp\/v2\/types\/page"}],"author":[{"embeddable":true,"href":"https:\/\/sisu.ut.ee\/autorioigus-loovisikutele\/wp-json\/wp\/v2\/users\/292"}],"replies":[{"embeddable":true,"href":"https:\/\/sisu.ut.ee\/autorioigus-loovisikutele\/wp-json\/wp\/v2\/comments?post=40"}],"version-history":[{"count":1,"href":"https:\/\/sisu.ut.ee\/autorioigus-loovisikutele\/wp-json\/wp\/v2\/pages\/40\/revisions"}],"predecessor-version":[{"id":139,"href":"https:\/\/sisu.ut.ee\/autorioigus-loovisikutele\/wp-json\/wp\/v2\/pages\/40\/revisions\/139"}],"wp:attachment":[{"href":"https:\/\/sisu.ut.ee\/autorioigus-loovisikutele\/wp-json\/wp\/v2\/media?parent=40"}],"curies":[{"name":"wp","href":"https:\/\/api.w.org\/{rel}","templated":true}]}}