{"id":3,"date":"2024-04-04T08:14:34","date_gmt":"2024-04-04T05:14:34","guid":{"rendered":"https:\/\/sisu.ut.ee\/autorioigus-loovisikutele\/avaleht\/"},"modified":"2024-04-21T15:19:15","modified_gmt":"2024-04-21T12:19:15","slug":"avaleht","status":"publish","type":"page","link":"https:\/\/sisu.ut.ee\/autorioigus-loovisikutele\/","title":{"rendered":"Avaleht"},"content":{"rendered":"<h2>\n\t<span style=\"background-color:#ffffff\">Autori\u00f5iguse alused loovisikutele ja looverialade tudengitele<\/span><br>\n<\/h2>\n<p>\n\tSee \u00f5ppematerjal on suunatud eelk\u00f5ige looverialade tudengitele ning loovisikutele. Ent m\u00f5istagi tasub \u00f5ppematerjal l\u00e4bida k\u00f5igil, kes leiavad, et neil on kasulik teada intellektuaalomandi, ise\u00e4ranis autori\u00f5iguse ja sellega kaasnevate \u00f5iguste p\u00f5him\u00f5tteid ning saada \u00fclevaade sellest, kuidas need meie igap\u00e4evaelus avalduvad.\n<\/p>\n<p>\n\t\u00d5ppematerjal h\u00f5lmab \u00fcheksat teemat. Enamiku teemade alguses on esitatud l\u00fchike \u00fclevaatlik animatsioon. Tekstile on lisatud rohkesti n\u00e4iteid, peamiselt Eestist, ning igast peat\u00fckist leiab ka m\u00f5ne videoklipi, milles Eesti loomeinimesed arutlevad autori\u00f5igusega seonduvate teemade \u00fcle. Iga teema l\u00f5pus on esitatud \u00fclesanded, mille abil saab \u00f5pilane omandatud teadmisi kontrollida ja neid kinnistada.\n<\/p>\n<p>\n\t\u00d5ppematerjal on laiendatud versioon varasemalt avaldatud materjalist \u201cAutori\u00f5iguse alused g\u00fcmnaasiumile\u201d, mis on leitav\u00a0https:\/\/sisu.ut.ee\/autorioigus2022\/avaleht. V\u00f5rreldes varasemaga on t\u00e4iendatud intellektuaalomandi tekkelugu (ptk 1), \u00f5iguste k\u00e4sitlust (ptk 4 ja 5), vaba kasutamise erandite \u00fclevaadet (ptk 6) ning lisatud t\u00e4iesti uus lisateema \u201cAutori\u00f5igus muusikavaldkonnas\u201d (ptk 10).\u00a0\n<\/p>\n<p>\n\t<strong>\u00d5ppematerjali<\/strong><strong> eesm\u00e4rk<\/strong>\n<\/p>\n<ul>\n<li>\n\t\tAnda \u00fclevaade intellektuaalomandi m\u00f5istest ja liikidest.\n\t<\/li>\n<li>\n\t\tTutvustada autori\u00f5iguse ja autori\u00f5igusega kaasnevate \u00f5iguste p\u00f5him\u00f5tteid, olulisi m\u00f5isteid ja kujunemislugu.\n\t<\/li>\n<\/ul>\n<p>\n\t<strong>\u00d5ppematerjali sihtgrupp<\/strong>\n<\/p>\n<p>\n\t\u00d5ppematerjal on suunatud peamiselt looverialade tudengitele ja loovisikutele, kuid sobib k\u00f5igile, kes soovivad saada \u00fclevaadet autori\u00f5iguse toimimisest.\n<\/p>\n<p>\n\t<strong>\u00d5ppematerjali maht<\/strong><br>Hinnanguliselt kulub \u00fche teema l\u00e4bimiseks keskmiseslt 45 minutit ehk \u00fcks akadeemiline tund. Seega kulub \u00f5ppematerjali l\u00e4bimiseks eeldatavasti 10\u00a0akadeemilist tundi.\u00a0\n<\/p>\n<hr>\n<p>\n\t<strong>Kursuse autorid: <\/strong>professor Aleksei Kelli (T\u00dc), Virgo Sillamaa<br><strong>Keeletoimetaja<\/strong>: Triinu Lyra<br><strong>Graafika ja kujundus:<\/strong> Ranno P\u00e4i (Brand New)<br><strong>Veebidisain<\/strong>: Kait Krull (T\u00dc)<\/p>\n<p><strong>Animatsioon<\/strong>: Jakob Kangur \/ Smoked Sparrow<br><strong>Teksti pealelugeja<\/strong>: Danek Kaunissaare<br><strong>Salvestus<\/strong>: Veiko Anvelt \/ Ajar Stuudiod<br><strong>Helikujundus:<\/strong>\u00a0Raul Ojamaa<br><strong>Video: <\/strong>Heikki Avent (Aventus)\n<\/p>\n<p>\n\t<strong>Intervjuudes osalesid<\/strong>: Vaiko Eplik, Maarja Nuut, Virge Viertek, Liina Sumera, Reket, Kaupo Kikkas, Raul Ojamaa, Reigo Ahven, Flo Kasearu.\n<\/p>\n<p>\n\t<strong>Sisun\u00f5ustajad<\/strong>: Mati Kaalep (EA\u00dc), Urmas Ambur (EEL), Rauno Haabmets (EF\u00dc), Kadri Steinbach (T\u00dc Viljandi Kultuuriakadeemia), Katri K\u00fctt (T\u00dc).\n<\/p>\n<p>\n\t<strong>Retsensendid<\/strong>: K\u00e4tlin Kuldmaa (Eesti Ajaloo- ja \u00dchiskonna\u00f5petajate Selts), Inge Lahtmets (Eesti Muusika\u00f5petajate Liit).\n<\/p>\n<p>\n\t\u00d5ppematerjal on valminud projekti \u201cRaising awareness of IP in Estonia\u201d raames.<br>Projekti toetajad:\u00a0Euroopa Liidu Intellektuaalomandi Amet (EUIPO), T\u00dc Viljandi Kultuuriakadeemia, Eesti Autorite \u00dching, Eesti Fonogrammitootjate \u00dching<br>Projektijuht: Virgo Sillamaa\n<\/p>\n<p>\n\t\u00d5ppematerjali autorid ja tootjad t\u00e4navad k\u00f5iki, kes lubasid selles \u00f5ppematerjalis n\u00e4idetena oma teoseid kasutada.\n<\/p>\n<p>\n\t<img loading=\"lazy\" decoding=\"async\" alt=\"EUIPO Ideas Powered logo\" height=\"130\" src=\"https:\/\/sisu.ut.ee\/wp-content\/uploads\/sites\/540\/euipo_ideas_powered_logo-1024x354.png\" title=\"\" width=\"375\">\u00a0<img loading=\"lazy\" decoding=\"async\" alt=\"EA\u00dc logo\" height=\"123\" src=\"https:\/\/sisu.ut.ee\/wp-content\/uploads\/sites\/540\/eau_logod_portrait_blue.png\" title=\"\" width=\"191\"><img loading=\"lazy\" decoding=\"async\" alt=\"EF\u00dc logo\" height=\"66\" src=\"https:\/\/sisu.ut.ee\/wp-content\/uploads\/sites\/540\/efy_logo_gradient_1.jpg\" title=\"\" width=\"231\"><\/p>\n","protected":false},"excerpt":{"rendered":"<p>Autori\u00f5iguse alused loovisikutele ja looverialade tudengitele See \u00f5ppematerjal on suunatud eelk\u00f5ige looverialade tudengitele ning loovisikutele. Ent m\u00f5istagi tasub \u00f5ppematerjal l\u00e4bida k\u00f5igil, kes leiavad, et neil on kasulik teada intellektuaalomandi, ise\u00e4ranis autori\u00f5iguse ja sellega kaasnevate \u00f5iguste p\u00f5him\u00f5tteid ning saada \u00fclevaade sellest, &#8230;<\/p>\n","protected":false},"author":292,"featured_media":0,"parent":0,"menu_order":0,"comment_status":"closed","ping_status":"closed","template":"","meta":{"_acf_changed":false,"inline_featured_image":false,"footnotes":""},"class_list":["post-3","page","type-page","status-publish","hentry"],"acf":[],"_links":{"self":[{"href":"https:\/\/sisu.ut.ee\/autorioigus-loovisikutele\/wp-json\/wp\/v2\/pages\/3","targetHints":{"allow":["GET"]}}],"collection":[{"href":"https:\/\/sisu.ut.ee\/autorioigus-loovisikutele\/wp-json\/wp\/v2\/pages"}],"about":[{"href":"https:\/\/sisu.ut.ee\/autorioigus-loovisikutele\/wp-json\/wp\/v2\/types\/page"}],"author":[{"embeddable":true,"href":"https:\/\/sisu.ut.ee\/autorioigus-loovisikutele\/wp-json\/wp\/v2\/users\/292"}],"replies":[{"embeddable":true,"href":"https:\/\/sisu.ut.ee\/autorioigus-loovisikutele\/wp-json\/wp\/v2\/comments?post=3"}],"version-history":[{"count":3,"href":"https:\/\/sisu.ut.ee\/autorioigus-loovisikutele\/wp-json\/wp\/v2\/pages\/3\/revisions"}],"predecessor-version":[{"id":252,"href":"https:\/\/sisu.ut.ee\/autorioigus-loovisikutele\/wp-json\/wp\/v2\/pages\/3\/revisions\/252"}],"wp:attachment":[{"href":"https:\/\/sisu.ut.ee\/autorioigus-loovisikutele\/wp-json\/wp\/v2\/media?parent=3"}],"curies":[{"name":"wp","href":"https:\/\/api.w.org\/{rel}","templated":true}]}}