{"id":25,"date":"2024-04-04T08:14:36","date_gmt":"2024-04-04T05:14:36","guid":{"rendered":"https:\/\/sisu.ut.ee\/autorioigus-loovisikutele\/51-esitaja-oigused\/"},"modified":"2024-04-04T08:15:05","modified_gmt":"2024-04-04T05:15:05","slug":"51-esitaja-oigused","status":"publish","type":"page","link":"https:\/\/sisu.ut.ee\/autorioigus-loovisikutele\/51-esitaja-oigused\/","title":{"rendered":"5.1. Esitaja \u00f5igused"},"content":{"rendered":"<p>\n\tMuusika ning filmi-, teatri- ja muu lavaline kunst toetub lisaks autorite loomingule suuresti ka esitajate, sealhulgas muusikute, n\u00e4itlejate, tantsijate ja loominguliste kollektiivide panusele, kes teoseid elavas esituses ette kannavad. Esitus on loominguline tegevus, mis sarnaselt autoriks olemisega on seotud esitaja isikuga, ning sellest tulenevalt on ka esitajal nii isiklikud kui ka varalised \u00f5igused.\n<\/p>\n<p>\n\tAutori\u00f5iguse seaduses on esitajana nimetatud n\u00e4itlejat, lauljat, muusikut, tantsijat ning m\u00f5nd muud isikut v\u00f5i kollektiivi, kes n\u00e4itleb, laulab, deklameerib, m\u00e4ngib muusikariistal v\u00f5i muul viisil esitab kirjandus-, kunsti- v\u00f5i rahvaloominguteoseid. Esitajaks on ka dirigent, kes juhendab teisi teoste esitamisel.<sup>[89]<\/sup>\n<\/p>\n<p>\n\tEsitaja <strong>isiklikud \u00f5igused<\/strong> on:\n<\/p>\n<ol>\n<li>\n\t\t\u00f5igus esituse autorsusele ja esitajanimele;\n\t<\/li>\n<li>\n\t\t\u00f5igus esitaja au ja v\u00e4\u00e4rikuse kaitsele oma esituse suhtes, sealhulgas \u00f5igus esituse puutumatusele.<sup>[90]<\/sup>\n\t<\/li>\n<\/ol>\n<p>\n\tNeed on sisuliselt sarnased autori isiklike \u00f5igustega, kuid loetelu on l\u00fchem. Esitajal on \u00f5igus n\u00f5uda, et teda tunnustataks esitajana ning et tema esitust ei moonutataks, n\u00e4iteks v\u00f5ttes sellest tekstil\u00f5ike, helikatkeid v\u00f5i pilte ja paigutades need konteksti, kus algse esituse m\u00f5te v\u00f5ib muutuda. Samuti ei v\u00f5i esitust (selle salvestust) kasutada kontekstis, millega esitaja n\u00f5us ei ole, n\u00e4iteks reklaamis v\u00f5i kampaanias.\n<\/p>\n<h5>\n\t<strong>N\u00e4ide 5.1.1. Metsat\u00f6ll ja \u00fcleskutse k\u00fctuseaktsiisi vastu suunatud meeleavaldusele<\/strong>\u00a0\n<\/h5><p>2015. aasta aprillis hakkas sotsiaalmeedias ringlema videoklipp \u201eEI aktsiisim\u00e4ngudele! 26.04.2015 Toompeale!\u201c, millega kutsuti inimesi meeleavaldusele. Klipis oli kasutatud ansambli Metsat\u00f6ll muusikat ning v\u00e4ljav\u00f5tteid nii ERR-i kui ka TV3 telesaadetest, kuid luba \u00fcheltki asjaosaliselt selleks k\u00fcsitud ei olnud. Klipi tootja oli N\u00f5mme TV ning idee p\u00e4rines protestiaktsiooni korraldajatelt, Eesti Konservatiivse Rahvaerakonna liikmetelt Silver J\u00f5ggerilt ja Sander S\u00e4relilt<sup>[91]<\/sup>. \u00a0<\/p>\n<p>Ansambel k\u00e4skis klipi maha v\u00f5tta, kuna Metsat\u00f6llu toonase trummari Marko Atso s\u00f5nul ei soovinud ansambel ennast siduda \u00fchegi poliitilise ettev\u00f5tmisega<sup>[92]<\/sup>. Esitust ning antud juhul ka teost ja fonogrammi ilma loata kasutades riskitakse peale varaliste \u00f5iguste rikkumise ka esitajate ja autorite au ja v\u00e4\u00e4rikuse riivamisega.\u00a0<br>\n\n<\/p><p>\n\tEsitaja <strong>varalised \u00f5igused <\/strong>on peamiselt seotud esituse salvestamise \u00f5igusega ning esituse salvestise kopeerimise, selle \u00fcldsusele suunamise (raadio v\u00f5i televisiooni vahendusel) ja \u00fcldsusele k\u00e4ttesaadavaks tegemise \u00f5igusega. Seejuures tasub meeles pidada, et nii nagu autorile kuuluvad \u00f5igused, on ka k\u00f5ik esitaja \u00f5igused eraldi \u00f5igused ning esituse kasutamiseks loa andmisel tuleb iga \u00f5igus eraldi v\u00e4lja tuua. See t\u00e4hendab seda, et kui antakse luba esitus salvestada, siis ei kuulu selle juurde vaikimisi ka luba salvestist levitada v\u00f5i raadios edastada.<sup>[93]<\/sup> Kuna esituste salvestamise ja levitamisega tegeleb fonogrammitootja, kellel tekib salvestise suhtes oma \u00f5igus (vt j\u00e4rgmist peat\u00fckki), on oluline, et fonogrammitootja saaks esitajalt loa nii esitus salvestada, see v\u00e4lja anda kui ka seda levitada, muu hulgas digiplatvormidel. Vastasel juhul ei saa fonogrammitootja neid salvestisi m\u00f5istlikult turundada ega m\u00fc\u00fca.\u00a0\n<\/p>\n<p>\n\tKui esitaja t\u00f6\u00f6tab t\u00f6\u00f6lepingu alusel (n\u00e4iteks n\u00e4itlejana teatris v\u00f5i muusikuna orkestris), siis erinevalt autori varalistest \u00f5igustest, ei l\u00e4he esitaja varalised \u00f5igused t\u00f6\u00f6andjale \u00fcle automaatselt, vaid ainult siis, kui nii on lepingus kokku lepitud. N\u00e4iteks on tavaks, et kui kontserti plaanib \u00fcle kanda m\u00f5ni tele- v\u00f5i raadiojaam, siis enne, kui muusik lavale l\u00e4heb, allkirjastab ta litsentsi, mille alusel lubab oma esitust edastada ja, olenevalt olukorrast, ka salvestada.\n<\/p>\n<p>\n\tJuhul, kui tegemist on suurema kollektiiviga, v\u00f5ib lubade andmisel seda esindada ansambli v\u00f5i koori juht, dirigent, lavastaja v\u00f5i m\u00f5ni muu isik, kellele kollektiiv on selleks volituse andnud.<sup>[94]<\/sup>\n<\/p>\n<p>\n\tEsitaja \u00f5igused kehtivad 50 aastat alates teose esmakordsest esitamisest, salvestamisest v\u00f5i \u00fcldsusele suunamisest. Sarnaselt teose autoriga kaitstakse ka esitaja puhul tema seotust konkreetse esitusega (esitaja autorsust), esitajanime ning tema au ja v\u00e4\u00e4rikust t\u00e4htajatult.\n<\/p>\n<h6>\n\tEsitaja isiklikud \u00f5igused<br>\n<\/h6>\n<p>\n\t<\/p><div class=\"ratio ratio-16x9 mb-3\"><div class=\"video-placeholder-wrapper video-placeholder-wrapper--16x9\">\n\t\t\t    <div class=\"video-placeholder d-flex justify-content-center align-items-center\">\n\t\t\t        <div class=\"overlay text-white p-2 w-100 text-center d-block justify-content-center align-items-center\">\n\t\t\t            <div>Kolmandate osapoolte sisu n\u00e4gemiseks palun n\u00f5ustu k\u00fcpsistega.<\/div>\n\t\t\t            <button class=\"btn btn-secondary btn-sm mt-1 consent-change\">Muuda n\u00f5usolekut<\/button>\n\t\t\t        <\/div>\n\t\t\t    <\/div>\n\t\t\t<\/div>\n<\/div>\n","protected":false},"excerpt":{"rendered":"<p>Muusika ning filmi-, teatri- ja muu lavaline kunst toetub lisaks autorite loomingule suuresti ka esitajate, sealhulgas muusikute, n\u00e4itlejate, tantsijate ja loominguliste kollektiivide panusele, kes teoseid elavas esituses ette kannavad. Esitus on loominguline tegevus, mis sarnaselt autoriks olemisega on seotud esitaja &#8230;<\/p>\n","protected":false},"author":292,"featured_media":0,"parent":0,"menu_order":0,"comment_status":"closed","ping_status":"closed","template":"","meta":{"_acf_changed":false,"inline_featured_image":false,"footnotes":""},"class_list":["post-25","page","type-page","status-publish","hentry"],"acf":[],"_links":{"self":[{"href":"https:\/\/sisu.ut.ee\/autorioigus-loovisikutele\/wp-json\/wp\/v2\/pages\/25","targetHints":{"allow":["GET"]}}],"collection":[{"href":"https:\/\/sisu.ut.ee\/autorioigus-loovisikutele\/wp-json\/wp\/v2\/pages"}],"about":[{"href":"https:\/\/sisu.ut.ee\/autorioigus-loovisikutele\/wp-json\/wp\/v2\/types\/page"}],"author":[{"embeddable":true,"href":"https:\/\/sisu.ut.ee\/autorioigus-loovisikutele\/wp-json\/wp\/v2\/users\/292"}],"replies":[{"embeddable":true,"href":"https:\/\/sisu.ut.ee\/autorioigus-loovisikutele\/wp-json\/wp\/v2\/comments?post=25"}],"version-history":[{"count":1,"href":"https:\/\/sisu.ut.ee\/autorioigus-loovisikutele\/wp-json\/wp\/v2\/pages\/25\/revisions"}],"predecessor-version":[{"id":161,"href":"https:\/\/sisu.ut.ee\/autorioigus-loovisikutele\/wp-json\/wp\/v2\/pages\/25\/revisions\/161"}],"wp:attachment":[{"href":"https:\/\/sisu.ut.ee\/autorioigus-loovisikutele\/wp-json\/wp\/v2\/media?parent=25"}],"curies":[{"name":"wp","href":"https:\/\/api.w.org\/{rel}","templated":true}]}}