{"id":20,"date":"2024-04-04T08:14:36","date_gmt":"2024-04-04T05:14:36","guid":{"rendered":"https:\/\/sisu.ut.ee\/autorioigus-loovisikutele\/42-autori-varalised-oigused\/"},"modified":"2024-04-21T14:56:54","modified_gmt":"2024-04-21T11:56:54","slug":"42-autori-varalised-oigused","status":"publish","type":"page","link":"https:\/\/sisu.ut.ee\/autorioigus-loovisikutele\/42-autori-varalised-oigused\/","title":{"rendered":"4.2. Autori varalised \u00f5igused"},"content":{"rendered":"<p>\n\tAutoril on \u00f5igus mis tahes viisil oma teost kasutada ning lubada ja keelata oma loomingu kasutamine ka teistel. Sel eesm\u00e4rgil on autori\u00f5iguse seaduses ette n\u00e4htud autori varalised \u00f5igused. Erinevalt isiklikest \u00f5igustest, mis on autoriga lahutamatult seotud, on varalised \u00f5igused vabalt v\u00f5\u00f5randatavad ehk autor saab neid m\u00fc\u00fca ja kinkida. \u00dchtlasi saab autor s\u00f5lmida litsentsilepinguid, mille alusel lubab ta teistel oma teost kasutada.\u00a0\n<\/p>\n<p>\n\tAutori varaliste \u00f5iguste terviklik loetelu on esitatud autori\u00f5iguse seaduse \u00a7-s 13, mis sisaldab kokkuv\u00f5etuna j\u00e4rgmisi varalisi \u00f5igusi<sup>[83]<\/sup>:\n<\/p>\n<ol>\n<li>\n\t\t<strong>\u00f5igus teose reprodutseerimisele<\/strong> ehk \u00f5igus teha teosest v\u00f5i selle osast ajutisi v\u00f5i alalisi koopiaid mis tahes vormis ja mis tahes viisil;\n\t<\/li>\n<li>\n\t\t<strong>\u00f5igus teose levitamisele<\/strong> ehk \u00f5igus levitada oma teost v\u00f5i selle koopiaid;\n\t<\/li>\n<li>\n\t\t<strong>\u00f5igus teose t\u00f5lkimisele;<\/strong>\n\t<\/li>\n<li>\n\t\t<strong>\u00f5igus teose t\u00f6\u00f6tlemisele<\/strong> ehk \u00f5igus teha teosest kohandusi (adaptsioone), arran\u017eeeringuid ja muid t\u00f6\u00f6tlusi;\n\t<\/li>\n<li>\n\t\t<strong>\u00f5igus teoste kogumikele<\/strong> ehk \u00f5igus koostada ja v\u00e4lja anda oma teoste kogumikke ning oma teoseid s\u00fcstematiseerida;\n\t<\/li>\n<li>\n\t\t<strong>\u00f5igus avalikule esitamisele<\/strong> ehk teost avalikult esitada kas elavas v\u00f5i tehniliselt vahendatud ettekandes;\n\t<\/li>\n<li>\n\t\t<strong>\u00f5igus teose eksponeerimisele<\/strong> ehk \u00f5igus teost v\u00f5i selle koopiat \u00fcldsusele n\u00e4idata kas vahetult v\u00f5i filmi, slaidi, televisiooni v\u00f5i mis tahes muu tehnilise vahendi v\u00f5i protsessi abil;\n\t<\/li>\n<li>\n\t\t<strong>\u00f5igus teose edastamisele<\/strong> ehk \u00f5igus edastada teost raadio, televisiooni v\u00f5i satelliidi kaudu ning taasedastada kaabelleviv\u00f5rgu kaudu v\u00f5i muul viisil, samuti \u00f5igus suunata teos \u00fcldsusele muude tehnikavahendite abil, v\u00e4lja arvatud interneti teel (vt j\u00e4rgmine punkt);\n\t<\/li>\n<li>\n\t\t<strong>\u00f5igus teose \u00fcldsusele k\u00e4ttesaadavaks tegemisele<\/strong> ehk \u00f5igus teha teos k\u00e4ttesaadavaks sellisel viisil, et inimesed saaksid seda kasutada enda valitud kohas ja ajal;\n\t<\/li>\n<li>\n\t\t<strong>\u00f5igus teostada<\/strong> seaduses etten\u00e4htud korras oma arhitektuurne projekt, samuti disaini-, tarbekunstiteose jms projekt.\n\t<\/li>\n<\/ol>\n<p>\n\tKolm olulisimat varaliste \u00f5iguste plokki on: 1) \u00f5igus teosest koopiaid valmistada ja neid levitada (1.\u20132. punkt); 2) \u00f5igus teost t\u00f5lkida ja muul viisil t\u00f6\u00f6delda (3.\u20135. punkt) ning 3) \u00f5igus teost erinevatel viisidel avalikkusele kuulatavaks, vaadatavaks ja muul viisil k\u00e4ttesaadavaks teha (6.\u20139. punkt). Lisaks on eraldi v\u00e4lja toodud \u00f5igus oma arhitektuuri-, disaini-, tarbekunstiteose vmt projekt teostada, kusjuures arhitektuuriprojekti teostamisel tuleb j\u00e4rgida seaduses etten\u00e4htud n\u00f5udeid (10. punkt).\n<\/p>\n<p>\n\t<strong>\u00d5igus teost reprodutseerida ehk kopeerida<\/strong> on \u00fcks vanimaid ja peamisi autori varalisi \u00f5igusi. Inglise keeles kasutatakse autori\u00f5igusest r\u00e4\u00e4kides vastet copyright, see on sisuliselt sama mis right to copy ehk \u00f5igus teha koopiaid. Kopeerimis\u00f5igus h\u00f5lmab ka sellist kopeerimist, mille korral teose formaat muutub, n\u00e4iteks fotopaberil pilt v\u00f5i l\u00f5uendil maal digitaliseeritakse. Samuti on kopeerimisega tegemist siis, kui helifail laaditakse n\u00e4iteks Soundcloudi v\u00f5i YouTube\u2019i, kuna failist tehakse koopia teenuse serveritesse, ning siis, kui fail laaditakse veebist alla oma seadme k\u00f5vakettale.\n<\/p>\n<p>\n\t<strong>\u00d5igus teost levitada<\/strong> t\u00e4hendab, et autoril on \u00f5igus anda oma teos ja selle koopiad \u00fcldsusele kasutada (n\u00e4iteks raamatu, CD v\u00f5i maalina). P\u00e4rast teose esmam\u00fc\u00fcki autori levitamis\u00f5igus l\u00f5peb ehk ammendub, kuid rentimise ja laenutamise \u00f5igus j\u00e4\u00e4b autorile alles ka peale levitamis\u00f5iguse ammendumist. Seega, kui autor on raamatu maha m\u00fc\u00fcnud, saab ostja selle edasi m\u00fc\u00fca, mitte aga seda raha eest laenutada v\u00f5i rentida.\u00a0\n<\/p>\n<p>\n\t<strong>T\u00f6\u00f6tlemise ja t\u00f5lkimise \u00f5igus<\/strong> on seotud teose muutmisega. Sel on kokkupuude autori \u00fche isikliku \u00f5igusega \u2012 teose puutumatuse \u00f5igusega, mille alusel tohib autor nii ise oma teost muuta kui ka lubada seda teha teistel. Selle \u00f5iguse kasutamisega on tegemist ka siis, kui v\u00f5etakse olemasolevatest muusikapaladest s\u00e4mpleid ning kasutatakse neid uute muusikateoste loomisel.\u00a0\n<\/p>\n<p>\n\tEraldi \u00f5iguste plokk h\u00f5lmab mitmesuguseid viise, kuidas teosed avalikkusele kuulatavaks, vaadatavaks v\u00f5i muul viisil k\u00e4ttesaadavaks tehakse. See seondub autori \u00f5igusega anda teistele v\u00f5imalus oma loomingust osa saada, n\u00e4iteks heliteose kuulamine kontserdil, filmi vaatamine kinos, kunstiteoste v\u00e4ljapanek muuseumis, DJ esinemine klubis, salvestatud taustamuusika m\u00e4ngimine poes v\u00f5i restoranis, samuti teoste edastamine raadios, televisioonis ja digiplatvormidel ning nende avalikustamine veebilehtedel. Seonduvate \u00f5iguste hulka kuuluvad <strong>avaliku esitamise, eksponeerimise, edastamise<\/strong> ning <strong>\u00fcldsusele k\u00e4ttesaadavaks tegemise \u00f5igus.<\/strong>\u00a0\n<\/p>\n<p>\n\t<strong>Avaliku esitamise<\/strong> all m\u00f5eldakse nii teose elavas ettekandes esitamist, n\u00e4iteks kontserti v\u00f5i teatrietendust, kui ka teose salvestatud (tehniliselt vahendatud) ettekandes esitamist, n\u00e4iteks playlist\u2019i salvestatud muusika m\u00e4ngimist kohvikus ja kaupluses v\u00f5i DJ-settide raames. Sellisel viisil teose kasutamiseks peab loa hankima see isik, kes teose avalikku esitamist korraldab, n\u00e4iteks kontserdikorraldaja, restoranipidaja v\u00f5i klubi, kus DJ \u00fcles astub.\n<\/p>\n<p>\n\tTeose <strong>eksponeerimine<\/strong> h\u00f5lmab selle igasugust n\u00e4itamist mis tahes avalikus v\u00f5i poolavalikuks ruumis ning loa peab hankima see, kes eksponeerimist korraldab v\u00f5i kelle ruumides teos v\u00e4lja on pandud (n\u00e4iteks muuseumi- v\u00f5i kohvikupidaja).\u00a0\n<\/p>\n<p>\n\t<strong>Edastamise<\/strong><sup>[84]<\/sup>\u00a0\u00f5igus puudutab teoste kasutamist n\u00e4iteks raadio- ja telesaadetes, kus v\u00f5idakse \u00fcle kanda nii elavas ettekandes esitusi kui ka taasedastada salvestatud esitusi. Samuti puudutab edastamise \u00f5igus kaabelleviv\u00f5rgu kaudu teose edastamist, n\u00e4iteks Telia, Elisa ja STV vahendusel.\n<\/p>\n<p>\n\t<strong>\u00dcldsusele k\u00e4ttesaadavaks tegemise \u00f5igus<\/strong> v\u00f5imaldab muu hulgas rakendada k\u00f5ikv\u00f5imalikke digitaalseid platvorme, ka voogedastusplatvorme, kus iga kuulaja saab kuulata just seda pala, mida soovib, ja just siis, kui soovib, ehkki ta ise teose koopiat (digitaalset helifaili) ei oma. J\u00e4relikult tohib ka internetis mis tahes teost, olgu see muusikateos, kirjandusteos v\u00f5i kujutava kunsti teos, levitada \u00fcksnes juhul, kui autor on selleks selges\u00f5naliselt loa andnud. \u00dcldsusele k\u00e4ttesaadavaks tegemise \u00f5igust kasutavad ning vastavaid lube omavad n\u00e4iteks Spotify, Apple Music, TikTok, YouTube ja mitmesugused VOD- (video on demand) platvormid, nagu Netflix, Disney+ ja ERR-i Jupiter.\u00a0\n<\/p>\n<p>\n\t\u00a0\n<\/p>\n<h5>\n\t<strong>N\u00e4ide 4.2.1. Andrus Kivir\u00e4hki romaani \u201eMees, kes teadis ussis\u00f5nu\u201c t\u00f5lked\u00a0<\/strong>\n<\/h5><p>Andrus Kivir\u00e4hki \u00fcks menukaimaid teoseid on romaan \u201eMees, kes teadis ussis\u00f5nu\u201c, mille andis 2007. aastal v\u00e4lja Eesti Kirjanduse Sihtasutus ja mida on n\u00fc\u00fcdseks t\u00f5lgitud v\u00e4hemalt 15 keelde, sealhulgas l\u00e4ti, t\u0161ehhi, prantsuse, vene, hollandi, taani, inglise, ungari, hispaania, saksa, leedu, makedoonia, poola, jaapani ja seto keelde.\u00a0<\/p>\n<p>T\u00f5lke\u00f5igus on \u00fcks autori varalistest \u00f5igustest. Kui m\u00f5ni kirjastaja soovib tema teose t\u00f5lkida ja m\u00f5nes muus riigis v\u00e4lja anda, peab ta selleks saama autorilt v\u00f5i teda esindavalt kirjastajalt loa. Tavaliselt esindab autori \u00f5igusi kirjastus, ent Eesti kirjanikud esindavad sageli oma \u00f5igusi ise ja s\u00f5lmivad seega ka k\u00f5ikide v\u00e4liskirjastustega, kes nende teoseid t\u00f5lkida soovivad, lepingud otse. \u00a0<\/p>\n<p><img decoding=\"async\" class=\"alignnone wp-image-56\" src=\"https:\/\/sisu.ut.ee\/wp-content\/uploads\/sites\/540\/kivirahk_mosaiik.jpg\" alt=\"Kivir\u00e4hk\"><\/p>\n<p>Kollaa\u017e romaani \u201eMees, kes teadis ussis\u00f5nu\u201c teistes keeltes ilmunud v\u00e4ljaannete kaanepiltidest.\u00a0<br>Allikas: Eesti Kirjanduse Keskus<sup>[85]<\/sup>.<br>\n\n<\/p>","protected":false},"excerpt":{"rendered":"<p>Autoril on \u00f5igus mis tahes viisil oma teost kasutada ning lubada ja keelata oma loomingu kasutamine ka teistel. Sel eesm\u00e4rgil on autori\u00f5iguse seaduses ette n\u00e4htud autori varalised \u00f5igused. Erinevalt isiklikest \u00f5igustest, mis on autoriga lahutamatult seotud, on varalised \u00f5igused vabalt &#8230;<\/p>\n","protected":false},"author":292,"featured_media":0,"parent":0,"menu_order":0,"comment_status":"closed","ping_status":"closed","template":"","meta":{"_acf_changed":false,"inline_featured_image":false,"footnotes":""},"class_list":["post-20","page","type-page","status-publish","hentry"],"acf":[],"_links":{"self":[{"href":"https:\/\/sisu.ut.ee\/autorioigus-loovisikutele\/wp-json\/wp\/v2\/pages\/20","targetHints":{"allow":["GET"]}}],"collection":[{"href":"https:\/\/sisu.ut.ee\/autorioigus-loovisikutele\/wp-json\/wp\/v2\/pages"}],"about":[{"href":"https:\/\/sisu.ut.ee\/autorioigus-loovisikutele\/wp-json\/wp\/v2\/types\/page"}],"author":[{"embeddable":true,"href":"https:\/\/sisu.ut.ee\/autorioigus-loovisikutele\/wp-json\/wp\/v2\/users\/292"}],"replies":[{"embeddable":true,"href":"https:\/\/sisu.ut.ee\/autorioigus-loovisikutele\/wp-json\/wp\/v2\/comments?post=20"}],"version-history":[{"count":2,"href":"https:\/\/sisu.ut.ee\/autorioigus-loovisikutele\/wp-json\/wp\/v2\/pages\/20\/revisions"}],"predecessor-version":[{"id":241,"href":"https:\/\/sisu.ut.ee\/autorioigus-loovisikutele\/wp-json\/wp\/v2\/pages\/20\/revisions\/241"}],"wp:attachment":[{"href":"https:\/\/sisu.ut.ee\/autorioigus-loovisikutele\/wp-json\/wp\/v2\/media?parent=20"}],"curies":[{"name":"wp","href":"https:\/\/api.w.org\/{rel}","templated":true}]}}