{"id":19,"date":"2024-04-04T08:14:36","date_gmt":"2024-04-04T05:14:36","guid":{"rendered":"https:\/\/sisu.ut.ee\/autorioigus-loovisikutele\/41-autori-isiklikud-oigused\/"},"modified":"2024-04-21T14:55:22","modified_gmt":"2024-04-21T11:55:22","slug":"41-autori-isiklikud-oigused","status":"publish","type":"page","link":"https:\/\/sisu.ut.ee\/autorioigus-loovisikutele\/41-autori-isiklikud-oigused\/","title":{"rendered":"4.1. Autori isiklikud \u00f5igused"},"content":{"rendered":"<p>\n\tIsiklike \u00f5iguste \u00fcldine alus tuleneb Berni konventsioonist, mille kohaselt on autoril \u00f5igus n\u00f5uda autorsust teosele ja vaidlustada oma teose mis tahes moonutamine, l\u00fchendamine v\u00f5i muul viisil muutmine v\u00f5i teose v\u00e4\u00e4rtust kahandav muu tegevus, mis haavab autori au ja v\u00e4\u00e4rikust.<sup>[75]<\/sup>\u00a0Autori\u00f5iguse seaduses sisalduv isiklike \u00f5iguste loetelu on m\u00e4rksa pikem, kuid \u00fcldjoontes on see taandatav Berni konventsioonile. Isiklikke \u00f5igusi ei saa m\u00fc\u00fca ega \u00fcle anda, samas on isiklikud \u00f5igused p\u00e4ritavad.\u00a0\n<\/p>\n<p>\n\tEesti autori\u00f5iguse seaduse \u00a7 12 alusel on autoril j\u00e4rgmised isiklikud \u00f5igused<sup>[76]<\/sup>:\n<\/p>\n<ol>\n<li>\n\t\t<strong>\u00f5igus autorsusele<\/strong> ehk \u00f5igus esineda \u00fcldsuse ees teose loojana ning \u00f5igus n\u00f5uda, et teda ka tunnustataks teose loojana, s.t tema isik ja nimi peavad teose mis tahes viisil kasutamisel olema teosega seotud;\n\t<\/li>\n<li>\n\t\t<strong>\u00f5igus autorinimele<\/strong> ehk \u00f5igus otsustada, kuidas tema kui autori nimi peab teose kasutamisel olema t\u00e4histatud \u2013 kas kodanikunimega, autorim\u00e4rgiga, varjunimega (pseudon\u00fc\u00fcmiga) v\u00f5i ilma nimeta (anon\u00fc\u00fcmselt);\n\t<\/li>\n<li>\n\t\t<strong>\u00f5igus teose puutumatusele<\/strong> ehk \u00f5igus teha ise v\u00f5i lubada teistel isikutel teha teoses endas, tema pealkirjas (nimetuses) v\u00f5i autorinime t\u00e4histuses mis tahes muudatusi ning \u00f5igus vaidlustada ilma tema n\u00f5usolekuta tehtud muudatusi;\n\t<\/li>\n<li>\n\t\t<strong>\u00f5igus teose lisadele<\/strong> ehk \u00f5igus lubada lisada oma teosele teiste autorite teoseid (illustratsioone, eess\u00f5nasid, j\u00e4rels\u00f5nasid, kommentaare, selgitusi, uusi osasid jms);\n\t<\/li>\n<li>\n\t\t<strong>\u00f5igus autori au ja v\u00e4\u00e4rikuse kaitsele<\/strong> ehk \u00f5igus vaidlustada mis tahes moonutusi ja teisi ebat\u00e4psusi teoses endas, selle pealkirjas v\u00f5i autorinime t\u00e4histamises ning temale v\u00f5i tema teosele antud hinnanguid, mis kahjustavad tema kui autori au ja v\u00e4\u00e4rikust;\n\t<\/li>\n<li>\n\t\t<strong>\u00f5igus teose avalikustamisele<\/strong> ehk \u00f5igus otsustada, millal teos on valmis \u00fcldsusele esitamiseks;\n\t<\/li>\n<li>\n\t\t<strong>\u00f5igus teose t\u00e4iendamisele<\/strong> ehk \u00f5igus oma avalikustatud teost t\u00e4iendada ja parandada;\n\t<\/li>\n<li>\n\t\t<strong>\u00f5igus teos tagasi v\u00f5tta<\/strong> ehk \u00f5igus n\u00f5uda teose kasutamise l\u00f5petamist;\n\t<\/li>\n<li>\n\t\t<strong>\u00f5igus n\u00f5uda oma autorinime k\u00f5rvaldamist kasutatavalt teoselt.<\/strong>\n\t<\/li>\n<\/ol>\n<p>\n\tAutori isiklikke \u00f5igusi v\u00f5ib kokkuv\u00f5tvalt anal\u00fc\u00fcsida kolmes plokis: 1) \u00f5igus autorsusele ja autorinimele (loetelus 1. ja 2. punkt); 2) \u00f5igus teose puutumatusele ning sellega seonduvalt au ja v\u00e4\u00e4rikuse kaitsele (3.\u20135. punkt); ja 3) \u00f5igus teos avaldada ja tagasi v\u00f5tta (6.\u20139. punkt).\u00a0\n<\/p>\n<p>\n\t\u00dcks kesksemaid autori isiklikke \u00f5igusi on <strong>\u00f5igus autorsusele<\/strong> ehk \u00f5igus esineda \u00fcldsuse ees teose (n\u00e4iteks luuletuse, muusikateose v\u00f5i maali) loojana ja \u00fchtlasi n\u00f5uda, et teda tunnustataks selle autorina. Olukorda, kui keegi v\u00f5tab teise autori loodud teose ja esitleb seda enda nime all, nimetatakse plagiaadiks ehk loomevarguseks. Plagieerija rikub teise inimese \u00f5igust autorsusele.\n<\/p>\n<p>\n\tAutorsuse \u00f5igusega on seotud ka <strong>\u00f5igus autorinimele<\/strong>. See t\u00e4hendab, et autoril on \u00f5igus avaldada teos kas oma kodanikunime v\u00f5i pseudon\u00fc\u00fcmi all. Samuti on tal \u00f5igus avaldada teos anon\u00fc\u00fcmselt.\n<\/p>\n<h5>\n\t<strong>N\u00e4ide 4.1.1. Pseudon\u00fc\u00fcmid\u00a0<\/strong>\n<\/h5><p>Eestis on mitmeid loovisikuid ja kollektiive, kes kasutavad oma loomingu avaldamiseks varjunime ehk pseudon\u00fc\u00fcmi, n\u00e4iteks juba mainitud t\u00e4navakunstnik Edward von L\u00f5ngus. R\u00e4pparite seas on \u00fcsna tavaline artistinimede kasutamine, kuid enamasti ei tulene see soovist oma isikut varjata. Ent on ka neid autoreid ja esitajaid, kes seda soovivad. Nii n\u00e4iteks otsustasid pseudon\u00fc\u00fcmi kasutada nublu ja ansambli 5MIINUST liikmed. Ehkki nii nublu kui ka kahe 5MIINUST liikme isikunimed on t\u00e4naseks ajakirjanduses ja mujal avalikuks tulnud, ei toimunud see artistide endi soovil ning p\u00e4lvis laiemat kriitikat.<sup>[77]<\/sup>\u00a0Isikunimede mis tahes kaalutlustel avaldamist autori\u00f5iguse seadus ei reguleeri. Kui aga keegi soovib viidata m\u00f5nele nublu esitatud muusikapalale, tuleb kindlasti kasutada tema esitaja- ehk artistinime, kuna just selle nime alt on ta otsustanud oma muusikat avaldada. \u00a0<\/p>\n<p>VIDEO: nublu ja Reketi lugu \u201eMina ka\u201c p\u00e4lvis 2019. aasta Eesti muusikaauhindade galal aasta parima loo tiitli.\u00a0<sup>[78]<\/sup><\/p><div class=\"ratio ratio-16x9 mb-3\"><div class=\"video-placeholder-wrapper video-placeholder-wrapper--16x9\">\n\t\t\t    <div class=\"video-placeholder d-flex justify-content-center align-items-center\">\n\t\t\t        <div class=\"overlay text-white p-2 w-100 text-center d-block justify-content-center align-items-center\">\n\t\t\t            <div>Kolmandate osapoolte sisu n\u00e4gemiseks palun n\u00f5ustu k\u00fcpsistega.<\/div>\n\t\t\t            <button class=\"btn btn-secondary btn-sm mt-1 consent-change\">Muuda n\u00f5usolekut<\/button>\n\t\t\t        <\/div>\n\t\t\t    <\/div>\n\t\t\t<\/div>\n<\/div><br>\n\n<p>\n\tTeine isiklike \u00f5iguste plokk on <strong>\u00f5igus teose puutumatusele<\/strong> ehk teose moonutamise keeld. Teose puutumatuse \u00f5igust on m\u00f5nikord nimetatud ka teose terviklikkuse \u00f5iguseks ning, nagu \u00f6eldud, t\u00e4hendab see autoril \u00f5igust teha ise v\u00f5i lubada teistel teha tema teoses, selle pealkirjas (nimetuses) v\u00f5i autorinime t\u00e4histuses muudatusi ja \u00fchtlasi \u00f5igust vaidlustada ilma tema loata tehtud muudatusi. Teose puutumatuse ehk terviklikkuse \u00f5igusega seonduvad ka <strong>\u00f5igus teose lisadele<\/strong>, mille kohaselt autor ise otsustab, milliseid teiste autorite teoseid ta oma teosele lisada lubab, ning <strong>\u00f5igus autori au ja v\u00e4\u00e4rikuse kaitsele<\/strong>, mille alusel saab autor kontrollida, et tema loomingut ei muudetaks ega naeruv\u00e4\u00e4ristataks.\n<\/p>\n<h5>\n\t<strong>N\u00e4ide 4.1.2. Kohtuvaidlus Kihnu rahvamaja p\u00e4rast\u00a0<\/strong>\n<\/h5><p>2001. aastal avati Kihnus uus rahvamaja, mille olid projekteerinud Leonhard Lapin ja Toomas Rein. Nende loodud projekti elluviimiseks oli Kihnu vallavalitsus korraldanud riigihankekonkursi, mille v\u00f5itis ehitusfirma FKSM. Seej\u00e4rel tekkis aga vallavalitsuse ja ehitusfirma ning arhitektide vahel t\u00fcli, kuna viimaste s\u00f5nul \u201eomastas ehitusfirma nende projekti\u201c ning seega ei saavat arhitektid autoritena \u201eenam kontrollida ehituse kvaliteeti ja selle vastavust oma arhitektim\u00f5ttele\u201c<sup>[79]<\/sup>. T\u00fcli j\u00f5udis kohtusse ja vaidlus kestis kaks aastat. Vaieldi selle \u00fcle, kas Kihnu vallavalitsus kui projekti tellija on rikkunud arhitektide autori\u00f5igust ning tekitanud neile moraalset kahju. Lapini ja Reinu s\u00f5nul erineb valminud ehitis projekteeritust oluliselt ning seega on neil h\u00e4bi oma nime Kihnu rahvamajaga seostada<sup>[80]<\/sup>. L\u00f5pliku otsuse tegi Tallinna Ringkonnakohus ja sellega m\u00f5isteti kummalegi arhitektile moraalse kahju h\u00fcvitamiseks v\u00e4lja 25 000 Eesti krooni<sup>[81]<\/sup>.\u00a0<\/p>\n<p><img decoding=\"async\" class=\"alignnone wp-image-55\" src=\"https:\/\/sisu.ut.ee\/wp-content\/uploads\/sites\/540\/kihnu_rahvamaja.jpg\" alt=\"Kihnu rahvamaja\"><\/p>\n<p>Kihnu rahvamaja.\u00a0<br>Foto: Mona-Mia. Wikimedia Commons<sup>[82]<\/sup>.\u00a0<br>\n\n<\/p><p>\n\tKolmanda isiklike \u00f5iguste ploki moodustavad <strong>\u00f5igus teos avalikustada, teost t\u00e4iendada<\/strong> ja <strong>teos tagasi v\u00f5tta<\/strong> ning <strong>\u00f5igus n\u00f5uda oma autorinime k\u00f5rvaldamist<\/strong>. Autoril endal on \u00f5igus otsustada, millal on tema teos (n\u00e4iteks luuletus, maal v\u00f5i laul) avalikustamiseks valmis. Tema otsustab, millal ta jagab oma loomingulise tegevuse tulemust maailmaga. Veelgi enam, autoril on \u00f5igus oma teos ka tagasi v\u00f5tta, n\u00e4iteks saab ta enda kirjutatud raamatud m\u00fc\u00fcgilt tagasi kutsuda. Ja kui ta ei taha enam olla teosega seostatav, saab ta n\u00f5uda oma nime teoselt k\u00f5rvaldamist. Teose tagasiv\u00f5tmise ja autorinime k\u00f5rvaldamise korral on ta aga kohustatud h\u00fcvitama kolmandatele isikutele selle t\u00f5ttu tekitatud kahju, n\u00e4iteks tuleb tal maksta kirjastusele oma raamatute m\u00fc\u00fcgilt k\u00f5rvaldamise eest h\u00fcvitist.\n<\/p>\n<h6>\n\tAutori isiklikud \u00f5igused<br>\n<\/h6>\n<p>\n\t<\/p><div class=\"ratio ratio-16x9 mb-3\"><div class=\"video-placeholder-wrapper video-placeholder-wrapper--16x9\">\n\t\t\t    <div class=\"video-placeholder d-flex justify-content-center align-items-center\">\n\t\t\t        <div class=\"overlay text-white p-2 w-100 text-center d-block justify-content-center align-items-center\">\n\t\t\t            <div>Kolmandate osapoolte sisu n\u00e4gemiseks palun n\u00f5ustu k\u00fcpsistega.<\/div>\n\t\t\t            <button class=\"btn btn-secondary btn-sm mt-1 consent-change\">Muuda n\u00f5usolekut<\/button>\n\t\t\t        <\/div>\n\t\t\t    <\/div>\n\t\t\t<\/div>\n<\/div>\n","protected":false},"excerpt":{"rendered":"<p>Isiklike \u00f5iguste \u00fcldine alus tuleneb Berni konventsioonist, mille kohaselt on autoril \u00f5igus n\u00f5uda autorsust teosele ja vaidlustada oma teose mis tahes moonutamine, l\u00fchendamine v\u00f5i muul viisil muutmine v\u00f5i teose v\u00e4\u00e4rtust kahandav muu tegevus, mis haavab autori au ja v\u00e4\u00e4rikust.[75]\u00a0Autori\u00f5iguse seaduses &#8230;<\/p>\n","protected":false},"author":292,"featured_media":0,"parent":0,"menu_order":0,"comment_status":"closed","ping_status":"closed","template":"","meta":{"_acf_changed":false,"inline_featured_image":false,"footnotes":""},"class_list":["post-19","page","type-page","status-publish","hentry"],"acf":[],"_links":{"self":[{"href":"https:\/\/sisu.ut.ee\/autorioigus-loovisikutele\/wp-json\/wp\/v2\/pages\/19","targetHints":{"allow":["GET"]}}],"collection":[{"href":"https:\/\/sisu.ut.ee\/autorioigus-loovisikutele\/wp-json\/wp\/v2\/pages"}],"about":[{"href":"https:\/\/sisu.ut.ee\/autorioigus-loovisikutele\/wp-json\/wp\/v2\/types\/page"}],"author":[{"embeddable":true,"href":"https:\/\/sisu.ut.ee\/autorioigus-loovisikutele\/wp-json\/wp\/v2\/users\/292"}],"replies":[{"embeddable":true,"href":"https:\/\/sisu.ut.ee\/autorioigus-loovisikutele\/wp-json\/wp\/v2\/comments?post=19"}],"version-history":[{"count":2,"href":"https:\/\/sisu.ut.ee\/autorioigus-loovisikutele\/wp-json\/wp\/v2\/pages\/19\/revisions"}],"predecessor-version":[{"id":240,"href":"https:\/\/sisu.ut.ee\/autorioigus-loovisikutele\/wp-json\/wp\/v2\/pages\/19\/revisions\/240"}],"wp:attachment":[{"href":"https:\/\/sisu.ut.ee\/autorioigus-loovisikutele\/wp-json\/wp\/v2\/media?parent=19"}],"curies":[{"name":"wp","href":"https:\/\/api.w.org\/{rel}","templated":true}]}}