{"id":9,"date":"2024-04-04T03:42:47","date_gmt":"2024-04-04T00:42:47","guid":{"rendered":"https:\/\/sisu.ut.ee\/autentimine\/smart-id-abil-autentimine\/"},"modified":"2024-04-04T03:42:55","modified_gmt":"2024-04-04T00:42:55","slug":"smart-id-abil-autentimine","status":"publish","type":"page","link":"https:\/\/sisu.ut.ee\/autentimine\/smart-id-abil-autentimine\/","title":{"rendered":"Smart-ID abil autentimine"},"content":{"rendered":"<p>Smart-ID autentimisteenus avati 2017. aasta 2. veebruaril, kasutajate arv on 11.07.2017 seisuga Baltikumis juba rohkem kui 300 000 (Sibold, 2017).<\/p>\n<h2>Smart-ID omadused<\/h2>\n<ul>\n<li>Smart-ID on suhteliselt <strong>uus teenus<\/strong>.<\/li>\n<li>On turvalisem kui koodikaardi kasutamine.<\/li>\n<li>On <strong>mugav<\/strong> lahendus isikutuvastamiseks.<\/li>\n<li>T\u00f6\u00f6tab <a href=\"https:\/\/play.google.com\/store\/apps\/details?id=com.smart_id\" target=\"_blank\" rel=\"noopener\">Android<\/a>i ja <a href=\"https:\/\/itunes.apple.com\/us\/app\/smart-id\/id1188304729?l=et&amp;ls=1&amp;mt=8\" target=\"_blank\" rel=\"noopener\">iOS<\/a>i nutiseadmetes, aga sisse logida saab ka arvutis kasutatavatesse veebiteenustesse.<\/li>\n<li>L\u00f5ppkasutajale on teenus <strong>tasuta<\/strong>.<\/li>\n<li>T\u00f6\u00f6tamiseks on <strong>vajalik interneti\u00fchendus<\/strong>.<\/li>\n<li>Sobib kasutamiseks ka nutiseadmetes, millel pole SIM-kaardi pesa.<\/li>\n<li><strong>Toimib kiiremini kui Mobiil-ID<\/strong>.<\/li>\n<li>Hetkel suhteliselt v\u00e4he <a href=\"https:\/\/www.smart-id.com\/et\/teenused\/\" target=\"_blank\" rel=\"noopener\">teenuseid<\/a>\u00a0(SK ID Solutions, 2017), mida saab Smart-ID abil kasutada (2017 september).<\/li>\n<li>Hetkel pakutav digiallkirjastamise teenuse digiallkiri pole v\u00f5rdv\u00e4\u00e4rne paberallkirjaga (2017 september).<\/li>\n<\/ul>\n<h2>Smart-ID kasutamine<\/h2>\n<ul>\n<li>Alla laadida nutiseadme rakendus <a href=\"https:\/\/play.google.com\/store\/apps\/details?id=com.smart_id\" target=\"_blank\" rel=\"noopener\">Android<\/a> v\u00f5i <a href=\"https:\/\/itunes.apple.com\/us\/app\/smart-id\/id1188304729?l=et&amp;ls=1&amp;mt=8\" target=\"_blank\" rel=\"noopener\">iOS<\/a> seadmele.<\/li>\n<li>Registreerida \u00e4pis konto ja tuvastada ennast ID-kaardi v\u00f5i Mobiil-ID abil.<\/li>\n<li>Alates 19.09.2017 saab<a href=\"https:\/\/sk.ee\/uudised\/smart-idd-saab-tanasest-taotleda-pangakontorites\/\" target=\"_blank\" rel=\"noopener\"> Smart-IDd taotleda ka pangakontorites<\/a>\u00a0(SK ID Solutions, 2017).<\/li>\n<\/ul>\n<p><\/p><div class=\"ratio ratio-16x9 mb-3\"><div class=\"video-placeholder-wrapper video-placeholder-wrapper--16x9\">\n\t\t\t    <div class=\"video-placeholder d-flex justify-content-center align-items-center\">\n\t\t\t        <div class=\"overlay text-white p-2 w-100 text-center d-block justify-content-center align-items-center\">\n\t\t\t            <div>Kolmandate osapoolte sisu n\u00e4gemiseks palun n\u00f5ustu k\u00fcpsistega.<\/div>\n\t\t\t            <button class=\"btn btn-secondary btn-sm mt-1 consent-change\">Muuda n\u00f5usolekut<\/button>\n\t\t\t        <\/div>\n\t\t\t    <\/div>\n\t\t\t<\/div>\n<\/div>\n<p class=\"text-muted\"><em>Videojuhend: Kuidas luua Smart-ID konto?<\/em><\/p>\n<p class=\"text-muted\"><a href=\"https:\/\/www.youtube.com\/watch?v=cE0pnyAghGk\" target=\"_blank\" rel=\"noopener\">Allikas<\/a><\/p>\n\n<h2>Smart-ID turvalisus<\/h2>\n<ul>\n<li>Telefoni kadumisel ei saa pahalane Sinu Smart ID-d kasutada, sest ta ei tea PIN-koode.<\/li>\n<li>PIN 1 annab ligip\u00e4\u00e4su e-teenustele.<\/li>\n<li>PIN 2 on kood, mida on vaja allkirjastamiseks v\u00f5i panga\u00fclekannete tegemiseks.<\/li>\n<li>Juhul, kui keegi on saanud oma valdusesse Smart ID \u00e4piga nutiseadme ja proovib PIN koode \u00e4ra arvata, siis l\u00e4heb Su konto turvalisuse tagamiseks lukku.\u00a0(SK ID Solutions, 2017)<\/li>\n<\/ul>\n<h2>Kokkuv\u00f5te<\/h2>\n<p>Smart-ID on hea alternatiiv ID-kaardile ja Mobiili-ID lahendusele, kuid arvestada tuleb, et hetkeseisuga (2017 september) ei saa Smart-ID abil dokumente allkirjastada, aga see tugi on plaanis ettev\u00f5ttel lisada 2018. aastal. Smart-ID vajab toimimiseks interneti\u00fchenduse olemasolu nutiseadmes.<\/p>\n<p><\/p><div class=\"accordion mb-3\">\n        <div class=\"accordion-item accordion-item--white\">\n        <h2 class=\"accordion-header\" id=\"accordion-69d49182c0294-heading\">\n            <button class=\"accordion-button collapsed\" type=\"button\" data-bs-toggle=\"collapse\" data-bs-target=\"#accordion-69d49182c0294-collapse\" aria-expanded=\"true\" aria-controls=\"accordion-69d49182c0294-collapse\">M\u00f5tisklus\u00fclesanne<\/button>\n        <\/h2>\n        <div id=\"accordion-69d49182c0294-collapse\" class=\"accordion-collapse collapse\" aria-labelledby=\"accordion-69d49182c0294-heading\">\n            <div class=\"accordion-body\">Millistesse veebikeskkondadesse sisselogimiseks saaksid Sa kasutusele v\u00f5tta Smart-ID?<\/div>\n        <\/div>\n        <\/div>\n    <\/div>\n","protected":false},"excerpt":{"rendered":"<p>Smart-ID autentimisteenus avati 2017. aasta 2. veebruaril, kasutajate arv on 11.07.2017 seisuga Baltikumis juba rohkem kui 300 000 (Sibold, 2017). Smart-ID omadused Smart-ID on suhteliselt uus teenus. On turvalisem kui koodikaardi kasutamine. On mugav lahendus isikutuvastamiseks. T\u00f6\u00f6tab Androidi ja iOSi &#8230;<\/p>\n","protected":false},"author":6,"featured_media":0,"parent":0,"menu_order":0,"comment_status":"closed","ping_status":"closed","template":"","meta":{"_acf_changed":false,"inline_featured_image":false,"footnotes":""},"class_list":["post-9","page","type-page","status-publish","hentry"],"acf":[],"_links":{"self":[{"href":"https:\/\/sisu.ut.ee\/autentimine\/wp-json\/wp\/v2\/pages\/9","targetHints":{"allow":["GET"]}}],"collection":[{"href":"https:\/\/sisu.ut.ee\/autentimine\/wp-json\/wp\/v2\/pages"}],"about":[{"href":"https:\/\/sisu.ut.ee\/autentimine\/wp-json\/wp\/v2\/types\/page"}],"author":[{"embeddable":true,"href":"https:\/\/sisu.ut.ee\/autentimine\/wp-json\/wp\/v2\/users\/6"}],"replies":[{"embeddable":true,"href":"https:\/\/sisu.ut.ee\/autentimine\/wp-json\/wp\/v2\/comments?post=9"}],"version-history":[{"count":1,"href":"https:\/\/sisu.ut.ee\/autentimine\/wp-json\/wp\/v2\/pages\/9\/revisions"}],"predecessor-version":[{"id":84,"href":"https:\/\/sisu.ut.ee\/autentimine\/wp-json\/wp\/v2\/pages\/9\/revisions\/84"}],"wp:attachment":[{"href":"https:\/\/sisu.ut.ee\/autentimine\/wp-json\/wp\/v2\/media?parent=9"}],"curies":[{"name":"wp","href":"https:\/\/api.w.org\/{rel}","templated":true}]}}