{"id":8,"date":"2024-04-04T03:42:47","date_gmt":"2024-04-04T00:42:47","guid":{"rendered":"https:\/\/sisu.ut.ee\/autentimine\/mobiil-id-abil-autentimine\/"},"modified":"2024-04-04T03:42:55","modified_gmt":"2024-04-04T00:42:55","slug":"mobiil-id-abil-autentimine","status":"publish","type":"page","link":"https:\/\/sisu.ut.ee\/autentimine\/mobiil-id-abil-autentimine\/","title":{"rendered":"Mobiil-ID abil autentimine"},"content":{"rendered":"<p>Eestis on Mobiil-ID kasutajaid 2016. aasta augusti l\u00f5pu seisuga \u00fcle 100 000.<\/p>\n<p>Mobiil-ID on mugav lahendus digitaalseks asjaajamiseks. Mobiil-ID-ga saad teha <strong>samu tegevusi nagu ID-kaardiga<\/strong> (sisse logida, allkirjastada), aga seda <strong>nii arvutis kui ka nutiseadmes<\/strong> (vajalik SIM-kaardi pesa).<\/p>\n<p>Info Mobiil-ID kasutamiseks leiad\u00a0 sertifitseerimiskeskuse veebilehek\u00fcljelt <a href=\"http:\/\/id.ee\/index.php?id=36809\" target=\"_blank\" rel=\"noopener\">Mobiil-ID<\/a>\u00a0(Sertifitseerimiskeskus, 2017).<\/p>\n<p><\/p><div class=\"ratio ratio-16x9 mb-3\"><div class=\"video-placeholder-wrapper video-placeholder-wrapper--16x9\">\n\t\t\t    <div class=\"video-placeholder d-flex justify-content-center align-items-center\">\n\t\t\t        <div class=\"overlay text-white p-2 w-100 text-center d-block justify-content-center align-items-center\">\n\t\t\t            <div>Kolmandate osapoolte sisu n\u00e4gemiseks palun n\u00f5ustu k\u00fcpsistega.<\/div>\n\t\t\t            <button class=\"btn btn-secondary btn-sm mt-1 consent-change\">Muuda n\u00f5usolekut<\/button>\n\t\t\t        <\/div>\n\t\t\t    <\/div>\n\t\t\t<\/div>\n<\/div>\n<p class=\"text-muted\"><em>Mobiil-ID kasutamist tutvustav videoklipp<\/em><\/p>\n<p><a href=\"https:\/\/www.youtube.com\/watch?v=fIcuDtYcoO8\" target=\"_blank\" rel=\"noopener\">Allikas<\/a><\/p>\n\n<h2>Mobiil-ID eelised<\/h2>\n<ul>\n<li>Turvaline kaksikautentimine.<\/li>\n<li>Saab kasutada teenustesse sisselogimiseks nii arvutis kui ka nutiseadmetes.<\/li>\n<li>Saab dokumente allkirjastada nii nutiseadmes kui ka arvutis.<\/li>\n<li>Ei pea omama ID-kaardi lugejat.<\/li>\n<li>Mugavam kasutada kui ID-kaarti.<\/li>\n<\/ul>\n<h2>Mobiil-ID puudused<\/h2>\n<ul>\n<li>Taotlemine tavaliselt tasuline (10\u20ac riigil\u00f5iv, 10\u20ac SIM-kaardi vahetus), aga mobiilioperaatorid teevad ka sooduspakkumisi (05.11.2017 seisuga k\u00f5igil operaatoritel tasuta).<\/li>\n<li>Kuutasu 0,99\u20ac-1\u20ac (05.11.2017 seisuga).<\/li>\n<li>V\u00e4lismaal rakendub SMS-i tasu.<\/li>\n<li>Teenused, kus saab kasutada ID-kaardi abil sisselogimist ei pruugi toetada Mobiil-ID abil sisselogimist (Sertifitseerimiskeskus, 2017).<\/li>\n<\/ul>\n<h2>Turvan\u00f5uded Mobiil-ID kasutamiseks<\/h2>\n<p>Turvaliseks Mobiil-ID kasutamiseks leiad juhise <a href=\"http:\/\/id.ee\/index.php?id=36828\" target=\"_blank\" rel=\"noopener\">Mobiil-ID lehelt<\/a>\u00a0(Sertifitseerimiskeskus, 2017).<\/p>\n<h2>Mobiil-ID kasutuselev\u00f5tt<\/h2>\n<ul>\n<li>Tuleb p\u00f6\u00f6rduda oma mobiilside operaatori poole Mobiil-ID toega SIM-kaardi saamiseks.\u00a0<\/li>\n<\/ul>\n<h2>Kokkuv\u00f5te<\/h2>\n<p>Mobiili-ID on hea alternatiiv ID-kaardile. Mobiili-ID lahendust saab lisaks arvutis kasutamisele kasutada ka nutitelefonis ja tahvelarvutis.<\/p>\n<p><\/p><div class=\"accordion mb-3\">\n        <div class=\"accordion-item accordion-item--white\">\n        <h2 class=\"accordion-header\" id=\"accordion-69d98e44312e5-heading\">\n            <button class=\"accordion-button collapsed\" type=\"button\" data-bs-toggle=\"collapse\" data-bs-target=\"#accordion-69d98e44312e5-collapse\" aria-expanded=\"true\" aria-controls=\"accordion-69d98e44312e5-collapse\">M\u00f5tisklus\u00fclesanne<\/button>\n        <\/h2>\n        <div id=\"accordion-69d98e44312e5-collapse\" class=\"accordion-collapse collapse\" aria-labelledby=\"accordion-69d98e44312e5-heading\">\n            <div class=\"accordion-body\">Millistesse veebikeskkondadesse sisselogimiseks saaksid Sina kasutada Mobiil-IDd? <\/div>\n        <\/div>\n        <\/div>\n    <\/div>\n","protected":false},"excerpt":{"rendered":"<p>Eestis on Mobiil-ID kasutajaid 2016. aasta augusti l\u00f5pu seisuga \u00fcle 100 000. Mobiil-ID on mugav lahendus digitaalseks asjaajamiseks. Mobiil-ID-ga saad teha samu tegevusi nagu ID-kaardiga (sisse logida, allkirjastada), aga seda nii arvutis kui ka nutiseadmes (vajalik SIM-kaardi pesa). Info Mobiil-ID &#8230;<\/p>\n","protected":false},"author":6,"featured_media":0,"parent":0,"menu_order":0,"comment_status":"closed","ping_status":"closed","template":"","meta":{"_acf_changed":false,"inline_featured_image":false,"footnotes":""},"class_list":["post-8","page","type-page","status-publish","hentry"],"acf":[],"_links":{"self":[{"href":"https:\/\/sisu.ut.ee\/autentimine\/wp-json\/wp\/v2\/pages\/8","targetHints":{"allow":["GET"]}}],"collection":[{"href":"https:\/\/sisu.ut.ee\/autentimine\/wp-json\/wp\/v2\/pages"}],"about":[{"href":"https:\/\/sisu.ut.ee\/autentimine\/wp-json\/wp\/v2\/types\/page"}],"author":[{"embeddable":true,"href":"https:\/\/sisu.ut.ee\/autentimine\/wp-json\/wp\/v2\/users\/6"}],"replies":[{"embeddable":true,"href":"https:\/\/sisu.ut.ee\/autentimine\/wp-json\/wp\/v2\/comments?post=8"}],"version-history":[{"count":1,"href":"https:\/\/sisu.ut.ee\/autentimine\/wp-json\/wp\/v2\/pages\/8\/revisions"}],"predecessor-version":[{"id":83,"href":"https:\/\/sisu.ut.ee\/autentimine\/wp-json\/wp\/v2\/pages\/8\/revisions\/83"}],"wp:attachment":[{"href":"https:\/\/sisu.ut.ee\/autentimine\/wp-json\/wp\/v2\/media?parent=8"}],"curies":[{"name":"wp","href":"https:\/\/api.w.org\/{rel}","templated":true}]}}