{"id":7,"date":"2024-04-04T03:42:47","date_gmt":"2024-04-04T00:42:47","guid":{"rendered":"https:\/\/sisu.ut.ee\/autentimine\/id-kaardiga-autentimine\/"},"modified":"2024-04-04T03:42:55","modified_gmt":"2024-04-04T00:42:55","slug":"id-kaardiga-autentimine","status":"publish","type":"page","link":"https:\/\/sisu.ut.ee\/autentimine\/id-kaardiga-autentimine\/","title":{"rendered":"ID-kaardiga autentimine"},"content":{"rendered":"<p>&lt;img class=\"alignnone wp-image-27\" style=\"float: right; margin: 4px;\" src=\"https:\/\/sisu.ut.ee\/wp-content\/uploads\/sites\/248\/er_pilt_640px-estonian_identity_card_2007.jpg\" title=\"Eesti ID-kaart <br>n[val=Allikas href=https:\/\/et.wikipedia.org\/wiki\/Eesti_ID-kaart#\/media\/File:Estonian_identity_card,_2007.jpg]\u201d alt=\u201dEesti ID-kaart\u201d&gt;Aktiivseid ID-kaarte on 1. juuli 2017 seisuga arvel 1 294 653. Juuli l\u00f5pu seisuga leidus kaarte, mida oli viimase 12 kuu jooksul v\u00e4hemalt \u00fchel korral elektrooniliselt kasutatud, kokku 695 799.<\/p>\n<p>ID-kaarti saab kasutada nii Windowsi, Mac OS X-i kui ka Linuxi arvutites. Nutiseadmetes kasutamiseks on olemas Mobiil-ID ja Smart-ID lahendus. ID-kaart on sobilik autentimisvahend raha, isiklikult olulise ja ettev\u00f5tte jaoks olulise info k\u00e4ttesaamiseks.<\/p>\n<p>ID-kaardi abil veebiteenusesse sisselogimisel kasutatakse kaksikautentimist.<\/p>\n<ul>\n<li>Sa kasutad midagi, <strong>mida sa omad<\/strong> (ID-kaart).<\/li>\n<li>Sa kasutad midagi, <strong>mida sa tead<\/strong> (PIN-kood).<\/li>\n<\/ul>\n<p>Siinkohal on oluline <strong>teada<\/strong> ID-kaardi PIN-koodi, <strong>mitte seda omada kirjapanduna<\/strong>. Kui kirjutate PIN-koodi \u00fcles ja panete selle ID-kaardiga rahakoti vahele, siis rahakoti kadumisel on selle leidjal v\u00f5imalik kasutada teie digitaalset identiteeti.\u00a0<\/p>\n<h2>ID-kaardi eelised<\/h2>\n<ul>\n<li>Turvaline kaheastmeline autentimine, lisaks digiallkirjastamise v\u00f5imalus.<\/li>\n<li>Riiklik teenus, ima kuutasuta.<\/li>\n<\/ul>\n<h2>ID-kaardi puudused<\/h2>\n<ul>\n<li>Tarkvara- ja \u00fchilduvusprobleemid. (Veebikeskkonnas autentimine ei pruugi t\u00f6\u00f6tada k\u00f5igi veebilehitsejatega.)<\/li>\n<li>Ei saa kasutada nutiseadmes.<\/li>\n<li>J\u00e4ttes ID-kaardi kaardilugejasse on v\u00f5imalik kaardilt lugeda veebilehti k\u00fclastades isikukoodi ja nime.<\/li>\n<li>Peale ID-kaardi kasutamist tuleb turvakaalutlustel veebilehitseja sulgeda.<\/li>\n<\/ul>\n<h2>Turvan\u00f5uded ID-kaardi kasutamiseks<\/h2>\n<p>Sa saad anda olulise panuse ID-kaardi turvaliseks kasutamiseks j\u00e4lgides <a href=\"http:\/\/www.id.ee\/index.php?id=30250\" target=\"_blank\" rel=\"noopener\">turvan\u00f5udeid<\/a>\u00a0(Sertifitseerimiskeskus, 2017).\u00a0<\/p>\n<h2>ID-kaardi kasutuselev\u00f5tt<\/h2>\n<p>ID-kaardi kasutamiseks vajaliku info leiab Politsei- ja Piirivalve ameti kodulehelt: <a href=\"https:\/\/www.politsei.ee\/et\/nouanded\/id-kaart-ja-pass\/kuidas-id-kaarti-kasutada\/\" target=\"_blank\" rel=\"noopener\">Kuidas kasutada ID-kaarti?<\/a>\u00a0(Politsei- ja Piirivalveamet, 2017).\u00a0<span>Tehnilise info leiab <a href=\"http:\/\/www.id.ee\/index.php?id=10583\" target=\"_blank\" rel=\"noopener\">ID-kaardi abikeskuse lehelt<\/a>\u00a0(Sertifitseerimiskeskus, 2017).<\/span><\/p>\n<h2>N\u00e4ide turvaintsidendist ID-kaardi kiibiga<\/h2>\n<p>100% turvalisust ei ole olemas. Olemas on <strong>piisav turvalisus<\/strong> teenuste toimimiseks. Lahendus mis praegu on piisavalt turvaline v\u00f5ib aja jooksul muutuda ebaturvaliseks. Seega tuleb piisava turvalisuse taset hoida tuues v\u00e4lja uusi infotehnoloogilisi lahendusi ning neid rakendades. V\u00e4hemalt sama oluline kui on teenusepakkuja <strong>turvateadlikkus ja -k\u00e4itumine<\/strong> on seda ka teenuse tarbija oma. Seega on oluline osa turvalisuse tagamisest seotud <strong>teenuse tarbija teavitamise ja harimisega<\/strong>\u00a0teenuse turvalisest kasutamisest.<\/p>\n<p>30. augustil 2017 informeeris rahvusvaheline teadlaste grupp Riigi Infos\u00fcsteemi Ametit (RIA), et nad avastasid turvariski, mis m\u00f5jutab Eestis alates 2014. aasta oktoobrist v\u00e4lja antud ID-kaarte. Avaldamise hetkel oli tegu<strong> teoreetilise n\u00f5rkusega<\/strong>. Teadlaste edastatud info kohaselt kuluks ID-kaardi r\u00fcndamiseks liiga palju arvutusv\u00f5imsust ja raha, samuti oleks lahtimuukimistarkvara loomine aegan\u00f5udev.\u00a0(Riigi Infos\u00fcsteemi Amet, 2017)<\/p>\n<p>Nagu turvaintsidenti korral kohane, siis teavitati sellest avalikkust ja v\u00f5eti kasutusele <strong>turvameetmed<\/strong> (avalike v\u00f5tmete andmebaas suleti, loodi t\u00f6\u00f6r\u00fchm turvavea eemaldamiseks).<\/p>\n<p>Avaldamisega seoses tekkis m\u00f5ningane mainekahju e-riigi kuvandile, aga hoiti \u00e4ra suurem kahju, mis oleks v\u00f5inud tekkida intsidendist mitte teavitamisel v\u00f5i hilisemal teavitamisel.<\/p>\n<p>Oluline on siinkohal t\u00e4hele panna, et <strong>teoreetiline n\u00f5rkus v\u00f5ib muutuda reaalseks n\u00f5rkuseks<\/strong>, sest arvutusv\u00f5imsused kasvavad ja pahalaste motivatsioon r\u00fcnnata v\u00f5ib kasvada.\u00a0<\/p>\n<h2>Kokkuv\u00f5te<\/h2>\n<p>Kui kasutatav teenus v\u00f5imaldab, siis kasuta teenustesse sisselogimiseks kasutajatunnuse ja parooli asemel ID-kaarti, Mobiil-ID v\u00f5i Smart-ID lahendust.<\/p>\n<p><\/p><div class=\"accordion mb-3\">\n        <div class=\"accordion-item accordion-item--white\">\n        <h2 class=\"accordion-header\" id=\"accordion-69dbc30b73f06-heading\">\n            <button class=\"accordion-button collapsed\" type=\"button\" data-bs-toggle=\"collapse\" data-bs-target=\"#accordion-69dbc30b73f06-collapse\" aria-expanded=\"true\" aria-controls=\"accordion-69dbc30b73f06-collapse\">M\u00f5tisklus\u00fclesanne<\/button>\n        <\/h2>\n        <div id=\"accordion-69dbc30b73f06-collapse\" class=\"accordion-collapse collapse\" aria-labelledby=\"accordion-69dbc30b73f06-heading\">\n            <div class=\"accordion-body\">Millistes veebikeskkondades saaksid Sina kasutusele v\u00f5tta turvalisema ID-kaardiga sisselogimise?<\/div>\n        <\/div>\n        <\/div>\n    <\/div>\n","protected":false},"excerpt":{"rendered":"<p>&lt;img class=&#8221;alignnone wp-image-27&#8243; style=&#8221;float: right; margin: 4px;&#8221; src=&#8221;https:\/\/sisu.ut.ee\/wp-content\/uploads\/sites\/248\/er_pilt_640px-estonian_identity_card_2007.jpg&#8221; title=&#8221;Eesti ID-kaart n[val=Allikas href=https:\/\/et.wikipedia.org\/wiki\/Eesti_ID-kaart#\/media\/File:Estonian_identity_card,_2007.jpg]\u201d alt=\u201dEesti ID-kaart\u201d&gt;Aktiivseid ID-kaarte on 1. juuli 2017 seisuga arvel 1 294 653. Juuli l\u00f5pu seisuga leidus kaarte, mida oli viimase 12 kuu jooksul v\u00e4hemalt \u00fchel korral elektrooniliselt kasutatud, &#8230;<\/p>\n","protected":false},"author":6,"featured_media":0,"parent":0,"menu_order":0,"comment_status":"closed","ping_status":"closed","template":"","meta":{"_acf_changed":false,"inline_featured_image":false,"footnotes":""},"class_list":["post-7","page","type-page","status-publish","hentry"],"acf":[],"_links":{"self":[{"href":"https:\/\/sisu.ut.ee\/autentimine\/wp-json\/wp\/v2\/pages\/7","targetHints":{"allow":["GET"]}}],"collection":[{"href":"https:\/\/sisu.ut.ee\/autentimine\/wp-json\/wp\/v2\/pages"}],"about":[{"href":"https:\/\/sisu.ut.ee\/autentimine\/wp-json\/wp\/v2\/types\/page"}],"author":[{"embeddable":true,"href":"https:\/\/sisu.ut.ee\/autentimine\/wp-json\/wp\/v2\/users\/6"}],"replies":[{"embeddable":true,"href":"https:\/\/sisu.ut.ee\/autentimine\/wp-json\/wp\/v2\/comments?post=7"}],"version-history":[{"count":1,"href":"https:\/\/sisu.ut.ee\/autentimine\/wp-json\/wp\/v2\/pages\/7\/revisions"}],"predecessor-version":[{"id":82,"href":"https:\/\/sisu.ut.ee\/autentimine\/wp-json\/wp\/v2\/pages\/7\/revisions\/82"}],"wp:attachment":[{"href":"https:\/\/sisu.ut.ee\/autentimine\/wp-json\/wp\/v2\/media?parent=7"}],"curies":[{"name":"wp","href":"https:\/\/api.w.org\/{rel}","templated":true}]}}