{"id":4,"date":"2024-04-04T03:42:47","date_gmt":"2024-04-04T00:42:47","guid":{"rendered":"https:\/\/sisu.ut.ee\/autentimine\/avaleht\/"},"modified":"2024-04-11T20:14:03","modified_gmt":"2024-04-11T17:14:03","slug":"avaleht","status":"publish","type":"page","link":"https:\/\/sisu.ut.ee\/autentimine\/","title":{"rendered":"Avaleht"},"content":{"rendered":"<h2>\u00d5piobjekt \u201cErinevad autentimisviisid\u201d<\/h2>\n<p><strong>Autor:<\/strong> Veiko Hani (Eduring O\u00dc)<\/p>\n<p><strong>Eesm\u00e4rk:<\/strong>\u00a0\u00f5piobjekti eesm\u00e4rk on toetada \u00f5ppija teadmisi ja oskusi \u00a0tuntumate autentimisviiside kasutamiseks oma isiku tuvastamiseks nii arvutites, nutiseadmetes kui ka erinevates v\u00f5rgukeskkondades ning olla teadlik kaasnevatest riskidest.<\/p>\n<p><strong>Sihtr\u00fchm: k<\/strong>\u00f5ikide haridusastmete \u00f5petajad ja teised huvilised.<\/p>\n<p><strong>Maht:<\/strong>\u00a02 akadeemilist tundi.<\/p>\n<p><strong>\u00d5piv\u00e4ljundid:<\/strong>\u00a0\u00f5ppematerjali l\u00e4bimise tulemusel teab \u00f5ppija autentimisega seotud infoturbe m\u00f5isteid, p\u00f5hilisi autentimisviise, mida saab kasutada veebikeskkondades nii arvutis kui ka nutiseadmes. \u00d5ppija teab erinevate autentimisviisidega seotud riske ja oskab valida sobiva autentimisviisi.<\/p>\n<p><strong>\u00d5pijuhised<\/strong><\/p>\n<p>K\u00e4esolev \u00f5ppematerjal on m\u00f5eldud iseseisvaks l\u00e4bimiseks. Materjal algab sissejuhatava osaga, kus tutvustatakse autentimisega seotud m\u00f5isteid. Seej\u00e4rel saad asuda erinevate autentimisviisidega tutvuma. Teadmiste kinnistamiseks ja rakendamiseks on koostatud m\u00f5tisklus\u00fclesanded ja enesekontrollitestid.<\/p>\n<p><strong>\u00d5piobjekti loomise aeg:<\/strong>\u00a0september 2017<\/p>\n<p><a href=\"http:\/\/creativecommons.org\/licenses\/by-sa\/4.0\/\"><img decoding=\"async\" src=\"https:\/\/i.creativecommons.org\/l\/by-sa\/4.0\/88x31.png\"><\/a><\/p>\n<p>This work is licensed under a\u00a0<a href=\"http:\/\/creativecommons.org\/licenses\/by-sa\/4.0\/\" target=\"_blank\" rel=\"noopener\">Creative Commons Attribution-ShareAlike 4.0 International License<\/a>.<\/p>\n<p>\u00d5piobjektide loomist projekti \u201eTargalt internetis\u201c raames kaasrahastab 50% ulatuses Euroopa Komisjoni Euroopa \u00dchendamise Rahastu.<\/p>\n<p><img loading=\"lazy\" decoding=\"async\" class=\"alignnone size-medium wp-image-31\" src=\"https:\/\/sisu.ut.ee\/wp-content\/uploads\/sites\/248\/ee_cef_0-300x34.png\" alt=\"Rahastaja logo\" width=\"300\" height=\"34\" srcset=\"https:\/\/sisu.ut.ee\/wp-content\/uploads\/sites\/248\/ee_cef_0-300x34.png 300w, https:\/\/sisu.ut.ee\/wp-content\/uploads\/sites\/248\/ee_cef_0.png 522w\" sizes=\"auto, (max-width: 300px) 100vw, 300px\"> <img loading=\"lazy\" decoding=\"async\" class=\"alignnone size-medium wp-image-32\" src=\"https:\/\/sisu.ut.ee\/wp-content\/uploads\/sites\/248\/targalt-internetis-logo-300x58.jpg\" alt=\"Targalt internetis logo\" width=\"300\" height=\"58\" srcset=\"https:\/\/sisu.ut.ee\/wp-content\/uploads\/sites\/248\/targalt-internetis-logo-300x58.jpg 300w, https:\/\/sisu.ut.ee\/wp-content\/uploads\/sites\/248\/targalt-internetis-logo.jpg 450w\" sizes=\"auto, (max-width: 300px) 100vw, 300px\"> <img loading=\"lazy\" decoding=\"async\" class=\"alignnone size-medium wp-image-33\" src=\"https:\/\/sisu.ut.ee\/wp-content\/uploads\/sites\/248\/hitsa_logo-300x119.jpg\" alt=\"HITSA logo\" width=\"300\" height=\"119\" srcset=\"https:\/\/sisu.ut.ee\/wp-content\/uploads\/sites\/248\/hitsa_logo-300x119.jpg 300w, https:\/\/sisu.ut.ee\/wp-content\/uploads\/sites\/248\/hitsa_logo-1024x407.jpg 1024w, https:\/\/sisu.ut.ee\/wp-content\/uploads\/sites\/248\/hitsa_logo-768x305.jpg 768w, https:\/\/sisu.ut.ee\/wp-content\/uploads\/sites\/248\/hitsa_logo.jpg 1081w\" sizes=\"auto, (max-width: 300px) 100vw, 300px\"><\/p>\n<p><strong>Vaata ka teisi projekti \u201cTargalt internetis\u201d raames loodud \u00f5piobjekte:<\/strong><\/p>\n<ul>\n<li><a style=\"background-color: #ffffff;\" href=\"https:\/\/sisu.ut.ee\/viitamiseabc\" target=\"_blank\" rel=\"noopener\">Viitamise ABC<\/a><\/li>\n<li><a style=\"background-color: #ffffff;\" href=\"https:\/\/sisu.ut.ee\/autorioigused\" target=\"_blank\" rel=\"noopener\">Teiste autorite t\u00f6\u00f6de ja litsentside kasutamine \u00f5ppet\u00f6\u00f6s<\/a><\/li>\n<li><a style=\"background-color: #ffffff;\" href=\"https:\/\/sisu.ut.ee\/nutiturva\" target=\"_blank\" rel=\"noopener\">Nutiseadmete turvalisus<\/a><\/li>\n<li><a style=\"background-color: #ffffff;\" href=\"https:\/\/sisu.ut.ee\/minuandmed\" target=\"_blank\" rel=\"noopener\">Kus on minu andmed?<\/a><\/li>\n<\/ul>\n","protected":false},"excerpt":{"rendered":"<p>\u00d5piobjekt \u201cErinevad autentimisviisid\u201d Autor: Veiko Hani (Eduring O\u00dc) Eesm\u00e4rk:\u00a0\u00f5piobjekti eesm\u00e4rk on toetada \u00f5ppija teadmisi ja oskusi \u00a0tuntumate autentimisviiside kasutamiseks oma isiku tuvastamiseks nii arvutites, nutiseadmetes kui ka erinevates v\u00f5rgukeskkondades ning olla teadlik kaasnevatest riskidest. Sihtr\u00fchm: k\u00f5ikide haridusastmete \u00f5petajad ja teised &#8230;<\/p>\n","protected":false},"author":6,"featured_media":0,"parent":0,"menu_order":0,"comment_status":"closed","ping_status":"closed","template":"","meta":{"_acf_changed":false,"inline_featured_image":false,"footnotes":""},"class_list":["post-4","page","type-page","status-publish","hentry"],"acf":[],"_links":{"self":[{"href":"https:\/\/sisu.ut.ee\/autentimine\/wp-json\/wp\/v2\/pages\/4","targetHints":{"allow":["GET"]}}],"collection":[{"href":"https:\/\/sisu.ut.ee\/autentimine\/wp-json\/wp\/v2\/pages"}],"about":[{"href":"https:\/\/sisu.ut.ee\/autentimine\/wp-json\/wp\/v2\/types\/page"}],"author":[{"embeddable":true,"href":"https:\/\/sisu.ut.ee\/autentimine\/wp-json\/wp\/v2\/users\/6"}],"replies":[{"embeddable":true,"href":"https:\/\/sisu.ut.ee\/autentimine\/wp-json\/wp\/v2\/comments?post=4"}],"version-history":[{"count":2,"href":"https:\/\/sisu.ut.ee\/autentimine\/wp-json\/wp\/v2\/pages\/4\/revisions"}],"predecessor-version":[{"id":108,"href":"https:\/\/sisu.ut.ee\/autentimine\/wp-json\/wp\/v2\/pages\/4\/revisions\/108"}],"wp:attachment":[{"href":"https:\/\/sisu.ut.ee\/autentimine\/wp-json\/wp\/v2\/media?parent=4"}],"curies":[{"name":"wp","href":"https:\/\/api.w.org\/{rel}","templated":true}]}}