{"id":21,"date":"2024-04-04T03:42:48","date_gmt":"2024-04-04T00:42:48","guid":{"rendered":"https:\/\/sisu.ut.ee\/autentimine\/kokkuvote\/"},"modified":"2024-04-04T03:42:54","modified_gmt":"2024-04-04T00:42:54","slug":"kokkuvote","status":"publish","type":"page","link":"https:\/\/sisu.ut.ee\/autentimine\/kokkuvote\/","title":{"rendered":"Kokkuv\u00f5te"},"content":{"rendered":"<p>Erinevaid autentimisv\u00f5imalusi on palju, osad neist v\u00e4hem turvalised, osad tugeva turvalisusega.\u00a0<\/p>\n<p>Oluliste kontode jaoks kasuta kindlasti tugeva turvalisusega autentimist (ID-kaart, Mobiil-ID, Smart-ID v\u00f5i muu kaheastmelise autentimise lahendus).<\/p>\n<p>Olulised kontod on kindlasti seotud raha, terviseandmete ja riigiga. Lisaks tuleb olulisteks kontodeks lugeda sotsiaalmeedia kontod (Facebook, Google, LinkedIn, Twitter) ja kontod, millele tellid oma teiste kontode parooli meeldetuletusi.\u00a0<\/p>\n<p>Turvalist autentimist!<\/p>\n","protected":false},"excerpt":{"rendered":"<p>Erinevaid autentimisv\u00f5imalusi on palju, osad neist v\u00e4hem turvalised, osad tugeva turvalisusega.\u00a0 Oluliste kontode jaoks kasuta kindlasti tugeva turvalisusega autentimist (ID-kaart, Mobiil-ID, Smart-ID v\u00f5i muu kaheastmelise autentimise lahendus). Olulised kontod on kindlasti seotud raha, terviseandmete ja riigiga. Lisaks tuleb olulisteks kontodeks &#8230;<\/p>\n","protected":false},"author":6,"featured_media":0,"parent":0,"menu_order":0,"comment_status":"closed","ping_status":"closed","template":"","meta":{"_acf_changed":false,"inline_featured_image":false,"footnotes":""},"class_list":["post-21","page","type-page","status-publish","hentry"],"acf":[],"_links":{"self":[{"href":"https:\/\/sisu.ut.ee\/autentimine\/wp-json\/wp\/v2\/pages\/21","targetHints":{"allow":["GET"]}}],"collection":[{"href":"https:\/\/sisu.ut.ee\/autentimine\/wp-json\/wp\/v2\/pages"}],"about":[{"href":"https:\/\/sisu.ut.ee\/autentimine\/wp-json\/wp\/v2\/types\/page"}],"author":[{"embeddable":true,"href":"https:\/\/sisu.ut.ee\/autentimine\/wp-json\/wp\/v2\/users\/6"}],"replies":[{"embeddable":true,"href":"https:\/\/sisu.ut.ee\/autentimine\/wp-json\/wp\/v2\/comments?post=21"}],"version-history":[{"count":1,"href":"https:\/\/sisu.ut.ee\/autentimine\/wp-json\/wp\/v2\/pages\/21\/revisions"}],"predecessor-version":[{"id":75,"href":"https:\/\/sisu.ut.ee\/autentimine\/wp-json\/wp\/v2\/pages\/21\/revisions\/75"}],"wp:attachment":[{"href":"https:\/\/sisu.ut.ee\/autentimine\/wp-json\/wp\/v2\/media?parent=21"}],"curies":[{"name":"wp","href":"https:\/\/api.w.org\/{rel}","templated":true}]}}