{"id":10,"date":"2024-04-04T03:42:48","date_gmt":"2024-04-04T00:42:48","guid":{"rendered":"https:\/\/sisu.ut.ee\/autentimine\/sormejaljega-autentimine\/"},"modified":"2024-04-04T03:42:55","modified_gmt":"2024-04-04T00:42:55","slug":"sormejaljega-autentimine","status":"publish","type":"page","link":"https:\/\/sisu.ut.ee\/autentimine\/sormejaljega-autentimine\/","title":{"rendered":"S\u00f5rmej\u00e4ljega autentimine"},"content":{"rendered":"<p>&lt;img class=\"alignnone wp-image-28\" style=\"margin: 4px; float: right;\" src=\"https:\/\/sisu.ut.ee\/wp-content\/uploads\/sites\/248\/er_pilt_fingerprint-2027374_640.png\" title=\"S\u00f5rmej\u00e4lg<br>n[val=Allikas href=https:\/\/pixabay.com\/en\/crime-evidence-fingerprint-forensic-2027374\/]\u201d alt=\u201dS\u00f5rmej\u00e4lg\u201d&gt;M\u00f5nedest s\u00fclearvutitest ja nutiseadmetest v\u00f5ib leida s\u00f5rmej\u00e4ljelugeja. Nendes seadmetes on v\u00f5imalik kasutada s\u00f5rmej\u00e4lge n\u00e4iteks seadmesse sisse logimiseks.<\/p>\n<p>S\u00fclearvutil, millel on olemas s\u00f5rmej\u00e4ljelugeja, saab s\u00f5rmej\u00e4ljelugeja sisse l\u00fclitada valides:<\/p>\n<ul>\n<li><strong>Start &gt; S\u00e4tted (Settings) &gt; Kontod (Accounts) &gt; Sisselogimisvalikud (Sign-in options) &gt; Windows Hello &gt; S\u00f5rmej\u00e4lg (Fingerprint) &gt; H\u00e4\u00e4lestamine (Set up) &gt; j\u00e4lgi juhiseid.<\/strong><\/li>\n<\/ul>\n<p>Alates Android 6.0 versioonist on s\u00f5rmej\u00e4lje tuvastamise funktsionaalsus nutiseadmes olemas ja toimib, kui on olemas s\u00f5rmej\u00e4ljelugeja. S\u00f5rmej\u00e4ljega seadme avamise sissel\u00fclitamine v\u00f5ib seadmetel toimuda erinevalt.<\/p>\n<ul>\n<li><strong>Seaded &gt; Turvalisus &gt; S\u00f5rmej\u00e4lg<\/strong><\/li>\n<li>v\u00f5i otsi Seadete alt m\u00e4rks\u00f5na s\u00f5rmej\u00e4lg v\u00f5i fingerprint.<\/li>\n<li>J\u00e4lgi juhiseid\u00a0(Ventura, 2016)<\/li>\n<\/ul>\n<p>Infot Apple nutiseadmetes s\u00f5rmej\u00e4ljelugeja kasutuselev\u00f5tuks leiad <a href=\"https:\/\/support.apple.com\/et-ee\/HT201371\" target=\"_blank\" rel=\"noopener\">Apple toe lehelt<\/a>\u00a0(Apple, 2017).<\/p>\n<p>Uuemates nutiseadmetes olevat s\u00f5rmej\u00e4lje infot hoitakse eraldi protsessori juures turvaalas. Seega s\u00f5rmej\u00e4ljeinfo seadmest v\u00e4lja ei l\u00e4he.<\/p>\n<p><strong>S\u00f5rmej\u00e4ljelugeja<\/strong> suurimaks eeliseks v\u00f5ib tuua selle, et seda <strong>on mugav kasutada.\u00a0<\/strong>Sa ei pea parooli meeles pidama, et ennast autentida. Samuti v\u00f5ib eeliseks tuua, et sel viisil autentimine toimub suhteliselt kiiresti.\u00a0<\/p>\n<p><strong>S\u00f5rmej\u00e4ljelugejal on mitmeid eeliseid.<\/strong><\/p>\n<ul>\n<li>S\u00f5rmej\u00e4lge ei saa samamoodi \u00e4ra arvata nagu parooli.<\/li>\n<li>Erinevalt parooli sisestamisest v\u00f5ib s\u00f5rmej\u00e4ljega autentimist iga\u00fcks pealt vaadata ja filmida.<\/li>\n<li>Sa ei saa oma s\u00f5rmej\u00e4lge \u00fcles kirjutada nagu parooliga kiputakse tegema.<\/li>\n<li>Sa ei saa s\u00f5rmej\u00e4lge \u00e4ra unustada nagu parooli.\u00a0<\/li>\n<\/ul>\n<h2>Turvaohud<\/h2>\n<p>Paraku nagu iga turvatehnoloogiaga <strong>pole ka s\u00f5rmej\u00e4ljelugeja 100% turvaline<\/strong>. S\u00f5rmej\u00e4lgi on v\u00f5imalik siiski v\u00f5ltsida s\u00f5rmej\u00e4ljelugejate jaoks, aga see n\u00f5uab juba olulist pingutust ja motivatsiooni pahalase poolt. N\u00e4iteks v\u00f5ib s\u00f5rmej\u00e4lje konstrueerida inimese poolt pinnale j\u00e4etud n\u00e4puj\u00e4ljest. Samuti on ohuks t\u00e4nap\u00e4eval k\u00f5rgete megapikslite arvuga fotoaparaadid, millega on m\u00f5\u00f5dukast kaugusest v\u00f5imalik teha pilt n\u00e4pu otsas olevast s\u00f5rmej\u00e4lje mustrist.<\/p>\n<p>Ohuks on ka see, et s\u00f5rmej\u00e4lje tuvastamise andmed v\u00f5ivad nutiseadmest lekkida.\u00a0<\/p>\n<h2>Kokkuv\u00f5te<\/h2>\n<p>S\u00f5rmej\u00e4lge v\u00f5ib soovitada kasutada nutiseadmesse ja arvutisse sisselogimiseks, kuid arvestada tuleb, et s\u00f5rmej\u00e4lg v\u00f5ib olla n\u00f5rgem kui pikk parool v\u00f5i PIN-kood.<\/p>\n<p>Olulistesse kohtadesse sisselogimiseks v\u00f5ib s\u00f5rmej\u00e4lge kasutada teise faktorina.<\/p>\n<p><\/p><div class=\"accordion mb-3\">\n        <div class=\"accordion-item accordion-item--white\">\n        <h2 class=\"accordion-header\" id=\"accordion-69da367ceedb5-heading\">\n            <button class=\"accordion-button collapsed\" type=\"button\" data-bs-toggle=\"collapse\" data-bs-target=\"#accordion-69da367ceedb5-collapse\" aria-expanded=\"true\" aria-controls=\"accordion-69da367ceedb5-collapse\">M\u00f5tisklus\u00fclesanne<\/button>\n        <\/h2>\n        <div id=\"accordion-69da367ceedb5-collapse\" class=\"accordion-collapse collapse\" aria-labelledby=\"accordion-69da367ceedb5-heading\">\n            <div class=\"accordion-body\">Kas Sinu s\u00fclearvutil v\u00f5i nutiseadmel on s\u00f5rmej\u00e4ljelugeja? Kui jah, siis kas Sul oleks otstarbekas see kasutusele v\u00f5tta?<\/div>\n        <\/div>\n        <\/div>\n    <\/div>\n","protected":false},"excerpt":{"rendered":"<p>&lt;img class=&#8221;alignnone wp-image-28&#8243; style=&#8221;margin: 4px; float: right;&#8221; src=&#8221;https:\/\/sisu.ut.ee\/wp-content\/uploads\/sites\/248\/er_pilt_fingerprint-2027374_640.png&#8221; title=&#8221;S\u00f5rmej\u00e4lgn[val=Allikas href=https:\/\/pixabay.com\/en\/crime-evidence-fingerprint-forensic-2027374\/]\u201d alt=\u201dS\u00f5rmej\u00e4lg\u201d&gt;M\u00f5nedest s\u00fclearvutitest ja nutiseadmetest v\u00f5ib leida s\u00f5rmej\u00e4ljelugeja. Nendes seadmetes on v\u00f5imalik kasutada s\u00f5rmej\u00e4lge n\u00e4iteks seadmesse sisse logimiseks. S\u00fclearvutil, millel on olemas s\u00f5rmej\u00e4ljelugeja, saab s\u00f5rmej\u00e4ljelugeja sisse l\u00fclitada valides: Start &gt; S\u00e4tted &#8230;<\/p>\n","protected":false},"author":6,"featured_media":0,"parent":0,"menu_order":0,"comment_status":"closed","ping_status":"closed","template":"","meta":{"_acf_changed":false,"inline_featured_image":false,"footnotes":""},"class_list":["post-10","page","type-page","status-publish","hentry"],"acf":[],"_links":{"self":[{"href":"https:\/\/sisu.ut.ee\/autentimine\/wp-json\/wp\/v2\/pages\/10","targetHints":{"allow":["GET"]}}],"collection":[{"href":"https:\/\/sisu.ut.ee\/autentimine\/wp-json\/wp\/v2\/pages"}],"about":[{"href":"https:\/\/sisu.ut.ee\/autentimine\/wp-json\/wp\/v2\/types\/page"}],"author":[{"embeddable":true,"href":"https:\/\/sisu.ut.ee\/autentimine\/wp-json\/wp\/v2\/users\/6"}],"replies":[{"embeddable":true,"href":"https:\/\/sisu.ut.ee\/autentimine\/wp-json\/wp\/v2\/comments?post=10"}],"version-history":[{"count":1,"href":"https:\/\/sisu.ut.ee\/autentimine\/wp-json\/wp\/v2\/pages\/10\/revisions"}],"predecessor-version":[{"id":64,"href":"https:\/\/sisu.ut.ee\/autentimine\/wp-json\/wp\/v2\/pages\/10\/revisions\/64"}],"wp:attachment":[{"href":"https:\/\/sisu.ut.ee\/autentimine\/wp-json\/wp\/v2\/media?parent=10"}],"curies":[{"name":"wp","href":"https:\/\/api.w.org\/{rel}","templated":true}]}}