{"id":9,"date":"2024-04-03T23:08:03","date_gmt":"2024-04-03T20:08:03","guid":{"rendered":"https:\/\/sisu.ut.ee\/auditoorium\/sissejuhatus\/"},"modified":"2024-04-03T23:08:05","modified_gmt":"2024-04-03T20:08:05","slug":"sissejuhatus","status":"publish","type":"page","link":"https:\/\/sisu.ut.ee\/auditoorium\/sissejuhatus\/","title":{"rendered":"Sissejuhatus"},"content":{"rendered":"<p>\u00dcmberp\u00f6\u00f6ratud klassiruum on l\u00e4henemisviis \u00f5ppimisele, mis r\u00f5hutab \u00f5ppija suurt rolli \u00f5ppeprotsessis. \u00d5ppematerjalide lisanduv k\u00e4ttesaadavus on \u00fcks mitmest p\u00f5hjusest selle l\u00e4henemisviisi populaarsuse kasvuks.\u00a0Seega on tegemist uue nimega m\u00f5tteviisile, mis on praktikas osaliselt juba tuttav.<\/p>\n<p>\u00dcmberp\u00f6\u00f6ratud klassiruumi \u00f5piobjekt on m\u00f5eldud k\u00f5igile neile, kes \u00f5petavad ja tahavad \u00f5petada veelgi paremini, t\u00f5husamalt ja tulemuslikumalt. See eeldab \u00f5ppijate suuremat aktiivsust ning seet\u00f5ttu ka nende usaldamist oma \u00f5ppimist puudutavas. Ometi ei j\u00e4\u00e4 \u00f5ppija \u00fcksi, vaid selle metoodika puhul on oluline motiveerida \u00f5ppijat ja pakkuda talle pidevat tagasisidet oma \u00f5ppimise tulemuslikkusest.<\/p>\n<p>\u00d5piobjekti efektiivsesks kasutamiseks j\u00e4rgige j\u00e4rgmiseid samme:<\/p>\n<ul>\n<li>liikuge edasi \u00fcks lehek\u00fclg korraga<\/li>\n<li>iga m\u00f5tlemisnupukese ja \u00fclesande koha peal peatuge ning t\u00e4itke etteantud korraldused<\/li>\n<li>\u00fclesannete juures on juhised enesekontrolliks \u2013 kasutage neid siis kui \u00fclesanne on t\u00e4idetud<\/li>\n<li>kui j\u00e4\u00e4te \u00fclesande lahendamisel h\u00e4tta, siis liikuge tagasi ja korrake \u00f5pitut<\/li>\n<li>olles l\u00e4binud terve \u00f5piobjekti, kontrollige, kas olete omandanud etteantud v\u00e4ljundid<\/li>\n<\/ul>\n<p>Loodame, et naudite protsessi!<\/p>\n<p>Einike ja Taavi<\/p>\n\n<p style=\"text-align: center\">\n<\/p>","protected":false},"excerpt":{"rendered":"<p>\u00dcmberp\u00f6\u00f6ratud klassiruum on l\u00e4henemisviis \u00f5ppimisele, mis r\u00f5hutab \u00f5ppija suurt rolli \u00f5ppeprotsessis. \u00d5ppematerjalide lisanduv k\u00e4ttesaadavus on \u00fcks mitmest p\u00f5hjusest selle l\u00e4henemisviisi populaarsuse kasvuks.\u00a0Seega on tegemist uue nimega m\u00f5tteviisile, mis on praktikas osaliselt juba tuttav. \u00dcmberp\u00f6\u00f6ratud klassiruumi \u00f5piobjekt on m\u00f5eldud k\u00f5igile neile, &#8230;<\/p>\n","protected":false},"author":8,"featured_media":0,"parent":0,"menu_order":0,"comment_status":"closed","ping_status":"closed","template":"","meta":{"_acf_changed":false,"inline_featured_image":false,"footnotes":""},"class_list":["post-9","page","type-page","status-publish","hentry"],"acf":[],"_links":{"self":[{"href":"https:\/\/sisu.ut.ee\/auditoorium\/wp-json\/wp\/v2\/pages\/9","targetHints":{"allow":["GET"]}}],"collection":[{"href":"https:\/\/sisu.ut.ee\/auditoorium\/wp-json\/wp\/v2\/pages"}],"about":[{"href":"https:\/\/sisu.ut.ee\/auditoorium\/wp-json\/wp\/v2\/types\/page"}],"author":[{"embeddable":true,"href":"https:\/\/sisu.ut.ee\/auditoorium\/wp-json\/wp\/v2\/users\/8"}],"replies":[{"embeddable":true,"href":"https:\/\/sisu.ut.ee\/auditoorium\/wp-json\/wp\/v2\/comments?post=9"}],"version-history":[{"count":1,"href":"https:\/\/sisu.ut.ee\/auditoorium\/wp-json\/wp\/v2\/pages\/9\/revisions"}],"predecessor-version":[{"id":32,"href":"https:\/\/sisu.ut.ee\/auditoorium\/wp-json\/wp\/v2\/pages\/9\/revisions\/32"}],"wp:attachment":[{"href":"https:\/\/sisu.ut.ee\/auditoorium\/wp-json\/wp\/v2\/media?parent=9"}],"curies":[{"name":"wp","href":"https:\/\/api.w.org\/{rel}","templated":true}]}}