{"id":5,"date":"2024-04-03T23:08:03","date_gmt":"2024-04-03T20:08:03","guid":{"rendered":"https:\/\/sisu.ut.ee\/auditoorium\/teema-1\/"},"modified":"2024-04-14T13:16:48","modified_gmt":"2024-04-14T10:16:48","slug":"teema-1","status":"publish","type":"page","link":"https:\/\/sisu.ut.ee\/auditoorium\/teema-1\/","title":{"rendered":"\u00dcmberp\u00f6\u00f6ratud auditooriumi v\u00f5imalused ja ohud"},"content":{"rendered":"<p>Vaata l\u00e4bi j\u00e4rgnev videoinetervjuu \u00fcmberp\u00f6\u00f6ratud auditooriumi metoodikat katsetanud \u00f5ppej\u00f5uga.<\/p>\n\n\n\n<p><\/p><div class=\"ratio ratio-16x9 mb-3\"><div class=\"video-placeholder-wrapper video-placeholder-wrapper--16x9\">\n\t\t\t    <div class=\"video-placeholder d-flex justify-content-center align-items-center\">\n\t\t\t        <div class=\"overlay text-white p-2 w-100 text-center d-block justify-content-center align-items-center\">\n\t\t\t            <div>Kolmandate osapoolte sisu n\u00e4gemiseks palun n\u00f5ustu k\u00fcpsistega.<\/div>\n\t\t\t            <button class=\"btn btn-secondary btn-sm mt-1 consent-change\">Muuda n\u00f5usolekut<\/button>\n\t\t\t        <\/div>\n\t\t\t    <\/div>\n\t\t\t<\/div>\n<\/div>\n\n\n\n<p><strong><img loading=\"lazy\" decoding=\"async\" width=\"48\" height=\"48\" class=\"alignnone wp-image-12\" title=\"motle-l.png\" src=\"https:\/\/sisu.ut.ee\/wp-content\/uploads\/sites\/10\/motle-l.png\" alt=\"motle-l.png\">\u00a0M\u00f5tle:\u00a0<\/strong>Millised on v\u00f5imalused \u00fcmberp\u00f6\u00f6ratud auditooriumi kasutamiseks sinu kursuses? Millised ohud sellega v\u00f5ivad kaasneda?<\/p>\n\n\n\n<p>Toetudes videolongule vasta j\u00e4rgnevatele k\u00fcsimustele:<\/p>\n\n\n<script type=\"text\/javascript\">\ndocument.addEventListener(\"DOMContentLoaded\", function(event) { \nif(!window.jQuery) alert(\"The important jQuery library is not properly loaded in your site. Your WordPress theme is probably missing the essential wp_head() call. You can switch to another theme and you will see that the plugin works fine and this notice disappears. If you are still not sure what to do you can contact us for help.\");\n});\n<\/script>  \n  \n<div id=\"watupro_quiz\" class=\"quiz-area single-page-quiz\">\n<p id=\"submittingExam1\" style=\"display:none;text-align:center;\"><img loading=\"lazy\" decoding=\"async\" src=\"https:\/\/sisu.ut.ee\/wp-content\/plugins\/watupro\/img\/loading.gif\" width=\"16\" height=\"16\"><\/p>\n\n\n\n<form action=\"\" method=\"post\" class=\"quiz-form\" id=\"quiz-1\" enctype=\"multipart\/form-data\">\n<div class=\"watu-question \" id=\"question-1\" style=\";\"><div id=\"questionWrap-1\" class=\"  watupro-required-1 watupro-question-id-1\">\n\t\t\t<div class=\"question-content\"><strong><img loading=\"lazy\" decoding=\"async\" width=\"48\" height=\"48\" class=\"alignnone wp-image-13\" style=\"vertical-align: middle;\" title=\"ylesanne.png\" src=\"https:\/\/multisite.ut.ee\/wp-content\/uploads\/sites\/10\/ylesanne.png\" alt=\"ylesanne.png\">\u00dclesanne:\u00a0<\/strong>\u00a0Kuidas on videointerviuus kirjeldatud kursus muutunud?<br>\r\n<br>\r\n<img loading=\"lazy\" decoding=\"async\" width=\"1490\" height=\"644\" class=\"alignnone wp-image-22\" title=\"screenshot_2023-04-06_at_14.50.13.png\" src=\"https:\/\/multisite.ut.ee\/wp-content\/uploads\/sites\/10\/screenshot_2023-04-06_at_14.50.13.png\" alt=\"Pilt\" srcset=\"https:\/\/sisu.ut.ee\/wp-content\/uploads\/sites\/10\/screenshot_2023-04-06_at_14.50.13.png 1490w, https:\/\/sisu.ut.ee\/wp-content\/uploads\/sites\/10\/screenshot_2023-04-06_at_14.50.13-300x130.png 300w, https:\/\/sisu.ut.ee\/wp-content\/uploads\/sites\/10\/screenshot_2023-04-06_at_14.50.13-1024x443.png 1024w, https:\/\/sisu.ut.ee\/wp-content\/uploads\/sites\/10\/screenshot_2023-04-06_at_14.50.13-768x332.png 768w\" sizes=\"auto, (max-width: 1490px) 100vw, 1490px\"><div class=\"question-choices\"><table class=\"question-choices watupro-matrix-droppable\" id=\"watuPROMatrixDroppable_1\"><tr><td class=\"watupro-matrix-left-cell\">1<\/td>\n\t\t\t\t\t\t<td class=\"watupro-matrix-right-cell watuPRODroppable1\" id=\"watuPRODroppableCell1\"><div class=\"question-choices\"><div class=\"watupro-matrix-right\"><div id=\"watuproNMatrixSelection-0-0\" class=\" watupro-matrix-draggable watupro-nmatrix-answer-0\" onclick=\"WatuPROINMatrix.sel(this, 'watuPRODroppableCell1', 0);return false;\">j\u00e4\u00e4nud samaks<!--WTPMD583c9dc9d5cfc2fc83422823679614ea0--><p class=\"watupro-nmatrix-unselect\">Unselect<\/p><\/div><div id=\"watuproNMatrixSelection-0-1\" class=\" watupro-matrix-draggable watupro-nmatrix-answer-1\" onclick=\"WatuPROINMatrix.sel(this, 'watuPRODroppableCell1', 1);return false;\">v\u00e4henenud<!--WTPMD520e133a92d4056194f809e2b89539fdd--><p class=\"watupro-nmatrix-unselect\">Unselect<\/p><\/div><div id=\"watuproNMatrixSelection-0-2\" class=\" watupro-matrix-draggable watupro-nmatrix-answer-2\" onclick=\"WatuPROINMatrix.sel(this, 'watuPRODroppableCell1', 2);return false;\">suurenenud<!--WTPMD5f0cdadcdb9451980479f79d28a2b4d6a--><p class=\"watupro-nmatrix-unselect\">Unselect<\/p><\/div><div id=\"watuproNMatrixSelection-0-3\" class=\" watupro-matrix-draggable watupro-nmatrix-answer-3\" onclick=\"WatuPROINMatrix.sel(this, 'watuPRODroppableCell1', 3);return false;\">pole videoloengu p\u00f5hjal \u00fcheselt vastatav<!--WTPMD509765b4ce8187d9d5c1d1f504636b229--><p class=\"watupro-nmatrix-unselect\">Unselect<\/p><\/div><\/div><\/div><input type=\"hidden\" class=\"answerof-1 watupro-nmatrix-answer-field\" id=\"field-watuPRODroppableCell1\" name=\"matrix-left-1\" value=\"\"><\/td><\/tr><tr><td class=\"watupro-matrix-left-cell\">2<\/td>\n\t\t\t\t\t\t<td class=\"watupro-matrix-right-cell watuPRODroppable1\" id=\"watuPRODroppableCell2\"><div class=\"question-choices\"><div class=\"watupro-matrix-right\"><div id=\"watuproNMatrixSelection-1-0\" class=\" watupro-matrix-draggable watupro-nmatrix-answer-0\" onclick=\"WatuPROINMatrix.sel(this, 'watuPRODroppableCell2', 0);return false;\">j\u00e4\u00e4nud samaks<!--WTPMD583c9dc9d5cfc2fc83422823679614ea0--><p class=\"watupro-nmatrix-unselect\">Unselect<\/p><\/div><div id=\"watuproNMatrixSelection-1-1\" class=\" watupro-matrix-draggable watupro-nmatrix-answer-1\" onclick=\"WatuPROINMatrix.sel(this, 'watuPRODroppableCell2', 1);return false;\">v\u00e4henenud<!--WTPMD520e133a92d4056194f809e2b89539fdd--><p class=\"watupro-nmatrix-unselect\">Unselect<\/p><\/div><div id=\"watuproNMatrixSelection-1-2\" class=\" watupro-matrix-draggable watupro-nmatrix-answer-2\" onclick=\"WatuPROINMatrix.sel(this, 'watuPRODroppableCell2', 2);return false;\">suurenenud<!--WTPMD5f0cdadcdb9451980479f79d28a2b4d6a--><p class=\"watupro-nmatrix-unselect\">Unselect<\/p><\/div><div id=\"watuproNMatrixSelection-1-3\" class=\" watupro-matrix-draggable watupro-nmatrix-answer-3\" onclick=\"WatuPROINMatrix.sel(this, 'watuPRODroppableCell2', 3);return false;\">pole videoloengu p\u00f5hjal \u00fcheselt vastatav<!--WTPMD509765b4ce8187d9d5c1d1f504636b229--><p class=\"watupro-nmatrix-unselect\">Unselect<\/p><\/div><\/div><\/div><input type=\"hidden\" class=\"answerof-1 watupro-nmatrix-answer-field\" id=\"field-watuPRODroppableCell2\" name=\"matrix-left-2\" value=\"\"><\/td><\/tr><tr><td class=\"watupro-matrix-left-cell\">3<\/td>\n\t\t\t\t\t\t<td class=\"watupro-matrix-right-cell watuPRODroppable1\" id=\"watuPRODroppableCell3\"><div class=\"question-choices\"><div class=\"watupro-matrix-right\"><div id=\"watuproNMatrixSelection-2-0\" class=\" watupro-matrix-draggable watupro-nmatrix-answer-0\" onclick=\"WatuPROINMatrix.sel(this, 'watuPRODroppableCell3', 0);return false;\">j\u00e4\u00e4nud samaks<!--WTPMD583c9dc9d5cfc2fc83422823679614ea0--><p class=\"watupro-nmatrix-unselect\">Unselect<\/p><\/div><div id=\"watuproNMatrixSelection-2-1\" class=\" watupro-matrix-draggable watupro-nmatrix-answer-1\" onclick=\"WatuPROINMatrix.sel(this, 'watuPRODroppableCell3', 1);return false;\">v\u00e4henenud<!--WTPMD520e133a92d4056194f809e2b89539fdd--><p class=\"watupro-nmatrix-unselect\">Unselect<\/p><\/div><div id=\"watuproNMatrixSelection-2-2\" class=\" watupro-matrix-draggable watupro-nmatrix-answer-2\" onclick=\"WatuPROINMatrix.sel(this, 'watuPRODroppableCell3', 2);return false;\">suurenenud<!--WTPMD5f0cdadcdb9451980479f79d28a2b4d6a--><p class=\"watupro-nmatrix-unselect\">Unselect<\/p><\/div><div id=\"watuproNMatrixSelection-2-3\" class=\" watupro-matrix-draggable watupro-nmatrix-answer-3\" onclick=\"WatuPROINMatrix.sel(this, 'watuPRODroppableCell3', 3);return false;\">pole videoloengu p\u00f5hjal \u00fcheselt vastatav<!--WTPMD509765b4ce8187d9d5c1d1f504636b229--><p class=\"watupro-nmatrix-unselect\">Unselect<\/p><\/div><\/div><\/div><input type=\"hidden\" class=\"answerof-1 watupro-nmatrix-answer-field\" id=\"field-watuPRODroppableCell3\" name=\"matrix-left-3\" value=\"\"><\/td><\/tr><tr><td class=\"watupro-matrix-left-cell\">4<\/td>\n\t\t\t\t\t\t<td class=\"watupro-matrix-right-cell watuPRODroppable1\" id=\"watuPRODroppableCell4\"><div class=\"question-choices\"><div class=\"watupro-matrix-right\"><div id=\"watuproNMatrixSelection-3-0\" class=\" watupro-matrix-draggable watupro-nmatrix-answer-0\" onclick=\"WatuPROINMatrix.sel(this, 'watuPRODroppableCell4', 0);return false;\">j\u00e4\u00e4nud samaks<!--WTPMD583c9dc9d5cfc2fc83422823679614ea0--><p class=\"watupro-nmatrix-unselect\">Unselect<\/p><\/div><div id=\"watuproNMatrixSelection-3-1\" class=\" watupro-matrix-draggable watupro-nmatrix-answer-1\" onclick=\"WatuPROINMatrix.sel(this, 'watuPRODroppableCell4', 1);return false;\">v\u00e4henenud<!--WTPMD520e133a92d4056194f809e2b89539fdd--><p class=\"watupro-nmatrix-unselect\">Unselect<\/p><\/div><div id=\"watuproNMatrixSelection-3-2\" class=\" watupro-matrix-draggable watupro-nmatrix-answer-2\" onclick=\"WatuPROINMatrix.sel(this, 'watuPRODroppableCell4', 2);return false;\">suurenenud<!--WTPMD5f0cdadcdb9451980479f79d28a2b4d6a--><p class=\"watupro-nmatrix-unselect\">Unselect<\/p><\/div><div id=\"watuproNMatrixSelection-3-3\" class=\" watupro-matrix-draggable watupro-nmatrix-answer-3\" onclick=\"WatuPROINMatrix.sel(this, 'watuPRODroppableCell4', 3);return false;\">pole videoloengu p\u00f5hjal \u00fcheselt vastatav<!--WTPMD509765b4ce8187d9d5c1d1f504636b229--><p class=\"watupro-nmatrix-unselect\">Unselect<\/p><\/div><\/div><\/div><input type=\"hidden\" class=\"answerof-1 watupro-nmatrix-answer-field\" id=\"field-watuPRODroppableCell4\" name=\"matrix-left-4\" value=\"\"><\/td><\/tr><\/table><\/div><input type=\"hidden\" name=\"question_id[]\" id=\"qID_1\" value=\"1\" class=\"watupro-question-id\"><input type=\"hidden\" id=\"answerType1\" class=\"answerTypeCnt1\" value=\"nmatrix\"><input type=\"hidden\" id=\"watupro-required-question-1\"><!-- end question-content--><\/div><!-- end questionWrap--><\/div><\/div><div style=\"display:none\" id=\"question-2\">\n\t<div class=\"question-content\">\n\t\t<img loading=\"lazy\" decoding=\"async\" src=\"https:\/\/sisu.ut.ee\/wp-content\/plugins\/watupro\/img\/loading.gif\" width=\"16\" height=\"16\" alt=\"Loading...\" title=\"Loading...\">\u00a0Loading...\t<\/div>\n<\/div>\n\n<br>\n\t\n\t\t\t<div class=\"watupro_buttons flex \" id=\"watuPROButtons1\">\n\t\t  <div id=\"prev-question\" style=\"display:none;\"><input type=\"button\" value=\"&lt; Previous\" onclick=\"WatuPRO.nextQuestion(event, 'previous');\"><\/div>\t\t  \t\t  \t\t   \n\t\t   \t  \t\t<div><input type=\"button\" name=\"action\" class=\"watupro-submit-button\" onclick=\"WatuPRO.submitResult(event)\" id=\"action-button\" value=\"Vaadake tulemust\">\n\t\t<\/div>\n\t\t<\/div>\n\t\t\n\t<input type=\"hidden\" name=\"quiz_id\" value=\"1\" id=\"watuPROExamID\">\n\t<input type=\"hidden\" name=\"start_time\" id=\"startTime\" value=\"2026-04-08 09:42:42\">\n\t<input type=\"hidden\" name=\"start_timestamp\" id=\"startTimeStamp\" value=\"1775641362\">\n\t<input type=\"hidden\" name=\"question_ids\" value=\"\">\n\t<input type=\"hidden\" name=\"watupro_questions\" value=\"1:1,2,3,4\">\n\t<input type=\"hidden\" name=\"no_ajax\" value=\"0\">\t\t\t<\/form>\n\t<p>\u00a0<\/p>\n<\/div>\n\n<script type=\"text\/javascript\">\n\/\/jQuery(document).ready(function(){\ndocument.addEventListener(\"DOMContentLoaded\", function(event) { \t\nvar question_ids = \"1\";\nWatuPROSettings[1] = {};\nWatuPRO.qArr = question_ids.split(',');\nWatuPRO.exam_id = 1;\t    \nWatuPRO.post_id = 5;\nWatuPRO.store_progress = 1;\nWatuPRO.curCatPage = 1;\nWatuPRO.requiredIDs=\"0,1\".split(\",\");\nWatuPRO.hAppID = \"0.22877700 1775630562\";\nvar url = \"https:\/\/sisu.ut.ee\/wp-content\/plugins\/watupro\/show_exam.php\";\nWatuPRO.examMode = 1;\nWatuPRO.siteURL=\"https:\/\/sisu.ut.ee\/auditoorium\/wp-admin\/admin-ajax.php\";\nWatuPRO.emailIsNotRequired = 0;\nWatuPRO.perDecade = 10;\nWatuPROIntel.init(1);\nWatuPRO.inCategoryPages=1;});    \t \n<\/script>\n\n","protected":false},"excerpt":{"rendered":"<p>Vaata l\u00e4bi j\u00e4rgnev videoinetervjuu \u00fcmberp\u00f6\u00f6ratud auditooriumi metoodikat katsetanud \u00f5ppej\u00f5uga. Kolmandate osapoolte sisu n\u00e4gemiseks palun n\u00f5ustu k\u00fcpsistega. Muuda n\u00f5usolekut \u00a0M\u00f5tle:\u00a0Millised on v\u00f5imalused \u00fcmberp\u00f6\u00f6ratud auditooriumi kasutamiseks sinu kursuses? Millised ohud sellega v\u00f5ivad kaasneda? Toetudes videolongule vasta j\u00e4rgnevatele k\u00fcsimustele:<\/p>\n","protected":false},"author":8,"featured_media":0,"parent":0,"menu_order":0,"comment_status":"closed","ping_status":"closed","template":"","meta":{"_acf_changed":false,"inline_featured_image":false,"footnotes":""},"class_list":["post-5","page","type-page","status-publish","hentry"],"acf":[],"_links":{"self":[{"href":"https:\/\/sisu.ut.ee\/auditoorium\/wp-json\/wp\/v2\/pages\/5","targetHints":{"allow":["GET"]}}],"collection":[{"href":"https:\/\/sisu.ut.ee\/auditoorium\/wp-json\/wp\/v2\/pages"}],"about":[{"href":"https:\/\/sisu.ut.ee\/auditoorium\/wp-json\/wp\/v2\/types\/page"}],"author":[{"embeddable":true,"href":"https:\/\/sisu.ut.ee\/auditoorium\/wp-json\/wp\/v2\/users\/8"}],"replies":[{"embeddable":true,"href":"https:\/\/sisu.ut.ee\/auditoorium\/wp-json\/wp\/v2\/comments?post=5"}],"version-history":[{"count":2,"href":"https:\/\/sisu.ut.ee\/auditoorium\/wp-json\/wp\/v2\/pages\/5\/revisions"}],"predecessor-version":[{"id":51,"href":"https:\/\/sisu.ut.ee\/auditoorium\/wp-json\/wp\/v2\/pages\/5\/revisions\/51"}],"wp:attachment":[{"href":"https:\/\/sisu.ut.ee\/auditoorium\/wp-json\/wp\/v2\/media?parent=5"}],"curies":[{"name":"wp","href":"https:\/\/api.w.org\/{rel}","templated":true}]}}