{"id":4,"date":"2024-04-03T23:08:03","date_gmt":"2024-04-03T20:08:03","guid":{"rendered":"https:\/\/sisu.ut.ee\/auditoorium\/avaleht-9\/"},"modified":"2024-04-14T12:26:50","modified_gmt":"2024-04-14T09:26:50","slug":"avaleht-9","status":"publish","type":"page","link":"https:\/\/sisu.ut.ee\/auditoorium\/","title":{"rendered":"Avaleht"},"content":{"rendered":"<p style=\"text-align: center\"><span data-mce-mark=\"1\">Einike Pilli (PhD), Taavi Vaikj\u00e4rv\u00a0(<span>PhD<\/span>)<br>Tartu \u00dclikool<br><\/span><\/p>\n<p style=\"text-align: justify\"><span data-mce-mark=\"1\"><br>\u00dcmberp\u00f6\u00f6ratud klassiruumi metoodika puhul on oluline roll iseseisvalt tehtud t\u00f6\u00f6l, mist\u00f5ttu tahame anda osalejatele sama kogemuse l\u00e4bi veebip\u00f5hise minikursuse. Minikursusel on ise\u00f5ppimise vahendid (video, veebip\u00f5hine materjal, juhtumid) koos \u00fclesannetega, mida nende p\u00f5hjal tuleb t\u00e4ita. Selleks kulub aega ligikaudu 4 akadeemilist tundi (0,15 EAP).<\/span><\/p>\n<p><strong>\u00d5piv\u00e4ljundid:<\/strong><\/p>\n<ul>\n<li><span style=\"line-height: 1.6em\">minikursuse l\u00e4binud tunnevad ja oskavad rakendada \u00fcmberp\u00f6\u00f6ratud klassiruumi metoodikat;<\/span><\/li>\n<li><span style=\"line-height: 1.6em\">anal\u00fc\u00fcsivad \u00f5ppej\u00f5u rolli muutust t\u00e4nap\u00e4evastes \u00f5pikeskkondades;<\/span><\/li>\n<li><span style=\"line-height: 1.6em\">tunnevad peamisi \u00fcmberp\u00f6\u00f6ratud klassiruumi meetodeid;<\/span><\/li>\n<li><span style=\"line-height: 1.6em\">tunnevad \u00fcli\u00f5pilaste motiveerimise v\u00f5tteid kavandatud \u00f5pitulemuste saavutamiseks;<\/span><\/li>\n<li><span style=\"line-height: 1.6em\">anal\u00fc\u00fcsivad \u00fcmberp\u00f6\u00f6ratud klassiruumi piiranguid ning teavad, kuidas neid \u00fcletada.<\/span><\/li>\n<\/ul>\n<p><img loading=\"lazy\" decoding=\"async\" width=\"461\" height=\"110\" class=\"alignnone wp-image-11\" style=\"margin-right: auto;margin-left: auto\" src=\"https:\/\/sisu.ut.ee\/wp-content\/uploads\/sites\/10\/best_esf.png\" title=\"best_esf.png\" alt=\"best_esf.png\" srcset=\"https:\/\/sisu.ut.ee\/wp-content\/uploads\/sites\/10\/best_esf.png 461w, https:\/\/sisu.ut.ee\/wp-content\/uploads\/sites\/10\/best_esf-300x72.png 300w\" sizes=\"auto, (max-width: 461px) 100vw, 461px\"><\/p>\n","protected":false},"excerpt":{"rendered":"<p>Einike Pilli (PhD), Taavi Vaikj\u00e4rv\u00a0(PhD)Tartu \u00dclikool \u00dcmberp\u00f6\u00f6ratud klassiruumi metoodika puhul on oluline roll iseseisvalt tehtud t\u00f6\u00f6l, mist\u00f5ttu tahame anda osalejatele sama kogemuse l\u00e4bi veebip\u00f5hise minikursuse. Minikursusel on ise\u00f5ppimise vahendid (video, veebip\u00f5hine materjal, juhtumid) koos \u00fclesannetega, mida nende p\u00f5hjal tuleb t\u00e4ita. &#8230;<\/p>\n","protected":false},"author":8,"featured_media":0,"parent":0,"menu_order":0,"comment_status":"closed","ping_status":"closed","template":"","meta":{"_acf_changed":false,"inline_featured_image":false,"footnotes":""},"class_list":["post-4","page","type-page","status-publish","hentry"],"acf":[],"_links":{"self":[{"href":"https:\/\/sisu.ut.ee\/auditoorium\/wp-json\/wp\/v2\/pages\/4","targetHints":{"allow":["GET"]}}],"collection":[{"href":"https:\/\/sisu.ut.ee\/auditoorium\/wp-json\/wp\/v2\/pages"}],"about":[{"href":"https:\/\/sisu.ut.ee\/auditoorium\/wp-json\/wp\/v2\/types\/page"}],"author":[{"embeddable":true,"href":"https:\/\/sisu.ut.ee\/auditoorium\/wp-json\/wp\/v2\/users\/8"}],"replies":[{"embeddable":true,"href":"https:\/\/sisu.ut.ee\/auditoorium\/wp-json\/wp\/v2\/comments?post=4"}],"version-history":[{"count":1,"href":"https:\/\/sisu.ut.ee\/auditoorium\/wp-json\/wp\/v2\/pages\/4\/revisions"}],"predecessor-version":[{"id":37,"href":"https:\/\/sisu.ut.ee\/auditoorium\/wp-json\/wp\/v2\/pages\/4\/revisions\/37"}],"wp:attachment":[{"href":"https:\/\/sisu.ut.ee\/auditoorium\/wp-json\/wp\/v2\/media?parent=4"}],"curies":[{"name":"wp","href":"https:\/\/api.w.org\/{rel}","templated":true}]}}