{"id":7,"date":"2024-04-03T23:14:20","date_gmt":"2024-04-03T20:14:20","guid":{"rendered":"https:\/\/sisu.ut.ee\/arstil_vene\/kasutatud-allikad\/"},"modified":"2024-04-03T23:14:24","modified_gmt":"2024-04-03T20:14:24","slug":"kasutatud-allikad","status":"publish","type":"page","link":"https:\/\/sisu.ut.ee\/arstil_vene\/kasutatud-allikad\/","title":{"rendered":"\u0418\u0441\u0442\u043e\u0447\u043d\u0438\u043a\u0438"},"content":{"rendered":"<div class=\"field field-name-body field-type-text-with-summary field-label-hidden view-mode-full\">\n<div class=\"field-items\">\n<div class=\"field-item even\">\n<ul>\n<li><span>Raeste, E.; \u0160t\u0161adneva, V.; Vaigla, E.; Karasjova, N. (2007). Vene-eesti tervishoiu ja sotsiaalt\u00f6\u00f6 s\u00f5nastik = \u0420\u0443\u0441\u0441\u043a\u043e-\u044d\u0441\u0442\u043e\u043d\u0441\u043a\u0438\u0439 \u043c\u0435\u0434\u0438\u0446\u0438\u043d\u0441\u043a\u0438\u0439 \u0438 \u043c\u0435\u0434\u0438\u043a\u043e-\u0441\u043e\u0446\u0438\u0430\u043b\u044c\u043d\u044b\u0439 \u0441\u043b\u043e\u0432\u0430\u0440\u044c. Tartu-Paide: Kuma<\/span>\n<\/li>\n<li>\n<p><span><a href=\"http:\/\/www.kliinikum.ee\/\" target=\"_blank\" rel=\"noopener\">http:\/\/www.kliinikum.ee\/<\/a><\/span><\/p>\n<\/li>\n<li>\n<p><span><a href=\"http:\/\/www.eki.ee\/dict\/evs\/\" target=\"_blank\" rel=\"noopener\">http:\/\/www.eki.ee\/dict\/evs\/<\/a><\/span><\/p>\n<\/li>\n<\/ul>\n<\/div>\n<\/div>\n<\/div>\n","protected":false},"excerpt":{"rendered":"<p>Raeste, E.; \u0160t\u0161adneva, V.; Vaigla, E.; Karasjova, N. (2007). Vene-eesti tervishoiu ja sotsiaalt\u00f6\u00f6 s\u00f5nastik = \u0420\u0443\u0441\u0441\u043a\u043e-\u044d\u0441\u0442\u043e\u043d\u0441\u043a\u0438\u0439 \u043c\u0435\u0434\u0438\u0446\u0438\u043d\u0441\u043a\u0438\u0439 \u0438 \u043c\u0435\u0434\u0438\u043a\u043e-\u0441\u043e\u0446\u0438\u0430\u043b\u044c\u043d\u044b\u0439 \u0441\u043b\u043e\u0432\u0430\u0440\u044c. Tartu-Paide: Kuma http:\/\/www.kliinikum.ee\/ http:\/\/www.eki.ee\/dict\/evs\/<\/p>\n","protected":false},"author":20,"featured_media":0,"parent":0,"menu_order":0,"comment_status":"closed","ping_status":"closed","template":"","meta":{"_acf_changed":false,"inline_featured_image":false,"footnotes":""},"class_list":["post-7","page","type-page","status-publish","hentry"],"acf":[],"_links":{"self":[{"href":"https:\/\/sisu.ut.ee\/arstil_vene\/wp-json\/wp\/v2\/pages\/7","targetHints":{"allow":["GET"]}}],"collection":[{"href":"https:\/\/sisu.ut.ee\/arstil_vene\/wp-json\/wp\/v2\/pages"}],"about":[{"href":"https:\/\/sisu.ut.ee\/arstil_vene\/wp-json\/wp\/v2\/types\/page"}],"author":[{"embeddable":true,"href":"https:\/\/sisu.ut.ee\/arstil_vene\/wp-json\/wp\/v2\/users\/20"}],"replies":[{"embeddable":true,"href":"https:\/\/sisu.ut.ee\/arstil_vene\/wp-json\/wp\/v2\/comments?post=7"}],"version-history":[{"count":1,"href":"https:\/\/sisu.ut.ee\/arstil_vene\/wp-json\/wp\/v2\/pages\/7\/revisions"}],"predecessor-version":[{"id":53,"href":"https:\/\/sisu.ut.ee\/arstil_vene\/wp-json\/wp\/v2\/pages\/7\/revisions\/53"}],"wp:attachment":[{"href":"https:\/\/sisu.ut.ee\/arstil_vene\/wp-json\/wp\/v2\/media?parent=7"}],"curies":[{"name":"wp","href":"https:\/\/api.w.org\/{rel}","templated":true}]}}