{"id":6,"date":"2024-04-03T23:14:20","date_gmt":"2024-04-03T20:14:20","guid":{"rendered":"https:\/\/sisu.ut.ee\/arstil_vene\/%d1%83%d0%bf%d1%80%d0%b0%d0%b6%d0%bd%d0%b5%d0%bd%d0%b8%d0%b5-12\/"},"modified":"2024-04-24T15:38:20","modified_gmt":"2024-04-24T12:38:20","slug":"%d1%83%d0%bf%d1%80%d0%b0%d0%b6%d0%bd%d0%b5%d0%bd%d0%b8%d0%b5-12","status":"publish","type":"page","link":"https:\/\/sisu.ut.ee\/arstil_vene\/%d1%83%d0%bf%d1%80%d0%b0%d0%b6%d0%bd%d0%b5%d0%bd%d0%b8%d0%b5-12\/","title":{"rendered":"\u0423\u041f\u0420\u0410\u0416\u041d\u0415\u041d\u0418\u0415 1.2"},"content":{"rendered":"<div class=\"video-placeholder-wrapper video-placeholder-wrapper--fixed\" style=\"height: 600pxpx;\">\n\t\t\t    <div class=\"video-placeholder d-flex justify-content-center align-items-center\">\n\t\t\t        <div class=\"overlay text-white p-2 w-100 text-center d-block justify-content-center align-items-center\">\n\t\t\t            <div>Kolmandate osapoolte sisu n\u00e4gemiseks palun n\u00f5ustu k\u00fcpsistega.<\/div>\n\t\t\t            <button class=\"btn btn-secondary btn-sm mt-1 consent-change\">Muuda n\u00f5usolekut<\/button>\n\t\t\t        <\/div>\n\t\t\t    <\/div>\n\t\t\t<\/div>\n\n\n\n<div class=\"wp-block-group attached-files-group is-layout-constrained wp-block-group-is-layout-constrained\">\n<div class=\"wp-block-file\"><a id=\"wp-block-file--media-0c378908-da53-4257-ab6a-550a3274ad42\" href=\"https:\/\/sisu.ut.ee\/wp-content\/uploads\/sites\/48\/12ri.htm\" target=\"_blank\" rel=\"noreferrer noopener\">12ri.htm<\/a><\/div>\n<\/div>\n","protected":false},"excerpt":{"rendered":"","protected":false},"author":20,"featured_media":0,"parent":0,"menu_order":0,"comment_status":"closed","ping_status":"closed","template":"","meta":{"_acf_changed":false,"inline_featured_image":false,"footnotes":""},"class_list":["post-6","page","type-page","status-publish","hentry"],"acf":[],"_links":{"self":[{"href":"https:\/\/sisu.ut.ee\/arstil_vene\/wp-json\/wp\/v2\/pages\/6","targetHints":{"allow":["GET"]}}],"collection":[{"href":"https:\/\/sisu.ut.ee\/arstil_vene\/wp-json\/wp\/v2\/pages"}],"about":[{"href":"https:\/\/sisu.ut.ee\/arstil_vene\/wp-json\/wp\/v2\/types\/page"}],"author":[{"embeddable":true,"href":"https:\/\/sisu.ut.ee\/arstil_vene\/wp-json\/wp\/v2\/users\/20"}],"replies":[{"embeddable":true,"href":"https:\/\/sisu.ut.ee\/arstil_vene\/wp-json\/wp\/v2\/comments?post=6"}],"version-history":[{"count":3,"href":"https:\/\/sisu.ut.ee\/arstil_vene\/wp-json\/wp\/v2\/pages\/6\/revisions"}],"predecessor-version":[{"id":106,"href":"https:\/\/sisu.ut.ee\/arstil_vene\/wp-json\/wp\/v2\/pages\/6\/revisions\/106"}],"wp:attachment":[{"href":"https:\/\/sisu.ut.ee\/arstil_vene\/wp-json\/wp\/v2\/media?parent=6"}],"curies":[{"name":"wp","href":"https:\/\/api.w.org\/{rel}","templated":true}]}}